{"id":12336,"date":"2021-09-09T10:37:48","date_gmt":"2021-09-09T13:37:48","guid":{"rendered":"https:\/\/itr.ufrrj.br\/portal\/?page_id=12336"},"modified":"2021-09-09T10:51:58","modified_gmt":"2021-09-09T13:51:58","slug":"indicadores-de-producao-paulo-lourenco-domingues-junior","status":"publish","type":"page","link":"https:\/\/itr.ufrrj.br\/portal\/grupo-de-pesquisa-gestao-estrategica-de-pessoas-organizacoes\/indicadores-de-producao-paulo-lourenco-domingues-junior\/","title":{"rendered":"Indicadores de Produ\u00e7\u00e3o &#8211; PAULO LOUREN\u00c7O DOMINGUES J\u00daNIOR"},"content":{"rendered":"\n<ul class=\"wp-block-list\"><li><meta charset=\"utf-8\"><a href=\"#artigos\">ARTIGOS COMPLETOS EM PERI\u00d3DICOS<\/a> <\/li><li><a href=\"#livros\">LIVROS PUBLICADOS\/ORGANIZADOS OU EDI\u00c7\u00d5ES<\/a><\/li><li><a href=\"http:\/\/capitulos\">CAP\u00cdTULOS DE LIVROS PUBLICADOS<\/a><\/li><li><a href=\"#trabalhos\">TRABALHOS COMPLETOS PUBLICADOS EM ANAIS DE CONGRESSOS<\/a><\/li><li><a href=\"#resumos\">RESUMOS PUBLICADOS EM ANAIS DE CONGRESSOS<\/a><\/li><li><a href=\"#apresentacoes\">APRESENTA\u00c7\u00d5ES DE TRABALHOS<\/a><\/li><li><a href=\"#dissertacoes\">DISSERTA\u00c7\u00d5ES DE MESTRADO<\/a><\/li><\/ul>\n\n\n\n<hr class=\"wp-block-separator is-style-wide\"\/>\n\n\n\n<h2 id=\"artigos\">ARTIGOS COMPLETOS PUBLICADOS EM PERI\u00d3DICOS<\/h2>\n\n\n\n<p>FARIA, D. L. G. ;\u00a0DOMINGUES JR, P. L.\u00a0;\u00a0DOMINGUES JR, P. L.\u00a0; CASTRO, M. C. D. E. ; SALDANHA, J. A. V. ; OLIVEIRA, V. M. . Satisfaction level of the quality of working life: a research with professors of the administration course of a private higher education institution in Juiz De Fora. http:\/\/dx.doi.org\/10.34117\/bjdv6n1-045, v. 6, p. 638-656, 2020.<\/p>\n\n\n\n<p>FARIA, D. L. G. ; SILVA, A. ;\u00a0DOMINGUES JR, P. L.\u00a0;\u00a0DOMINGUES JR, P. L.\u00a0; MEDEIROS, L. T. . REPRESENTA\u00c7\u00d5ES SOCIAIS DOS PROFESSORES DO N\u00cdVEL SUPERIOR SOBRE O ESTRESSE OCUPACIONAL. REVISTA VALORE, v. 5, p. 109, 2020.<\/p>\n\n\n\n<p>DE OLIVEIRA LIMA, LUCAS ALVES ; DE CARVALHO FONSECA, ELISAMA ANG\u00c9LICA ;\u00a0DOMINGUES, PAULO LOUREN\u00c7O\u00a0; PEIXOTO, KAREN MARTINS ; DA SILVA, CAIO BARROS GOMES . QUALITY OF LIFE AT WORK IN A PUBLIC MOTHER-CHILD CENTER IN SOUTHEASTERN BRAZIL. International Journal of Research -GRANTHAALAYAH, v. 8, p. 312-317, 2020.<\/p>\n\n\n\n<p>OLIVEIRA LIMA, LUCAS ALVES DE ;\u00a0DOMINGUES, PAULO LOUREN\u00c7O\u00a0; ROCHA, ANA NELE MARCI ; FURTADO MARTINS, DEBORA CRISTINA ; DE SOUZA, MAIK MATEUS . QUALITY OF LIFE AT WORK OF CALL CENTER OPERATORS IN AN E-COMMERCE COMPANY IN SOUTHEAST BRAZIL. International Journal of Research -GRANTHAALAYAH, v. 8, p. 305-311, 2020.<\/p>\n\n\n\n<p>DE OLIVEIRA LIMA, LUCAS ALVES ;\u00a0DOMINGUES, PAULO LOUREN\u00c7O\u00a0; DE OLIVEIRA LIMA, MATHEUS ALVES ; BARROS DUARTE, GABRIELA HALFELD . QUALITY OF LIFE AT WORK IN A READY CARE UNIT (UPA) IN BRAZIL DURING THE COVID-19 PANDEMIC. International Journal of Research -GRANTHAALAYAH, v. 8, p. 318-327, 2020.<\/p>\n\n\n\n<p>PEIXOTO, K. M. ;\u00a0DOMINGUES JR, P. L.\u00a0;\u00a0DOMINGUES JR, P. L.\u00a0; LEAL, T. T. ; ALVES, R. O. . Stress at School Work. INTERNATIONAL JOURNAL OF BUSINESS MANAGEMENT AND ECONOMIC RESEARCH (IJBMER),, v. 10, p. 1634-1638, 2019.<\/p>\n\n\n\n<p>MARCOLINO, A. B. A. F. ;\u00a0DOMINGUES JR, P. L.\u00a0;\u00a0DOMINGUES JR, P. L.\u00a0; GOUVEIA, D. R. ; SANTOS, D. M. . Stress in a Shoe Store in Brazil. INTERNATIONAL JOURNAL OF BUSINESS MANAGEMENT AND ECONOMIC RESEARCH (IJBMER),, v. 10, p. 1639-1642, 2019.<\/p>\n\n\n\n<p>FARIA, D. L. G. ;\u00a0DOMINGUES JR, P. L.\u00a0;\u00a0DOMINGUES JR, P. L.\u00a0; SILVA, A. . Occupational Stress of Professors in Brazil.. International Journal of Research &#8211; GRANTHAALAYAH, v. 7, p. 94, 2019.<\/p>\n\n\n\n<p>FARIA, D. L. G. ;\u00a0DOMINGUES JR, P. L.\u00a0;\u00a0DOMINGUES JR, P. L.\u00a0; SILVA, A. . Occupational Stress of Professors in Brazil. International Journal of Research &#8211; GRANTHAALAYAH, v. 7, p. 94, 2019.<\/p>\n\n\n\n<p>PIRES, H. S. ;\u00a0DOMINGUES JR, P. L.\u00a0;\u00a0DOMINGUES JR, P. L.\u00a0; GOMES, L. B. ; ANDRADE, S. A. L. ; OLIVEIRA, T. B. . Quality Of Life in the Banking Sector. INTERNATIONAL JOURNAL OF BUSINESS MANAGEMENT AND ECONOMIC RESEARCH (IJBMER),, v. 10, p. 1643, 2019.<\/p>\n\n\n\n<p>ROCHA, G. O. ;\u00a0DOMINGUES JR, P. L.\u00a0;\u00a0DOMINGUES JR, P. L.\u00a0. Occupational Stress in a Dairy Factory in Brazil. \u00a9International Journal of Research &#8211; GRANTHAALAYAH, v. 7, p. 45, 2019.<\/p>\n\n\n\n<p>RAMOS, I. M. K. ;\u00a0DOMINGUES JR, P. L.\u00a0;\u00a0DOMINGUES JR, P. L.\u00a0; FREITAS NETO, A. C. ; TEIXEIRA, E. B. R. . Stress: The Workplace under Pressure. INTERNATIONAL JOURNAL OF BUSINESS MANAGEMENT AND ECONOMIC RESEARCH (IJBMER),, v. 10, p. 1648, 2019.<\/p>\n\n\n\n<p>ROCHA, G. O. ;\u00a0DOMINGUES JR, P. L.\u00a0;\u00a0DOMINGUES JR, P. L.\u00a0. Occupational Stress in a Dairy Factory in Brazil. International Journal of Research &#8211; GRANTHAALAYAH, v. 7, p. 45, 2019.<\/p>\n\n\n\n<h2 id=\"livros\">LIVROS PUBLICADOS\/ORGANIZADOS OU EDI\u00c7\u00d5ES<\/h2>\n\n\n\n<p>DOMINGUES JR, P. L.; Programas de Trabalho e Renda: Uma Nova Forma de An\u00e1lise. 1. ed. Curitiba: CRV, 2019.<\/p>\n\n\n\n<h2 id=\"capitulos\">CAP\u00cdTULOS DE LIVROS PUBLICADOS<\/h2>\n\n\n\n<p>FARIA, D. L. G. ;\u00a0DOMINGUES JR, P. L.\u00a0; SILVA, A. . Estresse Ocupacional e Qualidade de Vida no Trabalho de Professores do Ensino Superior Federal. Estresse Ocupacional e Qualidade de Vida no Trabalho de Professores do Ensino Superior Federal. 1ed.: , 2020, v. , p. 49-.<\/p>\n\n\n\n<p>ALMEIDA, D. L. M. ; RIBEIRO, L. G. ;\u00a0DOMINGUES JR, P. L.\u00a0;\u00a0DOMINGUES JR, P. L.\u00a0; SALDANHA, J. A. V. ; MONTIBELER, E. E. . Trabalho e Estresse:um estudo sobre os principais fatores estressores. In: Victor Cl\u00e1udio Paradela; Maria Cristina Drumond e Castro; D\u00e9bora Magalh\u00e3es Kirchmair. (Org.). Pessoas e Organiza\u00e7\u00f5es. 1ed.Curitiva: CRV, 2019, v. 1, p. 99-119.<\/p>\n\n\n\n<h2 id=\"trabalhos\">TRABALHOS COMPLETOS PUBLICADOS EM ANAIS DE CONGRESSOS<\/h2>\n\n\n\n<p>DOMINGUES JR, P. L.; SANT`ANNA, A. S. . Estudos e interven\u00e7\u00f5es sobre Qualidade de Vida no Trabalho e Estresse Ocupacional no Brasil. In: 19 Congresso De Stress da ISMA, 2019, Porto Alegre. Estudos e Interven\u00e7\u00f5es Sobre Qualidade de Vida no Trabalho e Estresse Ocupacional no Brasil, 2019.<\/p>\n\n\n\n<h2 id=\"resumos\">RESUMOS PUBLICADOS EM ANAIS DE CONGRESSOS<\/h2>\n\n\n\n<p>DOMINGUES JR, P. L.; RAMOS, I. M. K. ; FREITAS NETO, A. C. ; TEIXEIRA, E. B. R. . Um estudo sobre o stress (excessivo) num com\u00e9rcio do interior do Rio de Janeiro. In: 20 Congresso de Stress da ISMA-BR, 2020. Anais on-line do 20 Congresso de Stress da ISMA-BR, 2020.<\/p>\n\n\n\n<p>DOMINGUES JR, P. L.; A study on the Main Occupational Stress Factors in Brazil. In: Work, Stress and Health 2019, 2019, Filad\u00e9lfia. Work, Stress and Health, 2019.<\/p>\n\n\n\n<h2 id=\"apresentacoes\">APRESENTA\u00c7\u00d5ES DE TRABALHO<\/h2>\n\n\n\n<p>DOMINGUES JR, P. L.; RAMOS, I. M. K. ; FREITAS NETO, A. C. ; TEIXEIRA, E. B. R. . Um estudo sobre o stress (excessivo) num com\u00e9rcio do interior do Rio de Janeiro. (on-line). 2020. (Apresenta\u00e7\u00e3o de Trabalho\/Congresso).<\/p>\n\n\n\n<p><meta charset=\"utf-8\">DOMINGUES JR, P. L.; SANT`ANNA, A. S. . Estudos e interven\u00e7\u00f5es sobre Qualidade de Vida no Trabalho e Estresse Ocupacional no Brasil. 2019. (Apresenta\u00e7\u00e3o de Trabalho\/Congresso).<\/p>\n\n\n\n<p><meta charset=\"utf-8\">DOMINGUES JR, P. L.; A study on the Main Occupational Stress Factors in Brazil. 2019. (Apresenta\u00e7\u00e3o de Trabalho\/Congresso).<\/p>\n\n\n\n<h2 id=\"dissertacoes\">DISSERTA\u00c7\u00d5ES DE MESTRADO<\/h2>\n\n\n\n<p>Luciana Guedes Ribeiro. Qualidade de Vida no Trabalho e Racismo na Percep\u00e7\u00e3o de T\u00e9cnicos de Enfermagem Negros de Uma Institui\u00e7\u00e3o Federal de Sa\u00fade no Rio de Janeiro. 2019. Disserta\u00e7\u00e3o (Mestrado em Administra\u00e7\u00e3o) &#8211; Universidade Federal Rural do Rio de Janeiro, . Orientador: Paulo Louren\u00e7o Domingues Jr.<\/p>\n","protected":false},"excerpt":{"rendered":"<p>ARTIGOS COMPLETOS EM PERI\u00d3DICOS LIVROS PUBLICADOS\/ORGANIZADOS OU EDI\u00c7\u00d5ES CAP\u00cdTULOS DE LIVROS PUBLICADOS TRABALHOS COMPLETOS PUBLICADOS EM ANAIS DE CONGRESSOS RESUMOS PUBLICADOS EM ANAIS DE CONGRESSOS APRESENTA\u00c7\u00d5ES DE TRABALHOS DISSERTA\u00c7\u00d5ES DE [&hellip;]<\/p>\n","protected":false},"author":4,"featured_media":0,"parent":11239,"menu_order":0,"comment_status":"closed","ping_status":"closed","template":"","meta":{"_acf_changed":false,"editor_plus_copied_stylings":"{}","footnotes":""},"class_list":["post-12336","page","type-page","status-publish","hentry"],"acf":[],"yoast_head":"<!-- This site is optimized with the Yoast SEO plugin v27.4 - https:\/\/yoast.com\/product\/yoast-seo-wordpress\/ -->\n<title>Indicadores de Produ\u00e7\u00e3o - PAULO LOUREN\u00c7O DOMINGUES J\u00daNIOR - Campus Tr\u00eas Rios | UFRRJ<\/title>\n<meta name=\"robots\" content=\"index, follow, max-snippet:-1, max-image-preview:large, max-video-preview:-1\" \/>\n<link rel=\"canonical\" href=\"https:\/\/itr.ufrrj.br\/portal\/grupo-de-pesquisa-gestao-estrategica-de-pessoas-organizacoes\/indicadores-de-producao-paulo-lourenco-domingues-junior\/\" \/>\n<meta property=\"og:locale\" content=\"pt_BR\" \/>\n<meta property=\"og:type\" content=\"article\" \/>\n<meta property=\"og:title\" content=\"Indicadores de Produ\u00e7\u00e3o - PAULO LOUREN\u00c7O DOMINGUES J\u00daNIOR - Campus Tr\u00eas Rios | UFRRJ\" \/>\n<meta property=\"og:description\" content=\"ARTIGOS COMPLETOS EM PERI\u00d3DICOS LIVROS PUBLICADOS\/ORGANIZADOS OU EDI\u00c7\u00d5ES CAP\u00cdTULOS DE LIVROS PUBLICADOS TRABALHOS COMPLETOS PUBLICADOS EM ANAIS DE CONGRESSOS RESUMOS PUBLICADOS EM ANAIS DE CONGRESSOS APRESENTA\u00c7\u00d5ES DE TRABALHOS DISSERTA\u00c7\u00d5ES DE [&hellip;]\" \/>\n<meta property=\"og:url\" content=\"https:\/\/itr.ufrrj.br\/portal\/grupo-de-pesquisa-gestao-estrategica-de-pessoas-organizacoes\/indicadores-de-producao-paulo-lourenco-domingues-junior\/\" \/>\n<meta property=\"og:site_name\" content=\"Campus Tr\u00eas Rios | UFRRJ\" \/>\n<meta property=\"article:publisher\" content=\"https:\/\/www.facebook.com\/itr.ufrrj\" \/>\n<meta property=\"article:modified_time\" content=\"2021-09-09T13:51:58+00:00\" \/>\n<meta name=\"twitter:card\" content=\"summary_large_image\" \/>\n<meta name=\"twitter:label1\" content=\"Est. tempo de leitura\" \/>\n\t<meta name=\"twitter:data1\" content=\"5 minutos\" \/>\n<script type=\"application\/ld+json\" class=\"yoast-schema-graph\">{\"@context\":\"https:\\\/\\\/schema.org\",\"@graph\":[{\"@type\":\"WebPage\",\"@id\":\"https:\\\/\\\/itr.ufrrj.br\\\/portal\\\/grupo-de-pesquisa-gestao-estrategica-de-pessoas-organizacoes\\\/indicadores-de-producao-paulo-lourenco-domingues-junior\\\/\",\"url\":\"https:\\\/\\\/itr.ufrrj.br\\\/portal\\\/grupo-de-pesquisa-gestao-estrategica-de-pessoas-organizacoes\\\/indicadores-de-producao-paulo-lourenco-domingues-junior\\\/\",\"name\":\"Indicadores de Produ\u00e7\u00e3o - PAULO LOUREN\u00c7O DOMINGUES J\u00daNIOR - Campus Tr\u00eas Rios | UFRRJ\",\"isPartOf\":{\"@id\":\"https:\\\/\\\/itr.ufrrj.br\\\/portal\\\/#website\"},\"datePublished\":\"2021-09-09T13:37:48+00:00\",\"dateModified\":\"2021-09-09T13:51:58+00:00\",\"breadcrumb\":{\"@id\":\"https:\\\/\\\/itr.ufrrj.br\\\/portal\\\/grupo-de-pesquisa-gestao-estrategica-de-pessoas-organizacoes\\\/indicadores-de-producao-paulo-lourenco-domingues-junior\\\/#breadcrumb\"},\"inLanguage\":\"pt-BR\",\"potentialAction\":[{\"@type\":\"ReadAction\",\"target\":[\"https:\\\/\\\/itr.ufrrj.br\\\/portal\\\/grupo-de-pesquisa-gestao-estrategica-de-pessoas-organizacoes\\\/indicadores-de-producao-paulo-lourenco-domingues-junior\\\/\"]}]},{\"@type\":\"BreadcrumbList\",\"@id\":\"https:\\\/\\\/itr.ufrrj.br\\\/portal\\\/grupo-de-pesquisa-gestao-estrategica-de-pessoas-organizacoes\\\/indicadores-de-producao-paulo-lourenco-domingues-junior\\\/#breadcrumb\",\"itemListElement\":[{\"@type\":\"ListItem\",\"position\":1,\"name\":\"In\u00edcio\",\"item\":\"https:\\\/\\\/itr.ufrrj.br\\\/portal\\\/\"},{\"@type\":\"ListItem\",\"position\":2,\"name\":\"Grupo de pesquisa Gest\u00e3o Estrat\u00e9gica de Pessoas &#038; Organiza\u00e7\u00f5es\",\"item\":\"https:\\\/\\\/itr.ufrrj.br\\\/portal\\\/grupo-de-pesquisa-gestao-estrategica-de-pessoas-organizacoes\\\/\"},{\"@type\":\"ListItem\",\"position\":3,\"name\":\"Indicadores de Produ\u00e7\u00e3o &#8211; PAULO LOUREN\u00c7O DOMINGUES J\u00daNIOR\"}]},{\"@type\":\"WebSite\",\"@id\":\"https:\\\/\\\/itr.ufrrj.br\\\/portal\\\/#website\",\"url\":\"https:\\\/\\\/itr.ufrrj.br\\\/portal\\\/\",\"name\":\"Campus Tr\u00eas Rios | UFRRJ\",\"description\":\"Localizado na cidade de Tr\u00eas Rios - RJ\",\"publisher\":{\"@id\":\"https:\\\/\\\/itr.ufrrj.br\\\/portal\\\/#organization\"},\"potentialAction\":[{\"@type\":\"SearchAction\",\"target\":{\"@type\":\"EntryPoint\",\"urlTemplate\":\"https:\\\/\\\/itr.ufrrj.br\\\/portal\\\/?s={search_term_string}\"},\"query-input\":{\"@type\":\"PropertyValueSpecification\",\"valueRequired\":true,\"valueName\":\"search_term_string\"}}],\"inLanguage\":\"pt-BR\"},{\"@type\":\"Organization\",\"@id\":\"https:\\\/\\\/itr.ufrrj.br\\\/portal\\\/#organization\",\"name\":\"Instituto Tr\u00eas Rios\\\/UFRRJ\",\"url\":\"https:\\\/\\\/itr.ufrrj.br\\\/portal\\\/\",\"logo\":{\"@type\":\"ImageObject\",\"inLanguage\":\"pt-BR\",\"@id\":\"https:\\\/\\\/itr.ufrrj.br\\\/portal\\\/#\\\/schema\\\/logo\\\/image\\\/\",\"url\":\"https:\\\/\\\/itr.ufrrj.br\\\/portal\\\/wp-content\\\/uploads\\\/2020\\\/04\\\/logo-institutotresrios-ufrrj.png\",\"contentUrl\":\"https:\\\/\\\/itr.ufrrj.br\\\/portal\\\/wp-content\\\/uploads\\\/2020\\\/04\\\/logo-institutotresrios-ufrrj.png\",\"width\":1067,\"height\":240,\"caption\":\"Instituto Tr\u00eas Rios\\\/UFRRJ\"},\"image\":{\"@id\":\"https:\\\/\\\/itr.ufrrj.br\\\/portal\\\/#\\\/schema\\\/logo\\\/image\\\/\"},\"sameAs\":[\"https:\\\/\\\/www.facebook.com\\\/itr.ufrrj\"]}]}<\/script>\n<!-- \/ Yoast SEO plugin. -->","yoast_head_json":{"title":"Indicadores de Produ\u00e7\u00e3o - PAULO LOUREN\u00c7O DOMINGUES J\u00daNIOR - Campus Tr\u00eas Rios | UFRRJ","robots":{"index":"index","follow":"follow","max-snippet":"max-snippet:-1","max-image-preview":"max-image-preview:large","max-video-preview":"max-video-preview:-1"},"canonical":"https:\/\/itr.ufrrj.br\/portal\/grupo-de-pesquisa-gestao-estrategica-de-pessoas-organizacoes\/indicadores-de-producao-paulo-lourenco-domingues-junior\/","og_locale":"pt_BR","og_type":"article","og_title":"Indicadores de Produ\u00e7\u00e3o - PAULO LOUREN\u00c7O DOMINGUES J\u00daNIOR - Campus Tr\u00eas Rios | UFRRJ","og_description":"ARTIGOS COMPLETOS EM PERI\u00d3DICOS LIVROS PUBLICADOS\/ORGANIZADOS OU EDI\u00c7\u00d5ES CAP\u00cdTULOS DE LIVROS PUBLICADOS TRABALHOS COMPLETOS PUBLICADOS EM ANAIS DE CONGRESSOS RESUMOS PUBLICADOS EM ANAIS DE CONGRESSOS APRESENTA\u00c7\u00d5ES DE TRABALHOS DISSERTA\u00c7\u00d5ES DE [&hellip;]","og_url":"https:\/\/itr.ufrrj.br\/portal\/grupo-de-pesquisa-gestao-estrategica-de-pessoas-organizacoes\/indicadores-de-producao-paulo-lourenco-domingues-junior\/","og_site_name":"Campus Tr\u00eas Rios | UFRRJ","article_publisher":"https:\/\/www.facebook.com\/itr.ufrrj","article_modified_time":"2021-09-09T13:51:58+00:00","twitter_card":"summary_large_image","twitter_misc":{"Est. tempo de leitura":"5 minutos"},"schema":{"@context":"https:\/\/schema.org","@graph":[{"@type":"WebPage","@id":"https:\/\/itr.ufrrj.br\/portal\/grupo-de-pesquisa-gestao-estrategica-de-pessoas-organizacoes\/indicadores-de-producao-paulo-lourenco-domingues-junior\/","url":"https:\/\/itr.ufrrj.br\/portal\/grupo-de-pesquisa-gestao-estrategica-de-pessoas-organizacoes\/indicadores-de-producao-paulo-lourenco-domingues-junior\/","name":"Indicadores de Produ\u00e7\u00e3o - PAULO LOUREN\u00c7O DOMINGUES J\u00daNIOR - Campus Tr\u00eas Rios | UFRRJ","isPartOf":{"@id":"https:\/\/itr.ufrrj.br\/portal\/#website"},"datePublished":"2021-09-09T13:37:48+00:00","dateModified":"2021-09-09T13:51:58+00:00","breadcrumb":{"@id":"https:\/\/itr.ufrrj.br\/portal\/grupo-de-pesquisa-gestao-estrategica-de-pessoas-organizacoes\/indicadores-de-producao-paulo-lourenco-domingues-junior\/#breadcrumb"},"inLanguage":"pt-BR","potentialAction":[{"@type":"ReadAction","target":["https:\/\/itr.ufrrj.br\/portal\/grupo-de-pesquisa-gestao-estrategica-de-pessoas-organizacoes\/indicadores-de-producao-paulo-lourenco-domingues-junior\/"]}]},{"@type":"BreadcrumbList","@id":"https:\/\/itr.ufrrj.br\/portal\/grupo-de-pesquisa-gestao-estrategica-de-pessoas-organizacoes\/indicadores-de-producao-paulo-lourenco-domingues-junior\/#breadcrumb","itemListElement":[{"@type":"ListItem","position":1,"name":"In\u00edcio","item":"https:\/\/itr.ufrrj.br\/portal\/"},{"@type":"ListItem","position":2,"name":"Grupo de pesquisa Gest\u00e3o Estrat\u00e9gica de Pessoas &#038; Organiza\u00e7\u00f5es","item":"https:\/\/itr.ufrrj.br\/portal\/grupo-de-pesquisa-gestao-estrategica-de-pessoas-organizacoes\/"},{"@type":"ListItem","position":3,"name":"Indicadores de Produ\u00e7\u00e3o &#8211; PAULO LOUREN\u00c7O DOMINGUES J\u00daNIOR"}]},{"@type":"WebSite","@id":"https:\/\/itr.ufrrj.br\/portal\/#website","url":"https:\/\/itr.ufrrj.br\/portal\/","name":"Campus Tr\u00eas Rios | UFRRJ","description":"Localizado na cidade de Tr\u00eas Rios - RJ","publisher":{"@id":"https:\/\/itr.ufrrj.br\/portal\/#organization"},"potentialAction":[{"@type":"SearchAction","target":{"@type":"EntryPoint","urlTemplate":"https:\/\/itr.ufrrj.br\/portal\/?s={search_term_string}"},"query-input":{"@type":"PropertyValueSpecification","valueRequired":true,"valueName":"search_term_string"}}],"inLanguage":"pt-BR"},{"@type":"Organization","@id":"https:\/\/itr.ufrrj.br\/portal\/#organization","name":"Instituto Tr\u00eas Rios\/UFRRJ","url":"https:\/\/itr.ufrrj.br\/portal\/","logo":{"@type":"ImageObject","inLanguage":"pt-BR","@id":"https:\/\/itr.ufrrj.br\/portal\/#\/schema\/logo\/image\/","url":"https:\/\/itr.ufrrj.br\/portal\/wp-content\/uploads\/2020\/04\/logo-institutotresrios-ufrrj.png","contentUrl":"https:\/\/itr.ufrrj.br\/portal\/wp-content\/uploads\/2020\/04\/logo-institutotresrios-ufrrj.png","width":1067,"height":240,"caption":"Instituto Tr\u00eas Rios\/UFRRJ"},"image":{"@id":"https:\/\/itr.ufrrj.br\/portal\/#\/schema\/logo\/image\/"},"sameAs":["https:\/\/www.facebook.com\/itr.ufrrj"]}]}},"jetpack_sharing_enabled":true,"amp_enabled":true,"_links":{"self":[{"href":"https:\/\/itr.ufrrj.br\/portal\/wp-json\/wp\/v2\/pages\/12336","targetHints":{"allow":["GET"]}}],"collection":[{"href":"https:\/\/itr.ufrrj.br\/portal\/wp-json\/wp\/v2\/pages"}],"about":[{"href":"https:\/\/itr.ufrrj.br\/portal\/wp-json\/wp\/v2\/types\/page"}],"author":[{"embeddable":true,"href":"https:\/\/itr.ufrrj.br\/portal\/wp-json\/wp\/v2\/users\/4"}],"replies":[{"embeddable":true,"href":"https:\/\/itr.ufrrj.br\/portal\/wp-json\/wp\/v2\/comments?post=12336"}],"version-history":[{"count":4,"href":"https:\/\/itr.ufrrj.br\/portal\/wp-json\/wp\/v2\/pages\/12336\/revisions"}],"predecessor-version":[{"id":12343,"href":"https:\/\/itr.ufrrj.br\/portal\/wp-json\/wp\/v2\/pages\/12336\/revisions\/12343"}],"up":[{"embeddable":true,"href":"https:\/\/itr.ufrrj.br\/portal\/wp-json\/wp\/v2\/pages\/11239"}],"wp:attachment":[{"href":"https:\/\/itr.ufrrj.br\/portal\/wp-json\/wp\/v2\/media?parent=12336"}],"curies":[{"name":"wp","href":"https:\/\/api.w.org\/{rel}","templated":true}]}}