{"id":11245,"date":"2020-10-27T18:22:47","date_gmt":"2020-10-27T21:22:47","guid":{"rendered":"https:\/\/itr.ufrrj.br\/portal\/?page_id=11245"},"modified":"2023-02-28T10:29:08","modified_gmt":"2023-02-28T13:29:08","slug":"equipe","status":"publish","type":"page","link":"https:\/\/itr.ufrrj.br\/portal\/grupo-de-pesquisa-gestao-estrategica-de-pessoas-organizacoes\/equipe\/","title":{"rendered":"Equipe"},"content":{"rendered":"\n<h2 class=\"wp-block-heading\">PESQUISADORES<\/h2>\n\n\n<div id=\"footable_parent_13661\"\n         class=\" footable_parent ninja_table_wrapper loading_ninja_table wp_table_data_press_parent semantic_ui \">\n                <table data-ninja_table_instance=\"ninja_table_instance_0\" data-footable_id=\"13661\" data-filter-delay=\"1000\" aria-label=\"GEPO - pesquisadores\"            id=\"footable_13661\"\n           data-unique_identifier=\"ninja_table_unique_id_3734440088_13661\"\n           class=\" foo-table ninja_footable foo_table_13661 ninja_table_unique_id_3734440088_13661 ui table  nt_type_ajax_table selectable striped vertical_centered  footable-paging-right ninja_table_search_disabled\">\n                <colgroup>\n                            <col class=\"ninja_column_0 \">\n                            <col class=\"ninja_column_1 \">\n                    <\/colgroup>\n            <\/table>\n    \n    \n    \n<\/div>\n\n\n\n\n<div style=\"height:100px\" aria-hidden=\"true\" class=\"wp-block-spacer\"><\/div>\n\n\n\n<p><\/p>\n\n\n\n<h2 class=\"wp-block-heading\">T\u00c9CNICO-ADMINISTRATIVO<\/h2>\n\n\n<div id=\"footable_parent_13657\"\n         class=\" footable_parent ninja_table_wrapper loading_ninja_table wp_table_data_press_parent semantic_ui \">\n                <table data-ninja_table_instance=\"ninja_table_instance_1\" data-footable_id=\"13657\" data-filter-delay=\"1000\" aria-label=\"GEPO - tecnicos\"            id=\"footable_13657\"\n           data-unique_identifier=\"ninja_table_unique_id_798879097_13657\"\n           class=\" foo-table ninja_footable foo_table_13657 ninja_table_unique_id_798879097_13657 ui table  nt_type_ajax_table selectable striped vertical_centered  footable-paging-right ninja_table_search_disabled\">\n                <colgroup>\n                            <col class=\"ninja_column_0 \">\n                            <col class=\"ninja_column_1 \">\n                    <\/colgroup>\n            <\/table>\n    \n    \n    \n<\/div>\n\n\n\n\n<div style=\"height:50px\" aria-hidden=\"true\" class=\"wp-block-spacer\"><\/div>\n\n\n\n<div style=\"height:100px\" aria-hidden=\"true\" class=\"wp-block-spacer\"><\/div>\n\n\n\n<h2 class=\"wp-block-heading\">ORIENTANDOS ATIVOS<\/h2>\n\n\n\n<p><\/p>\n\n\n\n<h3 class=\"wp-block-heading\"><strong><span style=\"text-decoration: underline;\">LINHA: GEST\u00c3O ESTRAT\u00c9GICA DE PESSOAS<\/span><\/strong><\/h3>\n\n\n\n<h3 class=\"wp-block-heading\"><strong><span style=\"text-decoration: underline;\">Gradua\u00e7\u00e3o \u2013 curso de Administra\u00e7\u00e3o UFRRJ\/ITR:<\/span><\/strong><\/h3>\n\n\n\n<p><\/p>\n\n\n<div id=\"footable_parent_17561\"\n         class=\" footable_parent ninja_table_wrapper loading_ninja_table wp_table_data_press_parent semantic_ui \">\n                <table data-ninja_table_instance=\"ninja_table_instance_2\" data-footable_id=\"17561\" data-filter-delay=\"1000\" aria-label=\"GEPO - discentes gep( Duplicate )\"            id=\"footable_17561\"\n           data-unique_identifier=\"ninja_table_unique_id_2685345840_17561\"\n           class=\" foo-table ninja_footable foo_table_17561 ninja_table_unique_id_2685345840_17561 ui table  nt_type_ajax_table selectable striped vertical_centered  footable-paging-right ninja_table_search_disabled\">\n                <colgroup>\n                            <col class=\"ninja_column_0 \">\n                            <col class=\"ninja_column_1 \">\n                            <col class=\"ninja_column_2 \">\n                    <\/colgroup>\n            <\/table>\n    \n    \n    \n<\/div>\n\n\n\n\n<p><\/p>\n\n\n\n<div style=\"height:50px\" aria-hidden=\"true\" class=\"wp-block-spacer\"><\/div>\n\n\n\n<h3 class=\"wp-block-heading\"><strong><strong>MESTRADO &#8211; P\u00f3s gradua\u00e7\u00e3o em Gest\u00e3o &amp; Estrat\u00e9gia (PPGE\/UFRRJ)<\/strong><\/strong><br><strong>P\u00f3s gradua\u00e7\u00e3o 2021 &#8211; 2022<\/strong><\/h3>\n\n\n\n<p><\/p>\n\n\n<div id=\"footable_parent_13667\"\n         class=\" footable_parent ninja_table_wrapper loading_ninja_table wp_table_data_press_parent semantic_ui \">\n                <table data-ninja_table_instance=\"ninja_table_instance_3\" data-footable_id=\"13667\" data-filter-delay=\"1000\" aria-label=\"GEPO - discentes gep\"            id=\"footable_13667\"\n           data-unique_identifier=\"ninja_table_unique_id_872663359_13667\"\n           class=\" foo-table ninja_footable foo_table_13667 ninja_table_unique_id_872663359_13667 ui table  nt_type_ajax_table selectable striped vertical_centered  footable-paging-right ninja_table_search_disabled\">\n                <colgroup>\n                            <col class=\"ninja_column_0 \">\n                            <col class=\"ninja_column_1 \">\n                            <col class=\"ninja_column_2 \">\n                    <\/colgroup>\n            <\/table>\n    \n    \n    \n<\/div>\n\n\n\n\n<p><\/p>\n\n\n\n<div style=\"height:50px\" aria-hidden=\"true\" class=\"wp-block-spacer\"><\/div>\n\n\n\n<h3 class=\"wp-block-heading\"><strong><strong><strong>P\u00d3S GRADUA\u00c7\u00c3O 2022-2023<\/strong><\/strong><\/strong><br><strong><strong>MESTRADO &#8211; P\u00f3s gradua\u00e7\u00e3o em Gest\u00e3o &amp; Estrat\u00e9gia (PPGE\/UFRRJ)<\/strong><\/strong><\/h3>\n\n\n\n<p><\/p>\n\n\n<div id=\"footable_parent_17567\"\n         class=\" footable_parent ninja_table_wrapper loading_ninja_table wp_table_data_press_parent semantic_ui \">\n                <table data-ninja_table_instance=\"ninja_table_instance_4\" data-footable_id=\"17567\" data-filter-delay=\"1000\" aria-label=\"GEPO - discentes gep( Duplicate )( Duplicate )\"            id=\"footable_17567\"\n           data-unique_identifier=\"ninja_table_unique_id_4044152444_17567\"\n           class=\" foo-table ninja_footable foo_table_17567 ninja_table_unique_id_4044152444_17567 ui table  nt_type_ajax_table selectable striped vertical_centered  footable-paging-right ninja_table_search_disabled\">\n                <colgroup>\n                            <col class=\"ninja_column_0 \">\n                            <col class=\"ninja_column_1 \">\n                            <col class=\"ninja_column_2 \">\n                    <\/colgroup>\n            <\/table>\n    \n    \n    \n<\/div>\n\n\n\n\n<p><\/p>\n\n\n\n<div style=\"height:50px\" aria-hidden=\"true\" class=\"wp-block-spacer\"><\/div>\n\n\n\n<h3 class=\"wp-block-heading\"><strong><strong><strong>DOUTORADO \u2013 DINTER UFRRJ\/UNIGRANRIO 2021-2024<\/strong><\/strong><\/strong><\/h3>\n\n\n\n<p><\/p>\n\n\n<div id=\"footable_parent_17570\"\n         class=\" footable_parent ninja_table_wrapper loading_ninja_table wp_table_data_press_parent semantic_ui \">\n                <table data-ninja_table_instance=\"ninja_table_instance_5\" data-footable_id=\"17570\" data-filter-delay=\"1000\" aria-label=\"GEPO - discentes doutorado\"            id=\"footable_17570\"\n           data-unique_identifier=\"ninja_table_unique_id_3242302097_17570\"\n           class=\" foo-table ninja_footable foo_table_17570 ninja_table_unique_id_3242302097_17570 ui table  nt_type_ajax_table selectable striped vertical_centered  footable-paging-right ninja_table_search_disabled\">\n                <colgroup>\n                            <col class=\"ninja_column_0 \">\n                            <col class=\"ninja_column_1 \">\n                            <col class=\"ninja_column_2 \">\n                    <\/colgroup>\n            <\/table>\n    \n    \n    \n<\/div>\n\n\n\n\n<p><\/p>\n\n\n\n<div style=\"height:100px\" aria-hidden=\"true\" class=\"wp-block-spacer\"><\/div>\n\n\n\n<h2 class=\"wp-block-heading\">EGRESSOS<\/h2>\n\n\n\n<p><\/p>\n\n\n\n<h3 class=\"wp-block-heading\"><strong><span style=\"text-decoration: underline;\">Alunos Gradua\u00e7\u00e3o 2020 &#8211; 2022<\/span><\/strong><\/h3>\n\n\n\n<p><\/p>\n\n\n<div id=\"footable_parent_13678\"\n         class=\" footable_parent ninja_table_wrapper loading_ninja_table wp_table_data_press_parent semantic_ui \">\n                <table data-ninja_table_instance=\"ninja_table_instance_6\" data-footable_id=\"13678\" data-filter-delay=\"1000\" aria-label=\"GEPO - egressos graduacao\"            id=\"footable_13678\"\n           data-unique_identifier=\"ninja_table_unique_id_4219074294_13678\"\n           class=\" foo-table ninja_footable foo_table_13678 ninja_table_unique_id_4219074294_13678 ui table  nt_type_ajax_table selectable striped vertical_centered  footable-paging-right ninja_table_search_disabled\">\n                <colgroup>\n                            <col class=\"ninja_column_0 \">\n                            <col class=\"ninja_column_1 \">\n                            <col class=\"ninja_column_2 \">\n                    <\/colgroup>\n            <\/table>\n    \n    \n    \n<\/div>\n\n\n\n\n<div style=\"height:50px\" aria-hidden=\"true\" class=\"wp-block-spacer\"><\/div>\n\n\n\n<p><\/p>\n\n\n\n<h3 class=\"wp-block-heading\"><span style=\"text-decoration: underline;\">Linha de Pesquisa: GEST\u00c3O ESTRAT\u00c9GICA ORGANIZACIONAL<\/span><\/h3>\n\n\n\n<p><\/p>\n\n\n<div id=\"footable_parent_13670\"\n         class=\" footable_parent ninja_table_wrapper loading_ninja_table wp_table_data_press_parent semantic_ui \">\n                <table data-ninja_table_instance=\"ninja_table_instance_7\" data-footable_id=\"13670\" data-filter-delay=\"1000\" aria-label=\"GEPO - discentes geo\"            id=\"footable_13670\"\n           data-unique_identifier=\"ninja_table_unique_id_1489313784_13670\"\n           class=\" foo-table ninja_footable foo_table_13670 ninja_table_unique_id_1489313784_13670 ui table  nt_type_ajax_table selectable striped vertical_centered  footable-paging-right ninja_table_search_disabled\">\n                <colgroup>\n                            <col class=\"ninja_column_0 \">\n                            <col class=\"ninja_column_1 \">\n                            <col class=\"ninja_column_2 \">\n                    <\/colgroup>\n            <\/table>\n    \n    \n    \n<\/div>\n\n\n\n\n<div style=\"height:50px\" aria-hidden=\"true\" class=\"wp-block-spacer\"><\/div>\n\n\n\n<p><\/p>\n\n\n\n<p><\/p>\n\n\n\n<h3 class=\"wp-block-heading\">P\u00f3s-gradua\u00e7\u00e3o &#8211; <strong>Mestrado profissional em Gest\u00e3o e Avalia\u00e7\u00e3o da Educa\u00e7\u00e3o P\u00fablica PPGE\/UFJF \u2013 CAEd<\/strong><br>2020-2022<\/h3>\n\n\n\n<p><\/p>\n\n\n<div id=\"footable_parent_13674\"\n         class=\" footable_parent ninja_table_wrapper loading_ninja_table wp_table_data_press_parent semantic_ui \">\n                <table data-ninja_table_instance=\"ninja_table_instance_8\" data-footable_id=\"13674\" data-filter-delay=\"1000\" aria-label=\"GEPO - discentes mestrado ufjf\"            id=\"footable_13674\"\n           data-unique_identifier=\"ninja_table_unique_id_498500283_13674\"\n           class=\" foo-table ninja_footable foo_table_13674 ninja_table_unique_id_498500283_13674 ui table  nt_type_ajax_table selectable striped vertical_centered  footable-paging-right ninja_table_search_disabled\">\n                <colgroup>\n                            <col class=\"ninja_column_0 \">\n                            <col class=\"ninja_column_1 \">\n                            <col class=\"ninja_column_2 \">\n                    <\/colgroup>\n            <\/table>\n    \n    \n    \n<\/div>\n\n\n\n\n<div style=\"height:50px\" aria-hidden=\"true\" class=\"wp-block-spacer\"><\/div>\n\n\n\n<p><\/p>\n\n\n\n<h3 class=\"wp-block-heading\">P\u00f3s-gradua\u00e7\u00e3o &#8211; Mestrado Profissional em Gest\u00e3o e Estrat\u00e9gia PPGE\/UFRRJ<br>2020-2021<\/h3>\n\n\n\n<p><\/p>\n\n\n<div id=\"footable_parent_13672\"\n         class=\" footable_parent ninja_table_wrapper loading_ninja_table wp_table_data_press_parent semantic_ui \">\n                <table data-ninja_table_instance=\"ninja_table_instance_9\" data-footable_id=\"13672\" data-filter-delay=\"1000\" aria-label=\"GEPO - discentes mestrado ufrrj\"            id=\"footable_13672\"\n           data-unique_identifier=\"ninja_table_unique_id_2425392800_13672\"\n           class=\" foo-table ninja_footable foo_table_13672 ninja_table_unique_id_2425392800_13672 ui table  nt_type_ajax_table selectable striped vertical_centered  footable-paging-right ninja_table_search_disabled\">\n                <colgroup>\n                            <col class=\"ninja_column_0 \">\n                            <col class=\"ninja_column_1 \">\n                            <col class=\"ninja_column_2 \">\n                    <\/colgroup>\n            <\/table>\n    \n    \n    \n<\/div>\n\n\n\n\n<div style=\"height:50px\" aria-hidden=\"true\" class=\"wp-block-spacer\"><\/div>\n\n\n\n<p><\/p>\n","protected":false},"excerpt":{"rendered":"<p>PESQUISADORES T\u00c9CNICO-ADMINISTRATIVO ORIENTANDOS ATIVOS LINHA: GEST\u00c3O ESTRAT\u00c9GICA DE PESSOAS Gradua\u00e7\u00e3o \u2013 curso de Administra\u00e7\u00e3o UFRRJ\/ITR: MESTRADO &#8211; P\u00f3s gradua\u00e7\u00e3o em Gest\u00e3o &amp; Estrat\u00e9gia (PPGE\/UFRRJ)P\u00f3s gradua\u00e7\u00e3o 2021 &#8211; 2022 P\u00d3S GRADUA\u00c7\u00c3O [&hellip;]<\/p>\n","protected":false},"author":4,"featured_media":0,"parent":11239,"menu_order":0,"comment_status":"closed","ping_status":"closed","template":"page-cursos.php","meta":{"_acf_changed":false,"editor_plus_copied_stylings":"{}","footnotes":""},"class_list":["post-11245","page","type-page","status-publish","hentry"],"acf":[],"yoast_head":"<!-- This site is optimized with the Yoast SEO plugin v27.4 - https:\/\/yoast.com\/product\/yoast-seo-wordpress\/ -->\n<title>Equipe - Campus Tr\u00eas Rios | UFRRJ<\/title>\n<meta name=\"robots\" content=\"index, follow, max-snippet:-1, max-image-preview:large, max-video-preview:-1\" \/>\n<link rel=\"canonical\" href=\"https:\/\/itr.ufrrj.br\/portal\/grupo-de-pesquisa-gestao-estrategica-de-pessoas-organizacoes\/equipe\/\" \/>\n<meta property=\"og:locale\" content=\"pt_BR\" \/>\n<meta property=\"og:type\" content=\"article\" \/>\n<meta property=\"og:title\" content=\"Equipe - Campus Tr\u00eas Rios | UFRRJ\" \/>\n<meta property=\"og:description\" content=\"PESQUISADORES T\u00c9CNICO-ADMINISTRATIVO ORIENTANDOS ATIVOS LINHA: GEST\u00c3O ESTRAT\u00c9GICA DE PESSOAS Gradua\u00e7\u00e3o \u2013 curso de Administra\u00e7\u00e3o UFRRJ\/ITR: MESTRADO &#8211; P\u00f3s gradua\u00e7\u00e3o em Gest\u00e3o &amp; Estrat\u00e9gia (PPGE\/UFRRJ)P\u00f3s gradua\u00e7\u00e3o 2021 &#8211; 2022 P\u00d3S GRADUA\u00c7\u00c3O [&hellip;]\" \/>\n<meta property=\"og:url\" content=\"https:\/\/itr.ufrrj.br\/portal\/grupo-de-pesquisa-gestao-estrategica-de-pessoas-organizacoes\/equipe\/\" \/>\n<meta property=\"og:site_name\" content=\"Campus Tr\u00eas Rios | UFRRJ\" \/>\n<meta property=\"article:publisher\" content=\"https:\/\/www.facebook.com\/itr.ufrrj\" \/>\n<meta property=\"article:modified_time\" content=\"2023-02-28T13:29:08+00:00\" \/>\n<meta name=\"twitter:card\" content=\"summary_large_image\" \/>\n<meta name=\"twitter:label1\" content=\"Est. tempo de leitura\" \/>\n\t<meta name=\"twitter:data1\" content=\"1 minuto\" \/>\n<script type=\"application\/ld+json\" class=\"yoast-schema-graph\">{\"@context\":\"https:\\\/\\\/schema.org\",\"@graph\":[{\"@type\":\"WebPage\",\"@id\":\"https:\\\/\\\/itr.ufrrj.br\\\/portal\\\/grupo-de-pesquisa-gestao-estrategica-de-pessoas-organizacoes\\\/equipe\\\/\",\"url\":\"https:\\\/\\\/itr.ufrrj.br\\\/portal\\\/grupo-de-pesquisa-gestao-estrategica-de-pessoas-organizacoes\\\/equipe\\\/\",\"name\":\"Equipe - Campus Tr\u00eas Rios | UFRRJ\",\"isPartOf\":{\"@id\":\"https:\\\/\\\/itr.ufrrj.br\\\/portal\\\/#website\"},\"datePublished\":\"2020-10-27T21:22:47+00:00\",\"dateModified\":\"2023-02-28T13:29:08+00:00\",\"breadcrumb\":{\"@id\":\"https:\\\/\\\/itr.ufrrj.br\\\/portal\\\/grupo-de-pesquisa-gestao-estrategica-de-pessoas-organizacoes\\\/equipe\\\/#breadcrumb\"},\"inLanguage\":\"pt-BR\",\"potentialAction\":[{\"@type\":\"ReadAction\",\"target\":[\"https:\\\/\\\/itr.ufrrj.br\\\/portal\\\/grupo-de-pesquisa-gestao-estrategica-de-pessoas-organizacoes\\\/equipe\\\/\"]}]},{\"@type\":\"BreadcrumbList\",\"@id\":\"https:\\\/\\\/itr.ufrrj.br\\\/portal\\\/grupo-de-pesquisa-gestao-estrategica-de-pessoas-organizacoes\\\/equipe\\\/#breadcrumb\",\"itemListElement\":[{\"@type\":\"ListItem\",\"position\":1,\"name\":\"In\u00edcio\",\"item\":\"https:\\\/\\\/itr.ufrrj.br\\\/portal\\\/\"},{\"@type\":\"ListItem\",\"position\":2,\"name\":\"Grupo de pesquisa Gest\u00e3o Estrat\u00e9gica de Pessoas &#038; Organiza\u00e7\u00f5es\",\"item\":\"https:\\\/\\\/itr.ufrrj.br\\\/portal\\\/grupo-de-pesquisa-gestao-estrategica-de-pessoas-organizacoes\\\/\"},{\"@type\":\"ListItem\",\"position\":3,\"name\":\"Equipe\"}]},{\"@type\":\"WebSite\",\"@id\":\"https:\\\/\\\/itr.ufrrj.br\\\/portal\\\/#website\",\"url\":\"https:\\\/\\\/itr.ufrrj.br\\\/portal\\\/\",\"name\":\"Campus Tr\u00eas Rios | UFRRJ\",\"description\":\"Localizado na cidade de Tr\u00eas Rios - RJ\",\"publisher\":{\"@id\":\"https:\\\/\\\/itr.ufrrj.br\\\/portal\\\/#organization\"},\"potentialAction\":[{\"@type\":\"SearchAction\",\"target\":{\"@type\":\"EntryPoint\",\"urlTemplate\":\"https:\\\/\\\/itr.ufrrj.br\\\/portal\\\/?s={search_term_string}\"},\"query-input\":{\"@type\":\"PropertyValueSpecification\",\"valueRequired\":true,\"valueName\":\"search_term_string\"}}],\"inLanguage\":\"pt-BR\"},{\"@type\":\"Organization\",\"@id\":\"https:\\\/\\\/itr.ufrrj.br\\\/portal\\\/#organization\",\"name\":\"Instituto Tr\u00eas Rios\\\/UFRRJ\",\"url\":\"https:\\\/\\\/itr.ufrrj.br\\\/portal\\\/\",\"logo\":{\"@type\":\"ImageObject\",\"inLanguage\":\"pt-BR\",\"@id\":\"https:\\\/\\\/itr.ufrrj.br\\\/portal\\\/#\\\/schema\\\/logo\\\/image\\\/\",\"url\":\"https:\\\/\\\/itr.ufrrj.br\\\/portal\\\/wp-content\\\/uploads\\\/2020\\\/04\\\/logo-institutotresrios-ufrrj.png\",\"contentUrl\":\"https:\\\/\\\/itr.ufrrj.br\\\/portal\\\/wp-content\\\/uploads\\\/2020\\\/04\\\/logo-institutotresrios-ufrrj.png\",\"width\":1067,\"height\":240,\"caption\":\"Instituto Tr\u00eas Rios\\\/UFRRJ\"},\"image\":{\"@id\":\"https:\\\/\\\/itr.ufrrj.br\\\/portal\\\/#\\\/schema\\\/logo\\\/image\\\/\"},\"sameAs\":[\"https:\\\/\\\/www.facebook.com\\\/itr.ufrrj\"]}]}<\/script>\n<!-- \/ Yoast SEO plugin. -->","yoast_head_json":{"title":"Equipe - Campus Tr\u00eas Rios | UFRRJ","robots":{"index":"index","follow":"follow","max-snippet":"max-snippet:-1","max-image-preview":"max-image-preview:large","max-video-preview":"max-video-preview:-1"},"canonical":"https:\/\/itr.ufrrj.br\/portal\/grupo-de-pesquisa-gestao-estrategica-de-pessoas-organizacoes\/equipe\/","og_locale":"pt_BR","og_type":"article","og_title":"Equipe - Campus Tr\u00eas Rios | UFRRJ","og_description":"PESQUISADORES T\u00c9CNICO-ADMINISTRATIVO ORIENTANDOS ATIVOS LINHA: GEST\u00c3O ESTRAT\u00c9GICA DE PESSOAS Gradua\u00e7\u00e3o \u2013 curso de Administra\u00e7\u00e3o UFRRJ\/ITR: MESTRADO &#8211; P\u00f3s gradua\u00e7\u00e3o em Gest\u00e3o &amp; Estrat\u00e9gia (PPGE\/UFRRJ)P\u00f3s gradua\u00e7\u00e3o 2021 &#8211; 2022 P\u00d3S GRADUA\u00c7\u00c3O [&hellip;]","og_url":"https:\/\/itr.ufrrj.br\/portal\/grupo-de-pesquisa-gestao-estrategica-de-pessoas-organizacoes\/equipe\/","og_site_name":"Campus Tr\u00eas Rios | UFRRJ","article_publisher":"https:\/\/www.facebook.com\/itr.ufrrj","article_modified_time":"2023-02-28T13:29:08+00:00","twitter_card":"summary_large_image","twitter_misc":{"Est. tempo de leitura":"1 minuto"},"schema":{"@context":"https:\/\/schema.org","@graph":[{"@type":"WebPage","@id":"https:\/\/itr.ufrrj.br\/portal\/grupo-de-pesquisa-gestao-estrategica-de-pessoas-organizacoes\/equipe\/","url":"https:\/\/itr.ufrrj.br\/portal\/grupo-de-pesquisa-gestao-estrategica-de-pessoas-organizacoes\/equipe\/","name":"Equipe - Campus Tr\u00eas Rios | UFRRJ","isPartOf":{"@id":"https:\/\/itr.ufrrj.br\/portal\/#website"},"datePublished":"2020-10-27T21:22:47+00:00","dateModified":"2023-02-28T13:29:08+00:00","breadcrumb":{"@id":"https:\/\/itr.ufrrj.br\/portal\/grupo-de-pesquisa-gestao-estrategica-de-pessoas-organizacoes\/equipe\/#breadcrumb"},"inLanguage":"pt-BR","potentialAction":[{"@type":"ReadAction","target":["https:\/\/itr.ufrrj.br\/portal\/grupo-de-pesquisa-gestao-estrategica-de-pessoas-organizacoes\/equipe\/"]}]},{"@type":"BreadcrumbList","@id":"https:\/\/itr.ufrrj.br\/portal\/grupo-de-pesquisa-gestao-estrategica-de-pessoas-organizacoes\/equipe\/#breadcrumb","itemListElement":[{"@type":"ListItem","position":1,"name":"In\u00edcio","item":"https:\/\/itr.ufrrj.br\/portal\/"},{"@type":"ListItem","position":2,"name":"Grupo de pesquisa Gest\u00e3o Estrat\u00e9gica de Pessoas &#038; Organiza\u00e7\u00f5es","item":"https:\/\/itr.ufrrj.br\/portal\/grupo-de-pesquisa-gestao-estrategica-de-pessoas-organizacoes\/"},{"@type":"ListItem","position":3,"name":"Equipe"}]},{"@type":"WebSite","@id":"https:\/\/itr.ufrrj.br\/portal\/#website","url":"https:\/\/itr.ufrrj.br\/portal\/","name":"Campus Tr\u00eas Rios | UFRRJ","description":"Localizado na cidade de Tr\u00eas Rios - RJ","publisher":{"@id":"https:\/\/itr.ufrrj.br\/portal\/#organization"},"potentialAction":[{"@type":"SearchAction","target":{"@type":"EntryPoint","urlTemplate":"https:\/\/itr.ufrrj.br\/portal\/?s={search_term_string}"},"query-input":{"@type":"PropertyValueSpecification","valueRequired":true,"valueName":"search_term_string"}}],"inLanguage":"pt-BR"},{"@type":"Organization","@id":"https:\/\/itr.ufrrj.br\/portal\/#organization","name":"Instituto Tr\u00eas Rios\/UFRRJ","url":"https:\/\/itr.ufrrj.br\/portal\/","logo":{"@type":"ImageObject","inLanguage":"pt-BR","@id":"https:\/\/itr.ufrrj.br\/portal\/#\/schema\/logo\/image\/","url":"https:\/\/itr.ufrrj.br\/portal\/wp-content\/uploads\/2020\/04\/logo-institutotresrios-ufrrj.png","contentUrl":"https:\/\/itr.ufrrj.br\/portal\/wp-content\/uploads\/2020\/04\/logo-institutotresrios-ufrrj.png","width":1067,"height":240,"caption":"Instituto Tr\u00eas Rios\/UFRRJ"},"image":{"@id":"https:\/\/itr.ufrrj.br\/portal\/#\/schema\/logo\/image\/"},"sameAs":["https:\/\/www.facebook.com\/itr.ufrrj"]}]}},"jetpack_sharing_enabled":true,"amp_enabled":false,"_links":{"self":[{"href":"https:\/\/itr.ufrrj.br\/portal\/wp-json\/wp\/v2\/pages\/11245","targetHints":{"allow":["GET"]}}],"collection":[{"href":"https:\/\/itr.ufrrj.br\/portal\/wp-json\/wp\/v2\/pages"}],"about":[{"href":"https:\/\/itr.ufrrj.br\/portal\/wp-json\/wp\/v2\/types\/page"}],"author":[{"embeddable":true,"href":"https:\/\/itr.ufrrj.br\/portal\/wp-json\/wp\/v2\/users\/4"}],"replies":[{"embeddable":true,"href":"https:\/\/itr.ufrrj.br\/portal\/wp-json\/wp\/v2\/comments?post=11245"}],"version-history":[{"count":50,"href":"https:\/\/itr.ufrrj.br\/portal\/wp-json\/wp\/v2\/pages\/11245\/revisions"}],"predecessor-version":[{"id":17573,"href":"https:\/\/itr.ufrrj.br\/portal\/wp-json\/wp\/v2\/pages\/11245\/revisions\/17573"}],"up":[{"embeddable":true,"href":"https:\/\/itr.ufrrj.br\/portal\/wp-json\/wp\/v2\/pages\/11239"}],"wp:attachment":[{"href":"https:\/\/itr.ufrrj.br\/portal\/wp-json\/wp\/v2\/media?parent=11245"}],"curies":[{"name":"wp","href":"https:\/\/api.w.org\/{rel}","templated":true}]}}