{"id":112,"date":"2011-02-28T15:13:25","date_gmt":"2011-02-28T18:13:25","guid":{"rendered":"http:\/\/r1.ufrrj.br\/wp\/itr\/"},"modified":"2019-10-25T11:04:20","modified_gmt":"2019-10-25T14:04:20","slug":"historia","status":"publish","type":"page","link":"https:\/\/itr.ufrrj.br\/portal\/institucional\/historia\/","title":{"rendered":"Hist\u00f3ria"},"content":{"rendered":"<p style=\"text-align: justify;\" align=\"justify\"><span style=\"color: #333333;\"><span style=\"font-family: 'Helvetica Neue', Helvetica, Arial, Helmet, Freesans, sans-serif;\"><span style=\"font-size: medium;\">A hist\u00f3ria da Universidade Federal Rural do Rio de Janeiro (UFRRJ), no munic\u00edpio de Tr\u00eas Rios, teve in\u00edcio em 1998, com a instala\u00e7\u00e3o, no Col\u00e9gio Entre-Rios, dos cursos de Administra\u00e7\u00e3o e Ci\u00eancias Econ\u00f4micas. Naquela \u00e9poca, ambas as gradua\u00e7\u00f5es funcionavam como turmas fora de sede, ou seja, estavam ligadas ao Instituto de Ci\u00eancias Humanas e Sociais, da UFRRJ, em Serop\u00e9dica. Desse modo, os professores deslocavam-se da sede para a Regi\u00e3o Sul Fluminense para lecionar, e as aulas eram ministradas em locais improvisados e cedidos pela administra\u00e7\u00e3o municipal, como os Col\u00e9gios Entre-Rios e Ruy Barbosa.<\/span><\/span><\/span><\/p>\n<p style=\"text-align: justify;\" align=\"justify\"><span style=\"color: #333333;\"><span style=\"font-family: 'Helvetica Neue', Helvetica, Arial, Helmet, Freesans, sans-serif;\"><span style=\"font-size: medium;\">Vale ressaltar que, desde meados da d\u00e9cada de 1990, a comunidade trirriense reivindicava a cria\u00e7\u00e3o de um <\/span><\/span><\/span><span style=\"color: #333333;\"><span style=\"font-family: 'Helvetica Neue', Helvetica, Arial, Helmet, Freesans, sans-serif;\"><span style=\"font-size: medium;\"><i>campus<\/i><\/span><\/span><\/span><span style=\"color: #333333;\"><span style=\"font-family: 'Helvetica Neue', Helvetica, Arial, Helmet, Freesans, sans-serif;\"><span style=\"font-size: medium;\"> universit\u00e1rio p\u00fablico na cidade. Um dos exemplos foi a cria\u00e7\u00e3o, pelos estudantes dos cursos de Administra\u00e7\u00e3o e Ci\u00eancias Econ\u00f4micas das turmas fora de sede da UFRRJ, do Grupo de Apoio \u00e0 Federaliza\u00e7\u00e3o da Universidade, o GAFFU. Esse sonho tornou-se realidade, em 2007, atrav\u00e9s do Projeto de Reestrutura\u00e7\u00e3o e Expans\u00e3o das Universidade Federais (REUNI).<\/span><\/span><\/span><\/p>\n<p style=\"text-align: justify;\" align=\"justify\"><span style=\"color: #333333;\"><span style=\"font-family: 'Helvetica Neue', Helvetica, Arial, Helmet, Freesans, sans-serif;\"><span style=\"font-size: medium;\">Em 2009, a UFRRJ implantou em Tr\u00eas Rios, o curso de Direito e, no mesmo ano, houve a cria\u00e7\u00e3o do Instituto Tr\u00eas Rios, o d\u00e9cimo primeiro na estrutura organizacional da UFRRJ. O curso de Gest\u00e3o Ambiental teve in\u00edcio no primeiro semestre de 2010, e a sede pr\u00f3pria do Instituto foi inaugurada no mesmo ano, em novembro .<\/span><\/span><\/span><\/p>\n<p style=\"text-align: justify;\" align=\"justify\"><span style=\"color: #333333;\"><span style=\"font-family: 'Helvetica Neue', Helvetica, Arial, Helmet, Freesans, sans-serif;\"><span style=\"font-size: medium;\">De 1998 at\u00e9 o primeiro semestre de 2016, a UFRRJ formou, no munic\u00edpio de Tr\u00eas Rios, 338 bachar\u00e9is em Administra\u00e7\u00e3o, 176 bachar\u00e9is em Ci\u00eancias Econ\u00f4micas, 75 bachar\u00e9is em Direito e 28 bachar\u00e9is em Gest\u00e3o Ambiental. <\/span><\/span><\/span><\/p>\n<p style=\"text-align: justify;\" align=\"justify\"><span style=\"color: #333333;\"><span style=\"font-family: 'Helvetica Neue', Helvetica, Arial, Helmet, Freesans, sans-serif;\"><span style=\"font-size: medium;\">Atualmente, o ITR\/UFRRJ conta em seu quadro efetivo com, aproximadamente, 80 docentes, dos quais 90% s\u00e3o doutores; 30 t\u00e9cnico-administrativos; e 800 alunos nos quatro cursos de gradua\u00e7\u00e3o: Administra\u00e7\u00e3o, Ci\u00eancias Econ\u00f4micas, Direito e Gest\u00e3o Ambiental.<\/span><\/span><\/span><\/p>\n<p style=\"text-align: justify;\" align=\"justify\"><span style=\"color: #333333;\"><span style=\"font-family: 'Helvetica Neue', Helvetica, Arial, Helmet, Freesans, sans-serif;\"><span style=\"font-size: medium;\">Quer conhecer ou trazer a sua turma de alunos\/as \u00e0 sede do Instituto Tr\u00eas Rios da UFRRJ? Agende a visita: <\/span><\/span><\/span><a href=\"mailto:campustr@ufrrj.br\">campustr@ufrrj.br<\/a><span style=\"color: #333333;\"><span style=\"font-family: 'Helvetica Neue', Helvetica, Arial, Helmet, Freesans, sans-serif;\"><span style=\"font-size: medium;\">.<\/span><\/span><\/span><\/p>\n","protected":false},"excerpt":{"rendered":"<p>A hist\u00f3ria da Universidade Federal Rural do Rio de Janeiro (UFRRJ), no munic\u00edpio de Tr\u00eas Rios, teve in\u00edcio em 1998, com a instala\u00e7\u00e3o, no Col\u00e9gio Entre-Rios, dos cursos de Administra\u00e7\u00e3o [&hellip;]<\/p>\n","protected":false},"author":1,"featured_media":0,"parent":5465,"menu_order":0,"comment_status":"open","ping_status":"open","template":"","meta":{"_acf_changed":false,"editor_plus_copied_stylings":"{}","footnotes":""},"class_list":["post-112","page","type-page","status-publish","hentry"],"acf":[],"yoast_head":"<!-- This site is optimized with the Yoast SEO plugin v27.3 - https:\/\/yoast.com\/product\/yoast-seo-wordpress\/ -->\n<title>Hist\u00f3ria - Campus Tr\u00eas Rios | UFRRJ<\/title>\n<meta name=\"robots\" content=\"index, follow, max-snippet:-1, max-image-preview:large, max-video-preview:-1\" \/>\n<link rel=\"canonical\" href=\"https:\/\/itr.ufrrj.br\/portal\/institucional\/historia\/\" \/>\n<meta property=\"og:locale\" content=\"pt_BR\" \/>\n<meta property=\"og:type\" content=\"article\" \/>\n<meta property=\"og:title\" content=\"Hist\u00f3ria - Campus Tr\u00eas Rios | UFRRJ\" \/>\n<meta property=\"og:description\" content=\"A hist\u00f3ria da Universidade Federal Rural do Rio de Janeiro (UFRRJ), no munic\u00edpio de Tr\u00eas Rios, teve in\u00edcio em 1998, com a instala\u00e7\u00e3o, no Col\u00e9gio Entre-Rios, dos cursos de Administra\u00e7\u00e3o [&hellip;]\" \/>\n<meta property=\"og:url\" content=\"https:\/\/itr.ufrrj.br\/portal\/institucional\/historia\/\" \/>\n<meta property=\"og:site_name\" content=\"Campus Tr\u00eas Rios | UFRRJ\" \/>\n<meta property=\"article:publisher\" content=\"https:\/\/www.facebook.com\/itr.ufrrj\" \/>\n<meta property=\"article:modified_time\" content=\"2019-10-25T14:04:20+00:00\" \/>\n<meta name=\"twitter:card\" content=\"summary_large_image\" \/>\n<meta name=\"twitter:label1\" content=\"Est. tempo de leitura\" \/>\n\t<meta name=\"twitter:data1\" content=\"2 minutos\" \/>\n<script type=\"application\/ld+json\" class=\"yoast-schema-graph\">{\"@context\":\"https:\\\/\\\/schema.org\",\"@graph\":[{\"@type\":\"WebPage\",\"@id\":\"https:\\\/\\\/itr.ufrrj.br\\\/portal\\\/institucional\\\/historia\\\/\",\"url\":\"https:\\\/\\\/itr.ufrrj.br\\\/portal\\\/institucional\\\/historia\\\/\",\"name\":\"Hist\u00f3ria - Campus Tr\u00eas Rios | UFRRJ\",\"isPartOf\":{\"@id\":\"https:\\\/\\\/itr.ufrrj.br\\\/portal\\\/#website\"},\"datePublished\":\"2011-02-28T18:13:25+00:00\",\"dateModified\":\"2019-10-25T14:04:20+00:00\",\"breadcrumb\":{\"@id\":\"https:\\\/\\\/itr.ufrrj.br\\\/portal\\\/institucional\\\/historia\\\/#breadcrumb\"},\"inLanguage\":\"pt-BR\",\"potentialAction\":[{\"@type\":\"ReadAction\",\"target\":[\"https:\\\/\\\/itr.ufrrj.br\\\/portal\\\/institucional\\\/historia\\\/\"]}]},{\"@type\":\"BreadcrumbList\",\"@id\":\"https:\\\/\\\/itr.ufrrj.br\\\/portal\\\/institucional\\\/historia\\\/#breadcrumb\",\"itemListElement\":[{\"@type\":\"ListItem\",\"position\":1,\"name\":\"In\u00edcio\",\"item\":\"https:\\\/\\\/itr.ufrrj.br\\\/portal\\\/\"},{\"@type\":\"ListItem\",\"position\":2,\"name\":\"INSTITUCIONAL\",\"item\":\"https:\\\/\\\/itr.ufrrj.br\\\/portal\\\/institucional\\\/\"},{\"@type\":\"ListItem\",\"position\":3,\"name\":\"Hist\u00f3ria\"}]},{\"@type\":\"WebSite\",\"@id\":\"https:\\\/\\\/itr.ufrrj.br\\\/portal\\\/#website\",\"url\":\"https:\\\/\\\/itr.ufrrj.br\\\/portal\\\/\",\"name\":\"Campus Tr\u00eas Rios | UFRRJ\",\"description\":\"Localizado na cidade de Tr\u00eas Rios - RJ\",\"publisher\":{\"@id\":\"https:\\\/\\\/itr.ufrrj.br\\\/portal\\\/#organization\"},\"potentialAction\":[{\"@type\":\"SearchAction\",\"target\":{\"@type\":\"EntryPoint\",\"urlTemplate\":\"https:\\\/\\\/itr.ufrrj.br\\\/portal\\\/?s={search_term_string}\"},\"query-input\":{\"@type\":\"PropertyValueSpecification\",\"valueRequired\":true,\"valueName\":\"search_term_string\"}}],\"inLanguage\":\"pt-BR\"},{\"@type\":\"Organization\",\"@id\":\"https:\\\/\\\/itr.ufrrj.br\\\/portal\\\/#organization\",\"name\":\"Instituto Tr\u00eas Rios\\\/UFRRJ\",\"url\":\"https:\\\/\\\/itr.ufrrj.br\\\/portal\\\/\",\"logo\":{\"@type\":\"ImageObject\",\"inLanguage\":\"pt-BR\",\"@id\":\"https:\\\/\\\/itr.ufrrj.br\\\/portal\\\/#\\\/schema\\\/logo\\\/image\\\/\",\"url\":\"https:\\\/\\\/itr.ufrrj.br\\\/portal\\\/wp-content\\\/uploads\\\/2020\\\/04\\\/logo-institutotresrios-ufrrj.png\",\"contentUrl\":\"https:\\\/\\\/itr.ufrrj.br\\\/portal\\\/wp-content\\\/uploads\\\/2020\\\/04\\\/logo-institutotresrios-ufrrj.png\",\"width\":1067,\"height\":240,\"caption\":\"Instituto Tr\u00eas Rios\\\/UFRRJ\"},\"image\":{\"@id\":\"https:\\\/\\\/itr.ufrrj.br\\\/portal\\\/#\\\/schema\\\/logo\\\/image\\\/\"},\"sameAs\":[\"https:\\\/\\\/www.facebook.com\\\/itr.ufrrj\"]}]}<\/script>\n<!-- \/ Yoast SEO plugin. -->","yoast_head_json":{"title":"Hist\u00f3ria - Campus Tr\u00eas Rios | UFRRJ","robots":{"index":"index","follow":"follow","max-snippet":"max-snippet:-1","max-image-preview":"max-image-preview:large","max-video-preview":"max-video-preview:-1"},"canonical":"https:\/\/itr.ufrrj.br\/portal\/institucional\/historia\/","og_locale":"pt_BR","og_type":"article","og_title":"Hist\u00f3ria - Campus Tr\u00eas Rios | UFRRJ","og_description":"A hist\u00f3ria da Universidade Federal Rural do Rio de Janeiro (UFRRJ), no munic\u00edpio de Tr\u00eas Rios, teve in\u00edcio em 1998, com a instala\u00e7\u00e3o, no Col\u00e9gio Entre-Rios, dos cursos de Administra\u00e7\u00e3o [&hellip;]","og_url":"https:\/\/itr.ufrrj.br\/portal\/institucional\/historia\/","og_site_name":"Campus Tr\u00eas Rios | UFRRJ","article_publisher":"https:\/\/www.facebook.com\/itr.ufrrj","article_modified_time":"2019-10-25T14:04:20+00:00","twitter_card":"summary_large_image","twitter_misc":{"Est. tempo de leitura":"2 minutos"},"schema":{"@context":"https:\/\/schema.org","@graph":[{"@type":"WebPage","@id":"https:\/\/itr.ufrrj.br\/portal\/institucional\/historia\/","url":"https:\/\/itr.ufrrj.br\/portal\/institucional\/historia\/","name":"Hist\u00f3ria - Campus Tr\u00eas Rios | UFRRJ","isPartOf":{"@id":"https:\/\/itr.ufrrj.br\/portal\/#website"},"datePublished":"2011-02-28T18:13:25+00:00","dateModified":"2019-10-25T14:04:20+00:00","breadcrumb":{"@id":"https:\/\/itr.ufrrj.br\/portal\/institucional\/historia\/#breadcrumb"},"inLanguage":"pt-BR","potentialAction":[{"@type":"ReadAction","target":["https:\/\/itr.ufrrj.br\/portal\/institucional\/historia\/"]}]},{"@type":"BreadcrumbList","@id":"https:\/\/itr.ufrrj.br\/portal\/institucional\/historia\/#breadcrumb","itemListElement":[{"@type":"ListItem","position":1,"name":"In\u00edcio","item":"https:\/\/itr.ufrrj.br\/portal\/"},{"@type":"ListItem","position":2,"name":"INSTITUCIONAL","item":"https:\/\/itr.ufrrj.br\/portal\/institucional\/"},{"@type":"ListItem","position":3,"name":"Hist\u00f3ria"}]},{"@type":"WebSite","@id":"https:\/\/itr.ufrrj.br\/portal\/#website","url":"https:\/\/itr.ufrrj.br\/portal\/","name":"Campus Tr\u00eas Rios | UFRRJ","description":"Localizado na cidade de Tr\u00eas Rios - RJ","publisher":{"@id":"https:\/\/itr.ufrrj.br\/portal\/#organization"},"potentialAction":[{"@type":"SearchAction","target":{"@type":"EntryPoint","urlTemplate":"https:\/\/itr.ufrrj.br\/portal\/?s={search_term_string}"},"query-input":{"@type":"PropertyValueSpecification","valueRequired":true,"valueName":"search_term_string"}}],"inLanguage":"pt-BR"},{"@type":"Organization","@id":"https:\/\/itr.ufrrj.br\/portal\/#organization","name":"Instituto Tr\u00eas Rios\/UFRRJ","url":"https:\/\/itr.ufrrj.br\/portal\/","logo":{"@type":"ImageObject","inLanguage":"pt-BR","@id":"https:\/\/itr.ufrrj.br\/portal\/#\/schema\/logo\/image\/","url":"https:\/\/itr.ufrrj.br\/portal\/wp-content\/uploads\/2020\/04\/logo-institutotresrios-ufrrj.png","contentUrl":"https:\/\/itr.ufrrj.br\/portal\/wp-content\/uploads\/2020\/04\/logo-institutotresrios-ufrrj.png","width":1067,"height":240,"caption":"Instituto Tr\u00eas Rios\/UFRRJ"},"image":{"@id":"https:\/\/itr.ufrrj.br\/portal\/#\/schema\/logo\/image\/"},"sameAs":["https:\/\/www.facebook.com\/itr.ufrrj"]}]}},"jetpack_sharing_enabled":true,"amp_enabled":true,"_links":{"self":[{"href":"https:\/\/itr.ufrrj.br\/portal\/wp-json\/wp\/v2\/pages\/112","targetHints":{"allow":["GET"]}}],"collection":[{"href":"https:\/\/itr.ufrrj.br\/portal\/wp-json\/wp\/v2\/pages"}],"about":[{"href":"https:\/\/itr.ufrrj.br\/portal\/wp-json\/wp\/v2\/types\/page"}],"author":[{"embeddable":true,"href":"https:\/\/itr.ufrrj.br\/portal\/wp-json\/wp\/v2\/users\/1"}],"replies":[{"embeddable":true,"href":"https:\/\/itr.ufrrj.br\/portal\/wp-json\/wp\/v2\/comments?post=112"}],"version-history":[{"count":5,"href":"https:\/\/itr.ufrrj.br\/portal\/wp-json\/wp\/v2\/pages\/112\/revisions"}],"predecessor-version":[{"id":10080,"href":"https:\/\/itr.ufrrj.br\/portal\/wp-json\/wp\/v2\/pages\/112\/revisions\/10080"}],"up":[{"embeddable":true,"href":"https:\/\/itr.ufrrj.br\/portal\/wp-json\/wp\/v2\/pages\/5465"}],"wp:attachment":[{"href":"https:\/\/itr.ufrrj.br\/portal\/wp-json\/wp\/v2\/media?parent=112"}],"curies":[{"name":"wp","href":"https:\/\/api.w.org\/{rel}","templated":true}]}}