{"id":10741,"date":"2020-06-04T14:38:24","date_gmt":"2020-06-04T17:38:24","guid":{"rendered":"https:\/\/itr.ufrrj.br\/portal\/?page_id=10741"},"modified":"2020-09-17T14:55:44","modified_gmt":"2020-09-17T17:55:44","slug":"grupo-de-pesquisa-processo-civil-e-desenvolvimento","status":"publish","type":"page","link":"https:\/\/itr.ufrrj.br\/portal\/pos-graduacao\/direito-processual-contemporaneo\/grupo-de-pesquisa-processo-civil-e-desenvolvimento\/","title":{"rendered":"Grupo de Pesquisa Processo Civil e Desenvolvimento"},"content":{"rendered":"\n<p class=\"has-text-align-left\">O Grupo de Pesquisa \u201cProcesso Civil e Desenvolvimento\u201d, liderado pelo Prof. P\u00f3s-Doutor Ant\u00f4nio Pereira Gaio J\u00fanior (UFRRJ) se insere no campo das Ci\u00eancias Sociais Aplicadas objetivando a investiga\u00e7\u00e3o cr\u00edtica acerca da Ci\u00eancia Jur\u00eddica frente \u00e0 uma sociedade heterog\u00eanea em valores e interesses, cujo papel regulador deve ser avan\u00e7ado, vetorizando o comportamento social e a aplicabilidade da norma jur\u00eddica para a melhoria da qualidade de vida, tendo o Processo &#8211; instrumento democr\u00e1tico, pol\u00edtico, ideol\u00f3gico, social e jur\u00eddico &#8211; relevante exerc\u00edcio pragm\u00e1tico em tais circunst\u00e2ncias, garantidor de um Processo Justo e da satisfa\u00e7\u00e3o efetiva das pretens\u00f5es resistidas em circunst\u00e2ncias endo e extrajudiciais, propulsionador de poss\u00edvel qualificado Desenvolvimento socioecon\u00f4mico do pa\u00eds, seja no tocante \u00e0 repercuss\u00e3o de uma confian\u00e7a do jurisdicionado no Servi\u00e7o P\u00fablico da Justi\u00e7a, seja na cren\u00e7a pela seguran\u00e7a jur\u00eddica das rela\u00e7\u00f5es sociais, fator facilitador, inclusive, \u00e0 cria\u00e7\u00e3o de ambiente prop\u00edcio ao investimento em territ\u00f3rio p\u00e1trio.<\/p>\n\n\n\n<p><strong>Composi\u00e7\u00e3o: <\/strong><br>Formado por Alunos, Egressos e Professores da Universidade Federal Rural do Rio de Janeiro, dentre Graduados, P\u00f3s-Graduados, Mestres e Doutores.<\/p>\n\n\n\n<p><strong>Endere\u00e7o no Diret\u00f3rio de Grupo de Pesquisa do CNPq:<\/strong><br><a href=\"http:\/\/dgp.cnpq.br\/dgp\/espelhogrupo\/7829387861773011\">http:\/\/dgp.cnpq.br\/dgp\/espelhogrupo\/7829387861773011<\/a><\/p>\n","protected":false},"excerpt":{"rendered":"<p>O Grupo de Pesquisa \u201cProcesso Civil e Desenvolvimento\u201d, liderado pelo Prof. P\u00f3s-Doutor Ant\u00f4nio Pereira Gaio J\u00fanior (UFRRJ) se insere no campo das Ci\u00eancias Sociais Aplicadas objetivando a investiga\u00e7\u00e3o cr\u00edtica acerca [&hellip;]<\/p>\n","protected":false},"author":4,"featured_media":0,"parent":10717,"menu_order":0,"comment_status":"closed","ping_status":"closed","template":"page-cursos.php","meta":{"_acf_changed":false,"editor_plus_copied_stylings":"{}","footnotes":""},"class_list":["post-10741","page","type-page","status-publish","hentry"],"acf":[],"yoast_head":"<!-- This site is optimized with the Yoast SEO plugin v27.4 - https:\/\/yoast.com\/product\/yoast-seo-wordpress\/ -->\n<title>Grupo de Pesquisa Processo Civil e Desenvolvimento - Campus Tr\u00eas Rios | UFRRJ<\/title>\n<meta name=\"robots\" content=\"index, follow, max-snippet:-1, max-image-preview:large, max-video-preview:-1\" \/>\n<link rel=\"canonical\" href=\"https:\/\/itr.ufrrj.br\/portal\/pos-graduacao\/direito-processual-contemporaneo\/grupo-de-pesquisa-processo-civil-e-desenvolvimento\/\" \/>\n<meta property=\"og:locale\" content=\"pt_BR\" \/>\n<meta property=\"og:type\" content=\"article\" \/>\n<meta property=\"og:title\" content=\"Grupo de Pesquisa Processo Civil e Desenvolvimento - Campus Tr\u00eas Rios | UFRRJ\" \/>\n<meta property=\"og:description\" content=\"O Grupo de Pesquisa \u201cProcesso Civil e Desenvolvimento\u201d, liderado pelo Prof. P\u00f3s-Doutor Ant\u00f4nio Pereira Gaio J\u00fanior (UFRRJ) se insere no campo das Ci\u00eancias Sociais Aplicadas objetivando a investiga\u00e7\u00e3o cr\u00edtica acerca [&hellip;]\" \/>\n<meta property=\"og:url\" content=\"https:\/\/itr.ufrrj.br\/portal\/pos-graduacao\/direito-processual-contemporaneo\/grupo-de-pesquisa-processo-civil-e-desenvolvimento\/\" \/>\n<meta property=\"og:site_name\" content=\"Campus Tr\u00eas Rios | UFRRJ\" \/>\n<meta property=\"article:publisher\" content=\"https:\/\/www.facebook.com\/itr.ufrrj\" \/>\n<meta property=\"article:modified_time\" content=\"2020-09-17T17:55:44+00:00\" \/>\n<meta name=\"twitter:card\" content=\"summary_large_image\" \/>\n<meta name=\"twitter:label1\" content=\"Est. tempo de leitura\" \/>\n\t<meta name=\"twitter:data1\" content=\"1 minuto\" \/>\n<script type=\"application\/ld+json\" class=\"yoast-schema-graph\">{\"@context\":\"https:\\\/\\\/schema.org\",\"@graph\":[{\"@type\":\"WebPage\",\"@id\":\"https:\\\/\\\/itr.ufrrj.br\\\/portal\\\/pos-graduacao\\\/direito-processual-contemporaneo\\\/grupo-de-pesquisa-processo-civil-e-desenvolvimento\\\/\",\"url\":\"https:\\\/\\\/itr.ufrrj.br\\\/portal\\\/pos-graduacao\\\/direito-processual-contemporaneo\\\/grupo-de-pesquisa-processo-civil-e-desenvolvimento\\\/\",\"name\":\"Grupo de Pesquisa Processo Civil e Desenvolvimento - Campus Tr\u00eas Rios | UFRRJ\",\"isPartOf\":{\"@id\":\"https:\\\/\\\/itr.ufrrj.br\\\/portal\\\/#website\"},\"datePublished\":\"2020-06-04T17:38:24+00:00\",\"dateModified\":\"2020-09-17T17:55:44+00:00\",\"breadcrumb\":{\"@id\":\"https:\\\/\\\/itr.ufrrj.br\\\/portal\\\/pos-graduacao\\\/direito-processual-contemporaneo\\\/grupo-de-pesquisa-processo-civil-e-desenvolvimento\\\/#breadcrumb\"},\"inLanguage\":\"pt-BR\",\"potentialAction\":[{\"@type\":\"ReadAction\",\"target\":[\"https:\\\/\\\/itr.ufrrj.br\\\/portal\\\/pos-graduacao\\\/direito-processual-contemporaneo\\\/grupo-de-pesquisa-processo-civil-e-desenvolvimento\\\/\"]}]},{\"@type\":\"BreadcrumbList\",\"@id\":\"https:\\\/\\\/itr.ufrrj.br\\\/portal\\\/pos-graduacao\\\/direito-processual-contemporaneo\\\/grupo-de-pesquisa-processo-civil-e-desenvolvimento\\\/#breadcrumb\",\"itemListElement\":[{\"@type\":\"ListItem\",\"position\":1,\"name\":\"In\u00edcio\",\"item\":\"https:\\\/\\\/itr.ufrrj.br\\\/portal\\\/\"},{\"@type\":\"ListItem\",\"position\":2,\"name\":\"P\u00f3s-Gradua\u00e7\u00e3o\",\"item\":\"https:\\\/\\\/itr.ufrrj.br\\\/portal\\\/pos-graduacao\\\/\"},{\"@type\":\"ListItem\",\"position\":3,\"name\":\"Direito Processual Contempor\u00e2neo\",\"item\":\"https:\\\/\\\/itr.ufrrj.br\\\/portal\\\/pos-graduacao\\\/direito-processual-contemporaneo\\\/\"},{\"@type\":\"ListItem\",\"position\":4,\"name\":\"Grupo de Pesquisa Processo Civil e Desenvolvimento\"}]},{\"@type\":\"WebSite\",\"@id\":\"https:\\\/\\\/itr.ufrrj.br\\\/portal\\\/#website\",\"url\":\"https:\\\/\\\/itr.ufrrj.br\\\/portal\\\/\",\"name\":\"Campus Tr\u00eas Rios | UFRRJ\",\"description\":\"Localizado na cidade de Tr\u00eas Rios - RJ\",\"publisher\":{\"@id\":\"https:\\\/\\\/itr.ufrrj.br\\\/portal\\\/#organization\"},\"potentialAction\":[{\"@type\":\"SearchAction\",\"target\":{\"@type\":\"EntryPoint\",\"urlTemplate\":\"https:\\\/\\\/itr.ufrrj.br\\\/portal\\\/?s={search_term_string}\"},\"query-input\":{\"@type\":\"PropertyValueSpecification\",\"valueRequired\":true,\"valueName\":\"search_term_string\"}}],\"inLanguage\":\"pt-BR\"},{\"@type\":\"Organization\",\"@id\":\"https:\\\/\\\/itr.ufrrj.br\\\/portal\\\/#organization\",\"name\":\"Instituto Tr\u00eas Rios\\\/UFRRJ\",\"url\":\"https:\\\/\\\/itr.ufrrj.br\\\/portal\\\/\",\"logo\":{\"@type\":\"ImageObject\",\"inLanguage\":\"pt-BR\",\"@id\":\"https:\\\/\\\/itr.ufrrj.br\\\/portal\\\/#\\\/schema\\\/logo\\\/image\\\/\",\"url\":\"https:\\\/\\\/itr.ufrrj.br\\\/portal\\\/wp-content\\\/uploads\\\/2020\\\/04\\\/logo-institutotresrios-ufrrj.png\",\"contentUrl\":\"https:\\\/\\\/itr.ufrrj.br\\\/portal\\\/wp-content\\\/uploads\\\/2020\\\/04\\\/logo-institutotresrios-ufrrj.png\",\"width\":1067,\"height\":240,\"caption\":\"Instituto Tr\u00eas Rios\\\/UFRRJ\"},\"image\":{\"@id\":\"https:\\\/\\\/itr.ufrrj.br\\\/portal\\\/#\\\/schema\\\/logo\\\/image\\\/\"},\"sameAs\":[\"https:\\\/\\\/www.facebook.com\\\/itr.ufrrj\"]}]}<\/script>\n<!-- \/ Yoast SEO plugin. -->","yoast_head_json":{"title":"Grupo de Pesquisa Processo Civil e Desenvolvimento - Campus Tr\u00eas Rios | UFRRJ","robots":{"index":"index","follow":"follow","max-snippet":"max-snippet:-1","max-image-preview":"max-image-preview:large","max-video-preview":"max-video-preview:-1"},"canonical":"https:\/\/itr.ufrrj.br\/portal\/pos-graduacao\/direito-processual-contemporaneo\/grupo-de-pesquisa-processo-civil-e-desenvolvimento\/","og_locale":"pt_BR","og_type":"article","og_title":"Grupo de Pesquisa Processo Civil e Desenvolvimento - Campus Tr\u00eas Rios | UFRRJ","og_description":"O Grupo de Pesquisa \u201cProcesso Civil e Desenvolvimento\u201d, liderado pelo Prof. P\u00f3s-Doutor Ant\u00f4nio Pereira Gaio J\u00fanior (UFRRJ) se insere no campo das Ci\u00eancias Sociais Aplicadas objetivando a investiga\u00e7\u00e3o cr\u00edtica acerca [&hellip;]","og_url":"https:\/\/itr.ufrrj.br\/portal\/pos-graduacao\/direito-processual-contemporaneo\/grupo-de-pesquisa-processo-civil-e-desenvolvimento\/","og_site_name":"Campus Tr\u00eas Rios | UFRRJ","article_publisher":"https:\/\/www.facebook.com\/itr.ufrrj","article_modified_time":"2020-09-17T17:55:44+00:00","twitter_card":"summary_large_image","twitter_misc":{"Est. tempo de leitura":"1 minuto"},"schema":{"@context":"https:\/\/schema.org","@graph":[{"@type":"WebPage","@id":"https:\/\/itr.ufrrj.br\/portal\/pos-graduacao\/direito-processual-contemporaneo\/grupo-de-pesquisa-processo-civil-e-desenvolvimento\/","url":"https:\/\/itr.ufrrj.br\/portal\/pos-graduacao\/direito-processual-contemporaneo\/grupo-de-pesquisa-processo-civil-e-desenvolvimento\/","name":"Grupo de Pesquisa Processo Civil e Desenvolvimento - Campus Tr\u00eas Rios | UFRRJ","isPartOf":{"@id":"https:\/\/itr.ufrrj.br\/portal\/#website"},"datePublished":"2020-06-04T17:38:24+00:00","dateModified":"2020-09-17T17:55:44+00:00","breadcrumb":{"@id":"https:\/\/itr.ufrrj.br\/portal\/pos-graduacao\/direito-processual-contemporaneo\/grupo-de-pesquisa-processo-civil-e-desenvolvimento\/#breadcrumb"},"inLanguage":"pt-BR","potentialAction":[{"@type":"ReadAction","target":["https:\/\/itr.ufrrj.br\/portal\/pos-graduacao\/direito-processual-contemporaneo\/grupo-de-pesquisa-processo-civil-e-desenvolvimento\/"]}]},{"@type":"BreadcrumbList","@id":"https:\/\/itr.ufrrj.br\/portal\/pos-graduacao\/direito-processual-contemporaneo\/grupo-de-pesquisa-processo-civil-e-desenvolvimento\/#breadcrumb","itemListElement":[{"@type":"ListItem","position":1,"name":"In\u00edcio","item":"https:\/\/itr.ufrrj.br\/portal\/"},{"@type":"ListItem","position":2,"name":"P\u00f3s-Gradua\u00e7\u00e3o","item":"https:\/\/itr.ufrrj.br\/portal\/pos-graduacao\/"},{"@type":"ListItem","position":3,"name":"Direito Processual Contempor\u00e2neo","item":"https:\/\/itr.ufrrj.br\/portal\/pos-graduacao\/direito-processual-contemporaneo\/"},{"@type":"ListItem","position":4,"name":"Grupo de Pesquisa Processo Civil e Desenvolvimento"}]},{"@type":"WebSite","@id":"https:\/\/itr.ufrrj.br\/portal\/#website","url":"https:\/\/itr.ufrrj.br\/portal\/","name":"Campus Tr\u00eas Rios | UFRRJ","description":"Localizado na cidade de Tr\u00eas Rios - RJ","publisher":{"@id":"https:\/\/itr.ufrrj.br\/portal\/#organization"},"potentialAction":[{"@type":"SearchAction","target":{"@type":"EntryPoint","urlTemplate":"https:\/\/itr.ufrrj.br\/portal\/?s={search_term_string}"},"query-input":{"@type":"PropertyValueSpecification","valueRequired":true,"valueName":"search_term_string"}}],"inLanguage":"pt-BR"},{"@type":"Organization","@id":"https:\/\/itr.ufrrj.br\/portal\/#organization","name":"Instituto Tr\u00eas Rios\/UFRRJ","url":"https:\/\/itr.ufrrj.br\/portal\/","logo":{"@type":"ImageObject","inLanguage":"pt-BR","@id":"https:\/\/itr.ufrrj.br\/portal\/#\/schema\/logo\/image\/","url":"https:\/\/itr.ufrrj.br\/portal\/wp-content\/uploads\/2020\/04\/logo-institutotresrios-ufrrj.png","contentUrl":"https:\/\/itr.ufrrj.br\/portal\/wp-content\/uploads\/2020\/04\/logo-institutotresrios-ufrrj.png","width":1067,"height":240,"caption":"Instituto Tr\u00eas Rios\/UFRRJ"},"image":{"@id":"https:\/\/itr.ufrrj.br\/portal\/#\/schema\/logo\/image\/"},"sameAs":["https:\/\/www.facebook.com\/itr.ufrrj"]}]}},"jetpack_sharing_enabled":true,"amp_enabled":false,"_links":{"self":[{"href":"https:\/\/itr.ufrrj.br\/portal\/wp-json\/wp\/v2\/pages\/10741","targetHints":{"allow":["GET"]}}],"collection":[{"href":"https:\/\/itr.ufrrj.br\/portal\/wp-json\/wp\/v2\/pages"}],"about":[{"href":"https:\/\/itr.ufrrj.br\/portal\/wp-json\/wp\/v2\/types\/page"}],"author":[{"embeddable":true,"href":"https:\/\/itr.ufrrj.br\/portal\/wp-json\/wp\/v2\/users\/4"}],"replies":[{"embeddable":true,"href":"https:\/\/itr.ufrrj.br\/portal\/wp-json\/wp\/v2\/comments?post=10741"}],"version-history":[{"count":4,"href":"https:\/\/itr.ufrrj.br\/portal\/wp-json\/wp\/v2\/pages\/10741\/revisions"}],"predecessor-version":[{"id":11160,"href":"https:\/\/itr.ufrrj.br\/portal\/wp-json\/wp\/v2\/pages\/10741\/revisions\/11160"}],"up":[{"embeddable":true,"href":"https:\/\/itr.ufrrj.br\/portal\/wp-json\/wp\/v2\/pages\/10717"}],"wp:attachment":[{"href":"https:\/\/itr.ufrrj.br\/portal\/wp-json\/wp\/v2\/media?parent=10741"}],"curies":[{"name":"wp","href":"https:\/\/api.w.org\/{rel}","templated":true}]}}