{"id":10739,"date":"2020-06-04T14:37:12","date_gmt":"2020-06-04T17:37:12","guid":{"rendered":"https:\/\/itr.ufrrj.br\/portal\/?page_id=10739"},"modified":"2021-05-20T10:43:28","modified_gmt":"2021-05-20T13:43:28","slug":"revista-direito-sociedade-e-desenvolvimento","status":"publish","type":"page","link":"https:\/\/itr.ufrrj.br\/portal\/pos-graduacao\/direito-processual-contemporaneo\/revista-direito-sociedade-e-desenvolvimento\/","title":{"rendered":"Revista Direito Sociedade e Desenvolvimento"},"content":{"rendered":"\n<p>Acesse a p\u00e1gina da nossa revista:<br><a href=\"https:\/\/rejur.ufrrj.br\/ojs\/index.php\/rejur\">https:\/\/rejur.ufrrj.br\/ojs\/index.php\/rejur<\/a><\/p>\n","protected":false},"excerpt":{"rendered":"<p>Acesse a p\u00e1gina da nossa revista:https:\/\/rejur.ufrrj.br\/ojs\/index.php\/rejur<\/p>\n","protected":false},"author":4,"featured_media":0,"parent":10717,"menu_order":0,"comment_status":"closed","ping_status":"closed","template":"page-cursos.php","meta":{"_acf_changed":false,"editor_plus_copied_stylings":"{}","footnotes":""},"class_list":["post-10739","page","type-page","status-publish","hentry"],"acf":[],"yoast_head":"<!-- This site is optimized with the Yoast SEO plugin v27.4 - https:\/\/yoast.com\/product\/yoast-seo-wordpress\/ -->\n<title>Revista Direito Sociedade e Desenvolvimento - Campus Tr\u00eas Rios | UFRRJ<\/title>\n<meta name=\"robots\" content=\"index, follow, max-snippet:-1, max-image-preview:large, max-video-preview:-1\" \/>\n<link rel=\"canonical\" href=\"https:\/\/itr.ufrrj.br\/portal\/pos-graduacao\/direito-processual-contemporaneo\/revista-direito-sociedade-e-desenvolvimento\/\" \/>\n<meta property=\"og:locale\" content=\"pt_BR\" \/>\n<meta property=\"og:type\" content=\"article\" \/>\n<meta property=\"og:title\" content=\"Revista Direito Sociedade e Desenvolvimento - Campus Tr\u00eas Rios | UFRRJ\" \/>\n<meta property=\"og:description\" content=\"Acesse a p\u00e1gina da nossa revista:https:\/\/rejur.ufrrj.br\/ojs\/index.php\/rejur\" \/>\n<meta property=\"og:url\" content=\"https:\/\/itr.ufrrj.br\/portal\/pos-graduacao\/direito-processual-contemporaneo\/revista-direito-sociedade-e-desenvolvimento\/\" \/>\n<meta property=\"og:site_name\" content=\"Campus Tr\u00eas Rios | UFRRJ\" \/>\n<meta property=\"article:publisher\" content=\"https:\/\/www.facebook.com\/itr.ufrrj\" \/>\n<meta property=\"article:modified_time\" content=\"2021-05-20T13:43:28+00:00\" \/>\n<meta name=\"twitter:card\" content=\"summary_large_image\" \/>\n<meta name=\"twitter:label1\" content=\"Est. tempo de leitura\" \/>\n\t<meta name=\"twitter:data1\" content=\"1 minuto\" \/>\n<script type=\"application\/ld+json\" class=\"yoast-schema-graph\">{\"@context\":\"https:\\\/\\\/schema.org\",\"@graph\":[{\"@type\":\"WebPage\",\"@id\":\"https:\\\/\\\/itr.ufrrj.br\\\/portal\\\/pos-graduacao\\\/direito-processual-contemporaneo\\\/revista-direito-sociedade-e-desenvolvimento\\\/\",\"url\":\"https:\\\/\\\/itr.ufrrj.br\\\/portal\\\/pos-graduacao\\\/direito-processual-contemporaneo\\\/revista-direito-sociedade-e-desenvolvimento\\\/\",\"name\":\"Revista Direito Sociedade e Desenvolvimento - Campus Tr\u00eas Rios | UFRRJ\",\"isPartOf\":{\"@id\":\"https:\\\/\\\/itr.ufrrj.br\\\/portal\\\/#website\"},\"datePublished\":\"2020-06-04T17:37:12+00:00\",\"dateModified\":\"2021-05-20T13:43:28+00:00\",\"breadcrumb\":{\"@id\":\"https:\\\/\\\/itr.ufrrj.br\\\/portal\\\/pos-graduacao\\\/direito-processual-contemporaneo\\\/revista-direito-sociedade-e-desenvolvimento\\\/#breadcrumb\"},\"inLanguage\":\"pt-BR\",\"potentialAction\":[{\"@type\":\"ReadAction\",\"target\":[\"https:\\\/\\\/itr.ufrrj.br\\\/portal\\\/pos-graduacao\\\/direito-processual-contemporaneo\\\/revista-direito-sociedade-e-desenvolvimento\\\/\"]}]},{\"@type\":\"BreadcrumbList\",\"@id\":\"https:\\\/\\\/itr.ufrrj.br\\\/portal\\\/pos-graduacao\\\/direito-processual-contemporaneo\\\/revista-direito-sociedade-e-desenvolvimento\\\/#breadcrumb\",\"itemListElement\":[{\"@type\":\"ListItem\",\"position\":1,\"name\":\"In\u00edcio\",\"item\":\"https:\\\/\\\/itr.ufrrj.br\\\/portal\\\/\"},{\"@type\":\"ListItem\",\"position\":2,\"name\":\"P\u00f3s-Gradua\u00e7\u00e3o\",\"item\":\"https:\\\/\\\/itr.ufrrj.br\\\/portal\\\/pos-graduacao\\\/\"},{\"@type\":\"ListItem\",\"position\":3,\"name\":\"Direito Processual Contempor\u00e2neo\",\"item\":\"https:\\\/\\\/itr.ufrrj.br\\\/portal\\\/pos-graduacao\\\/direito-processual-contemporaneo\\\/\"},{\"@type\":\"ListItem\",\"position\":4,\"name\":\"Revista Direito Sociedade e Desenvolvimento\"}]},{\"@type\":\"WebSite\",\"@id\":\"https:\\\/\\\/itr.ufrrj.br\\\/portal\\\/#website\",\"url\":\"https:\\\/\\\/itr.ufrrj.br\\\/portal\\\/\",\"name\":\"Campus Tr\u00eas Rios | UFRRJ\",\"description\":\"Localizado na cidade de Tr\u00eas Rios - RJ\",\"publisher\":{\"@id\":\"https:\\\/\\\/itr.ufrrj.br\\\/portal\\\/#organization\"},\"potentialAction\":[{\"@type\":\"SearchAction\",\"target\":{\"@type\":\"EntryPoint\",\"urlTemplate\":\"https:\\\/\\\/itr.ufrrj.br\\\/portal\\\/?s={search_term_string}\"},\"query-input\":{\"@type\":\"PropertyValueSpecification\",\"valueRequired\":true,\"valueName\":\"search_term_string\"}}],\"inLanguage\":\"pt-BR\"},{\"@type\":\"Organization\",\"@id\":\"https:\\\/\\\/itr.ufrrj.br\\\/portal\\\/#organization\",\"name\":\"Instituto Tr\u00eas Rios\\\/UFRRJ\",\"url\":\"https:\\\/\\\/itr.ufrrj.br\\\/portal\\\/\",\"logo\":{\"@type\":\"ImageObject\",\"inLanguage\":\"pt-BR\",\"@id\":\"https:\\\/\\\/itr.ufrrj.br\\\/portal\\\/#\\\/schema\\\/logo\\\/image\\\/\",\"url\":\"https:\\\/\\\/itr.ufrrj.br\\\/portal\\\/wp-content\\\/uploads\\\/2020\\\/04\\\/logo-institutotresrios-ufrrj.png\",\"contentUrl\":\"https:\\\/\\\/itr.ufrrj.br\\\/portal\\\/wp-content\\\/uploads\\\/2020\\\/04\\\/logo-institutotresrios-ufrrj.png\",\"width\":1067,\"height\":240,\"caption\":\"Instituto Tr\u00eas Rios\\\/UFRRJ\"},\"image\":{\"@id\":\"https:\\\/\\\/itr.ufrrj.br\\\/portal\\\/#\\\/schema\\\/logo\\\/image\\\/\"},\"sameAs\":[\"https:\\\/\\\/www.facebook.com\\\/itr.ufrrj\"]}]}<\/script>\n<!-- \/ Yoast SEO plugin. -->","yoast_head_json":{"title":"Revista Direito Sociedade e Desenvolvimento - Campus Tr\u00eas Rios | UFRRJ","robots":{"index":"index","follow":"follow","max-snippet":"max-snippet:-1","max-image-preview":"max-image-preview:large","max-video-preview":"max-video-preview:-1"},"canonical":"https:\/\/itr.ufrrj.br\/portal\/pos-graduacao\/direito-processual-contemporaneo\/revista-direito-sociedade-e-desenvolvimento\/","og_locale":"pt_BR","og_type":"article","og_title":"Revista Direito Sociedade e Desenvolvimento - Campus Tr\u00eas Rios | UFRRJ","og_description":"Acesse a p\u00e1gina da nossa revista:https:\/\/rejur.ufrrj.br\/ojs\/index.php\/rejur","og_url":"https:\/\/itr.ufrrj.br\/portal\/pos-graduacao\/direito-processual-contemporaneo\/revista-direito-sociedade-e-desenvolvimento\/","og_site_name":"Campus Tr\u00eas Rios | UFRRJ","article_publisher":"https:\/\/www.facebook.com\/itr.ufrrj","article_modified_time":"2021-05-20T13:43:28+00:00","twitter_card":"summary_large_image","twitter_misc":{"Est. tempo de leitura":"1 minuto"},"schema":{"@context":"https:\/\/schema.org","@graph":[{"@type":"WebPage","@id":"https:\/\/itr.ufrrj.br\/portal\/pos-graduacao\/direito-processual-contemporaneo\/revista-direito-sociedade-e-desenvolvimento\/","url":"https:\/\/itr.ufrrj.br\/portal\/pos-graduacao\/direito-processual-contemporaneo\/revista-direito-sociedade-e-desenvolvimento\/","name":"Revista Direito Sociedade e Desenvolvimento - Campus Tr\u00eas Rios | UFRRJ","isPartOf":{"@id":"https:\/\/itr.ufrrj.br\/portal\/#website"},"datePublished":"2020-06-04T17:37:12+00:00","dateModified":"2021-05-20T13:43:28+00:00","breadcrumb":{"@id":"https:\/\/itr.ufrrj.br\/portal\/pos-graduacao\/direito-processual-contemporaneo\/revista-direito-sociedade-e-desenvolvimento\/#breadcrumb"},"inLanguage":"pt-BR","potentialAction":[{"@type":"ReadAction","target":["https:\/\/itr.ufrrj.br\/portal\/pos-graduacao\/direito-processual-contemporaneo\/revista-direito-sociedade-e-desenvolvimento\/"]}]},{"@type":"BreadcrumbList","@id":"https:\/\/itr.ufrrj.br\/portal\/pos-graduacao\/direito-processual-contemporaneo\/revista-direito-sociedade-e-desenvolvimento\/#breadcrumb","itemListElement":[{"@type":"ListItem","position":1,"name":"In\u00edcio","item":"https:\/\/itr.ufrrj.br\/portal\/"},{"@type":"ListItem","position":2,"name":"P\u00f3s-Gradua\u00e7\u00e3o","item":"https:\/\/itr.ufrrj.br\/portal\/pos-graduacao\/"},{"@type":"ListItem","position":3,"name":"Direito Processual Contempor\u00e2neo","item":"https:\/\/itr.ufrrj.br\/portal\/pos-graduacao\/direito-processual-contemporaneo\/"},{"@type":"ListItem","position":4,"name":"Revista Direito Sociedade e Desenvolvimento"}]},{"@type":"WebSite","@id":"https:\/\/itr.ufrrj.br\/portal\/#website","url":"https:\/\/itr.ufrrj.br\/portal\/","name":"Campus Tr\u00eas Rios | UFRRJ","description":"Localizado na cidade de Tr\u00eas Rios - RJ","publisher":{"@id":"https:\/\/itr.ufrrj.br\/portal\/#organization"},"potentialAction":[{"@type":"SearchAction","target":{"@type":"EntryPoint","urlTemplate":"https:\/\/itr.ufrrj.br\/portal\/?s={search_term_string}"},"query-input":{"@type":"PropertyValueSpecification","valueRequired":true,"valueName":"search_term_string"}}],"inLanguage":"pt-BR"},{"@type":"Organization","@id":"https:\/\/itr.ufrrj.br\/portal\/#organization","name":"Instituto Tr\u00eas Rios\/UFRRJ","url":"https:\/\/itr.ufrrj.br\/portal\/","logo":{"@type":"ImageObject","inLanguage":"pt-BR","@id":"https:\/\/itr.ufrrj.br\/portal\/#\/schema\/logo\/image\/","url":"https:\/\/itr.ufrrj.br\/portal\/wp-content\/uploads\/2020\/04\/logo-institutotresrios-ufrrj.png","contentUrl":"https:\/\/itr.ufrrj.br\/portal\/wp-content\/uploads\/2020\/04\/logo-institutotresrios-ufrrj.png","width":1067,"height":240,"caption":"Instituto Tr\u00eas Rios\/UFRRJ"},"image":{"@id":"https:\/\/itr.ufrrj.br\/portal\/#\/schema\/logo\/image\/"},"sameAs":["https:\/\/www.facebook.com\/itr.ufrrj"]}]}},"jetpack_sharing_enabled":true,"amp_enabled":false,"_links":{"self":[{"href":"https:\/\/itr.ufrrj.br\/portal\/wp-json\/wp\/v2\/pages\/10739","targetHints":{"allow":["GET"]}}],"collection":[{"href":"https:\/\/itr.ufrrj.br\/portal\/wp-json\/wp\/v2\/pages"}],"about":[{"href":"https:\/\/itr.ufrrj.br\/portal\/wp-json\/wp\/v2\/types\/page"}],"author":[{"embeddable":true,"href":"https:\/\/itr.ufrrj.br\/portal\/wp-json\/wp\/v2\/users\/4"}],"replies":[{"embeddable":true,"href":"https:\/\/itr.ufrrj.br\/portal\/wp-json\/wp\/v2\/comments?post=10739"}],"version-history":[{"count":3,"href":"https:\/\/itr.ufrrj.br\/portal\/wp-json\/wp\/v2\/pages\/10739\/revisions"}],"predecessor-version":[{"id":11860,"href":"https:\/\/itr.ufrrj.br\/portal\/wp-json\/wp\/v2\/pages\/10739\/revisions\/11860"}],"up":[{"embeddable":true,"href":"https:\/\/itr.ufrrj.br\/portal\/wp-json\/wp\/v2\/pages\/10717"}],"wp:attachment":[{"href":"https:\/\/itr.ufrrj.br\/portal\/wp-json\/wp\/v2\/media?parent=10739"}],"curies":[{"name":"wp","href":"https:\/\/api.w.org\/{rel}","templated":true}]}}