{"id":10729,"date":"2020-06-04T14:32:40","date_gmt":"2020-06-04T17:32:40","guid":{"rendered":"https:\/\/itr.ufrrj.br\/portal\/?page_id=10729"},"modified":"2020-06-04T15:36:17","modified_gmt":"2020-06-04T18:36:17","slug":"coordenacao","status":"publish","type":"page","link":"https:\/\/itr.ufrrj.br\/portal\/pos-graduacao\/direito-processual-contemporaneo\/coordenacao\/","title":{"rendered":"Coordena\u00e7\u00e3o"},"content":{"rendered":"\n<div class=\"wp-block-media-text alignwide is-stacked-on-mobile is-image-fill\" style=\"grid-template-columns:28% auto\"><figure class=\"wp-block-media-text__media\" style=\"background-image:url(https:\/\/itr.ufrrj.br\/portal\/wp-content\/uploads\/2016\/10\/ddhl-antoniogaio-682x1024.jpg);background-position:45% 10%\"><img loading=\"lazy\" decoding=\"async\" width=\"682\" height=\"1024\" src=\"https:\/\/itr.ufrrj.br\/portal\/wp-content\/uploads\/2016\/10\/ddhl-antoniogaio-682x1024.jpg\" alt=\"Antonio Gaio - DDHL - ITR - UFRRJ\" class=\"wp-image-4668\" srcset=\"https:\/\/itr.ufrrj.br\/portal\/wp-content\/uploads\/2016\/10\/ddhl-antoniogaio-682x1024.jpg 682w, https:\/\/itr.ufrrj.br\/portal\/wp-content\/uploads\/2016\/10\/ddhl-antoniogaio-200x300.jpg 200w, https:\/\/itr.ufrrj.br\/portal\/wp-content\/uploads\/2016\/10\/ddhl-antoniogaio-768x1154.jpg 768w, https:\/\/itr.ufrrj.br\/portal\/wp-content\/uploads\/2016\/10\/ddhl-antoniogaio-250x376.jpg 250w\" sizes=\"auto, (max-width: 682px) 100vw, 682px\" \/><\/figure><div class=\"wp-block-media-text__content\">\n<h3 class=\"wp-block-heading\">Coordenador<\/h3>\n\n\n\n<p class=\"has-normal-font-size\">Prof. P\u00f3s-Doutor Ant\u00f4nio Pereira Gaio J\u00fanior (UFRRJ)<\/p>\n\n\n\n<p><\/p>\n<\/div><\/div>\n\n\n\n<div style=\"height:50px\" aria-hidden=\"true\" class=\"wp-block-spacer\"><\/div>\n\n\n\n<div class=\"wp-block-media-text alignwide is-stacked-on-mobile is-image-fill\" style=\"grid-template-columns:29% auto\"><figure class=\"wp-block-media-text__media\" style=\"background-image:url(https:\/\/itr.ufrrj.br\/portal\/wp-content\/uploads\/2016\/10\/ddhl-JU\u0301LIA-GOMES-PEREIRA-MAURMO.jpg);background-position:36% 9%\"><img loading=\"lazy\" decoding=\"async\" width=\"362\" height=\"500\" src=\"https:\/\/itr.ufrrj.br\/portal\/wp-content\/uploads\/2016\/10\/ddhl-JU\u0301LIA-GOMES-PEREIRA-MAURMO.jpg\" alt=\"\" class=\"wp-image-4696\" srcset=\"https:\/\/itr.ufrrj.br\/portal\/wp-content\/uploads\/2016\/10\/ddhl-JU\u0301LIA-GOMES-PEREIRA-MAURMO.jpg 362w, https:\/\/itr.ufrrj.br\/portal\/wp-content\/uploads\/2016\/10\/ddhl-JU\u0301LIA-GOMES-PEREIRA-MAURMO-217x300.jpg 217w, https:\/\/itr.ufrrj.br\/portal\/wp-content\/uploads\/2016\/10\/ddhl-JU\u0301LIA-GOMES-PEREIRA-MAURMO-250x345.jpg 250w\" sizes=\"auto, (max-width: 362px) 100vw, 362px\" \/><\/figure><div class=\"wp-block-media-text__content\">\n<h3 class=\"wp-block-heading\">Vice-coordenadora<\/h3>\n\n\n\n<p class=\"has-normal-font-size\">Profa. Doutora J\u00falia Gomes Pereira Maurmo (UFRRJ)<\/p>\n\n\n\n<p><\/p>\n<\/div><\/div>\n\n\n\n<div style=\"height:59px\" aria-hidden=\"true\" class=\"wp-block-spacer\"><\/div>\n\n\n\n<div class=\"wp-block-media-text alignwide is-stacked-on-mobile is-image-fill\" style=\"grid-template-columns:29% auto\"><figure class=\"wp-block-media-text__media\" style=\"background-image:url(https:\/\/itr.ufrrj.br\/portal\/wp-content\/uploads\/2016\/10\/ddhl-KLEVER-PAULO-LEAL-FILPO.jpg);background-position:51% 28.999999999999996%\"><img loading=\"lazy\" decoding=\"async\" width=\"616\" height=\"704\" src=\"https:\/\/itr.ufrrj.br\/portal\/wp-content\/uploads\/2016\/10\/ddhl-KLEVER-PAULO-LEAL-FILPO.jpg\" alt=\"\" class=\"wp-image-4705\" srcset=\"https:\/\/itr.ufrrj.br\/portal\/wp-content\/uploads\/2016\/10\/ddhl-KLEVER-PAULO-LEAL-FILPO.jpg 616w, https:\/\/itr.ufrrj.br\/portal\/wp-content\/uploads\/2016\/10\/ddhl-KLEVER-PAULO-LEAL-FILPO-263x300.jpg 263w, https:\/\/itr.ufrrj.br\/portal\/wp-content\/uploads\/2016\/10\/ddhl-KLEVER-PAULO-LEAL-FILPO-250x286.jpg 250w\" sizes=\"auto, (max-width: 616px) 100vw, 616px\" \/><\/figure><div class=\"wp-block-media-text__content\">\n<h3 class=\"wp-block-heading\">Vice-coordenador Adjunto<\/h3>\n\n\n\n<p class=\"has-normal-font-size\">Prof. Doutor Klever Paulo Leal Filpo (UFRRJ)<\/p>\n\n\n\n<p><\/p>\n<\/div><\/div>\n\n\n\n<div style=\"height:50px\" aria-hidden=\"true\" class=\"wp-block-spacer\"><\/div>\n\n\n\n<div class=\"wp-block-media-text alignwide is-stacked-on-mobile is-image-fill\" style=\"grid-template-columns:29% auto\"><figure class=\"wp-block-media-text__media\" style=\"background-image:url(https:\/\/itr.ufrrj.br\/portal\/wp-content\/uploads\/2020\/06\/Jorge-Baptista-Canavez-Junior-767x1024.jpg);background-position:50% 50%\"><img loading=\"lazy\" decoding=\"async\" width=\"767\" height=\"1024\" src=\"https:\/\/itr.ufrrj.br\/portal\/wp-content\/uploads\/2020\/06\/Jorge-Baptista-Canavez-Junior-767x1024.jpg\" alt=\"\" class=\"wp-image-10773\" srcset=\"https:\/\/itr.ufrrj.br\/portal\/wp-content\/uploads\/2020\/06\/Jorge-Baptista-Canavez-Junior-767x1024.jpg 767w, https:\/\/itr.ufrrj.br\/portal\/wp-content\/uploads\/2020\/06\/Jorge-Baptista-Canavez-Junior-225x300.jpg 225w, https:\/\/itr.ufrrj.br\/portal\/wp-content\/uploads\/2020\/06\/Jorge-Baptista-Canavez-Junior-768x1025.jpg 768w, https:\/\/itr.ufrrj.br\/portal\/wp-content\/uploads\/2020\/06\/Jorge-Baptista-Canavez-Junior.jpg 959w\" sizes=\"auto, (max-width: 767px) 100vw, 767px\" \/><\/figure><div class=\"wp-block-media-text__content\">\n<h3 class=\"wp-block-heading\">Secret\u00e1rio<\/h3>\n\n\n\n<p class=\"has-normal-font-size\">Mestre Jorge Baptista Canavez J\u00fanior<\/p>\n\n\n\n<p><\/p>\n<\/div><\/div>\n","protected":false},"excerpt":{"rendered":"<p>Coordenador Prof. P\u00f3s-Doutor Ant\u00f4nio Pereira Gaio J\u00fanior (UFRRJ) Vice-coordenadora Profa. Doutora J\u00falia Gomes Pereira Maurmo (UFRRJ) Vice-coordenador Adjunto Prof. Doutor Klever Paulo Leal Filpo (UFRRJ) Secret\u00e1rio Mestre Jorge Baptista Canavez [&hellip;]<\/p>\n","protected":false},"author":4,"featured_media":0,"parent":10717,"menu_order":0,"comment_status":"closed","ping_status":"closed","template":"page-cursos.php","meta":{"_acf_changed":false,"editor_plus_copied_stylings":"{}","footnotes":""},"class_list":["post-10729","page","type-page","status-publish","hentry"],"acf":[],"yoast_head":"<!-- This site is optimized with the Yoast SEO plugin v27.4 - https:\/\/yoast.com\/product\/yoast-seo-wordpress\/ -->\n<title>Coordena\u00e7\u00e3o - Campus Tr\u00eas Rios | UFRRJ<\/title>\n<meta name=\"robots\" content=\"index, follow, max-snippet:-1, max-image-preview:large, max-video-preview:-1\" \/>\n<link rel=\"canonical\" href=\"https:\/\/itr.ufrrj.br\/portal\/pos-graduacao\/direito-processual-contemporaneo\/coordenacao\/\" \/>\n<meta property=\"og:locale\" content=\"pt_BR\" \/>\n<meta property=\"og:type\" content=\"article\" \/>\n<meta property=\"og:title\" content=\"Coordena\u00e7\u00e3o - Campus Tr\u00eas Rios | UFRRJ\" \/>\n<meta property=\"og:description\" content=\"Coordenador Prof. P\u00f3s-Doutor Ant\u00f4nio Pereira Gaio J\u00fanior (UFRRJ) Vice-coordenadora Profa. Doutora J\u00falia Gomes Pereira Maurmo (UFRRJ) Vice-coordenador Adjunto Prof. Doutor Klever Paulo Leal Filpo (UFRRJ) Secret\u00e1rio Mestre Jorge Baptista Canavez [&hellip;]\" \/>\n<meta property=\"og:url\" content=\"https:\/\/itr.ufrrj.br\/portal\/pos-graduacao\/direito-processual-contemporaneo\/coordenacao\/\" \/>\n<meta property=\"og:site_name\" content=\"Campus Tr\u00eas Rios | UFRRJ\" \/>\n<meta property=\"article:publisher\" content=\"https:\/\/www.facebook.com\/itr.ufrrj\" \/>\n<meta property=\"article:modified_time\" content=\"2020-06-04T18:36:17+00:00\" \/>\n<meta property=\"og:image\" content=\"https:\/\/itr.ufrrj.br\/portal\/wp-content\/uploads\/2016\/10\/ddhl-antoniogaio-682x1024.jpg\" \/>\n<meta name=\"twitter:card\" content=\"summary_large_image\" \/>\n<script type=\"application\/ld+json\" class=\"yoast-schema-graph\">{\"@context\":\"https:\\\/\\\/schema.org\",\"@graph\":[{\"@type\":\"WebPage\",\"@id\":\"https:\\\/\\\/itr.ufrrj.br\\\/portal\\\/pos-graduacao\\\/direito-processual-contemporaneo\\\/coordenacao\\\/\",\"url\":\"https:\\\/\\\/itr.ufrrj.br\\\/portal\\\/pos-graduacao\\\/direito-processual-contemporaneo\\\/coordenacao\\\/\",\"name\":\"Coordena\u00e7\u00e3o - Campus Tr\u00eas Rios | UFRRJ\",\"isPartOf\":{\"@id\":\"https:\\\/\\\/itr.ufrrj.br\\\/portal\\\/#website\"},\"primaryImageOfPage\":{\"@id\":\"https:\\\/\\\/itr.ufrrj.br\\\/portal\\\/pos-graduacao\\\/direito-processual-contemporaneo\\\/coordenacao\\\/#primaryimage\"},\"image\":{\"@id\":\"https:\\\/\\\/itr.ufrrj.br\\\/portal\\\/pos-graduacao\\\/direito-processual-contemporaneo\\\/coordenacao\\\/#primaryimage\"},\"thumbnailUrl\":\"https:\\\/\\\/itr.ufrrj.br\\\/portal\\\/wp-content\\\/uploads\\\/2016\\\/10\\\/ddhl-antoniogaio-682x1024.jpg\",\"datePublished\":\"2020-06-04T17:32:40+00:00\",\"dateModified\":\"2020-06-04T18:36:17+00:00\",\"breadcrumb\":{\"@id\":\"https:\\\/\\\/itr.ufrrj.br\\\/portal\\\/pos-graduacao\\\/direito-processual-contemporaneo\\\/coordenacao\\\/#breadcrumb\"},\"inLanguage\":\"pt-BR\",\"potentialAction\":[{\"@type\":\"ReadAction\",\"target\":[\"https:\\\/\\\/itr.ufrrj.br\\\/portal\\\/pos-graduacao\\\/direito-processual-contemporaneo\\\/coordenacao\\\/\"]}]},{\"@type\":\"ImageObject\",\"inLanguage\":\"pt-BR\",\"@id\":\"https:\\\/\\\/itr.ufrrj.br\\\/portal\\\/pos-graduacao\\\/direito-processual-contemporaneo\\\/coordenacao\\\/#primaryimage\",\"url\":\"https:\\\/\\\/itr.ufrrj.br\\\/portal\\\/wp-content\\\/uploads\\\/2016\\\/10\\\/ddhl-antoniogaio.jpg\",\"contentUrl\":\"https:\\\/\\\/itr.ufrrj.br\\\/portal\\\/wp-content\\\/uploads\\\/2016\\\/10\\\/ddhl-antoniogaio.jpg\",\"width\":2398,\"height\":3602,\"caption\":\"Antonio Gaio - DDHL - ITR - UFRRJ\"},{\"@type\":\"BreadcrumbList\",\"@id\":\"https:\\\/\\\/itr.ufrrj.br\\\/portal\\\/pos-graduacao\\\/direito-processual-contemporaneo\\\/coordenacao\\\/#breadcrumb\",\"itemListElement\":[{\"@type\":\"ListItem\",\"position\":1,\"name\":\"In\u00edcio\",\"item\":\"https:\\\/\\\/itr.ufrrj.br\\\/portal\\\/\"},{\"@type\":\"ListItem\",\"position\":2,\"name\":\"P\u00f3s-Gradua\u00e7\u00e3o\",\"item\":\"https:\\\/\\\/itr.ufrrj.br\\\/portal\\\/pos-graduacao\\\/\"},{\"@type\":\"ListItem\",\"position\":3,\"name\":\"Direito Processual Contempor\u00e2neo\",\"item\":\"https:\\\/\\\/itr.ufrrj.br\\\/portal\\\/pos-graduacao\\\/direito-processual-contemporaneo\\\/\"},{\"@type\":\"ListItem\",\"position\":4,\"name\":\"Coordena\u00e7\u00e3o\"}]},{\"@type\":\"WebSite\",\"@id\":\"https:\\\/\\\/itr.ufrrj.br\\\/portal\\\/#website\",\"url\":\"https:\\\/\\\/itr.ufrrj.br\\\/portal\\\/\",\"name\":\"Campus Tr\u00eas Rios | UFRRJ\",\"description\":\"Localizado na cidade de Tr\u00eas Rios - RJ\",\"publisher\":{\"@id\":\"https:\\\/\\\/itr.ufrrj.br\\\/portal\\\/#organization\"},\"potentialAction\":[{\"@type\":\"SearchAction\",\"target\":{\"@type\":\"EntryPoint\",\"urlTemplate\":\"https:\\\/\\\/itr.ufrrj.br\\\/portal\\\/?s={search_term_string}\"},\"query-input\":{\"@type\":\"PropertyValueSpecification\",\"valueRequired\":true,\"valueName\":\"search_term_string\"}}],\"inLanguage\":\"pt-BR\"},{\"@type\":\"Organization\",\"@id\":\"https:\\\/\\\/itr.ufrrj.br\\\/portal\\\/#organization\",\"name\":\"Instituto Tr\u00eas Rios\\\/UFRRJ\",\"url\":\"https:\\\/\\\/itr.ufrrj.br\\\/portal\\\/\",\"logo\":{\"@type\":\"ImageObject\",\"inLanguage\":\"pt-BR\",\"@id\":\"https:\\\/\\\/itr.ufrrj.br\\\/portal\\\/#\\\/schema\\\/logo\\\/image\\\/\",\"url\":\"https:\\\/\\\/itr.ufrrj.br\\\/portal\\\/wp-content\\\/uploads\\\/2020\\\/04\\\/logo-institutotresrios-ufrrj.png\",\"contentUrl\":\"https:\\\/\\\/itr.ufrrj.br\\\/portal\\\/wp-content\\\/uploads\\\/2020\\\/04\\\/logo-institutotresrios-ufrrj.png\",\"width\":1067,\"height\":240,\"caption\":\"Instituto Tr\u00eas Rios\\\/UFRRJ\"},\"image\":{\"@id\":\"https:\\\/\\\/itr.ufrrj.br\\\/portal\\\/#\\\/schema\\\/logo\\\/image\\\/\"},\"sameAs\":[\"https:\\\/\\\/www.facebook.com\\\/itr.ufrrj\"]}]}<\/script>\n<!-- \/ Yoast SEO plugin. -->","yoast_head_json":{"title":"Coordena\u00e7\u00e3o - Campus Tr\u00eas Rios | UFRRJ","robots":{"index":"index","follow":"follow","max-snippet":"max-snippet:-1","max-image-preview":"max-image-preview:large","max-video-preview":"max-video-preview:-1"},"canonical":"https:\/\/itr.ufrrj.br\/portal\/pos-graduacao\/direito-processual-contemporaneo\/coordenacao\/","og_locale":"pt_BR","og_type":"article","og_title":"Coordena\u00e7\u00e3o - Campus Tr\u00eas Rios | UFRRJ","og_description":"Coordenador Prof. P\u00f3s-Doutor Ant\u00f4nio Pereira Gaio J\u00fanior (UFRRJ) Vice-coordenadora Profa. Doutora J\u00falia Gomes Pereira Maurmo (UFRRJ) Vice-coordenador Adjunto Prof. Doutor Klever Paulo Leal Filpo (UFRRJ) Secret\u00e1rio Mestre Jorge Baptista Canavez [&hellip;]","og_url":"https:\/\/itr.ufrrj.br\/portal\/pos-graduacao\/direito-processual-contemporaneo\/coordenacao\/","og_site_name":"Campus Tr\u00eas Rios | UFRRJ","article_publisher":"https:\/\/www.facebook.com\/itr.ufrrj","article_modified_time":"2020-06-04T18:36:17+00:00","og_image":[{"url":"https:\/\/itr.ufrrj.br\/portal\/wp-content\/uploads\/2016\/10\/ddhl-antoniogaio-682x1024.jpg","type":"","width":"","height":""}],"twitter_card":"summary_large_image","schema":{"@context":"https:\/\/schema.org","@graph":[{"@type":"WebPage","@id":"https:\/\/itr.ufrrj.br\/portal\/pos-graduacao\/direito-processual-contemporaneo\/coordenacao\/","url":"https:\/\/itr.ufrrj.br\/portal\/pos-graduacao\/direito-processual-contemporaneo\/coordenacao\/","name":"Coordena\u00e7\u00e3o - Campus Tr\u00eas Rios | UFRRJ","isPartOf":{"@id":"https:\/\/itr.ufrrj.br\/portal\/#website"},"primaryImageOfPage":{"@id":"https:\/\/itr.ufrrj.br\/portal\/pos-graduacao\/direito-processual-contemporaneo\/coordenacao\/#primaryimage"},"image":{"@id":"https:\/\/itr.ufrrj.br\/portal\/pos-graduacao\/direito-processual-contemporaneo\/coordenacao\/#primaryimage"},"thumbnailUrl":"https:\/\/itr.ufrrj.br\/portal\/wp-content\/uploads\/2016\/10\/ddhl-antoniogaio-682x1024.jpg","datePublished":"2020-06-04T17:32:40+00:00","dateModified":"2020-06-04T18:36:17+00:00","breadcrumb":{"@id":"https:\/\/itr.ufrrj.br\/portal\/pos-graduacao\/direito-processual-contemporaneo\/coordenacao\/#breadcrumb"},"inLanguage":"pt-BR","potentialAction":[{"@type":"ReadAction","target":["https:\/\/itr.ufrrj.br\/portal\/pos-graduacao\/direito-processual-contemporaneo\/coordenacao\/"]}]},{"@type":"ImageObject","inLanguage":"pt-BR","@id":"https:\/\/itr.ufrrj.br\/portal\/pos-graduacao\/direito-processual-contemporaneo\/coordenacao\/#primaryimage","url":"https:\/\/itr.ufrrj.br\/portal\/wp-content\/uploads\/2016\/10\/ddhl-antoniogaio.jpg","contentUrl":"https:\/\/itr.ufrrj.br\/portal\/wp-content\/uploads\/2016\/10\/ddhl-antoniogaio.jpg","width":2398,"height":3602,"caption":"Antonio Gaio - DDHL - ITR - UFRRJ"},{"@type":"BreadcrumbList","@id":"https:\/\/itr.ufrrj.br\/portal\/pos-graduacao\/direito-processual-contemporaneo\/coordenacao\/#breadcrumb","itemListElement":[{"@type":"ListItem","position":1,"name":"In\u00edcio","item":"https:\/\/itr.ufrrj.br\/portal\/"},{"@type":"ListItem","position":2,"name":"P\u00f3s-Gradua\u00e7\u00e3o","item":"https:\/\/itr.ufrrj.br\/portal\/pos-graduacao\/"},{"@type":"ListItem","position":3,"name":"Direito Processual Contempor\u00e2neo","item":"https:\/\/itr.ufrrj.br\/portal\/pos-graduacao\/direito-processual-contemporaneo\/"},{"@type":"ListItem","position":4,"name":"Coordena\u00e7\u00e3o"}]},{"@type":"WebSite","@id":"https:\/\/itr.ufrrj.br\/portal\/#website","url":"https:\/\/itr.ufrrj.br\/portal\/","name":"Campus Tr\u00eas Rios | UFRRJ","description":"Localizado na cidade de Tr\u00eas Rios - RJ","publisher":{"@id":"https:\/\/itr.ufrrj.br\/portal\/#organization"},"potentialAction":[{"@type":"SearchAction","target":{"@type":"EntryPoint","urlTemplate":"https:\/\/itr.ufrrj.br\/portal\/?s={search_term_string}"},"query-input":{"@type":"PropertyValueSpecification","valueRequired":true,"valueName":"search_term_string"}}],"inLanguage":"pt-BR"},{"@type":"Organization","@id":"https:\/\/itr.ufrrj.br\/portal\/#organization","name":"Instituto Tr\u00eas Rios\/UFRRJ","url":"https:\/\/itr.ufrrj.br\/portal\/","logo":{"@type":"ImageObject","inLanguage":"pt-BR","@id":"https:\/\/itr.ufrrj.br\/portal\/#\/schema\/logo\/image\/","url":"https:\/\/itr.ufrrj.br\/portal\/wp-content\/uploads\/2020\/04\/logo-institutotresrios-ufrrj.png","contentUrl":"https:\/\/itr.ufrrj.br\/portal\/wp-content\/uploads\/2020\/04\/logo-institutotresrios-ufrrj.png","width":1067,"height":240,"caption":"Instituto Tr\u00eas Rios\/UFRRJ"},"image":{"@id":"https:\/\/itr.ufrrj.br\/portal\/#\/schema\/logo\/image\/"},"sameAs":["https:\/\/www.facebook.com\/itr.ufrrj"]}]}},"jetpack_sharing_enabled":true,"amp_enabled":false,"_links":{"self":[{"href":"https:\/\/itr.ufrrj.br\/portal\/wp-json\/wp\/v2\/pages\/10729","targetHints":{"allow":["GET"]}}],"collection":[{"href":"https:\/\/itr.ufrrj.br\/portal\/wp-json\/wp\/v2\/pages"}],"about":[{"href":"https:\/\/itr.ufrrj.br\/portal\/wp-json\/wp\/v2\/types\/page"}],"author":[{"embeddable":true,"href":"https:\/\/itr.ufrrj.br\/portal\/wp-json\/wp\/v2\/users\/4"}],"replies":[{"embeddable":true,"href":"https:\/\/itr.ufrrj.br\/portal\/wp-json\/wp\/v2\/comments?post=10729"}],"version-history":[{"count":11,"href":"https:\/\/itr.ufrrj.br\/portal\/wp-json\/wp\/v2\/pages\/10729\/revisions"}],"predecessor-version":[{"id":10778,"href":"https:\/\/itr.ufrrj.br\/portal\/wp-json\/wp\/v2\/pages\/10729\/revisions\/10778"}],"up":[{"embeddable":true,"href":"https:\/\/itr.ufrrj.br\/portal\/wp-json\/wp\/v2\/pages\/10717"}],"wp:attachment":[{"href":"https:\/\/itr.ufrrj.br\/portal\/wp-json\/wp\/v2\/media?parent=10729"}],"curies":[{"name":"wp","href":"https:\/\/api.w.org\/{rel}","templated":true}]}}