{"id":10717,"date":"2020-06-03T16:25:51","date_gmt":"2020-06-03T19:25:51","guid":{"rendered":"https:\/\/itr.ufrrj.br\/portal\/?page_id=10717"},"modified":"2020-06-17T09:03:01","modified_gmt":"2020-06-17T12:03:01","slug":"direito-processual-contemporaneo","status":"publish","type":"page","link":"https:\/\/itr.ufrrj.br\/portal\/pos-graduacao\/direito-processual-contemporaneo\/","title":{"rendered":"Direito Processual Contempor\u00e2neo"},"content":{"rendered":"\n<p>As Ci\u00eancias Sociais Aplicadas possuem, nos campos das reflex\u00f5es cr\u00edtica e<br>pragm\u00e1tica, suas maiores justificativas para o avan\u00e7o paradigm\u00e1tico do saber.<\/p>\n\n\n\n<p>Mais especificamente, com rela\u00e7\u00e3o \u00e0 Ci\u00eancia Jur\u00eddica, referido campo do saber envolve uma s\u00e9rie de vari\u00e1veis que determinam em maior ou menor grau, seu impacto no tecido social.<\/p>\n\n\n\n<p>O Direito como uma ci\u00eancia viva, se alimenta do meio social e opera um conjunto de valores a serem balizados pela sociedade, esta que o absorve em determinado tempo e espa\u00e7o.<\/p>\n\n\n\n<p>Exatamente nestes termos \u00e9 que se justifica a oferta de um <em><strong>Curso de P\u00f3s-Gradua\u00e7\u00e3o Lato Sensu em Direito Processual Contempor\u00e2neo<\/strong><\/em>.<\/p>\n\n\n\n<p>Trata-se da possibilidade de ofertar ao estudioso e profissional do Direito a<br>especializa\u00e7\u00e3o em grande \u00e1rea do saber jur\u00eddico, o Direito Processual em suas mais variadas facetas e aplica\u00e7\u00f5es, campo do saber relativo \u00e0 conquista do Direito bem como ao exerc\u00edcio efetivo de seu reconhecimento e gozo, dentro da complexidade das rela\u00e7\u00f5es intersubjetivas individuais e coletivas hodiernamente vivenciadas, tanto em sede p\u00e1tria quanto internacionalmente.<\/p>\n\n\n\n<p>Em verdade, sendo o Processo um instrumento da jurisdi\u00e7\u00e3o e de garantias do cidad\u00e3o, apto \u00e0 satisfa\u00e7\u00e3o e realiza\u00e7\u00e3o do Direito Material, o que se pretende com um Curso de alta capacita\u00e7\u00e3o em <strong><em>Direito Processual Contempor\u00e2neo<\/em><\/strong> \u00e9 oferecer aos discentes novas formas de compreender e empreender o fen\u00f4meno do Direito Processual, oportunizando a atualiza\u00e7\u00e3o de teorias e pr\u00e1ticas jur\u00eddicas que ser\u00e3o, de certo, ferramentas<br>h\u00e1beis para o enfrentamento das din\u00e2micas acad\u00eamicas e forenses, seja pelas pr\u00f3prias e complexas rela\u00e7\u00f5es p\u00fablicas e privadas contempor\u00e2neas bem como sob o novo olhar processual operado pelo advento do CPC\/2015, diploma legal que repercutir\u00e1 na racionalidade de v\u00e1rios campos processuais, seja ele civil, penal, trabalhista, administrativo, empresarial e internacional.<\/p>\n\n\n\n<p>Destaca-se ainda, como pressuposto acad\u00eamico do presente Curso, a produ\u00e7\u00e3o intelectual dos seus discentes.<\/p>\n\n\n\n<p>Assim, como cedi\u00e7o, o Curso de Direito do Instituto Tr\u00eas Rios- UFRRJ\/ITR j\u00e1<br>possui sua publica\u00e7\u00e3o oficial representada pela Revista Jur\u00eddica Eletr\u00f4nica \u201cDireito, Sociedade e Desenvolvimento\u201d \u2013 REJUR, fonte de escoamento da produ\u00e7\u00e3o intelectual docente e discente do Curso de Direito do ITR bem como recebendo artigos das mais variadas Universidades brasileiras e estrangeiras, possuindo v\u00e1rias indexa\u00e7\u00f5es e j\u00e1 estando em seu Ano 7 e Volume 13.<\/p>\n\n\n\n<p>Nestes termos, a REJUR ser\u00e1, certamente, ambiente prop\u00edcio e necess\u00e1rio ao<br>aporte da produ\u00e7\u00e3o intelectual da <strong><em>P\u00f3s-Gradua\u00e7\u00e3o Lato Sensu em Direito Processual Contempor\u00e2neo<\/em><\/strong>, levando a cabo um dos objetivos norteadores da oferta da presente Especializa\u00e7\u00e3o.<\/p>\n\n\n\n<div class=\"wp-block-media-text alignwide has-media-on-the-right is-stacked-on-mobile is-vertically-aligned-center\" style=\"grid-template-columns:auto 15%\"><figure class=\"wp-block-media-text__media\"><a href=\"https:\/\/itr.ufrrj.br\/portal\/wp-content\/uploads\/2020\/06\/UFRRJ-pos-graduacao-direito-processual-contemporaneo.pdf\"><img loading=\"lazy\" decoding=\"async\" width=\"40\" height=\"14\" src=\"https:\/\/itr.ufrrj.br\/portal\/wp-content\/uploads\/icones\/pdf.gif\" alt=\"\" class=\"wp-image-135\"\/><\/a><\/figure><div class=\"wp-block-media-text__content\">\n<p class=\"has-text-align-left has-normal-font-size\"><a href=\"https:\/\/itr.ufrrj.br\/portal\/wp-content\/uploads\/2020\/06\/UFRRJ-pos-graduacao-direito-processual-contemporaneo.pdf\">Baixar apresenta\u00e7\u00e3o do <strong>Curso de P\u00f3s-Gradua\u00e7\u00e3o Lato Sensu em Direito Processual Contempor\u00e2neo.<\/strong><\/a><\/p>\n<\/div><\/div>\n","protected":false},"excerpt":{"rendered":"<p>As Ci\u00eancias Sociais Aplicadas possuem, nos campos das reflex\u00f5es cr\u00edtica epragm\u00e1tica, suas maiores justificativas para o avan\u00e7o paradigm\u00e1tico do saber. Mais especificamente, com rela\u00e7\u00e3o \u00e0 Ci\u00eancia Jur\u00eddica, referido campo do [&hellip;]<\/p>\n","protected":false},"author":4,"featured_media":10766,"parent":10715,"menu_order":0,"comment_status":"closed","ping_status":"closed","template":"page-cursos.php","meta":{"_acf_changed":false,"editor_plus_copied_stylings":"{}","footnotes":""},"class_list":["post-10717","page","type-page","status-publish","has-post-thumbnail","hentry"],"acf":[],"yoast_head":"<!-- This site is optimized with the Yoast SEO plugin v27.3 - https:\/\/yoast.com\/product\/yoast-seo-wordpress\/ -->\n<title>Direito Processual Contempor\u00e2neo - Campus Tr\u00eas Rios | UFRRJ<\/title>\n<meta name=\"robots\" content=\"index, follow, max-snippet:-1, max-image-preview:large, max-video-preview:-1\" \/>\n<link rel=\"canonical\" href=\"https:\/\/itr.ufrrj.br\/portal\/pos-graduacao\/direito-processual-contemporaneo\/\" \/>\n<meta property=\"og:locale\" content=\"pt_BR\" \/>\n<meta property=\"og:type\" content=\"article\" \/>\n<meta property=\"og:title\" content=\"Direito Processual Contempor\u00e2neo - Campus Tr\u00eas Rios | UFRRJ\" \/>\n<meta property=\"og:description\" content=\"As Ci\u00eancias Sociais Aplicadas possuem, nos campos das reflex\u00f5es cr\u00edtica epragm\u00e1tica, suas maiores justificativas para o avan\u00e7o paradigm\u00e1tico do saber. Mais especificamente, com rela\u00e7\u00e3o \u00e0 Ci\u00eancia Jur\u00eddica, referido campo do [&hellip;]\" \/>\n<meta property=\"og:url\" content=\"https:\/\/itr.ufrrj.br\/portal\/pos-graduacao\/direito-processual-contemporaneo\/\" \/>\n<meta property=\"og:site_name\" content=\"Campus Tr\u00eas Rios | UFRRJ\" \/>\n<meta property=\"article:publisher\" content=\"https:\/\/www.facebook.com\/itr.ufrrj\" \/>\n<meta property=\"article:modified_time\" content=\"2020-06-17T12:03:01+00:00\" \/>\n<meta property=\"og:image\" content=\"https:\/\/itr.ufrrj.br\/portal\/wp-content\/uploads\/2020\/06\/topo-pos-direito.jpg\" \/>\n\t<meta property=\"og:image:width\" content=\"1200\" \/>\n\t<meta property=\"og:image:height\" content=\"250\" \/>\n\t<meta property=\"og:image:type\" content=\"image\/jpeg\" \/>\n<meta name=\"twitter:card\" content=\"summary_large_image\" \/>\n<meta name=\"twitter:label1\" content=\"Est. tempo de leitura\" \/>\n\t<meta name=\"twitter:data1\" content=\"2 minutos\" \/>\n<script type=\"application\/ld+json\" class=\"yoast-schema-graph\">{\"@context\":\"https:\\\/\\\/schema.org\",\"@graph\":[{\"@type\":\"WebPage\",\"@id\":\"https:\\\/\\\/itr.ufrrj.br\\\/portal\\\/pos-graduacao\\\/direito-processual-contemporaneo\\\/\",\"url\":\"https:\\\/\\\/itr.ufrrj.br\\\/portal\\\/pos-graduacao\\\/direito-processual-contemporaneo\\\/\",\"name\":\"Direito Processual Contempor\u00e2neo - Campus Tr\u00eas Rios | UFRRJ\",\"isPartOf\":{\"@id\":\"https:\\\/\\\/itr.ufrrj.br\\\/portal\\\/#website\"},\"primaryImageOfPage\":{\"@id\":\"https:\\\/\\\/itr.ufrrj.br\\\/portal\\\/pos-graduacao\\\/direito-processual-contemporaneo\\\/#primaryimage\"},\"image\":{\"@id\":\"https:\\\/\\\/itr.ufrrj.br\\\/portal\\\/pos-graduacao\\\/direito-processual-contemporaneo\\\/#primaryimage\"},\"thumbnailUrl\":\"https:\\\/\\\/itr.ufrrj.br\\\/portal\\\/wp-content\\\/uploads\\\/2020\\\/06\\\/topo-pos-direito.jpg\",\"datePublished\":\"2020-06-03T19:25:51+00:00\",\"dateModified\":\"2020-06-17T12:03:01+00:00\",\"breadcrumb\":{\"@id\":\"https:\\\/\\\/itr.ufrrj.br\\\/portal\\\/pos-graduacao\\\/direito-processual-contemporaneo\\\/#breadcrumb\"},\"inLanguage\":\"pt-BR\",\"potentialAction\":[{\"@type\":\"ReadAction\",\"target\":[\"https:\\\/\\\/itr.ufrrj.br\\\/portal\\\/pos-graduacao\\\/direito-processual-contemporaneo\\\/\"]}]},{\"@type\":\"ImageObject\",\"inLanguage\":\"pt-BR\",\"@id\":\"https:\\\/\\\/itr.ufrrj.br\\\/portal\\\/pos-graduacao\\\/direito-processual-contemporaneo\\\/#primaryimage\",\"url\":\"https:\\\/\\\/itr.ufrrj.br\\\/portal\\\/wp-content\\\/uploads\\\/2020\\\/06\\\/topo-pos-direito.jpg\",\"contentUrl\":\"https:\\\/\\\/itr.ufrrj.br\\\/portal\\\/wp-content\\\/uploads\\\/2020\\\/06\\\/topo-pos-direito.jpg\",\"width\":1200,\"height\":250},{\"@type\":\"BreadcrumbList\",\"@id\":\"https:\\\/\\\/itr.ufrrj.br\\\/portal\\\/pos-graduacao\\\/direito-processual-contemporaneo\\\/#breadcrumb\",\"itemListElement\":[{\"@type\":\"ListItem\",\"position\":1,\"name\":\"In\u00edcio\",\"item\":\"https:\\\/\\\/itr.ufrrj.br\\\/portal\\\/\"},{\"@type\":\"ListItem\",\"position\":2,\"name\":\"P\u00f3s-Gradua\u00e7\u00e3o\",\"item\":\"https:\\\/\\\/itr.ufrrj.br\\\/portal\\\/pos-graduacao\\\/\"},{\"@type\":\"ListItem\",\"position\":3,\"name\":\"Direito Processual Contempor\u00e2neo\"}]},{\"@type\":\"WebSite\",\"@id\":\"https:\\\/\\\/itr.ufrrj.br\\\/portal\\\/#website\",\"url\":\"https:\\\/\\\/itr.ufrrj.br\\\/portal\\\/\",\"name\":\"Campus Tr\u00eas Rios | UFRRJ\",\"description\":\"Localizado na cidade de Tr\u00eas Rios - RJ\",\"publisher\":{\"@id\":\"https:\\\/\\\/itr.ufrrj.br\\\/portal\\\/#organization\"},\"potentialAction\":[{\"@type\":\"SearchAction\",\"target\":{\"@type\":\"EntryPoint\",\"urlTemplate\":\"https:\\\/\\\/itr.ufrrj.br\\\/portal\\\/?s={search_term_string}\"},\"query-input\":{\"@type\":\"PropertyValueSpecification\",\"valueRequired\":true,\"valueName\":\"search_term_string\"}}],\"inLanguage\":\"pt-BR\"},{\"@type\":\"Organization\",\"@id\":\"https:\\\/\\\/itr.ufrrj.br\\\/portal\\\/#organization\",\"name\":\"Instituto Tr\u00eas Rios\\\/UFRRJ\",\"url\":\"https:\\\/\\\/itr.ufrrj.br\\\/portal\\\/\",\"logo\":{\"@type\":\"ImageObject\",\"inLanguage\":\"pt-BR\",\"@id\":\"https:\\\/\\\/itr.ufrrj.br\\\/portal\\\/#\\\/schema\\\/logo\\\/image\\\/\",\"url\":\"https:\\\/\\\/itr.ufrrj.br\\\/portal\\\/wp-content\\\/uploads\\\/2020\\\/04\\\/logo-institutotresrios-ufrrj.png\",\"contentUrl\":\"https:\\\/\\\/itr.ufrrj.br\\\/portal\\\/wp-content\\\/uploads\\\/2020\\\/04\\\/logo-institutotresrios-ufrrj.png\",\"width\":1067,\"height\":240,\"caption\":\"Instituto Tr\u00eas Rios\\\/UFRRJ\"},\"image\":{\"@id\":\"https:\\\/\\\/itr.ufrrj.br\\\/portal\\\/#\\\/schema\\\/logo\\\/image\\\/\"},\"sameAs\":[\"https:\\\/\\\/www.facebook.com\\\/itr.ufrrj\"]}]}<\/script>\n<!-- \/ Yoast SEO plugin. -->","yoast_head_json":{"title":"Direito Processual Contempor\u00e2neo - Campus Tr\u00eas Rios | UFRRJ","robots":{"index":"index","follow":"follow","max-snippet":"max-snippet:-1","max-image-preview":"max-image-preview:large","max-video-preview":"max-video-preview:-1"},"canonical":"https:\/\/itr.ufrrj.br\/portal\/pos-graduacao\/direito-processual-contemporaneo\/","og_locale":"pt_BR","og_type":"article","og_title":"Direito Processual Contempor\u00e2neo - Campus Tr\u00eas Rios | UFRRJ","og_description":"As Ci\u00eancias Sociais Aplicadas possuem, nos campos das reflex\u00f5es cr\u00edtica epragm\u00e1tica, suas maiores justificativas para o avan\u00e7o paradigm\u00e1tico do saber. Mais especificamente, com rela\u00e7\u00e3o \u00e0 Ci\u00eancia Jur\u00eddica, referido campo do [&hellip;]","og_url":"https:\/\/itr.ufrrj.br\/portal\/pos-graduacao\/direito-processual-contemporaneo\/","og_site_name":"Campus Tr\u00eas Rios | UFRRJ","article_publisher":"https:\/\/www.facebook.com\/itr.ufrrj","article_modified_time":"2020-06-17T12:03:01+00:00","og_image":[{"width":1200,"height":250,"url":"https:\/\/itr.ufrrj.br\/portal\/wp-content\/uploads\/2020\/06\/topo-pos-direito.jpg","type":"image\/jpeg"}],"twitter_card":"summary_large_image","twitter_misc":{"Est. tempo de leitura":"2 minutos"},"schema":{"@context":"https:\/\/schema.org","@graph":[{"@type":"WebPage","@id":"https:\/\/itr.ufrrj.br\/portal\/pos-graduacao\/direito-processual-contemporaneo\/","url":"https:\/\/itr.ufrrj.br\/portal\/pos-graduacao\/direito-processual-contemporaneo\/","name":"Direito Processual Contempor\u00e2neo - Campus Tr\u00eas Rios | UFRRJ","isPartOf":{"@id":"https:\/\/itr.ufrrj.br\/portal\/#website"},"primaryImageOfPage":{"@id":"https:\/\/itr.ufrrj.br\/portal\/pos-graduacao\/direito-processual-contemporaneo\/#primaryimage"},"image":{"@id":"https:\/\/itr.ufrrj.br\/portal\/pos-graduacao\/direito-processual-contemporaneo\/#primaryimage"},"thumbnailUrl":"https:\/\/itr.ufrrj.br\/portal\/wp-content\/uploads\/2020\/06\/topo-pos-direito.jpg","datePublished":"2020-06-03T19:25:51+00:00","dateModified":"2020-06-17T12:03:01+00:00","breadcrumb":{"@id":"https:\/\/itr.ufrrj.br\/portal\/pos-graduacao\/direito-processual-contemporaneo\/#breadcrumb"},"inLanguage":"pt-BR","potentialAction":[{"@type":"ReadAction","target":["https:\/\/itr.ufrrj.br\/portal\/pos-graduacao\/direito-processual-contemporaneo\/"]}]},{"@type":"ImageObject","inLanguage":"pt-BR","@id":"https:\/\/itr.ufrrj.br\/portal\/pos-graduacao\/direito-processual-contemporaneo\/#primaryimage","url":"https:\/\/itr.ufrrj.br\/portal\/wp-content\/uploads\/2020\/06\/topo-pos-direito.jpg","contentUrl":"https:\/\/itr.ufrrj.br\/portal\/wp-content\/uploads\/2020\/06\/topo-pos-direito.jpg","width":1200,"height":250},{"@type":"BreadcrumbList","@id":"https:\/\/itr.ufrrj.br\/portal\/pos-graduacao\/direito-processual-contemporaneo\/#breadcrumb","itemListElement":[{"@type":"ListItem","position":1,"name":"In\u00edcio","item":"https:\/\/itr.ufrrj.br\/portal\/"},{"@type":"ListItem","position":2,"name":"P\u00f3s-Gradua\u00e7\u00e3o","item":"https:\/\/itr.ufrrj.br\/portal\/pos-graduacao\/"},{"@type":"ListItem","position":3,"name":"Direito Processual Contempor\u00e2neo"}]},{"@type":"WebSite","@id":"https:\/\/itr.ufrrj.br\/portal\/#website","url":"https:\/\/itr.ufrrj.br\/portal\/","name":"Campus Tr\u00eas Rios | UFRRJ","description":"Localizado na cidade de Tr\u00eas Rios - RJ","publisher":{"@id":"https:\/\/itr.ufrrj.br\/portal\/#organization"},"potentialAction":[{"@type":"SearchAction","target":{"@type":"EntryPoint","urlTemplate":"https:\/\/itr.ufrrj.br\/portal\/?s={search_term_string}"},"query-input":{"@type":"PropertyValueSpecification","valueRequired":true,"valueName":"search_term_string"}}],"inLanguage":"pt-BR"},{"@type":"Organization","@id":"https:\/\/itr.ufrrj.br\/portal\/#organization","name":"Instituto Tr\u00eas Rios\/UFRRJ","url":"https:\/\/itr.ufrrj.br\/portal\/","logo":{"@type":"ImageObject","inLanguage":"pt-BR","@id":"https:\/\/itr.ufrrj.br\/portal\/#\/schema\/logo\/image\/","url":"https:\/\/itr.ufrrj.br\/portal\/wp-content\/uploads\/2020\/04\/logo-institutotresrios-ufrrj.png","contentUrl":"https:\/\/itr.ufrrj.br\/portal\/wp-content\/uploads\/2020\/04\/logo-institutotresrios-ufrrj.png","width":1067,"height":240,"caption":"Instituto Tr\u00eas Rios\/UFRRJ"},"image":{"@id":"https:\/\/itr.ufrrj.br\/portal\/#\/schema\/logo\/image\/"},"sameAs":["https:\/\/www.facebook.com\/itr.ufrrj"]}]}},"jetpack_sharing_enabled":true,"amp_enabled":false,"_links":{"self":[{"href":"https:\/\/itr.ufrrj.br\/portal\/wp-json\/wp\/v2\/pages\/10717","targetHints":{"allow":["GET"]}}],"collection":[{"href":"https:\/\/itr.ufrrj.br\/portal\/wp-json\/wp\/v2\/pages"}],"about":[{"href":"https:\/\/itr.ufrrj.br\/portal\/wp-json\/wp\/v2\/types\/page"}],"author":[{"embeddable":true,"href":"https:\/\/itr.ufrrj.br\/portal\/wp-json\/wp\/v2\/users\/4"}],"replies":[{"embeddable":true,"href":"https:\/\/itr.ufrrj.br\/portal\/wp-json\/wp\/v2\/comments?post=10717"}],"version-history":[{"count":12,"href":"https:\/\/itr.ufrrj.br\/portal\/wp-json\/wp\/v2\/pages\/10717\/revisions"}],"predecessor-version":[{"id":10828,"href":"https:\/\/itr.ufrrj.br\/portal\/wp-json\/wp\/v2\/pages\/10717\/revisions\/10828"}],"up":[{"embeddable":true,"href":"https:\/\/itr.ufrrj.br\/portal\/wp-json\/wp\/v2\/pages\/10715"}],"wp:featuredmedia":[{"embeddable":true,"href":"https:\/\/itr.ufrrj.br\/portal\/wp-json\/wp\/v2\/media\/10766"}],"wp:attachment":[{"href":"https:\/\/itr.ufrrj.br\/portal\/wp-json\/wp\/v2\/media?parent=10717"}],"curies":[{"name":"wp","href":"https:\/\/api.w.org\/{rel}","templated":true}]}}