{"id":10432,"date":"2020-03-13T15:19:03","date_gmt":"2020-03-13T18:19:03","guid":{"rendered":"https:\/\/itr.ufrrj.br\/portal\/?page_id=10432"},"modified":"2022-02-07T09:53:29","modified_gmt":"2022-02-07T12:53:29","slug":"atas-de-reunioes-dceex","status":"publish","type":"page","link":"https:\/\/itr.ufrrj.br\/portal\/departamentos\/dceex\/atas-de-reunioes-dceex\/","title":{"rendered":"Atas de Reuni\u00f5es | DCEEx"},"content":{"rendered":"\n<p>Abaixo est\u00e3o disponibilizadas as atas de reuni\u00f5es do Departamento de Ci\u00eancias Exatas<\/p>\n\n\n\n<h2 class=\"wp-block-heading\">2021<\/h2>\n\n\n\n<ul>\n<li><a href=\"https:\/\/itr.ufrrj.br\/portal\/wp-content\/uploads\/2022\/02\/ata_105.pdf\">105\u00aa Reuni\u00e3o Ordin\u00e1ria<\/a> &#8211; 01\/12\/2021<\/li>\n<li><a href=\"https:\/\/itr.ufrrj.br\/portal\/wp-content\/uploads\/2022\/02\/ata_104.pdf\">104\u00aa Reuni\u00e3o Ordin\u00e1ria<\/a> &#8211; 09\/11\/2021<\/li>\n<li><a href=\"https:\/\/itr.ufrrj.br\/portal\/wp-content\/uploads\/2021\/10\/ata_103.pdf\">103\u00aa Reuni\u00e3o Ordin\u00e1ria<\/a> &#8211; 21\/09\/2021<\/li>\n<li><a href=\"https:\/\/itr.ufrrj.br\/portal\/wp-content\/uploads\/2021\/10\/102_ata.pdf\">102\u00aa Reuni\u00e3o Ordin\u00e1ria<\/a> &#8211; 12\/08\/2021<\/li>\n<li><a href=\"https:\/\/itr.ufrrj.br\/portal\/wp-content\/uploads\/2021\/08\/101_ata.pdf\">101\u00aa Reuni\u00e3o Ordin\u00e1ria<\/a>\u00a0&#8211; 07\/07\/2021<\/li>\n<li><a href=\"https:\/\/itr.ufrrj.br\/portal\/wp-content\/uploads\/2021\/07\/100ata-dceex.pdf\">100\u00aa Reuni\u00e3o Ordin\u00e1ria<\/a> &#8211; 08\/06\/2021<\/li>\n<li><a href=\"https:\/\/itr.ufrrj.br\/portal\/wp-content\/uploads\/2021\/07\/99_ata.pdf\">99\u00aa Reuni\u00e3o Ordin\u00e1ria<\/a>\u00a0&#8211; 03\/05\/2021<\/li>\n<li><a href=\"https:\/\/itr.ufrrj.br\/portal\/wp-content\/uploads\/2021\/07\/98_ata.pdf\">98\u00aa Reuni\u00e3o Ordin\u00e1ria<\/a>\u00a0&#8211; 09\/04\/2021<\/li>\n<li><a href=\"https:\/\/itr.ufrrj.br\/portal\/wp-content\/uploads\/2021\/04\/97RO.pdf\">97\u00aa Reuni\u00e3o Ordin\u00e1ria<\/a> &#8211; 11\/03\/2021<\/li>\n<li><a href=\"https:\/\/itr.ufrrj.br\/portal\/wp-content\/uploads\/2021\/03\/ata-dceex-96-ro.pdf\">96\u00aa Reuni\u00e3o Ordin\u00e1ria<\/a> &#8211; 08\/02\/2021<\/li>\n<\/ul>\n\n\n\n<h2 class=\"wp-block-heading\">2020<\/h2>\n\n\n\n<ul>\n<li><a href=\"https:\/\/itr.ufrrj.br\/portal\/wp-content\/uploads\/2021\/01\/95_ata.pdf\">95\u00aa Reuni\u00e3o Ordin\u00e1ria<\/a> &#8211; 01\/12\/2020<\/li>\n<li><a href=\"https:\/\/itr.ufrrj.br\/portal\/wp-content\/uploads\/2021\/01\/14_RE.pdf\">14\u00aa Reuni\u00e3o Extraordin\u00e1ria<\/a> &#8211; 10\/12\/2020<\/li>\n<li><a href=\"https:\/\/itr.ufrrj.br\/portal\/wp-content\/uploads\/2020\/12\/ata_94_DCEEx.pdf\">94\u00aa Reuni\u00e3o Ordin\u00e1ria<\/a> &#8211; 06\/11\/2020<\/li>\n<li><a href=\"https:\/\/itr.ufrrj.br\/portal\/wp-content\/uploads\/2020\/12\/ata_93_DCEEx.pdf\">93\u00aa Reuni\u00e3o Ordin\u00e1ria<\/a> &#8211; 15\/10\/2020<\/li>\n<li><a href=\"https:\/\/itr.ufrrj.br\/portal\/wp-content\/uploads\/2020\/10\/ata_13_R_extraordinaria.pdf\">13\u00aa Reuni\u00e3o Extraordin\u00e1ria<\/a>&nbsp;&#8211; 22\/09\/2020<\/li>\n<li><a href=\"https:\/\/itr.ufrrj.br\/portal\/wp-content\/uploads\/2020\/10\/ata_12_R_extraordinaria.pdf\">12\u00aa Reuni\u00e3o Extraordin\u00e1ria<\/a>&nbsp;&#8211; 21\/09\/2020<\/li>\n<li><a href=\"https:\/\/itr.ufrrj.br\/portal\/wp-content\/uploads\/2020\/12\/92_ata.pdf\">92\u00aa Reuni\u00e3o Ordin\u00e1ria<\/a> &#8211; 09\/09\/2020<\/li>\n<li><a href=\"https:\/\/itr.ufrrj.br\/portal\/wp-content\/uploads\/2020\/10\/Ata_91_DCEEx.pdf\">91\u00aa Reuni\u00e3o Ordin\u00e1ria<\/a>&nbsp;&#8211; 11\/08\/2020<\/li>\n<li><a href=\"https:\/\/itr.ufrrj.br\/portal\/wp-content\/uploads\/2020\/09\/90a-Reuniao-Ordinaria.pdf\">90\u00aa Reuni\u00e3o Ordin\u00e1ria<\/a> &#8211; 19\/06\/2020<\/li>\n<li><a href=\"https:\/\/itr.ufrrj.br\/portal\/wp-content\/uploads\/2020\/09\/11a-Reuni\u00e3o-Extraodin\u00e1ria.pdf\">11\u00aa Reuni\u00e3o Extraordin\u00e1ria<\/a> &#8211; 02\/06\/2020<\/li>\n<li><a href=\"https:\/\/itr.ufrrj.br\/portal\/wp-content\/uploads\/2020\/09\/10a-Reuni\u00e3o-Extraodin\u00e1ria.pdf\">10\u00aa Reuni\u00e3o Extraordin\u00e1ria<\/a> &#8211; 27\/05\/2020<\/li>\n<li><a href=\"https:\/\/itr.ufrrj.br\/portal\/wp-content\/uploads\/2020\/08\/Ata_89_RO_DCEEx.pdf\">89\u00aa Reuni\u00e3o Ordin\u00e1ria<\/a> &#8211; 20\/05\/2020<\/li>\n<li><a href=\"https:\/\/itr.ufrrj.br\/portal\/wp-content\/uploads\/2020\/06\/Ata-88a-Reuniao-DCEEx-mar-2020.pdf\">88\u00aa Reuni\u00e3o Ordin\u00e1ria<\/a> &#8211; 11\/03\/2020<\/li>\n<\/ul>\n\n\n\n<h2 class=\"wp-block-heading\">2019<\/h2>\n\n\n\n<ul>\n<li><a href=\"https:\/\/itr.ufrrj.br\/portal\/wp-content\/uploads\/2020\/03\/DCEEX-87a-Reuni\u00e3o-ordin\u00e1ria.pdf\">87\u00aa Reuni\u00e3o Ordin\u00e1ria<\/a> &#8211; 03\/12\/2019<\/li>\n<li><a href=\"https:\/\/itr.ufrrj.br\/portal\/wp-content\/uploads\/2020\/09\/9-RE.pdf\">9\u00aa Reuni\u00e3o Extraordin\u00e1ria<\/a> &#8211; 28\/11\/2019<\/li>\n<li><a href=\"https:\/\/itr.ufrrj.br\/portal\/wp-content\/uploads\/2020\/03\/DCEEX-86a-Reuni\u00e3o-ordin\u00e1ria.pdf\">86\u00aa Reuni\u00e3o Ordin\u00e1ria<\/a> &#8211; 04\/11\/2019<\/li>\n<li><a href=\"https:\/\/itr.ufrrj.br\/portal\/wp-content\/uploads\/2020\/03\/DCEEX-85a-Reuni\u00e3o-ordin\u00e1ria.pdf\">85\u00aa Reuni\u00e3o Ordin\u00e1ria<\/a> &#8211; 11\/10\/2019<\/li>\n<li><a href=\"https:\/\/itr.ufrrj.br\/portal\/wp-content\/uploads\/2020\/03\/Ata-84-Reuniao-DCEEx.pdf\">84\u00aa Reuni\u00e3o Ordin\u00e1ria<\/a> &#8211; 05\/09\/2019<\/li>\n<li><a href=\"https:\/\/itr.ufrrj.br\/portal\/wp-content\/uploads\/2020\/03\/ata_83.pdf\">83\u00aa Reuni\u00e3o Ordin\u00e1ria<\/a> &#8211; 02\/07\/2019<\/li>\n<li><a href=\"https:\/\/itr.ufrrj.br\/portal\/wp-content\/uploads\/2020\/03\/Ata-82-Reuniao-DCEEx-Maio-2019.pdf\">82\u00aa Reuni\u00e3o Ordin\u00e1ria<\/a> &#8211; 03\/05\/2019<\/li>\n<li><a href=\"https:\/\/itr.ufrrj.br\/portal\/wp-content\/uploads\/2020\/03\/81_ata.pdf\">81\u00aa Reuni\u00e3o Ordin\u00e1ria<\/a> &#8211; 04\/04\/2019<\/li>\n<li><a href=\"https:\/\/itr.ufrrj.br\/portal\/wp-content\/uploads\/2020\/03\/80_ata-1.pdf\">80\u00aa Reuni\u00e3o Ordin\u00e1ria<\/a> &#8211; 13\/03\/2019<\/li>\n<\/ul>\n\n\n\n<h2 class=\"wp-block-heading\">2018<\/h2>\n\n\n\n<ul>\n<li><a href=\"https:\/\/itr.ufrrj.br\/portal\/wp-content\/uploads\/2020\/03\/Ata-79-Reuniao-DCEEx-dezembro.pdf\">79\u00aa Reuni\u00e3o Ordin\u00e1ria<\/a> &#8211; 04\/12\/2018<\/li>\n<li><a href=\"https:\/\/itr.ufrrj.br\/portal\/wp-content\/uploads\/2020\/03\/Ata-78-Reuni\u00e3o-DCEEx-outubro.pdf\">78\u00aa Reuni\u00e3o Ordin\u00e1ria<\/a>&nbsp;&#8211; 19\/10\/2018<\/li>\n<li><a href=\"https:\/\/itr.ufrrj.br\/portal\/wp-content\/uploads\/2020\/03\/Ata-77-Reuni\u00e3o-DCEEx-setembro.pdf\">77\u00aa Reuni\u00e3o Ordin\u00e1ria<\/a>&nbsp;&#8211; 13\/09\/2018<\/li>\n<li><a href=\"https:\/\/itr.ufrrj.br\/portal\/wp-content\/uploads\/2020\/09\/8-RE.pdf\">8\u00aa Reuni\u00e3o Extraordin\u00e1ria<\/a> &#8211; 13\/09\/2018<\/li>\n<li><a href=\"https:\/\/itr.ufrrj.br\/portal\/wp-content\/uploads\/2020\/03\/Ata-76-Reuni\u00e3o-DCEEx-agosto.pdf\">76\u00aa Reuni\u00e3o Ordin\u00e1ria<\/a>&nbsp;&#8211; 15\/08\/2018<\/li>\n<li><a href=\"https:\/\/itr.ufrrj.br\/portal\/wp-content\/uploads\/2020\/03\/Ata-75-Reuni\u00e3o-DCEEx-junho.pdf\">75\u00aa Reuni\u00e3o Ordin\u00e1ria<\/a>&nbsp;&#8211; 11\/06\/2018<\/li>\n<li><a href=\"https:\/\/itr.ufrrj.br\/portal\/wp-content\/uploads\/2020\/03\/Ata-74-Reuni\u00e3o-DCEEx-maio.pdf\">74\u00aa Reuni\u00e3o Ordin\u00e1ria<\/a>&nbsp;&#8211; 18\/05\/2018<\/li>\n<li><a href=\"https:\/\/itr.ufrrj.br\/portal\/wp-content\/uploads\/2020\/03\/Ata-73-Reuni\u00e3o-DCEEx-abril.pdf\">73\u00aa Reuni\u00e3o Ordin\u00e1ria<\/a>&nbsp;&#8211; 12\/04\/2018<\/li>\n<li><a href=\"https:\/\/itr.ufrrj.br\/portal\/wp-content\/uploads\/2020\/03\/Ata-72-Reuni\u00e3o-DCEEx-mar\u00e7o.pdf\">72\u00aa Reuni\u00e3o Ordin\u00e1ria<\/a>&nbsp;&#8211; 14\/03\/2018<\/li>\n<\/ul>\n\n\n\n<h2 class=\"wp-block-heading\">2017<\/h2>\n\n\n\n<ul>\n<li><a href=\"https:\/\/itr.ufrrj.br\/portal\/wp-content\/uploads\/2020\/04\/Ata-71-Reuni\u00e3o-DCEEx-dezembro.pdf\">71\u00aa Reuni\u00e3o Ordin\u00e1ria<\/a> &#8211; 12\/12\/2017<\/li>\n<li><a href=\"https:\/\/itr.ufrrj.br\/portal\/wp-content\/uploads\/2020\/04\/Ata-70a-Reuni\u00e3o-DCEEx-novembro.pdf\">70\u00aa Reuni\u00e3o Ordin\u00e1ria<\/a>&nbsp;&#8211; 06\/11\/2017<\/li>\n<li><a href=\"https:\/\/itr.ufrrj.br\/portal\/wp-content\/uploads\/2020\/04\/Ata-69-Reuni\u00e3o-DCEEx-outubro.pdf\">69\u00aa Reuni\u00e3o Ordin\u00e1ria<\/a> &#8211; 10\/06\/2017<\/li>\n<li><a href=\"https:\/\/itr.ufrrj.br\/portal\/wp-content\/uploads\/2020\/09\/7-RE.pdf\">7\u00aa Reuni\u00e3o Extraordin\u00e1ria<\/a> &#8211; 19\/09\/2017<\/li>\n<li><a href=\"https:\/\/itr.ufrrj.br\/portal\/wp-content\/uploads\/2020\/04\/Ata-68-Reuni\u00e3o-DCEEx-setembro.pdf\">68\u00aa Reuni\u00e3o Ordin\u00e1ria<\/a> &#8211; 05\/09\/2017<\/li>\n<li><a href=\"https:\/\/itr.ufrrj.br\/portal\/wp-content\/uploads\/2020\/04\/Ata-67-Reuni\u00e3o-DCEEx-agosto.pdf\">67\u00aa Reuni\u00e3o Ordin\u00e1ria<\/a> &#8211; 23\/07\/2017<\/li>\n<li><a href=\"https:\/\/itr.ufrrj.br\/portal\/wp-content\/uploads\/2020\/04\/Ata-66-Reuni\u00e3o-DCEEx-julho.pdf\">66\u00aa Reuni\u00e3o Ordin\u00e1ria<\/a> &#8211; 06\/07\/2017<\/li>\n<li><a href=\"https:\/\/itr.ufrrj.br\/portal\/wp-content\/uploads\/2020\/05\/Ata_65_RO_junho.pdf\">65\u00aa Reuni\u00e3o Ordin\u00e1ria<\/a>&nbsp;&#8211; 05\/06\/2017<\/li>\n<li><a href=\"https:\/\/itr.ufrrj.br\/portal\/wp-content\/uploads\/2020\/05\/Ata_64_RO_maio.pdf\">64\u00aa Reuni\u00e3o Ordin\u00e1ria<\/a> &#8211; 08\/05\/2017<\/li>\n<li><a href=\"https:\/\/itr.ufrrj.br\/portal\/wp-content\/uploads\/2020\/05\/Ata_63_RO_abril.pdf\">63\u00aa Reuni\u00e3o Ordin\u00e1ria<\/a>&nbsp;&#8211; 07\/04\/2017<\/li>\n<li><a href=\"https:\/\/itr.ufrrj.br\/portal\/wp-content\/uploads\/2020\/05\/Ata_62_Reuniao_DCEEx.pdf\">62\u00aa Reuni\u00e3o Ordin\u00e1ria<\/a> &#8211; 16\/02\/2017<\/li>\n<\/ul>\n\n\n\n<h2 class=\"wp-block-heading\">2016<\/h2>\n\n\n\n<ul>\n<li><a href=\"https:\/\/itr.ufrrj.br\/portal\/wp-content\/uploads\/2020\/05\/Ata-61a-Reuni\u00e3o-DCEEx-outubro-1.pdf\">61\u00aa Reuni\u00e3o Ordin\u00e1ria<\/a> &#8211; 31\/10\/2016<\/li>\n<li><a href=\"https:\/\/itr.ufrrj.br\/portal\/wp-content\/uploads\/2020\/05\/ata_60_reuniao.pdf\">60\u00aa Reuni\u00e3o Ordin\u00e1ria<\/a> &#8211; 19\/09\/2016<\/li>\n<li><a href=\"https:\/\/itr.ufrrj.br\/portal\/wp-content\/uploads\/2020\/06\/Ata-59a-Reuni\u00e3o-DCEEx-agosto_.pdf\">59\u00aa Reuni\u00e3o Ordin\u00e1ria<\/a>&nbsp;&#8211; 31\/08\/2016<\/li>\n<li><a href=\"https:\/\/itr.ufrrj.br\/portal\/wp-content\/uploads\/2020\/08\/Ata-da-58-Reuniao-DCEEx.pdf\">58\u00aa Reuni\u00e3o Ordin\u00e1ria<\/a>&nbsp;&#8211; 07\/06\/2016<\/li>\n<li><a href=\"https:\/\/itr.ufrrj.br\/portal\/wp-content\/uploads\/2020\/08\/Ata-57\u00aa-Reuni\u00e3o-DCEEx-Maio.pdf\">57\u00aa Reuni\u00e3o Ordin\u00e1ria<\/a>&nbsp;&#8211; 16\/05\/2016<\/li>\n<li><a href=\"https:\/\/itr.ufrrj.br\/portal\/wp-content\/uploads\/2020\/08\/ata-56-reuniao.pdf\">56\u00aa Reuni\u00e3o Ordin\u00e1ria<\/a>&nbsp;&#8211; 08\/04\/2016<\/li>\n<li><a href=\"https:\/\/itr.ufrrj.br\/portal\/wp-content\/uploads\/2020\/08\/Ata-55-Reuniao.pdf\">55\u00aa Reuni\u00e3o Ordin\u00e1ria<\/a>&nbsp;&#8211; 17\/03\/2016<\/li>\n<\/ul>\n\n\n\n<h2 class=\"wp-block-heading\">2015<\/h2>\n\n\n\n<ul>\n<li><a href=\"https:\/\/itr.ufrrj.br\/portal\/wp-content\/uploads\/2020\/08\/49\u00aa-Reuni\u00e3o-DCEE1.pdf\">54\u00aa Reuni\u00e3o Ordin\u00e1ria<\/a>&nbsp;&#8211; 09\/12\/2015<\/li>\n<li><a href=\"https:\/\/itr.ufrrj.br\/portal\/wp-content\/uploads\/2020\/08\/53\u00aa-reuni\u00e3o-DCEE1.pdf\">53\u00aa Reuni\u00e3o Ordin\u00e1ria<\/a>&nbsp;&#8211; 17\/11\/2015<\/li>\n<li><a href=\"https:\/\/itr.ufrrj.br\/portal\/wp-content\/uploads\/2020\/08\/52\u00aa-Reuni\u00e3o-DCEE1.pdf\">52\u00aa Reuni\u00e3o Ordin\u00e1ria<\/a>&nbsp;&#8211; 13\/10\/2015<\/li>\n<li><a href=\"https:\/\/itr.ufrrj.br\/portal\/wp-content\/uploads\/2020\/08\/51\u00aa-Reuni\u00e3o-DCEE0.pdf\">51\u00aa Reuni\u00e3o Ordin\u00e1ria<\/a>&nbsp;&#8211; 11\/09\/2015<\/li>\n<li>50\u00aa Reuni\u00e3o Ordin\u00e1ria<\/li>\n<li><a href=\"https:\/\/itr.ufrrj.br\/portal\/wp-content\/uploads\/2020\/08\/49\u00aa-Reuni\u00e3o-DCEE1.pdf\">49\u00aa Reuni\u00e3o Ordin\u00e1ria<\/a>&nbsp;&#8211; 09\/06\/2015<\/li>\n<li>48\u00aa Reuni\u00e3o Ordin\u00e1ria<\/li>\n<li>47\u00aa Reuni\u00e3o Ordin\u00e1ria<\/li>\n<li>46\u00aa Reuni\u00e3o Ordin\u00e1ria<\/li>\n<\/ul>\n\n\n\n<h2 class=\"wp-block-heading\">2014<\/h2>\n\n\n\n<ul>\n<li><a href=\"https:\/\/itr.ufrrj.br\/portal\/wp-content\/uploads\/2020\/08\/45-RO.pdf\">45\u00aa Reuni\u00e3o Ordin\u00e1ria<\/a>&nbsp;&#8211; 04\/12\/2014<\/li>\n<li>44\u00aa Reuni\u00e3o Ordin\u00e1ria<\/li>\n<li><a href=\"https:\/\/itr.ufrrj.br\/portal\/wp-content\/uploads\/2020\/08\/43-RO.pdf\">43\u00aa Reuni\u00e3o Ordin\u00e1ria<\/a> &#8211; 07\/10\/2014<\/li>\n<li><a href=\"https:\/\/itr.ufrrj.br\/portal\/wp-content\/uploads\/2020\/08\/42-RO.pdf\">42\u00aa Reuni\u00e3o Ordin\u00e1ria<\/a> &#8211; 11\/09\/2014<\/li>\n<li><a href=\"https:\/\/itr.ufrrj.br\/portal\/wp-content\/uploads\/2020\/08\/41-RO.pdf\">41\u00aa Reuni\u00e3o Ordin\u00e1ria<\/a> &#8211; 16\/07\/2014<\/li>\n<li>40\u00aa Reuni\u00e3o Ordin\u00e1ria<\/li>\n<li><a href=\"https:\/\/itr.ufrrj.br\/portal\/wp-content\/uploads\/2020\/08\/39-RO.pdf\">39\u00aa Reuni\u00e3o Ordin\u00e1ria<\/a> &#8211; 06\/05\/2014<\/li>\n<li><a href=\"https:\/\/itr.ufrrj.br\/portal\/wp-content\/uploads\/2020\/08\/38-RO.pdf\">38\u00aa Reuni\u00e3o Ordin\u00e1ria<\/a> &#8211; 04\/04\/2014<\/li>\n<li>37\u00aa Reuni\u00e3o Ordin\u00e1ria<\/li>\n<li><a href=\"https:\/\/itr.ufrrj.br\/portal\/wp-content\/uploads\/2020\/08\/36-RO.pdf\">36\u00aa Reuni\u00e3o Ordin\u00e1ria<\/a> &#8211; 22\/01\/2014<\/li>\n<\/ul>\n\n\n\n<h2 class=\"wp-block-heading\">2013<\/h2>\n\n\n\n<ul>\n<li><a href=\"https:\/\/itr.ufrrj.br\/portal\/wp-content\/uploads\/2020\/08\/35-RO.pdf\">35\u00aa Reuni\u00e3o Ordin\u00e1ria<\/a> &#8211; 28\/11\/2013<\/li>\n<li><a href=\"https:\/\/itr.ufrrj.br\/portal\/wp-content\/uploads\/2020\/08\/34-RO.pdf\">34\u00aa Reuni\u00e3o Ordin\u00e1ria<\/a> &#8211; 23\/10\/2013<\/li>\n<li>33\u00aa Reuni\u00e3o Ordin\u00e1ria<\/li>\n<li><a href=\"https:\/\/itr.ufrrj.br\/portal\/wp-content\/uploads\/2020\/08\/32-RO.pdf\">32\u00aa Reuni\u00e3o Ordin\u00e1ria<\/a> &#8211; 22\/08\/2013<\/li>\n<li><a href=\"https:\/\/itr.ufrrj.br\/portal\/wp-content\/uploads\/2020\/09\/5-R-Extraordinaria.pdf\">5\u00aa Reuni\u00e3o Extraordin\u00e1ria<\/a> &#8211; 17\/07\/2013<\/li>\n<li>31\u00aa Reuin\u00e3o Ordin\u00e1ria<\/li>\n<li><a href=\"https:\/\/itr.ufrrj.br\/portal\/wp-content\/uploads\/2020\/09\/30a-Reuni\u00e3o-Ordin\u00e1ria.pdf\">30\u00aa Reuni\u00e3o Ordin\u00e1ria<\/a> &#8211; 25\/06\/2013<\/li>\n<li><a href=\"https:\/\/itr.ufrrj.br\/portal\/wp-content\/uploads\/2020\/06\/2013-04-17-3\u00aa-Reuni\u00e3o-Extraordin\u00e1ria.pdf\">3\u00aa Reuni\u00e3o Extraordin\u00e1ria<\/a> &#8211; 17\/04\/2013<\/li>\n<\/ul>\n\n\n\n<h2 class=\"wp-block-heading\">2012<\/h2>\n\n\n\n<ul>\n<li><a href=\"https:\/\/itr.ufrrj.br\/portal\/wp-content\/uploads\/2020\/09\/25a-Reuniao-Ordinaria.pdf\">25\u00aa Reuni\u00e3o Ordin\u00e1ria<\/a> &#8211; 19\/10\/2012<\/li>\n<li><a href=\"https:\/\/itr.ufrrj.br\/portal\/wp-content\/uploads\/2020\/09\/24a-Reuniao-Ordinaria.pdf\">24\u00aa Reuni\u00e3o Ordin\u00e1ria<\/a> &#8211; 10\/05\/2012<\/li>\n<li><a href=\"https:\/\/itr.ufrrj.br\/portal\/wp-content\/uploads\/2020\/09\/23a-Reuniao-Ordinaria.pdf\">23\u00aa Reuni\u00e3o Ordin\u00e1ria<\/a> &#8211; 12\/04\/2012<\/li>\n<li><a href=\"https:\/\/itr.ufrrj.br\/portal\/wp-content\/uploads\/2020\/09\/22a-Reuniao-Ordinaria.pdf\">22\u00aa Reuni\u00e3o Ordin\u00e1ria<\/a> &#8211; 20\/03\/2012<\/li>\n<li><a href=\"https:\/\/itr.ufrrj.br\/portal\/wp-content\/uploads\/2020\/06\/2012-11-28-2a-Reuniao-Extraordinaria.pdf\">2\u00aa Reuni\u00e3o Extraordin\u00e1ria<\/a> &#8211; 28\/11\/2012<\/li>\n<li><a href=\"https:\/\/itr.ufrrj.br\/portal\/wp-content\/uploads\/2020\/06\/2012-10-19-1-Reuniao-Extraordinaria.pdf\">1\u00aa Reuni\u00e3o Extraordin\u00e1ria<\/a> &#8211; 19\/10\/2012<\/li>\n<\/ul>\n","protected":false},"excerpt":{"rendered":"<p>Abaixo est\u00e3o disponibilizadas as atas de reuni\u00f5es do Departamento de Ci\u00eancias Exatas 2021 105\u00aa Reuni\u00e3o Ordin\u00e1ria &#8211; 01\/12\/2021 104\u00aa Reuni\u00e3o Ordin\u00e1ria &#8211; 09\/11\/2021 103\u00aa Reuni\u00e3o Ordin\u00e1ria &#8211; 21\/09\/2021 102\u00aa Reuni\u00e3o [&hellip;]<\/p>\n","protected":false},"author":4,"featured_media":0,"parent":31,"menu_order":0,"comment_status":"closed","ping_status":"closed","template":"page-cursos.php","meta":{"_acf_changed":false,"editor_plus_copied_stylings":"{}","footnotes":""},"class_list":["post-10432","page","type-page","status-publish","hentry"],"acf":[],"yoast_head":"<!-- This site is optimized with the Yoast SEO plugin v27.4 - https:\/\/yoast.com\/product\/yoast-seo-wordpress\/ -->\n<title>Atas de Reuni\u00f5es | DCEEx - Campus Tr\u00eas Rios | UFRRJ<\/title>\n<meta name=\"robots\" content=\"index, follow, max-snippet:-1, max-image-preview:large, max-video-preview:-1\" \/>\n<link rel=\"canonical\" href=\"https:\/\/itr.ufrrj.br\/portal\/departamentos\/dceex\/atas-de-reunioes-dceex\/\" \/>\n<meta property=\"og:locale\" content=\"pt_BR\" \/>\n<meta property=\"og:type\" content=\"article\" \/>\n<meta property=\"og:title\" content=\"Atas de Reuni\u00f5es | DCEEx - Campus Tr\u00eas Rios | UFRRJ\" \/>\n<meta property=\"og:description\" content=\"Abaixo est\u00e3o disponibilizadas as atas de reuni\u00f5es do Departamento de Ci\u00eancias Exatas 2021 105\u00aa Reuni\u00e3o Ordin\u00e1ria &#8211; 01\/12\/2021 104\u00aa Reuni\u00e3o Ordin\u00e1ria &#8211; 09\/11\/2021 103\u00aa Reuni\u00e3o Ordin\u00e1ria &#8211; 21\/09\/2021 102\u00aa Reuni\u00e3o [&hellip;]\" \/>\n<meta property=\"og:url\" content=\"https:\/\/itr.ufrrj.br\/portal\/departamentos\/dceex\/atas-de-reunioes-dceex\/\" \/>\n<meta property=\"og:site_name\" content=\"Campus Tr\u00eas Rios | UFRRJ\" \/>\n<meta property=\"article:publisher\" content=\"https:\/\/www.facebook.com\/itr.ufrrj\" \/>\n<meta property=\"article:modified_time\" content=\"2022-02-07T12:53:29+00:00\" \/>\n<meta name=\"twitter:card\" content=\"summary_large_image\" \/>\n<meta name=\"twitter:label1\" content=\"Est. tempo de leitura\" \/>\n\t<meta name=\"twitter:data1\" content=\"3 minutos\" \/>\n<script type=\"application\/ld+json\" class=\"yoast-schema-graph\">{\"@context\":\"https:\\\/\\\/schema.org\",\"@graph\":[{\"@type\":\"WebPage\",\"@id\":\"https:\\\/\\\/itr.ufrrj.br\\\/portal\\\/departamentos\\\/dceex\\\/atas-de-reunioes-dceex\\\/\",\"url\":\"https:\\\/\\\/itr.ufrrj.br\\\/portal\\\/departamentos\\\/dceex\\\/atas-de-reunioes-dceex\\\/\",\"name\":\"Atas de Reuni\u00f5es | DCEEx - Campus Tr\u00eas Rios | UFRRJ\",\"isPartOf\":{\"@id\":\"https:\\\/\\\/itr.ufrrj.br\\\/portal\\\/#website\"},\"datePublished\":\"2020-03-13T18:19:03+00:00\",\"dateModified\":\"2022-02-07T12:53:29+00:00\",\"breadcrumb\":{\"@id\":\"https:\\\/\\\/itr.ufrrj.br\\\/portal\\\/departamentos\\\/dceex\\\/atas-de-reunioes-dceex\\\/#breadcrumb\"},\"inLanguage\":\"pt-BR\",\"potentialAction\":[{\"@type\":\"ReadAction\",\"target\":[\"https:\\\/\\\/itr.ufrrj.br\\\/portal\\\/departamentos\\\/dceex\\\/atas-de-reunioes-dceex\\\/\"]}]},{\"@type\":\"BreadcrumbList\",\"@id\":\"https:\\\/\\\/itr.ufrrj.br\\\/portal\\\/departamentos\\\/dceex\\\/atas-de-reunioes-dceex\\\/#breadcrumb\",\"itemListElement\":[{\"@type\":\"ListItem\",\"position\":1,\"name\":\"In\u00edcio\",\"item\":\"https:\\\/\\\/itr.ufrrj.br\\\/portal\\\/\"},{\"@type\":\"ListItem\",\"position\":2,\"name\":\"Departamentos\",\"item\":\"https:\\\/\\\/itr.ufrrj.br\\\/portal\\\/departamentos\\\/\"},{\"@type\":\"ListItem\",\"position\":3,\"name\":\"DCEEx\",\"item\":\"https:\\\/\\\/itr.ufrrj.br\\\/portal\\\/departamentos\\\/dceex\\\/\"},{\"@type\":\"ListItem\",\"position\":4,\"name\":\"Atas de Reuni\u00f5es | DCEEx\"}]},{\"@type\":\"WebSite\",\"@id\":\"https:\\\/\\\/itr.ufrrj.br\\\/portal\\\/#website\",\"url\":\"https:\\\/\\\/itr.ufrrj.br\\\/portal\\\/\",\"name\":\"Campus Tr\u00eas Rios | UFRRJ\",\"description\":\"Localizado na cidade de Tr\u00eas Rios - RJ\",\"publisher\":{\"@id\":\"https:\\\/\\\/itr.ufrrj.br\\\/portal\\\/#organization\"},\"potentialAction\":[{\"@type\":\"SearchAction\",\"target\":{\"@type\":\"EntryPoint\",\"urlTemplate\":\"https:\\\/\\\/itr.ufrrj.br\\\/portal\\\/?s={search_term_string}\"},\"query-input\":{\"@type\":\"PropertyValueSpecification\",\"valueRequired\":true,\"valueName\":\"search_term_string\"}}],\"inLanguage\":\"pt-BR\"},{\"@type\":\"Organization\",\"@id\":\"https:\\\/\\\/itr.ufrrj.br\\\/portal\\\/#organization\",\"name\":\"Instituto Tr\u00eas Rios\\\/UFRRJ\",\"url\":\"https:\\\/\\\/itr.ufrrj.br\\\/portal\\\/\",\"logo\":{\"@type\":\"ImageObject\",\"inLanguage\":\"pt-BR\",\"@id\":\"https:\\\/\\\/itr.ufrrj.br\\\/portal\\\/#\\\/schema\\\/logo\\\/image\\\/\",\"url\":\"https:\\\/\\\/itr.ufrrj.br\\\/portal\\\/wp-content\\\/uploads\\\/2020\\\/04\\\/logo-institutotresrios-ufrrj.png\",\"contentUrl\":\"https:\\\/\\\/itr.ufrrj.br\\\/portal\\\/wp-content\\\/uploads\\\/2020\\\/04\\\/logo-institutotresrios-ufrrj.png\",\"width\":1067,\"height\":240,\"caption\":\"Instituto Tr\u00eas Rios\\\/UFRRJ\"},\"image\":{\"@id\":\"https:\\\/\\\/itr.ufrrj.br\\\/portal\\\/#\\\/schema\\\/logo\\\/image\\\/\"},\"sameAs\":[\"https:\\\/\\\/www.facebook.com\\\/itr.ufrrj\"]}]}<\/script>\n<!-- \/ Yoast SEO plugin. -->","yoast_head_json":{"title":"Atas de Reuni\u00f5es | DCEEx - Campus Tr\u00eas Rios | UFRRJ","robots":{"index":"index","follow":"follow","max-snippet":"max-snippet:-1","max-image-preview":"max-image-preview:large","max-video-preview":"max-video-preview:-1"},"canonical":"https:\/\/itr.ufrrj.br\/portal\/departamentos\/dceex\/atas-de-reunioes-dceex\/","og_locale":"pt_BR","og_type":"article","og_title":"Atas de Reuni\u00f5es | DCEEx - Campus Tr\u00eas Rios | UFRRJ","og_description":"Abaixo est\u00e3o disponibilizadas as atas de reuni\u00f5es do Departamento de Ci\u00eancias Exatas 2021 105\u00aa Reuni\u00e3o Ordin\u00e1ria &#8211; 01\/12\/2021 104\u00aa Reuni\u00e3o Ordin\u00e1ria &#8211; 09\/11\/2021 103\u00aa Reuni\u00e3o Ordin\u00e1ria &#8211; 21\/09\/2021 102\u00aa Reuni\u00e3o [&hellip;]","og_url":"https:\/\/itr.ufrrj.br\/portal\/departamentos\/dceex\/atas-de-reunioes-dceex\/","og_site_name":"Campus Tr\u00eas Rios | UFRRJ","article_publisher":"https:\/\/www.facebook.com\/itr.ufrrj","article_modified_time":"2022-02-07T12:53:29+00:00","twitter_card":"summary_large_image","twitter_misc":{"Est. tempo de leitura":"3 minutos"},"schema":{"@context":"https:\/\/schema.org","@graph":[{"@type":"WebPage","@id":"https:\/\/itr.ufrrj.br\/portal\/departamentos\/dceex\/atas-de-reunioes-dceex\/","url":"https:\/\/itr.ufrrj.br\/portal\/departamentos\/dceex\/atas-de-reunioes-dceex\/","name":"Atas de Reuni\u00f5es | DCEEx - Campus Tr\u00eas Rios | UFRRJ","isPartOf":{"@id":"https:\/\/itr.ufrrj.br\/portal\/#website"},"datePublished":"2020-03-13T18:19:03+00:00","dateModified":"2022-02-07T12:53:29+00:00","breadcrumb":{"@id":"https:\/\/itr.ufrrj.br\/portal\/departamentos\/dceex\/atas-de-reunioes-dceex\/#breadcrumb"},"inLanguage":"pt-BR","potentialAction":[{"@type":"ReadAction","target":["https:\/\/itr.ufrrj.br\/portal\/departamentos\/dceex\/atas-de-reunioes-dceex\/"]}]},{"@type":"BreadcrumbList","@id":"https:\/\/itr.ufrrj.br\/portal\/departamentos\/dceex\/atas-de-reunioes-dceex\/#breadcrumb","itemListElement":[{"@type":"ListItem","position":1,"name":"In\u00edcio","item":"https:\/\/itr.ufrrj.br\/portal\/"},{"@type":"ListItem","position":2,"name":"Departamentos","item":"https:\/\/itr.ufrrj.br\/portal\/departamentos\/"},{"@type":"ListItem","position":3,"name":"DCEEx","item":"https:\/\/itr.ufrrj.br\/portal\/departamentos\/dceex\/"},{"@type":"ListItem","position":4,"name":"Atas de Reuni\u00f5es | DCEEx"}]},{"@type":"WebSite","@id":"https:\/\/itr.ufrrj.br\/portal\/#website","url":"https:\/\/itr.ufrrj.br\/portal\/","name":"Campus Tr\u00eas Rios | UFRRJ","description":"Localizado na cidade de Tr\u00eas Rios - RJ","publisher":{"@id":"https:\/\/itr.ufrrj.br\/portal\/#organization"},"potentialAction":[{"@type":"SearchAction","target":{"@type":"EntryPoint","urlTemplate":"https:\/\/itr.ufrrj.br\/portal\/?s={search_term_string}"},"query-input":{"@type":"PropertyValueSpecification","valueRequired":true,"valueName":"search_term_string"}}],"inLanguage":"pt-BR"},{"@type":"Organization","@id":"https:\/\/itr.ufrrj.br\/portal\/#organization","name":"Instituto Tr\u00eas Rios\/UFRRJ","url":"https:\/\/itr.ufrrj.br\/portal\/","logo":{"@type":"ImageObject","inLanguage":"pt-BR","@id":"https:\/\/itr.ufrrj.br\/portal\/#\/schema\/logo\/image\/","url":"https:\/\/itr.ufrrj.br\/portal\/wp-content\/uploads\/2020\/04\/logo-institutotresrios-ufrrj.png","contentUrl":"https:\/\/itr.ufrrj.br\/portal\/wp-content\/uploads\/2020\/04\/logo-institutotresrios-ufrrj.png","width":1067,"height":240,"caption":"Instituto Tr\u00eas Rios\/UFRRJ"},"image":{"@id":"https:\/\/itr.ufrrj.br\/portal\/#\/schema\/logo\/image\/"},"sameAs":["https:\/\/www.facebook.com\/itr.ufrrj"]}]}},"jetpack_sharing_enabled":true,"amp_enabled":false,"_links":{"self":[{"href":"https:\/\/itr.ufrrj.br\/portal\/wp-json\/wp\/v2\/pages\/10432","targetHints":{"allow":["GET"]}}],"collection":[{"href":"https:\/\/itr.ufrrj.br\/portal\/wp-json\/wp\/v2\/pages"}],"about":[{"href":"https:\/\/itr.ufrrj.br\/portal\/wp-json\/wp\/v2\/types\/page"}],"author":[{"embeddable":true,"href":"https:\/\/itr.ufrrj.br\/portal\/wp-json\/wp\/v2\/users\/4"}],"replies":[{"embeddable":true,"href":"https:\/\/itr.ufrrj.br\/portal\/wp-json\/wp\/v2\/comments?post=10432"}],"version-history":[{"count":39,"href":"https:\/\/itr.ufrrj.br\/portal\/wp-json\/wp\/v2\/pages\/10432\/revisions"}],"predecessor-version":[{"id":12694,"href":"https:\/\/itr.ufrrj.br\/portal\/wp-json\/wp\/v2\/pages\/10432\/revisions\/12694"}],"up":[{"embeddable":true,"href":"https:\/\/itr.ufrrj.br\/portal\/wp-json\/wp\/v2\/pages\/31"}],"wp:attachment":[{"href":"https:\/\/itr.ufrrj.br\/portal\/wp-json\/wp\/v2\/media?parent=10432"}],"curies":[{"name":"wp","href":"https:\/\/api.w.org\/{rel}","templated":true}]}}