{"id":10116,"date":"2019-11-06T09:52:47","date_gmt":"2019-11-06T12:52:47","guid":{"rendered":"https:\/\/itr.ufrrj.br\/portal\/?page_id=10116"},"modified":"2020-03-09T11:39:35","modified_gmt":"2020-03-09T14:39:35","slug":"achados-e-perdidos-no-campus-tres-rios","status":"publish","type":"page","link":"https:\/\/itr.ufrrj.br\/portal\/achados-e-perdidos-no-campus-tres-rios\/","title":{"rendered":"Achados e perdidos no Campus Tr\u00eas Rios"},"content":{"rendered":"\n<p>A seguir est\u00e3o itens e documentos que foram encontrados no Campus Tr\u00eas Rios, ou deixados na vigil\u00e2ncia do pr\u00e9dio.<\/p>\n\n\n\n<ul class=\"wp-block-list\"><li><strong>SACOLA VERDE CONTENDO &#8211; NOVO <\/strong><ul><li><strong>5kg de arroz Bom Prato<\/strong><\/li><\/ul><\/li><li><strong>TUPPERWARE transparente com tampa verde &#8211; NOVO<\/strong><\/li><li><strong>CANECA verde e branca (Casual Home) &#8211; NOVO<\/strong><\/li><li>CART\u00c3O DO BANCO ITA\u00da &#8211; DESDE 09\/MAIO\/2019<\/li><li>APAGADOR\/VMP DE COR AZUL E PRETO<\/li><li>COPO 700ML COR VERMELHO MARVEL\/THOR COM CANUDO<\/li><li>COPO 700ML COR PRETO MAX TITANIUM<\/li><li>CANECA BRANCA ESCRITO \u201cGRATID\u00c3O MUDA TUDO\u201d<\/li><li>CONTROLE REMOTO BRANCO \u2013 NEC\/RD-443E<\/li><li>CADERNO DE MAT\u00c9RIA \u2013 OFFICE BASICS COM ESTAMPE DE CORA\u00c7\u00d5ES \u2013 MAT\u00c9RIA DE ECONOMIA<\/li><li>CADERNO DE MAT\u00c9RIA \u2013 AZUL COM DESENHO DE BOCA E PIPOCA \u2013 MAT\u00c9RIA MEIO AMBIENTE<\/li><li>CADERNO DE MAT\u00c9RIA \u2013 DE COR BRANCA \u2013 MOTOR CLUB<\/li><li>LIVRO \u2013 BIOGRAFIAS N\u00c3O AUTORIZADAS \u2013 LIBERDADE DE EXPRESS\u00c3O EM CONFRONTO COM O DIREITO DE PROTE\u00c7\u00c3O A INTIMIDADE \u2013 LUDMILLA ELYSEU<ul><li>CASACO DE MALHA COM FECHO DE COR PRETA<\/li><\/ul><\/li><li>PASTA ROSA, contendo: Diversas folhas de de estudo.<\/li><li>ENVELOPE PARDO TAMANHO A4, contendo:<ul><li>pr\u00e9-contrato em nome de Victor Augusto C. de Souza Martins<\/li><\/ul><\/li><li>PASTA ROSA, contendo:<ul><li>pr\u00e9-contrato em nome de Aline da Silva Olimpio dos Santos<\/li><\/ul><\/li><\/ul>\n\n\n\n<p><\/p>\n\n\n","protected":false},"excerpt":{"rendered":"<p>A seguir est\u00e3o itens e documentos que foram encontrados no Campus Tr\u00eas Rios, ou deixados na vigil\u00e2ncia do pr\u00e9dio. SACOLA VERDE CONTENDO &#8211; NOVO 5kg de arroz Bom Prato TUPPERWARE [&hellip;]<\/p>\n","protected":false},"author":4,"featured_media":0,"parent":0,"menu_order":0,"comment_status":"open","ping_status":"closed","template":"","meta":{"_acf_changed":false,"editor_plus_copied_stylings":"{}","footnotes":""},"class_list":["post-10116","page","type-page","status-publish","hentry"],"acf":[],"yoast_head":"<!-- This site is optimized with the Yoast SEO plugin v27.4 - https:\/\/yoast.com\/product\/yoast-seo-wordpress\/ -->\n<title>Achados e perdidos no Campus Tr\u00eas Rios - Campus Tr\u00eas Rios | UFRRJ<\/title>\n<meta name=\"robots\" content=\"index, follow, max-snippet:-1, max-image-preview:large, max-video-preview:-1\" \/>\n<link rel=\"canonical\" href=\"https:\/\/itr.ufrrj.br\/portal\/achados-e-perdidos-no-campus-tres-rios\/\" \/>\n<meta property=\"og:locale\" content=\"pt_BR\" \/>\n<meta property=\"og:type\" content=\"article\" \/>\n<meta property=\"og:title\" content=\"Achados e perdidos no Campus Tr\u00eas Rios - Campus Tr\u00eas Rios | UFRRJ\" \/>\n<meta property=\"og:description\" content=\"A seguir est\u00e3o itens e documentos que foram encontrados no Campus Tr\u00eas Rios, ou deixados na vigil\u00e2ncia do pr\u00e9dio. SACOLA VERDE CONTENDO &#8211; NOVO 5kg de arroz Bom Prato TUPPERWARE [&hellip;]\" \/>\n<meta property=\"og:url\" content=\"https:\/\/itr.ufrrj.br\/portal\/achados-e-perdidos-no-campus-tres-rios\/\" \/>\n<meta property=\"og:site_name\" content=\"Campus Tr\u00eas Rios | UFRRJ\" \/>\n<meta property=\"article:publisher\" content=\"https:\/\/www.facebook.com\/itr.ufrrj\" \/>\n<meta property=\"article:modified_time\" content=\"2020-03-09T14:39:35+00:00\" \/>\n<meta name=\"twitter:card\" content=\"summary_large_image\" \/>\n<meta name=\"twitter:label1\" content=\"Est. tempo de leitura\" \/>\n\t<meta name=\"twitter:data1\" content=\"1 minuto\" \/>\n<script type=\"application\/ld+json\" class=\"yoast-schema-graph\">{\"@context\":\"https:\\\/\\\/schema.org\",\"@graph\":[{\"@type\":\"WebPage\",\"@id\":\"https:\\\/\\\/itr.ufrrj.br\\\/portal\\\/achados-e-perdidos-no-campus-tres-rios\\\/\",\"url\":\"https:\\\/\\\/itr.ufrrj.br\\\/portal\\\/achados-e-perdidos-no-campus-tres-rios\\\/\",\"name\":\"Achados e perdidos no Campus Tr\u00eas Rios - Campus Tr\u00eas Rios | UFRRJ\",\"isPartOf\":{\"@id\":\"https:\\\/\\\/itr.ufrrj.br\\\/portal\\\/#website\"},\"datePublished\":\"2019-11-06T12:52:47+00:00\",\"dateModified\":\"2020-03-09T14:39:35+00:00\",\"breadcrumb\":{\"@id\":\"https:\\\/\\\/itr.ufrrj.br\\\/portal\\\/achados-e-perdidos-no-campus-tres-rios\\\/#breadcrumb\"},\"inLanguage\":\"pt-BR\",\"potentialAction\":[{\"@type\":\"ReadAction\",\"target\":[\"https:\\\/\\\/itr.ufrrj.br\\\/portal\\\/achados-e-perdidos-no-campus-tres-rios\\\/\"]}]},{\"@type\":\"BreadcrumbList\",\"@id\":\"https:\\\/\\\/itr.ufrrj.br\\\/portal\\\/achados-e-perdidos-no-campus-tres-rios\\\/#breadcrumb\",\"itemListElement\":[{\"@type\":\"ListItem\",\"position\":1,\"name\":\"In\u00edcio\",\"item\":\"https:\\\/\\\/itr.ufrrj.br\\\/portal\\\/\"},{\"@type\":\"ListItem\",\"position\":2,\"name\":\"Achados e perdidos no Campus Tr\u00eas Rios\"}]},{\"@type\":\"WebSite\",\"@id\":\"https:\\\/\\\/itr.ufrrj.br\\\/portal\\\/#website\",\"url\":\"https:\\\/\\\/itr.ufrrj.br\\\/portal\\\/\",\"name\":\"Campus Tr\u00eas Rios | UFRRJ\",\"description\":\"Localizado na cidade de Tr\u00eas Rios - RJ\",\"publisher\":{\"@id\":\"https:\\\/\\\/itr.ufrrj.br\\\/portal\\\/#organization\"},\"potentialAction\":[{\"@type\":\"SearchAction\",\"target\":{\"@type\":\"EntryPoint\",\"urlTemplate\":\"https:\\\/\\\/itr.ufrrj.br\\\/portal\\\/?s={search_term_string}\"},\"query-input\":{\"@type\":\"PropertyValueSpecification\",\"valueRequired\":true,\"valueName\":\"search_term_string\"}}],\"inLanguage\":\"pt-BR\"},{\"@type\":\"Organization\",\"@id\":\"https:\\\/\\\/itr.ufrrj.br\\\/portal\\\/#organization\",\"name\":\"Instituto Tr\u00eas Rios\\\/UFRRJ\",\"url\":\"https:\\\/\\\/itr.ufrrj.br\\\/portal\\\/\",\"logo\":{\"@type\":\"ImageObject\",\"inLanguage\":\"pt-BR\",\"@id\":\"https:\\\/\\\/itr.ufrrj.br\\\/portal\\\/#\\\/schema\\\/logo\\\/image\\\/\",\"url\":\"https:\\\/\\\/itr.ufrrj.br\\\/portal\\\/wp-content\\\/uploads\\\/2020\\\/04\\\/logo-institutotresrios-ufrrj.png\",\"contentUrl\":\"https:\\\/\\\/itr.ufrrj.br\\\/portal\\\/wp-content\\\/uploads\\\/2020\\\/04\\\/logo-institutotresrios-ufrrj.png\",\"width\":1067,\"height\":240,\"caption\":\"Instituto Tr\u00eas Rios\\\/UFRRJ\"},\"image\":{\"@id\":\"https:\\\/\\\/itr.ufrrj.br\\\/portal\\\/#\\\/schema\\\/logo\\\/image\\\/\"},\"sameAs\":[\"https:\\\/\\\/www.facebook.com\\\/itr.ufrrj\"]}]}<\/script>\n<!-- \/ Yoast SEO plugin. -->","yoast_head_json":{"title":"Achados e perdidos no Campus Tr\u00eas Rios - Campus Tr\u00eas Rios | UFRRJ","robots":{"index":"index","follow":"follow","max-snippet":"max-snippet:-1","max-image-preview":"max-image-preview:large","max-video-preview":"max-video-preview:-1"},"canonical":"https:\/\/itr.ufrrj.br\/portal\/achados-e-perdidos-no-campus-tres-rios\/","og_locale":"pt_BR","og_type":"article","og_title":"Achados e perdidos no Campus Tr\u00eas Rios - Campus Tr\u00eas Rios | UFRRJ","og_description":"A seguir est\u00e3o itens e documentos que foram encontrados no Campus Tr\u00eas Rios, ou deixados na vigil\u00e2ncia do pr\u00e9dio. SACOLA VERDE CONTENDO &#8211; NOVO 5kg de arroz Bom Prato TUPPERWARE [&hellip;]","og_url":"https:\/\/itr.ufrrj.br\/portal\/achados-e-perdidos-no-campus-tres-rios\/","og_site_name":"Campus Tr\u00eas Rios | UFRRJ","article_publisher":"https:\/\/www.facebook.com\/itr.ufrrj","article_modified_time":"2020-03-09T14:39:35+00:00","twitter_card":"summary_large_image","twitter_misc":{"Est. tempo de leitura":"1 minuto"},"schema":{"@context":"https:\/\/schema.org","@graph":[{"@type":"WebPage","@id":"https:\/\/itr.ufrrj.br\/portal\/achados-e-perdidos-no-campus-tres-rios\/","url":"https:\/\/itr.ufrrj.br\/portal\/achados-e-perdidos-no-campus-tres-rios\/","name":"Achados e perdidos no Campus Tr\u00eas Rios - Campus Tr\u00eas Rios | UFRRJ","isPartOf":{"@id":"https:\/\/itr.ufrrj.br\/portal\/#website"},"datePublished":"2019-11-06T12:52:47+00:00","dateModified":"2020-03-09T14:39:35+00:00","breadcrumb":{"@id":"https:\/\/itr.ufrrj.br\/portal\/achados-e-perdidos-no-campus-tres-rios\/#breadcrumb"},"inLanguage":"pt-BR","potentialAction":[{"@type":"ReadAction","target":["https:\/\/itr.ufrrj.br\/portal\/achados-e-perdidos-no-campus-tres-rios\/"]}]},{"@type":"BreadcrumbList","@id":"https:\/\/itr.ufrrj.br\/portal\/achados-e-perdidos-no-campus-tres-rios\/#breadcrumb","itemListElement":[{"@type":"ListItem","position":1,"name":"In\u00edcio","item":"https:\/\/itr.ufrrj.br\/portal\/"},{"@type":"ListItem","position":2,"name":"Achados e perdidos no Campus Tr\u00eas Rios"}]},{"@type":"WebSite","@id":"https:\/\/itr.ufrrj.br\/portal\/#website","url":"https:\/\/itr.ufrrj.br\/portal\/","name":"Campus Tr\u00eas Rios | UFRRJ","description":"Localizado na cidade de Tr\u00eas Rios - RJ","publisher":{"@id":"https:\/\/itr.ufrrj.br\/portal\/#organization"},"potentialAction":[{"@type":"SearchAction","target":{"@type":"EntryPoint","urlTemplate":"https:\/\/itr.ufrrj.br\/portal\/?s={search_term_string}"},"query-input":{"@type":"PropertyValueSpecification","valueRequired":true,"valueName":"search_term_string"}}],"inLanguage":"pt-BR"},{"@type":"Organization","@id":"https:\/\/itr.ufrrj.br\/portal\/#organization","name":"Instituto Tr\u00eas Rios\/UFRRJ","url":"https:\/\/itr.ufrrj.br\/portal\/","logo":{"@type":"ImageObject","inLanguage":"pt-BR","@id":"https:\/\/itr.ufrrj.br\/portal\/#\/schema\/logo\/image\/","url":"https:\/\/itr.ufrrj.br\/portal\/wp-content\/uploads\/2020\/04\/logo-institutotresrios-ufrrj.png","contentUrl":"https:\/\/itr.ufrrj.br\/portal\/wp-content\/uploads\/2020\/04\/logo-institutotresrios-ufrrj.png","width":1067,"height":240,"caption":"Instituto Tr\u00eas Rios\/UFRRJ"},"image":{"@id":"https:\/\/itr.ufrrj.br\/portal\/#\/schema\/logo\/image\/"},"sameAs":["https:\/\/www.facebook.com\/itr.ufrrj"]}]}},"jetpack_sharing_enabled":true,"amp_enabled":true,"_links":{"self":[{"href":"https:\/\/itr.ufrrj.br\/portal\/wp-json\/wp\/v2\/pages\/10116","targetHints":{"allow":["GET"]}}],"collection":[{"href":"https:\/\/itr.ufrrj.br\/portal\/wp-json\/wp\/v2\/pages"}],"about":[{"href":"https:\/\/itr.ufrrj.br\/portal\/wp-json\/wp\/v2\/types\/page"}],"author":[{"embeddable":true,"href":"https:\/\/itr.ufrrj.br\/portal\/wp-json\/wp\/v2\/users\/4"}],"replies":[{"embeddable":true,"href":"https:\/\/itr.ufrrj.br\/portal\/wp-json\/wp\/v2\/comments?post=10116"}],"version-history":[{"count":4,"href":"https:\/\/itr.ufrrj.br\/portal\/wp-json\/wp\/v2\/pages\/10116\/revisions"}],"predecessor-version":[{"id":10402,"href":"https:\/\/itr.ufrrj.br\/portal\/wp-json\/wp\/v2\/pages\/10116\/revisions\/10402"}],"wp:attachment":[{"href":"https:\/\/itr.ufrrj.br\/portal\/wp-json\/wp\/v2\/media?parent=10116"}],"curies":[{"name":"wp","href":"https:\/\/api.w.org\/{rel}","templated":true}]}}