{"id":100,"date":"2017-06-29T11:07:33","date_gmt":"2017-06-29T14:07:33","guid":{"rendered":"http:\/\/itr.ufrrj.br\/egressos\/?page_id=100"},"modified":"2017-06-29T11:07:33","modified_gmt":"2017-06-29T14:07:33","slug":"perfil-dos-egressos","status":"publish","type":"page","link":"https:\/\/itr.ufrrj.br\/egressos\/perfil-dos-egressos\/","title":{"rendered":"Perfil dos Egressos"},"content":{"rendered":"<p style=\"text-align: justify;\"><strong>O profissional<\/strong><\/p>\n<p style=\"text-align: justify;\">O Gestor Ambiental deve ser algu\u00e9m capaz de compreender a complexidade envolvida na tem\u00e1tica ambiental, a fim de\u00a0\u00a0propor solu\u00e7\u00f5es aos conflitos socioambientais. \u00c9 poss\u00edvel atuar no desenvolvimento de pesquisa, no ensino superior, na ind\u00fastria, dentre outros. O profissional deve contemplar novas rela\u00e7\u00f5es de trabalho, novos conhecimentos e avan\u00e7os da tecnologia.\u00a0Os portadores de diploma de bacharel em Gest\u00e3o Ambiental poder\u00e3o desenvolver as seguintes atividades:<\/p>\n<ul>\n<li style=\"text-align: justify;\">educa\u00e7\u00e3o ambiental: coordenar estudos e atividades nos\u00a0quais o indiv\u00edduo e a coletividade construam valores sociais, conhecimentos, habilidades, atitudes e compet\u00eancias voltadas para a conserva\u00e7\u00e3o do meio ambiente, essencial \u00e0 qualidade de vida e sua sustentabilidade;<\/li>\n<li style=\"text-align: justify;\">controle ambiental: gerenciar e executar projetos de controle de polui\u00e7\u00e3o ambiental; participar de programas de reflorestamento ou recupera\u00e7\u00e3o de florestas;<\/li>\n<li style=\"text-align: justify;\">pesquisa: formular e elaborar estudo, projeto ou pesquisa cient\u00edfica b\u00e1sica e aplicada em diferentes meios no \u00e2mbito socioecon\u00f4mico e ambiental;<\/li>\n<li style=\"text-align: justify;\">consultoria ambiental: coordenar, assessorar e executar consultoria para empresas, ind\u00fastrias, entidades aut\u00e1rquicas, privadas ou do poder p\u00fablico;<\/li>\n<li style=\"text-align: justify;\">auxiliar em per\u00edcias ambientais: realizar per\u00edcias e emitir laudos t\u00e9cnicos e pareceres;<\/li>\n<\/ul>\n","protected":false},"excerpt":{"rendered":"<p>O profissional O Gestor Ambiental deve ser algu\u00e9m capaz de compreender a complexidade envolvida na tem\u00e1tica ambiental, a fim de\u00a0\u00a0propor solu\u00e7\u00f5es aos conflitos socioambientais. \u00c9 poss\u00edvel atuar no desenvolvimento de pesquisa, no ensino superior, na ind\u00fastria, dentre outros. O profissional deve contemplar novas rela\u00e7\u00f5es de trabalho, novos conhecimentos e avan\u00e7os da tecnologia.\u00a0Os portadores de diploma [&hellip;]<\/p>\n","protected":false},"author":2,"featured_media":0,"parent":0,"menu_order":0,"comment_status":"closed","ping_status":"closed","template":"","meta":{"_acf_changed":false,"_mi_skip_tracking":false,"footnotes":""},"class_list":["post-100","page","type-page","status-publish","hentry"],"acf":[],"yoast_head":"<!-- This site is optimized with the Yoast SEO plugin v27.3 - https:\/\/yoast.com\/product\/yoast-seo-wordpress\/ -->\n<title>Perfil dos Egressos - Programa de Acompanhamento de Egressos do Curso de Gest\u00e3o Ambiental do ITR\/UFRRJ<\/title>\n<meta name=\"robots\" content=\"index, follow, max-snippet:-1, max-image-preview:large, max-video-preview:-1\" \/>\n<link rel=\"canonical\" href=\"https:\/\/itr.ufrrj.br\/egressos\/perfil-dos-egressos\/\" \/>\n<meta property=\"og:locale\" content=\"pt_BR\" \/>\n<meta property=\"og:type\" content=\"article\" \/>\n<meta property=\"og:title\" content=\"Perfil dos Egressos - Programa de Acompanhamento de Egressos do Curso de Gest\u00e3o Ambiental do ITR\/UFRRJ\" \/>\n<meta property=\"og:description\" content=\"O profissional O Gestor Ambiental deve ser algu\u00e9m capaz de compreender a complexidade envolvida na tem\u00e1tica ambiental, a fim de\u00a0\u00a0propor solu\u00e7\u00f5es aos conflitos socioambientais. \u00c9 poss\u00edvel atuar no desenvolvimento de pesquisa, no ensino superior, na ind\u00fastria, dentre outros. O profissional deve contemplar novas rela\u00e7\u00f5es de trabalho, novos conhecimentos e avan\u00e7os da tecnologia.\u00a0Os portadores de diploma [&hellip;]\" \/>\n<meta property=\"og:url\" content=\"https:\/\/itr.ufrrj.br\/egressos\/perfil-dos-egressos\/\" \/>\n<meta property=\"og:site_name\" content=\"Programa de Acompanhamento de Egressos do Curso de Gest\u00e3o Ambiental do ITR\/UFRRJ\" \/>\n<meta name=\"twitter:card\" content=\"summary_large_image\" \/>\n<meta name=\"twitter:label1\" content=\"Est. tempo de leitura\" \/>\n\t<meta name=\"twitter:data1\" content=\"1 minuto\" \/>\n<script type=\"application\/ld+json\" class=\"yoast-schema-graph\">{\"@context\":\"https:\\\/\\\/schema.org\",\"@graph\":[{\"@type\":\"WebPage\",\"@id\":\"https:\\\/\\\/itr.ufrrj.br\\\/egressos\\\/perfil-dos-egressos\\\/\",\"url\":\"https:\\\/\\\/itr.ufrrj.br\\\/egressos\\\/perfil-dos-egressos\\\/\",\"name\":\"Perfil dos Egressos - Programa de Acompanhamento de Egressos do Curso de Gest\u00e3o Ambiental do ITR\\\/UFRRJ\",\"isPartOf\":{\"@id\":\"https:\\\/\\\/itr.ufrrj.br\\\/egressos\\\/#website\"},\"datePublished\":\"2017-06-29T14:07:33+00:00\",\"breadcrumb\":{\"@id\":\"https:\\\/\\\/itr.ufrrj.br\\\/egressos\\\/perfil-dos-egressos\\\/#breadcrumb\"},\"inLanguage\":\"pt-BR\",\"potentialAction\":[{\"@type\":\"ReadAction\",\"target\":[\"https:\\\/\\\/itr.ufrrj.br\\\/egressos\\\/perfil-dos-egressos\\\/\"]}]},{\"@type\":\"BreadcrumbList\",\"@id\":\"https:\\\/\\\/itr.ufrrj.br\\\/egressos\\\/perfil-dos-egressos\\\/#breadcrumb\",\"itemListElement\":[{\"@type\":\"ListItem\",\"position\":1,\"name\":\"In\u00edcio\",\"item\":\"https:\\\/\\\/itr.ufrrj.br\\\/egressos\\\/\"},{\"@type\":\"ListItem\",\"position\":2,\"name\":\"Perfil dos Egressos\"}]},{\"@type\":\"WebSite\",\"@id\":\"https:\\\/\\\/itr.ufrrj.br\\\/egressos\\\/#website\",\"url\":\"https:\\\/\\\/itr.ufrrj.br\\\/egressos\\\/\",\"name\":\"Programa de Acompanhamento de Egressos do Curso de Gest\u00e3o Ambiental do ITR\\\/UFRRJ\",\"description\":\"Instituto Tr\u00eas Rios - UFRRJ\",\"potentialAction\":[{\"@type\":\"SearchAction\",\"target\":{\"@type\":\"EntryPoint\",\"urlTemplate\":\"https:\\\/\\\/itr.ufrrj.br\\\/egressos\\\/?s={search_term_string}\"},\"query-input\":{\"@type\":\"PropertyValueSpecification\",\"valueRequired\":true,\"valueName\":\"search_term_string\"}}],\"inLanguage\":\"pt-BR\"}]}<\/script>\n<!-- \/ Yoast SEO plugin. -->","yoast_head_json":{"title":"Perfil dos Egressos - Programa de Acompanhamento de Egressos do Curso de Gest\u00e3o Ambiental do ITR\/UFRRJ","robots":{"index":"index","follow":"follow","max-snippet":"max-snippet:-1","max-image-preview":"max-image-preview:large","max-video-preview":"max-video-preview:-1"},"canonical":"https:\/\/itr.ufrrj.br\/egressos\/perfil-dos-egressos\/","og_locale":"pt_BR","og_type":"article","og_title":"Perfil dos Egressos - Programa de Acompanhamento de Egressos do Curso de Gest\u00e3o Ambiental do ITR\/UFRRJ","og_description":"O profissional O Gestor Ambiental deve ser algu\u00e9m capaz de compreender a complexidade envolvida na tem\u00e1tica ambiental, a fim de\u00a0\u00a0propor solu\u00e7\u00f5es aos conflitos socioambientais. \u00c9 poss\u00edvel atuar no desenvolvimento de pesquisa, no ensino superior, na ind\u00fastria, dentre outros. O profissional deve contemplar novas rela\u00e7\u00f5es de trabalho, novos conhecimentos e avan\u00e7os da tecnologia.\u00a0Os portadores de diploma [&hellip;]","og_url":"https:\/\/itr.ufrrj.br\/egressos\/perfil-dos-egressos\/","og_site_name":"Programa de Acompanhamento de Egressos do Curso de Gest\u00e3o Ambiental do ITR\/UFRRJ","twitter_card":"summary_large_image","twitter_misc":{"Est. tempo de leitura":"1 minuto"},"schema":{"@context":"https:\/\/schema.org","@graph":[{"@type":"WebPage","@id":"https:\/\/itr.ufrrj.br\/egressos\/perfil-dos-egressos\/","url":"https:\/\/itr.ufrrj.br\/egressos\/perfil-dos-egressos\/","name":"Perfil dos Egressos - Programa de Acompanhamento de Egressos do Curso de Gest\u00e3o Ambiental do ITR\/UFRRJ","isPartOf":{"@id":"https:\/\/itr.ufrrj.br\/egressos\/#website"},"datePublished":"2017-06-29T14:07:33+00:00","breadcrumb":{"@id":"https:\/\/itr.ufrrj.br\/egressos\/perfil-dos-egressos\/#breadcrumb"},"inLanguage":"pt-BR","potentialAction":[{"@type":"ReadAction","target":["https:\/\/itr.ufrrj.br\/egressos\/perfil-dos-egressos\/"]}]},{"@type":"BreadcrumbList","@id":"https:\/\/itr.ufrrj.br\/egressos\/perfil-dos-egressos\/#breadcrumb","itemListElement":[{"@type":"ListItem","position":1,"name":"In\u00edcio","item":"https:\/\/itr.ufrrj.br\/egressos\/"},{"@type":"ListItem","position":2,"name":"Perfil dos Egressos"}]},{"@type":"WebSite","@id":"https:\/\/itr.ufrrj.br\/egressos\/#website","url":"https:\/\/itr.ufrrj.br\/egressos\/","name":"Programa de Acompanhamento de Egressos do Curso de Gest\u00e3o Ambiental do ITR\/UFRRJ","description":"Instituto Tr\u00eas Rios - UFRRJ","potentialAction":[{"@type":"SearchAction","target":{"@type":"EntryPoint","urlTemplate":"https:\/\/itr.ufrrj.br\/egressos\/?s={search_term_string}"},"query-input":{"@type":"PropertyValueSpecification","valueRequired":true,"valueName":"search_term_string"}}],"inLanguage":"pt-BR"}]}},"_links":{"self":[{"href":"https:\/\/itr.ufrrj.br\/egressos\/wp-json\/wp\/v2\/pages\/100","targetHints":{"allow":["GET"]}}],"collection":[{"href":"https:\/\/itr.ufrrj.br\/egressos\/wp-json\/wp\/v2\/pages"}],"about":[{"href":"https:\/\/itr.ufrrj.br\/egressos\/wp-json\/wp\/v2\/types\/page"}],"author":[{"embeddable":true,"href":"https:\/\/itr.ufrrj.br\/egressos\/wp-json\/wp\/v2\/users\/2"}],"replies":[{"embeddable":true,"href":"https:\/\/itr.ufrrj.br\/egressos\/wp-json\/wp\/v2\/comments?post=100"}],"version-history":[{"count":1,"href":"https:\/\/itr.ufrrj.br\/egressos\/wp-json\/wp\/v2\/pages\/100\/revisions"}],"predecessor-version":[{"id":101,"href":"https:\/\/itr.ufrrj.br\/egressos\/wp-json\/wp\/v2\/pages\/100\/revisions\/101"}],"wp:attachment":[{"href":"https:\/\/itr.ufrrj.br\/egressos\/wp-json\/wp\/v2\/media?parent=100"}],"curies":[{"name":"wp","href":"https:\/\/api.w.org\/{rel}","templated":true}]}}