{"id":10,"date":"2016-08-09T14:50:39","date_gmt":"2016-08-09T17:50:39","guid":{"rendered":"http:\/\/itr.ufrrj.br\/egressos\/?page_id=10"},"modified":"2023-05-29T07:55:46","modified_gmt":"2023-05-29T10:55:46","slug":"o-pae","status":"publish","type":"page","link":"https:\/\/itr.ufrrj.br\/egressos\/o-pae\/","title":{"rendered":"O PAE"},"content":{"rendered":"<p style=\"text-align: justify;\"><strong><img loading=\"lazy\" decoding=\"async\" class=\"wp-image-496 alignleft\" src=\"https:\/\/itr.ufrrj.br\/egressos\/wp-content\/uploads\/2019\/05\/logo-modificada-PAE-3.10.2018-300x300.png\" alt=\"\" width=\"261\" height=\"261\" srcset=\"https:\/\/itr.ufrrj.br\/egressos\/wp-content\/uploads\/2019\/05\/logo-modificada-PAE-3.10.2018-300x300.png 300w, https:\/\/itr.ufrrj.br\/egressos\/wp-content\/uploads\/2019\/05\/logo-modificada-PAE-3.10.2018-150x150.png 150w, https:\/\/itr.ufrrj.br\/egressos\/wp-content\/uploads\/2019\/05\/logo-modificada-PAE-3.10.2018-768x768.png 768w, https:\/\/itr.ufrrj.br\/egressos\/wp-content\/uploads\/2019\/05\/logo-modificada-PAE-3.10.2018-1024x1024.png 1024w, https:\/\/itr.ufrrj.br\/egressos\/wp-content\/uploads\/2019\/05\/logo-modificada-PAE-3.10.2018-200x200.png 200w, https:\/\/itr.ufrrj.br\/egressos\/wp-content\/uploads\/2019\/05\/logo-modificada-PAE-3.10.2018-50x50.png 50w, https:\/\/itr.ufrrj.br\/egressos\/wp-content\/uploads\/2019\/05\/logo-modificada-PAE-3.10.2018-80x80.png 80w, https:\/\/itr.ufrrj.br\/egressos\/wp-content\/uploads\/2019\/05\/logo-modificada-PAE-3.10.2018.png 2000w\" sizes=\"auto, (max-width: 261px) 100vw, 261px\" \/><\/strong>O <strong>Programa de Acompanhamento de Egressos<\/strong> \u00e9 uma recomenda\u00e7\u00e3o do Minist\u00e9rio da Educa\u00e7\u00e3o e faz parte das metas da UFRRJ em seu Plano de Desenvolvimento Institucional. Al\u00e9m disso, o acompanhamento de nossos egressos nos auxilia na autoavalia\u00e7\u00e3o do curso de Gest\u00e3o Ambiental e pode apontar as melhorias que devem ser feitas nas caracter\u00edsticas do curso tendo em vista, sempre, a forma\u00e7\u00e3o de profissionais cada vez mais completos para o mercado de trabalho.<\/p>\n<p style=\"text-align: justify;\">O curso de Gest\u00e3o Ambiental ainda \u00e9 muito recente e, portanto, encontra-se em constante consolida\u00e7\u00e3o de seu perfil e \u00e9 por isso, egresso, que a sua realidade no mercado de trabalho \u00e9 t\u00e3o importante para a forma\u00e7\u00e3o de novos gestores ambientais. A sua opini\u00e3o sobre o curso \u00e9 fundamental para que possamos aprimor\u00e1-lo, nos ajude a construir um curso de Gest\u00e3o Ambiental de excel\u00eancia.<\/p>\n<p style=\"text-align: justify;\">O Programa de Acompanhamento de Egressos do Curso de Gradua\u00e7\u00e3o em Gest\u00e3o Ambiental (PAE GA UFRRJ) encontra-se inserido no N\u00facleo de Estudos sobre Trabalho, Pol\u00edticas e Desenvolvimento (NETPD). As atividades do PAE foram iniciadas no 1\u00b0semestre de 2015 pela professora Julianne Milward, por meio de um projeto piloto com o apoio dos alunos da disciplina <em>Elabora\u00e7\u00e3o e Gest\u00e3o de Projetos<\/em>, que teve por resultado a elabora\u00e7\u00e3o e realiza\u00e7\u00e3o do Semin\u00e1rio <em>Desvendando a Forma\u00e7\u00e3o e a Pr\u00e1tica do Profissional Gestor Ambiental<\/em>, nas depend\u00eancias do Instituto Tr\u00eas Rios da Universidade Federal Rural do Rio de Janeiro. O programa do evento contou com a participa\u00e7\u00e3o no programa do evento dos discentes da turma, docentes e egressos. O sucesso do evento possibilitou a estrutura\u00e7\u00e3o do projeto de extens\u00e3o pela professora no 2\u00b0semestre de 2015, a organiza\u00e7\u00e3o da equipe de trabalho e o desenvolvimento dos primeiros estudos. Em 7 de junho de 2017, o Programa foi oficialmente inaugurado e apresentado aos p\u00fablicos interno e externo \u00e0 UFRRJ.&nbsp;<\/p>\n<p style=\"text-align: justify;\">Desde a sua cria\u00e7\u00e3o, o Programa conta com o apoio de discentes, docentes e egressos do Curso de Gradua\u00e7\u00e3o em Gest\u00e3o Ambiental. A composi\u00e7\u00e3o da equipe \u00e9 dada de forma din\u00e2mica, com especial aten\u00e7\u00e3o aos alunos que participam.<\/p>\n<h2 style=\"text-align: justify;\"><strong>Contato<\/strong><\/h2>\n<p><strong><img loading=\"lazy\" decoding=\"async\" class=\"wp-image-497 alignleft\" src=\"https:\/\/itr.ufrrj.br\/egressos\/wp-content\/uploads\/2019\/05\/logo-NETPD-300x263.jpg\" alt=\"\" width=\"256\" height=\"225\" srcset=\"https:\/\/itr.ufrrj.br\/egressos\/wp-content\/uploads\/2019\/05\/logo-NETPD-300x263.jpg 300w, https:\/\/itr.ufrrj.br\/egressos\/wp-content\/uploads\/2019\/05\/logo-NETPD-768x672.jpg 768w, https:\/\/itr.ufrrj.br\/egressos\/wp-content\/uploads\/2019\/05\/logo-NETPD-1024x896.jpg 1024w, https:\/\/itr.ufrrj.br\/egressos\/wp-content\/uploads\/2019\/05\/logo-NETPD.jpg 1280w\" sizes=\"auto, (max-width: 256px) 100vw, 256px\" \/><\/strong><\/p>\n<p><strong>N\u00facleo de Estudos sobre Trabalho, Pol\u00edticas e Desenvolvimento (NETPD).<\/strong><\/p>\n<p><strong>Programa de Acompanhamento de Egressos do Curso de Gest\u00e3o Ambiental, UFRRJ\/ITR.<\/strong><\/p>\n<p style=\"text-align: left;\">Tel: (21) 2681-4921<br>E-mail: egressogaitr@gmail.com<\/p>\n<p><strong>Redes Sociais<\/strong><\/p>\n<p>https:\/\/www.facebook.com\/PAEUFRRJ\/<\/p>\n<p>https:\/\/www.instagram.com\/pae.ga.ufrrj<\/p>\n<h2><strong>Coordenadora do PAE<\/strong><\/h2>\n<p style=\"text-align: justify;\"><b><img loading=\"lazy\" decoding=\"async\" class=\"wp-image-3126  alignleft\" src=\"https:\/\/itr.ufrrj.br\/egressos\/wp-content\/uploads\/2023\/05\/WhatsApp-Image-2023-05-26-at-12.57.03-284x300.jpeg\" alt=\"\" width=\"224\" height=\"236\" srcset=\"https:\/\/itr.ufrrj.br\/egressos\/wp-content\/uploads\/2023\/05\/WhatsApp-Image-2023-05-26-at-12.57.03-284x300.jpeg 284w, https:\/\/itr.ufrrj.br\/egressos\/wp-content\/uploads\/2023\/05\/WhatsApp-Image-2023-05-26-at-12.57.03.jpeg 570w\" sizes=\"auto, (max-width: 224px) 100vw, 224px\" \/>JULIANNE ALVIM MILWARD DE AZEVEDO<\/b><\/p>\n<p style=\"text-align: justify;\">Doutora em Economia pela Universidade Federal do Rio de Janeiro.<\/p>\n<p style=\"text-align: justify;\">Coordenadora do N\u00facleo de Estudos sobre Trabalho, Pol\u00edticas e Desenvolvimento (NETPD\/UFRRJ), em que se destaca o Programa de Acompanhamento de Egressos do Curso de Bacharelado de Gest\u00e3o Ambiental, com o seu Portal e atividades de extens\u00e3o desenvolvidas. Coordenadora do N\u00facleo de Estudos em Gest\u00e3o de Unidades de Conserva\u00e7\u00e3o (NEGUC\/UFRRJ), com \u00eanfase no desenvolvimento de pesquisas quanto \u00e0 cria\u00e7\u00e3o, consolida\u00e7\u00e3o e gest\u00e3o de \u00e1reas protegidas no estado do Rio de Janeiro. Desenvolve estudos nas \u00e1reas de Economia e Administra\u00e7\u00e3o P\u00fablica, especialmente em Pol\u00edtica e Planejamento Governamentais, quanto ao ordenamento territorial, com vista \u00e0s quest\u00f5es ambientais, urbanas, econ\u00f4micas, sociais, pol\u00edticas e culturais. Exerce atividades em empreendedorismo social e ambiental.<\/p>\n<p><a href=\"http:\/\/lattes.cnpq.br\/5447208174163206\">http:\/\/lattes.cnpq.br\/5447208174163206<br>juliannemilward.UFRRJ@gmail.com<\/a><\/p>\n<p><\/p>\n<h2><strong>Equipe de trabalho:<\/strong><\/h2>\n<h2>Docente:<\/h2>\n<p><strong><img loading=\"lazy\" decoding=\"async\" class=\"alignleft\" src=\"https:\/\/itr.ufrrj.br\/portal\/wp-content\/uploads\/2016\/10\/ddhl-irapoan-150x150.jpg\" width=\"174\" height=\"174\"> IRAPOAN NOGUEIRA FILHO<\/strong><\/p>\n<p style=\"text-align: justify;\">Doutor em Psicologia Social pela Universidade do Estado do Rio de Janeiro, Brasil (2011).<\/p>\n<p><a href=\"http:\/\/lattes.cnpq.br\/8156912484343709\">http:\/\/lattes.cnpq.br\/8156912484343709<\/a><\/p>\n<h2>&nbsp;<\/h2>\n<p><\/p>\n<div style=\"clear: both;\">\n<h2>Discentes:<\/h2>\n<\/div>\n\n\n<div class=\"wp-block-media-text alignwide is-stacked-on-mobile\" style=\"grid-template-columns:15% auto\"><figure class=\"wp-block-media-text__media\"><img loading=\"lazy\" decoding=\"async\" width=\"954\" height=\"954\" src=\"https:\/\/itr.ufrrj.br\/egressos\/wp-content\/uploads\/2023\/05\/WhatsApp-Image-2023-05-26-at-16.19.14.jpeg\" alt=\"\" class=\"wp-image-3192 size-full\" srcset=\"https:\/\/itr.ufrrj.br\/egressos\/wp-content\/uploads\/2023\/05\/WhatsApp-Image-2023-05-26-at-16.19.14.jpeg 954w, https:\/\/itr.ufrrj.br\/egressos\/wp-content\/uploads\/2023\/05\/WhatsApp-Image-2023-05-26-at-16.19.14-300x300.jpeg 300w, https:\/\/itr.ufrrj.br\/egressos\/wp-content\/uploads\/2023\/05\/WhatsApp-Image-2023-05-26-at-16.19.14-150x150.jpeg 150w, https:\/\/itr.ufrrj.br\/egressos\/wp-content\/uploads\/2023\/05\/WhatsApp-Image-2023-05-26-at-16.19.14-768x768.jpeg 768w, https:\/\/itr.ufrrj.br\/egressos\/wp-content\/uploads\/2023\/05\/WhatsApp-Image-2023-05-26-at-16.19.14-200x200.jpeg 200w, https:\/\/itr.ufrrj.br\/egressos\/wp-content\/uploads\/2023\/05\/WhatsApp-Image-2023-05-26-at-16.19.14-50x50.jpeg 50w\" sizes=\"auto, (max-width: 954px) 100vw, 954px\" \/><\/figure><div class=\"wp-block-media-text__content\">\n<p><strong>Ana Carolina Borsato da Silva<\/strong><\/p>\n<\/div><\/div>\n\n\n\n<div class=\"wp-block-media-text alignwide is-stacked-on-mobile\" style=\"grid-template-columns:15% auto\"><figure class=\"wp-block-media-text__media\"><img loading=\"lazy\" decoding=\"async\" width=\"766\" height=\"766\" src=\"https:\/\/itr.ufrrj.br\/egressos\/wp-content\/uploads\/2023\/05\/Ciro.jpeg\" alt=\"\" class=\"wp-image-3139 size-full\" srcset=\"https:\/\/itr.ufrrj.br\/egressos\/wp-content\/uploads\/2023\/05\/Ciro.jpeg 766w, https:\/\/itr.ufrrj.br\/egressos\/wp-content\/uploads\/2023\/05\/Ciro-300x300.jpeg 300w, https:\/\/itr.ufrrj.br\/egressos\/wp-content\/uploads\/2023\/05\/Ciro-150x150.jpeg 150w, https:\/\/itr.ufrrj.br\/egressos\/wp-content\/uploads\/2023\/05\/Ciro-200x200.jpeg 200w, https:\/\/itr.ufrrj.br\/egressos\/wp-content\/uploads\/2023\/05\/Ciro-50x50.jpeg 50w\" sizes=\"auto, (max-width: 766px) 100vw, 766px\" \/><\/figure><div class=\"wp-block-media-text__content\">\n<p class=\"has-text-align-left\"><strong>Ciro Gentil Goulart Batista<\/strong><\/p>\n<\/div><\/div>\n\n\n\n<div class=\"wp-block-media-text alignwide is-stacked-on-mobile\" style=\"grid-template-columns:15% auto\"><figure class=\"wp-block-media-text__media\"><img loading=\"lazy\" decoding=\"async\" width=\"1024\" height=\"1024\" src=\"https:\/\/itr.ufrrj.br\/egressos\/wp-content\/uploads\/2023\/05\/Clara.jpeg\" alt=\"\" class=\"wp-image-3152 size-full\" srcset=\"https:\/\/itr.ufrrj.br\/egressos\/wp-content\/uploads\/2023\/05\/Clara.jpeg 1024w, https:\/\/itr.ufrrj.br\/egressos\/wp-content\/uploads\/2023\/05\/Clara-300x300.jpeg 300w, https:\/\/itr.ufrrj.br\/egressos\/wp-content\/uploads\/2023\/05\/Clara-150x150.jpeg 150w, https:\/\/itr.ufrrj.br\/egressos\/wp-content\/uploads\/2023\/05\/Clara-768x768.jpeg 768w, https:\/\/itr.ufrrj.br\/egressos\/wp-content\/uploads\/2023\/05\/Clara-200x200.jpeg 200w, https:\/\/itr.ufrrj.br\/egressos\/wp-content\/uploads\/2023\/05\/Clara-50x50.jpeg 50w\" sizes=\"auto, (max-width: 1024px) 100vw, 1024px\" \/><\/figure><div class=\"wp-block-media-text__content\">\n<p><strong>Clara Janeiro Pereira<\/strong><\/p>\n<\/div><\/div>\n\n\n\n<div class=\"wp-block-media-text alignwide is-stacked-on-mobile\" style=\"grid-template-columns:15% auto\"><figure class=\"wp-block-media-text__media\"><img loading=\"lazy\" decoding=\"async\" width=\"1024\" height=\"1024\" src=\"https:\/\/itr.ufrrj.br\/egressos\/wp-content\/uploads\/2023\/05\/WhatsApp-Image-2023-05-28-at-03.35.50-1-1024x1024.jpeg\" alt=\"\" class=\"wp-image-3195 size-full\" srcset=\"https:\/\/itr.ufrrj.br\/egressos\/wp-content\/uploads\/2023\/05\/WhatsApp-Image-2023-05-28-at-03.35.50-1-1024x1024.jpeg 1024w, https:\/\/itr.ufrrj.br\/egressos\/wp-content\/uploads\/2023\/05\/WhatsApp-Image-2023-05-28-at-03.35.50-1-300x300.jpeg 300w, https:\/\/itr.ufrrj.br\/egressos\/wp-content\/uploads\/2023\/05\/WhatsApp-Image-2023-05-28-at-03.35.50-1-150x150.jpeg 150w, https:\/\/itr.ufrrj.br\/egressos\/wp-content\/uploads\/2023\/05\/WhatsApp-Image-2023-05-28-at-03.35.50-1-768x767.jpeg 768w, https:\/\/itr.ufrrj.br\/egressos\/wp-content\/uploads\/2023\/05\/WhatsApp-Image-2023-05-28-at-03.35.50-1-200x200.jpeg 200w, https:\/\/itr.ufrrj.br\/egressos\/wp-content\/uploads\/2023\/05\/WhatsApp-Image-2023-05-28-at-03.35.50-1-50x50.jpeg 50w, https:\/\/itr.ufrrj.br\/egressos\/wp-content\/uploads\/2023\/05\/WhatsApp-Image-2023-05-28-at-03.35.50-1.jpeg 1197w\" sizes=\"auto, (max-width: 1024px) 100vw, 1024px\" \/><\/figure><div class=\"wp-block-media-text__content\">\n<p><strong>Daiana Silva Rodrigues<\/strong><\/p>\n<\/div><\/div>\n\n\n\n<div class=\"wp-block-media-text alignwide is-stacked-on-mobile\" style=\"grid-template-columns:15% auto\"><figure class=\"wp-block-media-text__media\"><img loading=\"lazy\" decoding=\"async\" width=\"1024\" height=\"1024\" src=\"https:\/\/itr.ufrrj.br\/egressos\/wp-content\/uploads\/2023\/05\/WhatsApp-Image-2023-05-27-at-19.49.48-1024x1024.jpeg\" alt=\"\" class=\"wp-image-3193 size-full\" srcset=\"https:\/\/itr.ufrrj.br\/egressos\/wp-content\/uploads\/2023\/05\/WhatsApp-Image-2023-05-27-at-19.49.48-1024x1024.jpeg 1024w, https:\/\/itr.ufrrj.br\/egressos\/wp-content\/uploads\/2023\/05\/WhatsApp-Image-2023-05-27-at-19.49.48-300x300.jpeg 300w, https:\/\/itr.ufrrj.br\/egressos\/wp-content\/uploads\/2023\/05\/WhatsApp-Image-2023-05-27-at-19.49.48-150x150.jpeg 150w, https:\/\/itr.ufrrj.br\/egressos\/wp-content\/uploads\/2023\/05\/WhatsApp-Image-2023-05-27-at-19.49.48-768x768.jpeg 768w, https:\/\/itr.ufrrj.br\/egressos\/wp-content\/uploads\/2023\/05\/WhatsApp-Image-2023-05-27-at-19.49.48-1536x1536.jpeg 1536w, https:\/\/itr.ufrrj.br\/egressos\/wp-content\/uploads\/2023\/05\/WhatsApp-Image-2023-05-27-at-19.49.48-200x200.jpeg 200w, https:\/\/itr.ufrrj.br\/egressos\/wp-content\/uploads\/2023\/05\/WhatsApp-Image-2023-05-27-at-19.49.48-50x50.jpeg 50w, https:\/\/itr.ufrrj.br\/egressos\/wp-content\/uploads\/2023\/05\/WhatsApp-Image-2023-05-27-at-19.49.48.jpeg 1600w\" sizes=\"auto, (max-width: 1024px) 100vw, 1024px\" \/><\/figure><div class=\"wp-block-media-text__content\">\n<p><strong>R\u00f4mulo de Oliveira Moreira<\/strong><\/p>\n<\/div><\/div>\n\n\n\n<div class=\"wp-block-media-text alignwide is-stacked-on-mobile\" style=\"grid-template-columns:15% auto\"><figure class=\"wp-block-media-text__media\"><img loading=\"lazy\" decoding=\"async\" width=\"821\" height=\"821\" src=\"https:\/\/itr.ufrrj.br\/egressos\/wp-content\/uploads\/2023\/05\/Victor.jpg\" alt=\"\" class=\"wp-image-3138 size-full\" srcset=\"https:\/\/itr.ufrrj.br\/egressos\/wp-content\/uploads\/2023\/05\/Victor.jpg 821w, https:\/\/itr.ufrrj.br\/egressos\/wp-content\/uploads\/2023\/05\/Victor-300x300.jpg 300w, https:\/\/itr.ufrrj.br\/egressos\/wp-content\/uploads\/2023\/05\/Victor-150x150.jpg 150w, https:\/\/itr.ufrrj.br\/egressos\/wp-content\/uploads\/2023\/05\/Victor-768x768.jpg 768w, https:\/\/itr.ufrrj.br\/egressos\/wp-content\/uploads\/2023\/05\/Victor-200x200.jpg 200w, https:\/\/itr.ufrrj.br\/egressos\/wp-content\/uploads\/2023\/05\/Victor-50x50.jpg 50w\" sizes=\"auto, (max-width: 821px) 100vw, 821px\" \/><\/figure><div class=\"wp-block-media-text__content\">\n<p><strong>Victor Moreira da Costa Nascimento<\/strong><\/p>\n<\/div><\/div>\n","protected":false},"excerpt":{"rendered":"<p>O Programa de Acompanhamento de Egressos \u00e9 uma recomenda\u00e7\u00e3o do Minist\u00e9rio da Educa\u00e7\u00e3o e faz parte das metas da UFRRJ em seu Plano de Desenvolvimento Institucional. Al\u00e9m disso, o acompanhamento de nossos egressos nos auxilia na autoavalia\u00e7\u00e3o do curso de Gest\u00e3o Ambiental e pode apontar as melhorias que devem ser feitas nas caracter\u00edsticas do curso [&hellip;]<\/p>\n","protected":false},"author":2,"featured_media":0,"parent":0,"menu_order":0,"comment_status":"closed","ping_status":"closed","template":"","meta":{"_acf_changed":false,"_mi_skip_tracking":false,"footnotes":""},"class_list":["post-10","page","type-page","status-publish","hentry"],"acf":[],"yoast_head":"<!-- This site is optimized with the Yoast SEO plugin v27.3 - https:\/\/yoast.com\/product\/yoast-seo-wordpress\/ -->\n<title>O PAE - Programa de Acompanhamento de Egressos do Curso de Gest\u00e3o Ambiental do ITR\/UFRRJ<\/title>\n<meta name=\"robots\" content=\"index, follow, max-snippet:-1, max-image-preview:large, max-video-preview:-1\" \/>\n<link rel=\"canonical\" href=\"https:\/\/itr.ufrrj.br\/egressos\/o-pae\/\" \/>\n<meta property=\"og:locale\" content=\"pt_BR\" \/>\n<meta property=\"og:type\" content=\"article\" \/>\n<meta property=\"og:title\" content=\"O PAE - Programa de Acompanhamento de Egressos do Curso de Gest\u00e3o Ambiental do ITR\/UFRRJ\" \/>\n<meta property=\"og:description\" content=\"O Programa de Acompanhamento de Egressos \u00e9 uma recomenda\u00e7\u00e3o do Minist\u00e9rio da Educa\u00e7\u00e3o e faz parte das metas da UFRRJ em seu Plano de Desenvolvimento Institucional. Al\u00e9m disso, o acompanhamento de nossos egressos nos auxilia na autoavalia\u00e7\u00e3o do curso de Gest\u00e3o Ambiental e pode apontar as melhorias que devem ser feitas nas caracter\u00edsticas do curso [&hellip;]\" \/>\n<meta property=\"og:url\" content=\"https:\/\/itr.ufrrj.br\/egressos\/o-pae\/\" \/>\n<meta property=\"og:site_name\" content=\"Programa de Acompanhamento de Egressos do Curso de Gest\u00e3o Ambiental do ITR\/UFRRJ\" \/>\n<meta property=\"article:modified_time\" content=\"2023-05-29T10:55:46+00:00\" \/>\n<meta property=\"og:image\" content=\"https:\/\/itr.ufrrj.br\/egressos\/wp-content\/uploads\/2019\/05\/logo-modificada-PAE-3.10.2018-300x300.png\" \/>\n<meta name=\"twitter:card\" content=\"summary_large_image\" \/>\n<meta name=\"twitter:label1\" content=\"Est. tempo de leitura\" \/>\n\t<meta name=\"twitter:data1\" content=\"5 minutos\" \/>\n<script type=\"application\/ld+json\" class=\"yoast-schema-graph\">{\"@context\":\"https:\\\/\\\/schema.org\",\"@graph\":[{\"@type\":\"WebPage\",\"@id\":\"https:\\\/\\\/itr.ufrrj.br\\\/egressos\\\/o-pae\\\/\",\"url\":\"https:\\\/\\\/itr.ufrrj.br\\\/egressos\\\/o-pae\\\/\",\"name\":\"O PAE - Programa de Acompanhamento de Egressos do Curso de Gest\u00e3o Ambiental do ITR\\\/UFRRJ\",\"isPartOf\":{\"@id\":\"https:\\\/\\\/itr.ufrrj.br\\\/egressos\\\/#website\"},\"primaryImageOfPage\":{\"@id\":\"https:\\\/\\\/itr.ufrrj.br\\\/egressos\\\/o-pae\\\/#primaryimage\"},\"image\":{\"@id\":\"https:\\\/\\\/itr.ufrrj.br\\\/egressos\\\/o-pae\\\/#primaryimage\"},\"thumbnailUrl\":\"https:\\\/\\\/itr.ufrrj.br\\\/egressos\\\/wp-content\\\/uploads\\\/2019\\\/05\\\/logo-modificada-PAE-3.10.2018-300x300.png\",\"datePublished\":\"2016-08-09T17:50:39+00:00\",\"dateModified\":\"2023-05-29T10:55:46+00:00\",\"breadcrumb\":{\"@id\":\"https:\\\/\\\/itr.ufrrj.br\\\/egressos\\\/o-pae\\\/#breadcrumb\"},\"inLanguage\":\"pt-BR\",\"potentialAction\":[{\"@type\":\"ReadAction\",\"target\":[\"https:\\\/\\\/itr.ufrrj.br\\\/egressos\\\/o-pae\\\/\"]}]},{\"@type\":\"ImageObject\",\"inLanguage\":\"pt-BR\",\"@id\":\"https:\\\/\\\/itr.ufrrj.br\\\/egressos\\\/o-pae\\\/#primaryimage\",\"url\":\"https:\\\/\\\/itr.ufrrj.br\\\/egressos\\\/wp-content\\\/uploads\\\/2019\\\/05\\\/logo-modificada-PAE-3.10.2018.png\",\"contentUrl\":\"https:\\\/\\\/itr.ufrrj.br\\\/egressos\\\/wp-content\\\/uploads\\\/2019\\\/05\\\/logo-modificada-PAE-3.10.2018.png\",\"width\":2000,\"height\":2000},{\"@type\":\"BreadcrumbList\",\"@id\":\"https:\\\/\\\/itr.ufrrj.br\\\/egressos\\\/o-pae\\\/#breadcrumb\",\"itemListElement\":[{\"@type\":\"ListItem\",\"position\":1,\"name\":\"In\u00edcio\",\"item\":\"https:\\\/\\\/itr.ufrrj.br\\\/egressos\\\/\"},{\"@type\":\"ListItem\",\"position\":2,\"name\":\"O PAE\"}]},{\"@type\":\"WebSite\",\"@id\":\"https:\\\/\\\/itr.ufrrj.br\\\/egressos\\\/#website\",\"url\":\"https:\\\/\\\/itr.ufrrj.br\\\/egressos\\\/\",\"name\":\"Programa de Acompanhamento de Egressos do Curso de Gest\u00e3o Ambiental do ITR\\\/UFRRJ\",\"description\":\"Instituto Tr\u00eas Rios - UFRRJ\",\"potentialAction\":[{\"@type\":\"SearchAction\",\"target\":{\"@type\":\"EntryPoint\",\"urlTemplate\":\"https:\\\/\\\/itr.ufrrj.br\\\/egressos\\\/?s={search_term_string}\"},\"query-input\":{\"@type\":\"PropertyValueSpecification\",\"valueRequired\":true,\"valueName\":\"search_term_string\"}}],\"inLanguage\":\"pt-BR\"}]}<\/script>\n<!-- \/ Yoast SEO plugin. -->","yoast_head_json":{"title":"O PAE - Programa de Acompanhamento de Egressos do Curso de Gest\u00e3o Ambiental do ITR\/UFRRJ","robots":{"index":"index","follow":"follow","max-snippet":"max-snippet:-1","max-image-preview":"max-image-preview:large","max-video-preview":"max-video-preview:-1"},"canonical":"https:\/\/itr.ufrrj.br\/egressos\/o-pae\/","og_locale":"pt_BR","og_type":"article","og_title":"O PAE - Programa de Acompanhamento de Egressos do Curso de Gest\u00e3o Ambiental do ITR\/UFRRJ","og_description":"O Programa de Acompanhamento de Egressos \u00e9 uma recomenda\u00e7\u00e3o do Minist\u00e9rio da Educa\u00e7\u00e3o e faz parte das metas da UFRRJ em seu Plano de Desenvolvimento Institucional. Al\u00e9m disso, o acompanhamento de nossos egressos nos auxilia na autoavalia\u00e7\u00e3o do curso de Gest\u00e3o Ambiental e pode apontar as melhorias que devem ser feitas nas caracter\u00edsticas do curso [&hellip;]","og_url":"https:\/\/itr.ufrrj.br\/egressos\/o-pae\/","og_site_name":"Programa de Acompanhamento de Egressos do Curso de Gest\u00e3o Ambiental do ITR\/UFRRJ","article_modified_time":"2023-05-29T10:55:46+00:00","og_image":[{"url":"https:\/\/itr.ufrrj.br\/egressos\/wp-content\/uploads\/2019\/05\/logo-modificada-PAE-3.10.2018-300x300.png","type":"","width":"","height":""}],"twitter_card":"summary_large_image","twitter_misc":{"Est. tempo de leitura":"5 minutos"},"schema":{"@context":"https:\/\/schema.org","@graph":[{"@type":"WebPage","@id":"https:\/\/itr.ufrrj.br\/egressos\/o-pae\/","url":"https:\/\/itr.ufrrj.br\/egressos\/o-pae\/","name":"O PAE - Programa de Acompanhamento de Egressos do Curso de Gest\u00e3o Ambiental do ITR\/UFRRJ","isPartOf":{"@id":"https:\/\/itr.ufrrj.br\/egressos\/#website"},"primaryImageOfPage":{"@id":"https:\/\/itr.ufrrj.br\/egressos\/o-pae\/#primaryimage"},"image":{"@id":"https:\/\/itr.ufrrj.br\/egressos\/o-pae\/#primaryimage"},"thumbnailUrl":"https:\/\/itr.ufrrj.br\/egressos\/wp-content\/uploads\/2019\/05\/logo-modificada-PAE-3.10.2018-300x300.png","datePublished":"2016-08-09T17:50:39+00:00","dateModified":"2023-05-29T10:55:46+00:00","breadcrumb":{"@id":"https:\/\/itr.ufrrj.br\/egressos\/o-pae\/#breadcrumb"},"inLanguage":"pt-BR","potentialAction":[{"@type":"ReadAction","target":["https:\/\/itr.ufrrj.br\/egressos\/o-pae\/"]}]},{"@type":"ImageObject","inLanguage":"pt-BR","@id":"https:\/\/itr.ufrrj.br\/egressos\/o-pae\/#primaryimage","url":"https:\/\/itr.ufrrj.br\/egressos\/wp-content\/uploads\/2019\/05\/logo-modificada-PAE-3.10.2018.png","contentUrl":"https:\/\/itr.ufrrj.br\/egressos\/wp-content\/uploads\/2019\/05\/logo-modificada-PAE-3.10.2018.png","width":2000,"height":2000},{"@type":"BreadcrumbList","@id":"https:\/\/itr.ufrrj.br\/egressos\/o-pae\/#breadcrumb","itemListElement":[{"@type":"ListItem","position":1,"name":"In\u00edcio","item":"https:\/\/itr.ufrrj.br\/egressos\/"},{"@type":"ListItem","position":2,"name":"O PAE"}]},{"@type":"WebSite","@id":"https:\/\/itr.ufrrj.br\/egressos\/#website","url":"https:\/\/itr.ufrrj.br\/egressos\/","name":"Programa de Acompanhamento de Egressos do Curso de Gest\u00e3o Ambiental do ITR\/UFRRJ","description":"Instituto Tr\u00eas Rios - UFRRJ","potentialAction":[{"@type":"SearchAction","target":{"@type":"EntryPoint","urlTemplate":"https:\/\/itr.ufrrj.br\/egressos\/?s={search_term_string}"},"query-input":{"@type":"PropertyValueSpecification","valueRequired":true,"valueName":"search_term_string"}}],"inLanguage":"pt-BR"}]}},"_links":{"self":[{"href":"https:\/\/itr.ufrrj.br\/egressos\/wp-json\/wp\/v2\/pages\/10","targetHints":{"allow":["GET"]}}],"collection":[{"href":"https:\/\/itr.ufrrj.br\/egressos\/wp-json\/wp\/v2\/pages"}],"about":[{"href":"https:\/\/itr.ufrrj.br\/egressos\/wp-json\/wp\/v2\/types\/page"}],"author":[{"embeddable":true,"href":"https:\/\/itr.ufrrj.br\/egressos\/wp-json\/wp\/v2\/users\/2"}],"replies":[{"embeddable":true,"href":"https:\/\/itr.ufrrj.br\/egressos\/wp-json\/wp\/v2\/comments?post=10"}],"version-history":[{"count":27,"href":"https:\/\/itr.ufrrj.br\/egressos\/wp-json\/wp\/v2\/pages\/10\/revisions"}],"predecessor-version":[{"id":3196,"href":"https:\/\/itr.ufrrj.br\/egressos\/wp-json\/wp\/v2\/pages\/10\/revisions\/3196"}],"wp:attachment":[{"href":"https:\/\/itr.ufrrj.br\/egressos\/wp-json\/wp\/v2\/media?parent=10"}],"curies":[{"name":"wp","href":"https:\/\/api.w.org\/{rel}","templated":true}]}}