{"id":914,"date":"2020-01-29T08:19:00","date_gmt":"2020-01-29T11:19:00","guid":{"rendered":"https:\/\/itr.ufrrj.br\/diversidadeegestao\/?page_id=914"},"modified":"2020-02-22T13:58:50","modified_gmt":"2020-02-22T16:58:50","slug":"diversidade-e-gestao-vol-3-no-1-2019","status":"publish","type":"page","link":"https:\/\/itr.ufrrj.br\/diversidadeegestao\/diversidade-e-gestao-vol-3-no-1-2019\/","title":{"rendered":"Diversidade e Gest\u00e3o vol. 3 (2019)"},"content":{"rendered":"<h3 style=\"text-align: center;\"><strong>Diversidade e Gest\u00e3o vol. 3 (2019)<\/strong><\/h3>\n<h3 style=\"text-align: center;\"><strong>ISSN 2527-0044<\/strong><\/h3>\n<h3 style=\"text-align: center;\"><strong>\u00a0<\/strong><\/h3>\n<p><strong>Expediente<\/strong><\/p>\n<p><strong>\u00a0<\/strong><\/p>\n<p><strong>Corpo editorial<\/strong><\/p>\n<p>Editora-chefe<\/p>\n<p>Dra. Michaele Alvim Milward-de-Azevedo, Universidade Federal Rural do Rio de Janeiro, Instituto Tr\u00eas Rios, Departamento de Ci\u00eancias do Meio Ambiente<\/p>\n<p>&nbsp;<\/p>\n<p>Editor-assistente<\/p>\n<p>Dr. Lu\u00eds Felipe Skinner, Universidade do Estado do Rio de Janeiro, Faculdade de Forma\u00e7\u00e3o de Professores, Departamento de Ci\u00eancias<\/p>\n<p>&nbsp;<\/p>\n<p>Editora\u00e7\u00e3o<\/p>\n<p>Dra. Michaele Alvim Milward-de-Azevedo<\/p>\n<p>&nbsp;<\/p>\n<table border=\"1\" cellspacing=\"0\" cellpadding=\"10\">\n<thead>\n<tr>\n<th>Diversidade e Gest\u00e3o 3: 01-100. 2019<\/th>\n<th>P\u00e1ginas<\/th>\n<\/tr>\n<\/thead>\n<tbody>\n<tr>\n<td><strong>Expediente<\/strong><\/td>\n<td>01<\/td>\n<\/tr>\n<tr>\n<td><strong>Sum\u00e1rio<\/strong><\/td>\n<td>01<\/td>\n<\/tr>\n<tr>\n<td><strong><a href=\"https:\/\/itr.ufrrj.br\/diversidadeegestao\/wp-content\/uploads\/2019\/09\/DG053_Boscolo_Galvao.pdf\">LEVANTAMENTO ETNOBOT\u00c2NICO DE PLANTAS ORNAMENTAIS EM DUAS COMUNIDADES DA REGI\u00c3O SERRANA DO RIO DE JANEIRO: IMPLICA\u00c7\u00d5ES SOBRE CONSERVA\u00c7\u00c3O<\/a><\/strong><br \/>\nOdara Horta Boscolo &amp; Marcelo Neto Galv\u00e3o<\/td>\n<td>02-12<\/td>\n<\/tr>\n<tr>\n<td><strong><a href=\"https:\/\/itr.ufrrj.br\/diversidadeegestao\/wp-content\/uploads\/2019\/09\/DG050_Bromana_Milward-de-Azevedo.pdf\">LISTA VERMELHA DA FLORA DO VALE E BACIA DO PARA\u00cdBA DO SUL FLUMINENSE: UM LEVANTAMENTO BASEADO NA OBRA DE MARTIUS, \u201cFLORA BRASILIENSIS\u201d<\/a><\/strong><\/p>\n<p>Thayn\u00e1 Ribeiro Bromana\u00a0&amp; Michaele Alvim Milward-de-Azevedo<a href=\"#_ftnref1\" name=\"_ftn1\"><\/a><\/td>\n<td>13-22<\/td>\n<\/tr>\n<tr>\n<td><strong><a href=\"https:\/\/itr.ufrrj.br\/diversidadeegestao\/wp-content\/uploads\/2019\/09\/DG041_Dagnaisser_Rua_Zaninni.pdf\">MONITORAMENTO DOS PLANOS DE MANEJO DE TR\u00caS UNIDADES DE CONSERVA\u00c7\u00c3O SOB TUTELA DO MUNIC\u00cdPIO DO RIO DE JANEIRO<\/a><\/strong><\/p>\n<p>Laiza Dagnaisser, Michele Rua &amp; Eliana Zaninni<\/td>\n<td>23-32<\/td>\n<\/tr>\n<tr>\n<td><a href=\"https:\/\/itr.ufrrj.br\/diversidadeegestao\/wp-content\/uploads\/2019\/09\/DG051_Moraes_Milward-de-Azevedo.pdf\"><strong>ESP\u00c9CIES NATIVAS DA MATA ATL\u00c2NTICA UTILIZADAS NA ARBORIZA\u00c7\u00c3O URBANA DE TR\u00caS RIOS, RJ<\/strong><\/a><br \/>\nIzabela Cristina Moreira Moraes &amp; Michaele Alvim Milward-de-Azevedo<\/td>\n<td>33-37<\/td>\n<\/tr>\n<tr>\n<td><strong><a href=\"https:\/\/itr.ufrrj.br\/diversidadeegestao\/wp-content\/uploads\/2019\/09\/DG040_Barbosa_et_al.pdf\">IDENTIFICA\u00c7\u00c3O, GEORREFERENCIAMENTO E ANALISES DAS NASCENTES D&#8217;\u00c1GUA NO MUNIC\u00cdPIO DE AREAL EM RELA\u00c7\u00c3O AS CARACTER\u00cdSTICAS F\u00cdSICO-QUIMICAS, ORGANOL\u00c9PTICAS E MICROBIOL\u00d3GICAS<\/a><\/strong><br \/>\nLeonardo C\u00e2ndido Barbosa, Ra\u00edsa de Barros Lima<sup>\u00a0<\/sup>&amp; Saulo Paschoaletto de Andrade<\/td>\n<td>38-46<\/td>\n<\/tr>\n<tr>\n<td><strong><a href=\"https:\/\/itr.ufrrj.br\/diversidadeegestao\/wp-content\/uploads\/2019\/09\/DG035_Mendonca_Thome.pdf\">CARACTERIZA\u00c7\u00c3O DOS PISCICULTORES ORNAMENTAIS NA REGI\u00c3O DA ZONA DA MATA MINEIRA<\/a><\/strong><br \/>\nNicolee de Paula Mendon\u00e7a &amp; Marcos Paulo Machado Thom\u00e9<\/td>\n<td>47-62<\/td>\n<\/tr>\n<tr>\n<td><strong><a href=\"https:\/\/itr.ufrrj.br\/diversidadeegestao\/wp-content\/uploads\/2019\/09\/DG052_Silva_Faria.pdf\">BIOLOGIA REPRODUTIVA DE AECHMEA BLANCHETIANA (BAKER) L.B.SM. (BROMELIACEAE) EM UM FRAGMENTO URBANO DE FLORESTA ATL\u00c2NTICA DO MUNIC\u00cdPIO DE JUIZ DE FORA, MINAS GERAIS<\/a><\/strong><\/p>\n<p>P\u00e2mela Tim\u00f3teo Patr\u00edcio da Silva &amp; Ana Paula Gelli de Faria<\/td>\n<td>63-70<\/td>\n<\/tr>\n<tr>\n<td><strong><a href=\"https:\/\/itr.ufrrj.br\/diversidadeegestao\/wp-content\/uploads\/2019\/09\/DG054_Coelho_et_al.pdf\">OS HERB\u00c1RIOS E SUA RELA\u00c7\u00c3O COM O ENSINO DA BOT\u00c2NICA: UM ESTUDO SOBRE AS VIV\u00caNCIAS DISCENTES<\/a><\/strong><\/p>\n<p>Yuri Cavaleiro de Mac\u00eado Coelho, Geysiane Costa e Silva, Breno Ricardo Serr\u00e3o da Silva, Leidy Alves dos Santos, Juliana Livian Lima de Abreu, Maria Laura Araujo Gon\u00e7alves&amp;\u00a0 Ana Cristina Andrade de Aguiar-Dias<\/td>\n<td>71-81<\/td>\n<\/tr>\n<tr>\n<td><strong><a href=\"https:\/\/itr.ufrrj.br\/diversidadeegestao\/wp-content\/uploads\/2019\/09\/DG037_Aragao_Cortines_Almeida.pdf\">MASSA E COMPOSI\u00c7\u00c3O DA SERRAPILHEIRA EM REFLORESTAMENTOS DE DIFERENTES IDADES<\/a><\/strong><\/p>\n<p>Lucas Arguello Arag\u00e3o, Erika Cortines<sup>\u00a0<\/sup>&amp; F\u00e1bio Souto Almeida<\/td>\n<td>82-93<\/td>\n<\/tr>\n<tr>\n<td><strong><a href=\"https:\/\/itr.ufrrj.br\/diversidadeegestao\/wp-content\/uploads\/2019\/09\/DG049_Vieira_Milward-de-Azevedo.pdf\">PLANTAS MEDICINAIS DA MATA ATL\u00c2NTICA NA COMUNIDADE BREJAL, DISTRITO DE POSSE, PETR\u00d3POLIS, RJ, BRASIL<\/a><\/strong><\/p>\n<p>Bruna Benazi Vieira &amp; Michaele Alvim Milward-de-Azevedo<\/td>\n<td>94-100<\/td>\n<\/tr>\n<\/tbody>\n<\/table>\n<p>&nbsp;<\/p>\n","protected":false},"excerpt":{"rendered":"<p>Diversidade e Gest\u00e3o vol. 3 (2019) ISSN 2527-0044 \u00a0 Expediente \u00a0 Corpo editorial Editora-chefe Dra. Michaele Alvim Milward-de-Azevedo, Universidade Federal Rural do Rio de Janeiro, Instituto Tr\u00eas Rios, Departamento de Ci\u00eancias do Meio Ambiente &nbsp; Editor-assistente Dr. Lu\u00eds Felipe Skinner, Universidade do Estado do Rio de Janeiro, Faculdade de Forma\u00e7\u00e3o de Professores, Departamento de Ci\u00eancias [&hellip;]<\/p>\n","protected":false},"author":1,"featured_media":0,"parent":0,"menu_order":0,"comment_status":"closed","ping_status":"closed","template":"","meta":[],"acf":[],"_links":{"self":[{"href":"https:\/\/itr.ufrrj.br\/diversidadeegestao\/wp-json\/wp\/v2\/pages\/914"}],"collection":[{"href":"https:\/\/itr.ufrrj.br\/diversidadeegestao\/wp-json\/wp\/v2\/pages"}],"about":[{"href":"https:\/\/itr.ufrrj.br\/diversidadeegestao\/wp-json\/wp\/v2\/types\/page"}],"author":[{"embeddable":true,"href":"https:\/\/itr.ufrrj.br\/diversidadeegestao\/wp-json\/wp\/v2\/users\/1"}],"replies":[{"embeddable":true,"href":"https:\/\/itr.ufrrj.br\/diversidadeegestao\/wp-json\/wp\/v2\/comments?post=914"}],"version-history":[{"count":3,"href":"https:\/\/itr.ufrrj.br\/diversidadeegestao\/wp-json\/wp\/v2\/pages\/914\/revisions"}],"predecessor-version":[{"id":922,"href":"https:\/\/itr.ufrrj.br\/diversidadeegestao\/wp-json\/wp\/v2\/pages\/914\/revisions\/922"}],"wp:attachment":[{"href":"https:\/\/itr.ufrrj.br\/diversidadeegestao\/wp-json\/wp\/v2\/media?parent=914"}],"curies":[{"name":"wp","href":"https:\/\/api.w.org\/{rel}","templated":true}]}}