{"id":6,"date":"2016-12-20T10:01:27","date_gmt":"2016-12-20T12:01:27","guid":{"rendered":"http:\/\/www.itr.ufrrj.br\/diversidadeegestao\/?page_id=6"},"modified":"2020-06-14T17:17:42","modified_gmt":"2020-06-14T20:17:42","slug":"corpo-editorial","status":"publish","type":"page","link":"https:\/\/itr.ufrrj.br\/diversidadeegestao\/sobre\/corpo-editorial\/","title":{"rendered":"Corpo Editorial"},"content":{"rendered":"<h2>Editora-chefe<\/h2>\n<ul>\n<li><a href=\"http:\/\/lattes.cnpq.br\/1791739853761449\">Michaele Alvim Milward-de-Azevedo<\/a> &#8211; Universidade Federal Rural do Rio de Janeiro, Campus Tr\u00eas Rios, Tr\u00eas Rios, RJ, Brasil<\/li>\n<\/ul>\n<p>&nbsp;<\/p>\n<h2>Editor Assistente<\/h2>\n<ul>\n<li><a href=\"http:\/\/lattes.cnpq.br\/9748284881593806\">Lu\u00eds Felipe Skinner<\/a> &#8211; Universidade do Estado do Rio de Janeiro, Faculdade de Forma\u00e7\u00e3o de Professores, S\u00e3o Gon\u00e7alo, RJ, Brasil<\/li>\n<\/ul>\n<h2><\/h2>\n<h2>Editores de \u00c1rea<\/h2>\n<ul>\n<li><a href=\"http:\/\/lattes.cnpq.br\/4393330111492155\">Alexandre Ferreira Lopes<\/a> &#8211; Universidade Federal Rural do Rio de Janeiro, Campus Tr\u00eas Rios, Tr\u00eas Rios, RJ, Brasil<\/li>\n<li><a href=\"http:\/\/lattes.cnpq.br\/7769575415241225\">Ana Cristina Andrade de Aguiar Dias<\/a> \u2013 Universidade Federal do Par\u00e1, Bel\u00e9m, PA, Brasil<\/li>\n<li><a href=\"http:\/\/lattes.cnpq.br\/0505744611172472\">Andr\u00e9 Felippe Nunes-Freitas<\/a> &#8211; Universidade Federal Rural do Rio de Janeiro, Serop\u00e9dica, RJ, Brasil<\/li>\n<li><a href=\"http:\/\/lattes.cnpq.br\/3224915835080730\">Breno Herrera da Silva Coelho<\/a> \u2013 Instituto Chico Mendes de Conserva\u00e7\u00e3o da Biodiversidade, \u00c1rea de Prote\u00e7\u00e3o Ambiental Guapimirim, Guapimirim, RJ, Brasil<\/li>\n<li><a href=\"http:\/\/lattes.cnpq.br\/6694143241761752\">Carmenlucia Santos Giordano Penteado<\/a> &#8211; Universidade Estadual de Campinas, Campinas, SP, Brasil<\/li>\n<li><a href=\"http:\/\/lattes.cnpq.br\/5117796485284748\">Edson Pereira da Silva<\/a> \u2013 Universidade Federal Fluminense, Niter\u00f3i, RJ, Brasil<\/li>\n<li><a href=\"http:\/\/lattes.cnpq.br\/1020062257227266\">Erika Cortines<\/a> &#8211; Universidade Federal Rural do Rio de Janeiro, Campus Tr\u00eas Rios, Tr\u00eas Rios, RJ, Brasil<\/li>\n<li><a href=\"http:\/\/lattes.cnpq.br\/7651828454575175\">Frederico Yuri Hanai<\/a> \u2013 Universidade Federal de S\u00e3o Carlos, S\u00e3o Carlos, SP, Brasil<\/li>\n<li><a href=\"http:\/\/lattes.cnpq.br\/5447208174163206\">Julianne Alvim Milward-de-Azevedo<\/a> &#8211; Universidade Federal Rural do Rio de Janeiro, Campus Tr\u00eas Rios, Tr\u00eas Rios, RJ, Brasil<\/li>\n<li><a href=\"http:\/\/lattes.cnpq.br\/9938101399424778\">Larisse Faroni-Perez<\/a> &#8211; Universidade Federal do Juiz de Fora, Juiz de Fora, MG, Brasil<\/li>\n<li><a href=\"http:\/\/lattes.cnpq.br\/9490750242360258\">Leonardo Mitrano Neves<\/a> &#8211; Universidade Federal Rural do Rio de Janeiro, Campus Tr\u00eas Rios, Tr\u00eas Rios, RJ, Brasil<\/li>\n<li><a href=\"http:\/\/lattes.cnpq.br\/6656933554814005\">Odara Horta Boscolo<\/a> \u2013 Universidade Federal Fluminense, Niter\u00f3i, RJ, Brasil<\/li>\n<li><a href=\"http:\/\/lattes.cnpq.br\/4521181963290823\">Reinaldo Luiz Bozelli<\/a> &#8211; Universidade Federal do Rio de Janeiro, Rio de Janeiro, RJ, Brasil<\/li>\n<\/ul>\n<h2><\/h2>\n<h2>Contato<\/h2>\n<p>Departamento de Ci\u00eancias do Meio Ambiente<strong><br \/>\n<\/strong>Avenida Prefeito Alberto da Silva Lavinas 1847, Centro, Tr\u00eas Rios, RJ \u2013 CEP 25802-100.<br \/>\nE-mail: <a href=\"mailto:diversidadeegestao@gmail.com\"><strong>diversidadeegestao@gmail.com<\/strong><\/a><\/p>\n<h2><\/h2>\n<h2><\/h2>\n","protected":false},"excerpt":{"rendered":"<p>Editora-chefe Michaele Alvim Milward-de-Azevedo &#8211; Universidade Federal Rural do Rio de Janeiro, Campus Tr\u00eas Rios, Tr\u00eas Rios, RJ, Brasil &nbsp; Editor Assistente Lu\u00eds Felipe Skinner &#8211; Universidade do Estado do Rio de Janeiro, Faculdade de Forma\u00e7\u00e3o de Professores, S\u00e3o Gon\u00e7alo, RJ, Brasil Editores de \u00c1rea Alexandre Ferreira Lopes &#8211; Universidade Federal Rural do Rio de [&hellip;]<\/p>\n","protected":false},"author":1,"featured_media":0,"parent":133,"menu_order":1,"comment_status":"closed","ping_status":"closed","template":"","meta":[],"acf":[],"_links":{"self":[{"href":"https:\/\/itr.ufrrj.br\/diversidadeegestao\/wp-json\/wp\/v2\/pages\/6"}],"collection":[{"href":"https:\/\/itr.ufrrj.br\/diversidadeegestao\/wp-json\/wp\/v2\/pages"}],"about":[{"href":"https:\/\/itr.ufrrj.br\/diversidadeegestao\/wp-json\/wp\/v2\/types\/page"}],"author":[{"embeddable":true,"href":"https:\/\/itr.ufrrj.br\/diversidadeegestao\/wp-json\/wp\/v2\/users\/1"}],"replies":[{"embeddable":true,"href":"https:\/\/itr.ufrrj.br\/diversidadeegestao\/wp-json\/wp\/v2\/comments?post=6"}],"version-history":[{"count":19,"href":"https:\/\/itr.ufrrj.br\/diversidadeegestao\/wp-json\/wp\/v2\/pages\/6\/revisions"}],"predecessor-version":[{"id":955,"href":"https:\/\/itr.ufrrj.br\/diversidadeegestao\/wp-json\/wp\/v2\/pages\/6\/revisions\/955"}],"up":[{"embeddable":true,"href":"https:\/\/itr.ufrrj.br\/diversidadeegestao\/wp-json\/wp\/v2\/pages\/133"}],"wp:attachment":[{"href":"https:\/\/itr.ufrrj.br\/diversidadeegestao\/wp-json\/wp\/v2\/media?parent=6"}],"curies":[{"name":"wp","href":"https:\/\/api.w.org\/{rel}","templated":true}]}}