{"id":319,"date":"2019-09-03T10:21:07","date_gmt":"2019-09-03T13:21:07","guid":{"rendered":"https:\/\/itr.ufrrj.br\/diversidadeegestao\/?page_id=319"},"modified":"2019-09-03T10:21:07","modified_gmt":"2019-09-03T13:21:07","slug":"diversidade-e-gestao-vol-2-no-2-2018","status":"publish","type":"page","link":"https:\/\/itr.ufrrj.br\/diversidadeegestao\/diversidade-e-gestao-vol-2-no-2-2018\/","title":{"rendered":"Diversidade e Gest\u00e3o vol. 2, n\u00ba 2 (2018)"},"content":{"rendered":"<h3 style=\"text-align: center;\"><strong>Diversidade e Gest\u00e3o vol. 2, n\u00ba 2 (2018): dezembro<\/strong><\/h3>\n<h3 style=\"text-align: center;\"><strong>Volume Especial: Conserva\u00e7\u00e3o <em>in situ<\/em> e <em>ex situ<\/em> da Biodiversidade Brasileira<\/strong><\/h3>\n<h3 style=\"text-align: center;\"><strong>ISSN 2527-0044<\/strong><\/h3>\n<h3 style=\"text-align: center;\"><strong>\u00a0<\/strong><\/h3>\n<p><strong>Expediente<\/strong><\/p>\n<p><strong>\u00a0<\/strong><\/p>\n<p><strong>Corpo editorial<\/strong><\/p>\n<p>Editora-chefe<\/p>\n<p>Dra. Michaele Alvim Milward-de-Azevedo, Universidade Federal Rural do Rio de Janeiro, Instituto Tr\u00eas Rios, Departamento de Ci\u00eancias do Meio Ambiente<\/p>\n<p>&nbsp;<\/p>\n<p>Editor-assistente<\/p>\n<p>Dr. Lu\u00eds Felipe Skinner, Universidade do Estado do Rio de Janeiro, Faculdade de Forma\u00e7\u00e3o de Professores, Departamento de Ci\u00eancias<\/p>\n<p>&nbsp;<\/p>\n<p>Editora\u00e7\u00e3o<\/p>\n<p>Dra. Michaele Alvim Milward-de-Azevedo<\/p>\n<p>&nbsp;<\/p>\n<p><strong>Sum\u00e1rio<\/strong><\/p>\n<table style=\"width: 100%;\" border=\"1\" cellspacing=\"0\" cellpadding=\"10\">\n<tbody>\n<tr>\n<td width=\"28\"><\/td>\n<td width=\"520\"><strong>Expediente<\/strong><\/td>\n<td width=\"60\">46<\/td>\n<\/tr>\n<tr>\n<td width=\"28\"><\/td>\n<td width=\"520\"><strong><a href=\"https:\/\/itr.ufrrj.br\/diversidadeegestao\/wp-content\/uploads\/2019\/02\/sumario.pdf\">Sum\u00e1rio<\/a><\/strong><\/td>\n<td width=\"60\">46<\/td>\n<\/tr>\n<tr>\n<td width=\"28\">1.<\/td>\n<td width=\"520\"><strong><a href=\"https:\/\/itr.ufrrj.br\/diversidadeegestao\/wp-content\/uploads\/2019\/02\/Conservacao.pdf\">Conserva\u00e7\u00e3o <em>in situ<\/em> e <em>ex situ<\/em> da Biodiversidade Brasileira<\/a><\/strong><\/p>\n<p>Lu\u00eds Felipe Skinner &amp; Michaele Alvim Milward-de-Azevedo<\/td>\n<td width=\"60\">47-51<\/td>\n<\/tr>\n<tr>\n<td width=\"28\">2.<\/td>\n<td width=\"520\"><strong><a href=\"https:\/\/itr.ufrrj.br\/diversidadeegestao\/wp-content\/uploads\/2019\/02\/Hugo-Santos.pdf\">Os impactos da legisla\u00e7\u00e3o ambiental brasileira sobre as cole\u00e7\u00f5es biol\u00f3gicas<\/a><\/strong><\/p>\n<p>Hugo Ricardo Secioso Santos, Patr\u00edcia Silvia G\u00f4lo, Manuela da Silva, Irene da Silva Coelho, Selma Ribeiro de Paiva &amp; Danilo Ribeiro de Oliveira<\/td>\n<td width=\"60\">52-61<\/td>\n<\/tr>\n<tr>\n<td width=\"28\">3.<\/td>\n<td width=\"520\"><strong><a href=\"https:\/\/itr.ufrrj.br\/diversidadeegestao\/wp-content\/uploads\/2019\/02\/Estevao-Souza.pdf\">Avalia\u00e7\u00e3o do risco de extin\u00e7\u00e3o da fauna brasileira: ponto de partida para a conserva\u00e7\u00e3o da biodiversidade<\/a><\/strong><\/p>\n<p>Estev\u00e3o Carino Fernandes de Souza, Arthur Brant, Carlos Augusto Rangel, Luis Eug\u00eanio Barbosa, Carlos Eduardo Guidorizzi de Carvalho, Rodrigo Silva Pinto Jorge &amp; Rosana Junqueira Subir\u00e1<\/td>\n<td width=\"60\">62-75<\/td>\n<\/tr>\n<tr>\n<td width=\"28\">4.<\/td>\n<td width=\"520\"><strong><a href=\"https:\/\/itr.ufrrj.br\/diversidadeegestao\/wp-content\/uploads\/2019\/02\/Clara-Velloso.pdf\">A Ba\u00eda de Guanabara \u00e9 um ambiente importante para a conserva\u00e7\u00e3o neotropical? Uma abordagem ictiol\u00f3gica<\/a><\/strong><\/p>\n<p>Clara Velloso Teixeira Leite, Adriano Paulo de Lima, Tha\u00eds Rodrigues Maciel, Sergio Ricardo Brito Santos &amp; Marcelo Vianna<\/td>\n<td width=\"60\">76-89<\/td>\n<\/tr>\n<tr>\n<td width=\"28\">5.<\/td>\n<td width=\"520\"><strong><a href=\"https:\/\/itr.ufrrj.br\/diversidadeegestao\/wp-content\/uploads\/2019\/02\/Nivea-Santos.pdf\">Campos de altitude do Parque Nacional do Itatiaia: um hotspot para bri\u00f3fitas<\/a><\/strong><\/p>\n<p>Mateus Tom\u00e1s Anselmo Gon\u00e7alves &amp; Nivea Dias dos Santos<\/td>\n<td width=\"60\">90-105<\/td>\n<\/tr>\n<tr>\n<td width=\"28\">6.<\/td>\n<td width=\"520\"><strong><a href=\"https:\/\/itr.ufrrj.br\/diversidadeegestao\/wp-content\/uploads\/2019\/02\/Breno-Herrera.pdf\">Evolu\u00e7\u00e3o hist\u00f3rica e tend\u00eancias das \u00e1reas naturais protegidas: de s\u00edtios sagrados aos mosaicos de unidades de conserva\u00e7\u00e3o<\/a><\/strong><\/p>\n<p>Breno Herrera da Silva Coelho<\/td>\n<td width=\"60\">106-121<\/td>\n<\/tr>\n<tr>\n<td width=\"28\">7.<\/td>\n<td width=\"520\"><strong><a href=\"https:\/\/itr.ufrrj.br\/diversidadeegestao\/wp-content\/uploads\/2019\/04\/Reinaldo-Bozelli-16042019.pdf\">Pequenas \u00e1reas \u00famidas: import\u00e2ncia para conserva\u00e7\u00e3o e gest\u00e3o da biodiversidade brasileira<\/a><\/strong><\/p>\n<p>Reinaldo Luiz Bozelli, Daniel da Silva Farias, Sorana Karenina Francisquini Lima, Rafael Teixeira Santos Lira, Clarice Casa Nova, Rayanne Barros Setubal &amp; Elder de Oliveira Sodr\u00e9<\/td>\n<td width=\"60\">122-138<\/td>\n<\/tr>\n<tr>\n<td width=\"28\">8.<\/td>\n<td width=\"520\"><strong><a href=\"https:\/\/itr.ufrrj.br\/diversidadeegestao\/wp-content\/uploads\/2019\/02\/Ana-Paula-Gelli.pdf\">Fenologia reprodutiva, recursos florais e poliniza\u00e7\u00e3o de esp\u00e9cies de Bromeliaceae em um remanescente urbano de floresta atl\u00e2ntica do sudeste brasileiro<\/a><\/strong><\/p>\n<p>Marcela Cezar Tagliati, Hagda Caetano de Oliveira &amp; Ana Paula Gelli de Faria<\/td>\n<td width=\"60\">139-150<\/td>\n<\/tr>\n<tr>\n<td width=\"28\">9.<\/td>\n<td width=\"520\"><strong><a href=\"https:\/\/itr.ufrrj.br\/diversidadeegestao\/wp-content\/uploads\/2019\/02\/Danielle-Calandino.pdf\">Participa\u00e7\u00e3o social, uma aliada na conserva\u00e7\u00e3o da biodiversidade em Unidades de Conserva\u00e7\u00e3o da Amaz\u00f4nia<\/a><\/strong><\/p>\n<p>Danielle Calandino, Fernando Paiva Sc\u00e1rdua &amp; Rodrigo Vasconcelos Koblitz<\/td>\n<td width=\"60\">151-177<\/td>\n<\/tr>\n<tr>\n<td width=\"28\">10.<\/td>\n<td width=\"520\"><strong><a href=\"https:\/\/itr.ufrrj.br\/diversidadeegestao\/wp-content\/uploads\/2019\/02\/Bruna-Benazi.pdf\">A etnobot\u00e2nica e o ecofeminismo em prol da conserva\u00e7\u00e3o ambiental<\/a><\/strong><\/p>\n<p>Bruna Benazi Vieira &amp; Michaele Alvim Milward-de-Azevedo<\/td>\n<td width=\"60\">178-188<\/td>\n<\/tr>\n<tr>\n<td width=\"28\">11.<\/td>\n<td width=\"520\"><strong><a href=\"https:\/\/itr.ufrrj.br\/diversidadeegestao\/wp-content\/uploads\/2019\/02\/Ana-Cristina-Aguiar.pdf\">Pau-brasil: como conservar sem conhecer?<\/a><\/strong><\/p>\n<p>Tahysa Mota Macedo, Andrews Vin\u00edcius Santos da Silva, Maria Laura de Araujo Gon\u00e7alves, Ana Cristina Andrade de Aguiar-Dias<\/td>\n<td width=\"60\">189-197<\/td>\n<\/tr>\n<tr>\n<td width=\"28\">12.<\/td>\n<td width=\"520\"><strong><a href=\"https:\/\/itr.ufrrj.br\/diversidadeegestao\/wp-content\/uploads\/2019\/02\/Alexandre-Lopes.pdf\">Uma an\u00e1lise sobre o potencial de visita\u00e7\u00e3o e atividades educativas na \u00c1rea de Prote\u00e7\u00e3o Ambiental do Engenho Pequeno, S\u00e3o Gon\u00e7alo, RJ<\/a><\/strong><\/p>\n<p>Julia de Marins Costa &amp; Alexandre Ferreira Lopes<\/td>\n<td width=\"60\">198-218<\/td>\n<\/tr>\n<\/tbody>\n<\/table>\n<p>&nbsp;<\/p>\n","protected":false},"excerpt":{"rendered":"<p>Diversidade e Gest\u00e3o vol. 2, n\u00ba 2 (2018): dezembro Volume Especial: Conserva\u00e7\u00e3o in situ e ex situ da Biodiversidade Brasileira ISSN 2527-0044 \u00a0 Expediente \u00a0 Corpo editorial Editora-chefe Dra. Michaele Alvim Milward-de-Azevedo, Universidade Federal Rural do Rio de Janeiro, Instituto Tr\u00eas Rios, Departamento de Ci\u00eancias do Meio Ambiente &nbsp; Editor-assistente Dr. Lu\u00eds Felipe Skinner, Universidade [&hellip;]<\/p>\n","protected":false},"author":1,"featured_media":0,"parent":0,"menu_order":0,"comment_status":"closed","ping_status":"closed","template":"","meta":[],"acf":[],"_links":{"self":[{"href":"https:\/\/itr.ufrrj.br\/diversidadeegestao\/wp-json\/wp\/v2\/pages\/319"}],"collection":[{"href":"https:\/\/itr.ufrrj.br\/diversidadeegestao\/wp-json\/wp\/v2\/pages"}],"about":[{"href":"https:\/\/itr.ufrrj.br\/diversidadeegestao\/wp-json\/wp\/v2\/types\/page"}],"author":[{"embeddable":true,"href":"https:\/\/itr.ufrrj.br\/diversidadeegestao\/wp-json\/wp\/v2\/users\/1"}],"replies":[{"embeddable":true,"href":"https:\/\/itr.ufrrj.br\/diversidadeegestao\/wp-json\/wp\/v2\/comments?post=319"}],"version-history":[{"count":1,"href":"https:\/\/itr.ufrrj.br\/diversidadeegestao\/wp-json\/wp\/v2\/pages\/319\/revisions"}],"predecessor-version":[{"id":320,"href":"https:\/\/itr.ufrrj.br\/diversidadeegestao\/wp-json\/wp\/v2\/pages\/319\/revisions\/320"}],"wp:attachment":[{"href":"https:\/\/itr.ufrrj.br\/diversidadeegestao\/wp-json\/wp\/v2\/media?parent=319"}],"curies":[{"name":"wp","href":"https:\/\/api.w.org\/{rel}","templated":true}]}}