{"id":249,"date":"2019-02-13T09:56:10","date_gmt":"2019-02-13T11:56:10","guid":{"rendered":"https:\/\/itr.ufrrj.br\/diversidadeegestao\/?page_id=249"},"modified":"2019-02-13T09:56:10","modified_gmt":"2019-02-13T11:56:10","slug":"diversidade-e-gestao-vol-2-no-1-2018","status":"publish","type":"page","link":"https:\/\/itr.ufrrj.br\/diversidadeegestao\/diversidade-e-gestao-vol-2-no-1-2018\/","title":{"rendered":"Diversidade e Gest\u00e3o vol. 2, n\u00ba 1 (2018)"},"content":{"rendered":"<h3 style=\"text-align: center;\"><strong>Diversidade e Gest\u00e3o vol. 2, n\u00ba 1 (2018): julho<\/strong><\/h3>\n<h3 style=\"text-align: center;\"><strong>ISSN 2527-0044<\/strong><\/h3>\n<h3 style=\"text-align: center;\"><strong>\u00a0<\/strong><\/h3>\n<p><strong>Expediente<\/strong><\/p>\n<p><strong>\u00a0<\/strong><\/p>\n<p><strong>Corpo editorial<\/strong><\/p>\n<p>Editora-chefe<\/p>\n<p>Dra. Michaele Alvim Milward-de-Azevedo, Universidade Federal Rural do Rio de Janeiro, Instituto Tr\u00eas Rios, Departamento de Ci\u00eancias do Meio Ambiente<\/p>\n<p>&nbsp;<\/p>\n<p>Editores-assistentes<\/p>\n<p>Dr. Alexandre Ferreira Lopes, Universidade Federal Rural do Rio de Janeiro, Instituto Tr\u00eas Rios, Departamento de Ci\u00eancias do Meio Ambiente<\/p>\n<p>Dra. Erika Cortines, Universidade Federal Rural do Rio de Janeiro, Instituto Tr\u00eas Rios, Departamento de Ci\u00eancias do Meio Ambiente<\/p>\n<p>Dr. Lu\u00eds Felipe Skinner, Universidade do Estado do Rio de Janeiro, Faculdade de Forma\u00e7\u00e3o de Professores, Departamento de Ci\u00eancias<\/p>\n<p>&nbsp;<\/p>\n<p>Editora\u00e7\u00e3o<\/p>\n<p>Dra. Michaele Alvim Milward-de-Azevedo<\/p>\n<p>&nbsp;<\/p>\n<table border=\"1\" cellspacing=\"0\" cellpadding=\"10\">\n<thead>\n<tr>\n<th>Diversidade e Gest\u00e3o 2(1): 01-45. 2018<\/th>\n<th>P\u00e1ginas<\/th>\n<\/tr>\n<\/thead>\n<tbody>\n<tr>\n<td><strong>Expediente<\/strong><\/td>\n<td>01<\/td>\n<\/tr>\n<tr>\n<td><strong><a href=\"https:\/\/itr.ufrrj.br\/diversidadeegestao\/wp-content\/uploads\/2018\/08\/2018-2-1_Sumario.pdf\">Sum\u00e1rio<\/a><\/strong><\/td>\n<td>01<\/td>\n<\/tr>\n<tr>\n<td><strong><a href=\"https:\/\/itr.ufrrj.br\/diversidadeegestao\/wp-content\/uploads\/2018\/08\/2018-2-1_DG012.pdf\">PLANTAS DANINHAS SITUADAS EM \u00c1REAS DE REFLORESTAMENTO NO BRASIL: UMA REVIS\u00c3O DE LITERATURA<\/a><\/strong><br \/>\nThain\u00e1 Alves dos Santos<sup>\u00a0 <\/sup>&amp; Felipe Ferreira da Silva<\/td>\n<td>02-16<\/td>\n<\/tr>\n<tr>\n<td><strong><a href=\"https:\/\/itr.ufrrj.br\/diversidadeegestao\/wp-content\/uploads\/2018\/08\/2018-2-1_DG015.pdf\">CENSO FLORESTAL de um trecho de mata ciliar urbana do Rio Para\u00edba do Sul, Tr\u00eas Rios, RJ<\/a><\/strong><br \/>\nHelder Marcos Nunes Candido, Andr\u00e9 Luiz Pereira, Erika Cortines &amp; Michaele Alvim Milward-de-Azevedo<\/td>\n<td>17-25<\/td>\n<\/tr>\n<tr>\n<td><strong><a href=\"https:\/\/itr.ufrrj.br\/diversidadeegestao\/wp-content\/uploads\/2018\/08\/2018-2-1_DG017.pdf\">VARIA\u00c7\u00c3O SAZONAL NO N\u00daMERO DE FOCOS DE CALOR DETECTADOS POR SAT\u00c9LITES EM UNIDADES DE CONSERVA\u00c7\u00c3O FEDERAIS NO ESTADO DO RIO DE JANEIRO E A INFLU\u00caNCIA DE CARACTER\u00ccSTICAS DAS \u00c1REAS PROTEGIDAS<\/a><\/strong><br \/>\nRamon Zanardi Nunes, Sady J\u00fanior Martins da Costa de Menezes &amp; F\u00e1bio Souto Almeida<\/td>\n<td>26-35<\/td>\n<\/tr>\n<tr>\n<td><strong><a href=\"https:\/\/itr.ufrrj.br\/diversidadeegestao\/wp-content\/uploads\/2018\/08\/2018-2-1_DG018.pdf\">Hist\u00f3rico de <em>Passiflora<\/em> L. com enfoque no subg\u00eanero <em>Decaloba<\/em> (DC.) Rchb. (Passifloraceae <em>sensu stricto<\/em>)<\/a><\/strong><br \/>\nMichaele Alvim Milward-de-Azevedo<\/td>\n<td>36-45<\/td>\n<\/tr>\n<\/tbody>\n<\/table>\n","protected":false},"excerpt":{"rendered":"<p>Diversidade e Gest\u00e3o vol. 2, n\u00ba 1 (2018): julho ISSN 2527-0044 \u00a0 Expediente \u00a0 Corpo editorial Editora-chefe Dra. Michaele Alvim Milward-de-Azevedo, Universidade Federal Rural do Rio de Janeiro, Instituto Tr\u00eas Rios, Departamento de Ci\u00eancias do Meio Ambiente &nbsp; Editores-assistentes Dr. Alexandre Ferreira Lopes, Universidade Federal Rural do Rio de Janeiro, Instituto Tr\u00eas Rios, Departamento de [&hellip;]<\/p>\n","protected":false},"author":1,"featured_media":0,"parent":0,"menu_order":0,"comment_status":"closed","ping_status":"closed","template":"","meta":[],"acf":[],"_links":{"self":[{"href":"https:\/\/itr.ufrrj.br\/diversidadeegestao\/wp-json\/wp\/v2\/pages\/249"}],"collection":[{"href":"https:\/\/itr.ufrrj.br\/diversidadeegestao\/wp-json\/wp\/v2\/pages"}],"about":[{"href":"https:\/\/itr.ufrrj.br\/diversidadeegestao\/wp-json\/wp\/v2\/types\/page"}],"author":[{"embeddable":true,"href":"https:\/\/itr.ufrrj.br\/diversidadeegestao\/wp-json\/wp\/v2\/users\/1"}],"replies":[{"embeddable":true,"href":"https:\/\/itr.ufrrj.br\/diversidadeegestao\/wp-json\/wp\/v2\/comments?post=249"}],"version-history":[{"count":1,"href":"https:\/\/itr.ufrrj.br\/diversidadeegestao\/wp-json\/wp\/v2\/pages\/249\/revisions"}],"predecessor-version":[{"id":250,"href":"https:\/\/itr.ufrrj.br\/diversidadeegestao\/wp-json\/wp\/v2\/pages\/249\/revisions\/250"}],"wp:attachment":[{"href":"https:\/\/itr.ufrrj.br\/diversidadeegestao\/wp-json\/wp\/v2\/media?parent=249"}],"curies":[{"name":"wp","href":"https:\/\/api.w.org\/{rel}","templated":true}]}}