{"id":226,"date":"2018-08-27T11:19:09","date_gmt":"2018-08-27T14:19:09","guid":{"rendered":"https:\/\/itr.ufrrj.br\/diversidadeegestao\/?page_id=226"},"modified":"2018-08-27T11:19:09","modified_gmt":"2018-08-27T14:19:09","slug":"diversidade-e-gestao-vol-1-no-2-2017","status":"publish","type":"page","link":"https:\/\/itr.ufrrj.br\/diversidadeegestao\/diversidade-e-gestao-vol-1-no-2-2017\/","title":{"rendered":"Diversidade e Gest\u00e3o vol. 1, n\u00ba 2 (2017)"},"content":{"rendered":"<h3 style=\"text-align: center;\">Diversidade e Gest\u00e3o vol. 1, n\u00ba 2 (2017):\u00a0dezembro<\/h3>\n<p style=\"text-align: center;\"><strong>ISSN 2527-0044<\/strong><\/p>\n<h3><\/h3>\n<h3>Expediente &#8211; Corpo editorial<\/h3>\n<h4>Editora-chefe<\/h4>\n<ul>\n<li>Dra. Michaele Alvim Milward-de-Azevedo, Universidade Federal Rural do Rio de Janeiro, Instituto Tr\u00eas Rios, Departamento de Ci\u00eancias do Meio Ambiente<\/li>\n<\/ul>\n<h4>Editores-assistentes<\/h4>\n<ul>\n<li>Dr. Alexandre Ferreira Lopes, Universidade Federal Rural do Rio de Janeiro, Instituto Tr\u00eas Rios, Departamento de Ci\u00eancias do Meio Ambiente<\/li>\n<li>Dr. Lu\u00eds Felipe Skinner, Universidade do Estado do Rio de Janeiro, Faculdade de Forma\u00e7\u00e3o de Professores, Departamento de Ci\u00eancias<\/li>\n<\/ul>\n<h4>Editora\u00e7\u00e3o<\/h4>\n<ul>\n<li>Dra. Michaele Alvim Milward-de-Azevedo<\/li>\n<\/ul>\n<h3><\/h3>\n<h3><\/h3>\n<table style=\"width: 100%;\" border=\"1\" cellspacing=\"0\" cellpadding=\"10\">\n<thead>\n<tr>\n<th>Diversidade e Gest\u00e3o 1(1): 01-162. 2017<\/th>\n<th>P\u00e1ginas<\/th>\n<\/tr>\n<\/thead>\n<tbody>\n<tr>\n<td><strong>Expediente<\/strong><\/td>\n<td>164<\/td>\n<\/tr>\n<tr>\n<td><strong><a href=\"http:\/\/www.itr.ufrrj.br\/diversidadeegestao\/wp-content\/uploads\/2016\/12\/00-Sumario-164.pdf\">Sum\u00e1rio<\/a><\/strong><\/td>\n<td>164<\/td>\n<\/tr>\n<tr>\n<td><strong><a href=\"http:\/\/www.itr.ufrrj.br\/diversidadeegestao\/wp-content\/uploads\/2016\/12\/12.pdf\">12. Mem\u00f3ria e meio ambiente: a hist\u00f3ria oral como metodologia na identifica\u00e7\u00e3o de mudan\u00e7as ambientais em Campo Grande, Rio de Janeiro (RJ)<\/a><\/strong><br \/>\nAdriana Ferreira da Silva &amp; Rafael de Souza Dias<\/td>\n<td>165-177<\/td>\n<\/tr>\n<tr>\n<td><a href=\"http:\/\/www.itr.ufrrj.br\/diversidadeegestao\/wp-content\/uploads\/2016\/12\/13.pdf\"><strong>13. Geografia e meio ambiente: reflex\u00f5es acerca das pr\u00e1ticas socioculturais na concep\u00e7\u00e3o de sustentabilidade<\/strong><\/a><br \/>\nVictor Pereira de Sousa<\/td>\n<td>178-188<\/td>\n<\/tr>\n<tr>\n<td><a href=\"http:\/\/www.itr.ufrrj.br\/diversidadeegestao\/wp-content\/uploads\/2016\/12\/14.pdf\"><strong>14. Mat\u00e9ria org\u00e2nica em solos arqueol\u00f3gicos amaz\u00f4nicos: uma revis\u00e3o<\/strong><\/a><br \/>\nMickael Le\u00e3o Velloso Chateaubriand Bandeira de Mello &amp; Ricardo Soares<\/td>\n<td>189-197<\/td>\n<\/tr>\n<tr>\n<td colspan=\"2\"><b>Trabalhos premiados durante o 6\u00ba Simp\u00f3sio de Gest\u00e3o Ambiental e Biodiversidade <\/b><\/td>\n<\/tr>\n<tr>\n<td><a href=\"http:\/\/www.itr.ufrrj.br\/diversidadeegestao\/wp-content\/uploads\/2016\/12\/15.pdf\"><strong>15. Desempenho da palha de feij\u00e3o como meio filtrante no tratamento da \u00e1gua residu\u00e1ria da suinocultura<\/strong><\/a><br \/>\nAdriana Paulo de Sousa Oliveira, \u00c9rika Fl\u00e1via Machado Pinheiro &amp; Sayonara Costa de Ara\u00fajo<\/td>\n<td>198-206<\/td>\n<\/tr>\n<tr>\n<td><a href=\"http:\/\/www.itr.ufrrj.br\/diversidadeegestao\/wp-content\/uploads\/2016\/12\/16.pdf\"><strong>16. Pagamento por servi\u00e7os ambientais: avalia\u00e7\u00e3o do projeto produtores de \u00e1gua e floresta da bacia do rio Guandu \u2013 RJ<\/strong><\/a><br \/>\nLuiz Guilherme Souza Lima, Amanda Arantes Junqueira, Athila Leandro de Oliveira, J\u00e9ssica Pereira de Souza, Carlos Eduardo Silveira da Silva, Renata Oliveira Knupp &amp; Vanessa Maria Basso<\/td>\n<td>207-218<\/td>\n<\/tr>\n<tr>\n<td><a href=\"http:\/\/www.itr.ufrrj.br\/diversidadeegestao\/wp-content\/uploads\/2016\/12\/17.pdf\"><strong>17. Regulariza\u00e7\u00e3o ambiental, novos caminhos para a recupera\u00e7\u00e3o de \u00e1reas degradadas<\/strong><\/a><br \/>\nAthila Leandro de Oliveira, Amanda Arantes Junqueira, Sarita Soraia de Alc\u00e2ntara Laudares, Gabriel dos Santos Aguiar, Vanessa Maria Basso &amp; Sergio Miana de Faria<\/td>\n<td>219-233<\/td>\n<\/tr>\n<tr>\n<td><a href=\"http:\/\/www.itr.ufrrj.br\/diversidadeegestao\/wp-content\/uploads\/2016\/12\/18.pdf\"><strong>18. Indicadores essenciais de desempenho ambiental da Global Reporting Initiative (GRI): uma an\u00e1lise nas principais empresas do setor petr\u00f3leo e g\u00e1s<\/strong><\/a><br \/>\nTalita Granzinoli Vellozo &amp; Sergio Luiz Braga Fran\u00e7a<\/td>\n<td>234-246<\/td>\n<\/tr>\n<tr>\n<td><a href=\"http:\/\/www.itr.ufrrj.br\/diversidadeegestao\/wp-content\/uploads\/2016\/12\/19.pdf\"><strong>19. Qualidade da \u00e1gua como indicador ambiental no c\u00f3rrego Cantagalo \u2013 Tr\u00eas Rios-RJ<\/strong><\/a><br \/>\nLuana Riente Alves &amp; Erika Cortines<\/td>\n<td>247-255<\/td>\n<\/tr>\n<tr>\n<td><a href=\"http:\/\/www.itr.ufrrj.br\/diversidadeegestao\/wp-content\/uploads\/2016\/12\/20.pdf\"><strong>20. Biomonitoramento de um corpo d\u2019\u00e1gua tropical a partir da detec\u00e7\u00e3o de indicadores microbianos de polui\u00e7\u00e3o fecal e da identifica\u00e7\u00e3o de macroinvertebrados bent\u00f4nicos<\/strong><\/a><br \/>\nLuana Queiroz Pilate, Haroldo Lobo, Maria Helena Rodrigues Gomes, Luiza Pedrosa Guimar\u00e3es, Thiago da Silva Novato, Lucas Rieger de Oliveira &amp; Iara Furtado Santiago<\/td>\n<td>256-268<\/td>\n<\/tr>\n<\/tbody>\n<\/table>\n","protected":false},"excerpt":{"rendered":"<p>Diversidade e Gest\u00e3o vol. 1, n\u00ba 2 (2017):\u00a0dezembro ISSN 2527-0044 Expediente &#8211; Corpo editorial Editora-chefe Dra. Michaele Alvim Milward-de-Azevedo, Universidade Federal Rural do Rio de Janeiro, Instituto Tr\u00eas Rios, Departamento de Ci\u00eancias do Meio Ambiente Editores-assistentes Dr. Alexandre Ferreira Lopes, Universidade Federal Rural do Rio de Janeiro, Instituto Tr\u00eas Rios, Departamento de Ci\u00eancias do Meio [&hellip;]<\/p>\n","protected":false},"author":3,"featured_media":0,"parent":0,"menu_order":0,"comment_status":"closed","ping_status":"closed","template":"","meta":[],"acf":[],"_links":{"self":[{"href":"https:\/\/itr.ufrrj.br\/diversidadeegestao\/wp-json\/wp\/v2\/pages\/226"}],"collection":[{"href":"https:\/\/itr.ufrrj.br\/diversidadeegestao\/wp-json\/wp\/v2\/pages"}],"about":[{"href":"https:\/\/itr.ufrrj.br\/diversidadeegestao\/wp-json\/wp\/v2\/types\/page"}],"author":[{"embeddable":true,"href":"https:\/\/itr.ufrrj.br\/diversidadeegestao\/wp-json\/wp\/v2\/users\/3"}],"replies":[{"embeddable":true,"href":"https:\/\/itr.ufrrj.br\/diversidadeegestao\/wp-json\/wp\/v2\/comments?post=226"}],"version-history":[{"count":1,"href":"https:\/\/itr.ufrrj.br\/diversidadeegestao\/wp-json\/wp\/v2\/pages\/226\/revisions"}],"predecessor-version":[{"id":227,"href":"https:\/\/itr.ufrrj.br\/diversidadeegestao\/wp-json\/wp\/v2\/pages\/226\/revisions\/227"}],"wp:attachment":[{"href":"https:\/\/itr.ufrrj.br\/diversidadeegestao\/wp-json\/wp\/v2\/media?parent=226"}],"curies":[{"name":"wp","href":"https:\/\/api.w.org\/{rel}","templated":true}]}}