{"id":187,"date":"2017-12-27T17:07:49","date_gmt":"2017-12-27T19:07:49","guid":{"rendered":"http:\/\/itr.ufrrj.br\/diversidadeegestao\/?page_id=187"},"modified":"2020-06-14T17:31:29","modified_gmt":"2020-06-14T20:31:29","slug":"edicao-atual","status":"publish","type":"page","link":"https:\/\/itr.ufrrj.br\/diversidadeegestao\/edicao-atual\/","title":{"rendered":"Edi\u00e7\u00e3o atual"},"content":{"rendered":"<h3 style=\"text-align: center;\"><strong>Diversidade e Gest\u00e3o vol. 4 (2020)<\/strong><\/h3>\n<h3 style=\"text-align: center;\"><strong>ISSN 2527-0044<\/strong><\/h3>\n<h3 style=\"text-align: center;\"><\/h3>\n<p><strong>Expediente<\/strong><\/p>\n<p><strong>\u00a0<\/strong><\/p>\n<p><strong>Corpo editorial<\/strong><\/p>\n<p>Editora-chefe<\/p>\n<p>Dra. Michaele Alvim Milward-de-Azevedo, Universidade Federal Rural do Rio de Janeiro, Instituto Tr\u00eas Rios, Departamento de Ci\u00eancias do Meio Ambiente<\/p>\n<p>&nbsp;<\/p>\n<p>Editor-assistente<\/p>\n<p>Dr. Lu\u00eds Felipe Skinner, Universidade do Estado do Rio de Janeiro, Faculdade de Forma\u00e7\u00e3o de Professores, Departamento de Ci\u00eancias<\/p>\n<p>&nbsp;<\/p>\n<p>Editora\u00e7\u00e3o<\/p>\n<p>Dra. Michaele Alvim Milward-de-Azevedo<\/p>\n<p>&nbsp;<\/p>\n<table style=\"width: 97.9034%;\" border=\"1\" cellspacing=\"0\" cellpadding=\"10\">\n<thead>\n<tr>\n<th style=\"width: 79.405%;\">Diversidade e Gest\u00e3o 4: 01-xxx. 2020<\/th>\n<th style=\"width: 107.551%;\">P\u00e1ginas<\/th>\n<\/tr>\n<\/thead>\n<tbody>\n<tr>\n<td style=\"width: 79.405%;\"><strong>Expediente<\/strong><\/td>\n<td style=\"width: 107.551%;\">01<\/td>\n<\/tr>\n<tr>\n<td style=\"width: 79.405%;\"><strong>Sum\u00e1rio<\/strong><\/td>\n<td style=\"width: 107.551%;\">01<\/td>\n<\/tr>\n<tr>\n<td style=\"width: 79.405%;\"><a href=\"https:\/\/itr.ufrrj.br\/diversidadeegestao\/wp-content\/uploads\/2020\/03\/DG056_Souza_Boscolo-2.pdf\"><strong>LEVANTAMENTO ETNOBOT\u00c2NICO DE QUINTAIS URBANOS: ESTUDO NA COMUNIDADE DE DUNA GRANDE, NITER\u00d3I\/ RJ<\/strong><\/a><\/p>\n<p><strong>Ethnobotanical survey of urban backyards: study in community of Duna Grande, Niter\u00f3i \/ RJ<\/strong><\/p>\n<p>Roberta Cunha Azevedo de Souza, Odara Horta Boscolo<\/td>\n<td style=\"width: 107.551%;\">02-13<\/td>\n<\/tr>\n<tr>\n<td style=\"width: 79.405%;\"><strong style=\"font-family: inherit; font-size: inherit;\"><a href=\"https:\/\/itr.ufrrj.br\/diversidadeegestao\/wp-content\/uploads\/2020\/05\/DG060_Caldas.pdf\">A CRISE DA PANDEMIA OU A PANDEMIA DA CRISE? NOTAS PRELIMINARES PARA UMA AN\u00c1LISE DA CONJUNTURA<\/a> <\/strong>(nota de opini\u00e3o)<\/p>\n<p><strong>The pandemic crisis or the crisis pandemic? Preliminary notes for an analysis of conjuncture (opinion note)<\/strong><\/p>\n<p>Lucio Ayres Caldas<\/td>\n<td style=\"width: 107.551%;\">14-16<\/td>\n<\/tr>\n<tr>\n<td style=\"width: 79.405%;\"><a href=\"https:\/\/itr.ufrrj.br\/diversidadeegestao\/wp-content\/uploads\/2020\/06\/DG059_Borges_et_al.pdf\"><strong>DIAGN\u00d3STICO DO ESTADO DE CONSERVA\u00c7\u00c3O DE ALGUMAS ANGIOSPERMAS NO PARQUE NACIONAL DO ITATIAIA, BRASIL<\/strong><\/a><\/p>\n<p><strong>Conservation diagnosis of some angiosperms in National Park of Itatiaia, Brazil<\/strong><\/p>\n<p>Katiuss Ferreira Borges, Tielen Viana da Silva, J\u00f4natas de Souza Mercedes, Lais de Almeida Bezerra, Maria J\u00falia Groppa Rodrigues, Sabrina do Nascimento Silva, Daiane Barbosa da Silva, Tatiani Yuriko Souza Kikuche, Jo\u00e3o Victor de Souza Castelar &amp; Michaele Alvim Milward-de-Azevedo<\/td>\n<td style=\"width: 107.551%;\">17-45<\/td>\n<\/tr>\n<\/tbody>\n<\/table>\n<p>&nbsp;<\/p>\n","protected":false},"excerpt":{"rendered":"<p>Diversidade e Gest\u00e3o vol. 4 (2020) ISSN 2527-0044 Expediente \u00a0 Corpo editorial Editora-chefe Dra. Michaele Alvim Milward-de-Azevedo, Universidade Federal Rural do Rio de Janeiro, Instituto Tr\u00eas Rios, Departamento de Ci\u00eancias do Meio Ambiente &nbsp; Editor-assistente Dr. Lu\u00eds Felipe Skinner, Universidade do Estado do Rio de Janeiro, Faculdade de Forma\u00e7\u00e3o de Professores, Departamento de Ci\u00eancias &nbsp; [&hellip;]<\/p>\n","protected":false},"author":2,"featured_media":0,"parent":0,"menu_order":0,"comment_status":"closed","ping_status":"closed","template":"","meta":[],"acf":[],"_links":{"self":[{"href":"https:\/\/itr.ufrrj.br\/diversidadeegestao\/wp-json\/wp\/v2\/pages\/187"}],"collection":[{"href":"https:\/\/itr.ufrrj.br\/diversidadeegestao\/wp-json\/wp\/v2\/pages"}],"about":[{"href":"https:\/\/itr.ufrrj.br\/diversidadeegestao\/wp-json\/wp\/v2\/types\/page"}],"author":[{"embeddable":true,"href":"https:\/\/itr.ufrrj.br\/diversidadeegestao\/wp-json\/wp\/v2\/users\/2"}],"replies":[{"embeddable":true,"href":"https:\/\/itr.ufrrj.br\/diversidadeegestao\/wp-json\/wp\/v2\/comments?post=187"}],"version-history":[{"count":39,"href":"https:\/\/itr.ufrrj.br\/diversidadeegestao\/wp-json\/wp\/v2\/pages\/187\/revisions"}],"predecessor-version":[{"id":960,"href":"https:\/\/itr.ufrrj.br\/diversidadeegestao\/wp-json\/wp\/v2\/pages\/187\/revisions\/960"}],"wp:attachment":[{"href":"https:\/\/itr.ufrrj.br\/diversidadeegestao\/wp-json\/wp\/v2\/media?parent=187"}],"curies":[{"name":"wp","href":"https:\/\/api.w.org\/{rel}","templated":true}]}}