{"id":18,"date":"2016-12-20T10:02:03","date_gmt":"2016-12-20T12:02:03","guid":{"rendered":"http:\/\/www.itr.ufrrj.br\/diversidadeegestao\/?page_id=18"},"modified":"2018-01-02T14:54:44","modified_gmt":"2018-01-02T16:54:44","slug":"diversidade-e-gestao","status":"publish","type":"page","link":"https:\/\/itr.ufrrj.br\/diversidadeegestao\/edicoes-anteriores\/diversidade-e-gestao\/","title":{"rendered":"Diversidade e Gest\u00e3o vol. 1, n\u00ba 1 (2017)"},"content":{"rendered":"<h3 style=\"text-align: center;\">Diversidade e Gest\u00e3o vol. 1, n\u00ba 1 (2017): julho<\/h3>\n<p style=\"text-align: center;\"><strong>ISSN 2527-0044<\/strong><\/p>\n<h3 style=\"text-align: center;\"><strong>Volume Especial:\u00a0<\/strong><strong>Gest\u00e3o Ambiental: Perspectivas, Conceitos e Casos<\/strong><\/h3>\n<h3><\/h3>\n<h3>Expediente &#8211; Corpo editorial<\/h3>\n<h4>Editora-chefe<\/h4>\n<ul>\n<li>Dra. Michaele Alvim Milward-de-Azevedo, Universidade Federal Rural do Rio de Janeiro, Instituto Tr\u00eas Rios, Departamento de Ci\u00eancias do Meio Ambiente<\/li>\n<\/ul>\n<h4>Editor-assistente<\/h4>\n<ul>\n<li>Dr. Alexandre Ferreira Lopes, Universidade Federal Rural do Rio de Janeiro, Instituto Tr\u00eas Rios, Departamento de Ci\u00eancias do Meio Ambiente<\/li>\n<\/ul>\n<h4>Revisores<\/h4>\n<ul>\n<li>Dr. Alexandre Ferreira Lopes, Universidade Federal Rural do Rio de Janeiro, Instituto Tr\u00eas Rios, Departamento de Ci\u00eancias do Meio Ambiente<\/li>\n<li>Dra. Ana Carolina Mezzonato-Pires, Universidade Federal do Rio de Janeiro, Museu Nacional, Departamento de Bot\u00e2nica<\/li>\n<li>Dra. Danielle Calandino da Silva, Fundo Brasileiro para a Biodiversidade<\/li>\n<li>MsC. Felipe Cury Mazza, Universidade Federal Rural do Rio de Janeiro, Instituto Tr\u00eas Rios, Departamento de Ci\u00eancias do Meio Ambiente<\/li>\n<li>Dra. Julianne Alvim Milward-de-Azevedo, Universidade Federal Rural do Rio de Janeiro, Instituto Tr\u00eas Rios, Departamento de Ci\u00eancias do Meio Ambiente<\/li>\n<li>Dr. Leonardo Mitrano Neves, Universidade Federal Rural do Rio de Janeiro, Instituto Tr\u00eas Rios, Departamento de Ci\u00eancias do Meio Ambiente<\/li>\n<li>Dra. Michaele Alvim Milward-de-Azevedo, Universidade Federal Rural do Rio de Janeiro, Instituto Tr\u00eas Rios, Departamento de Ci\u00eancias do Meio Ambiente<\/li>\n<li>Dr. Sady J\u00fanior Martins da Costa de Menezes, Universidade Federal Rural do Rio de Janeiro, Instituto Tr\u00eas Rios, Departamento de Ci\u00eancias do Meio Ambiente<\/li>\n<li>Ge\u00f3grafa Verena Lima Van Der Ven, Universidade do Estado do Rio de Janeiro, Departamento de Geografia<\/li>\n<\/ul>\n<h4>Editora\u00e7\u00e3o<\/h4>\n<ul>\n<li>Dra. Michaele Alvim Milward-de-Azevedo<\/li>\n<li>Dr. Alexandre Ferreira Lopes<\/li>\n<\/ul>\n<h3><\/h3>\n<h3><\/h3>\n<table style=\"width: 100%;\" border=\"1\" cellspacing=\"0\" cellpadding=\"10\">\n<thead>\n<tr>\n<th>Diversidade e Gest\u00e3o 1(1): 01-162. 2017<\/th>\n<th>P\u00e1ginas<\/th>\n<\/tr>\n<\/thead>\n<tbody>\n<tr>\n<td><strong><a href=\"http:\/\/www.itr.ufrrj.br\/diversidadeegestao\/wp-content\/uploads\/2016\/12\/00-Expediente.pdf\">Expediente<\/a><\/strong><\/td>\n<td>01<\/td>\n<\/tr>\n<tr>\n<td><strong><a href=\"http:\/\/www.itr.ufrrj.br\/diversidadeegestao\/wp-content\/uploads\/2016\/12\/00-Sumario.pdf\">Sum\u00e1rio<\/a><\/strong><\/td>\n<td>02<\/td>\n<\/tr>\n<tr>\n<td><strong><a href=\"http:\/\/www.itr.ufrrj.br\/diversidadeegestao\/wp-content\/uploads\/2017\/07\/00-Apresentacao.pdf\">Apresenta\u00e7\u00e3o<\/a><\/strong><br \/>\nMichaele Alvim Milward de Azevedo &amp; Alexandre Ferreira Lopes<\/td>\n<td>03-04<\/td>\n<\/tr>\n<tr>\n<td><strong><a href=\"http:\/\/www.itr.ufrrj.br\/diversidadeegestao\/wp-content\/uploads\/2017\/07\/01-Perspectivas-da-Gestao-Ambiental.pdf\">1. Perspectivas da gest\u00e3o ambiental<\/a><\/strong><br \/>\nMichaele Alvim Milward-de-Azevedo, Julianne Alvim Milward-de-Azevedo, Thais Alves Gallo Andrade, Alexandre Ferreira Lopes &amp; Erika Cortines<\/td>\n<td>05-09<\/td>\n<\/tr>\n<tr>\n<td><strong><a href=\"http:\/\/www.itr.ufrrj.br\/diversidadeegestao\/wp-content\/uploads\/2017\/07\/02-Bases-para-a-gestao-da-biodiversidade-e-o-papel-do-Gestor-Ambiental_rev_DC.pdf\">2. Bases para a gest\u00e3o da biodiversidade e o papel do gestor ambiental<\/a><\/strong><br \/>\nF\u00e1bio Souto Almeida &amp; Andr\u00e9 Barbosa Vargas<\/td>\n<td>10-32<\/td>\n<\/tr>\n<tr>\n<td><strong><a href=\"http:\/\/www.itr.ufrrj.br\/diversidadeegestao\/wp-content\/uploads\/2017\/07\/03-A-Botanica-na-Gestao-Ambiental.pdf\">3. A bot\u00e2nica na gest\u00e3o ambiental<\/a><\/strong><br \/>\nMichaele Alvim Milward-de-Azevedo<\/td>\n<td>33-50<\/td>\n<\/tr>\n<tr>\n<td><strong><a href=\"http:\/\/www.itr.ufrrj.br\/diversidadeegestao\/wp-content\/uploads\/2017\/07\/04-A-Educacao-Ambiental-e-o-papel-Gestor-Ambiental.pdf\">4. A educa\u00e7\u00e3o ambiental e o papel do gestor ambiental<\/a><\/strong><br \/>\nAlexandre Ferreira Lopes &amp; Monica Cardoso Ambivero<\/td>\n<td>51-56<\/td>\n<\/tr>\n<tr>\n<td><strong><a href=\"http:\/\/www.itr.ufrrj.br\/diversidadeegestao\/wp-content\/uploads\/2017\/07\/05-Geotecnologias_Sady_revisado_20_05_17.pdf\">5. Geotecnologias aplicadas \u00e0 gest\u00e3o ambiental<\/a><\/strong><br \/>\nSady J\u00fanior Martins da Costa de Menezes, Carlos Antonio Alvares Soares Ribeiro, Cleverson Alves de Lima &amp; Maria Odete Alves de Souza<\/td>\n<td>57-69<\/td>\n<\/tr>\n<tr>\n<td><strong><a href=\"http:\/\/www.itr.ufrrj.br\/diversidadeegestao\/wp-content\/uploads\/2017\/07\/06-Avaliacao-de-Impactos-Ambientais-pronto-Angela.pdf\">6. Avalia\u00e7\u00e3o de impactos ambientais: uma introdu\u00e7\u00e3o ao tema com \u00eanfase na atua\u00e7\u00e3o do gestor ambiental<\/a><\/strong><br \/>\nF\u00e1bio Souto Almeida, Fabiola de Sampaio Rodrigues Grazinoli Garrido, \u00c2ngela Alves de Almeida<\/td>\n<td>70-87<\/td>\n<\/tr>\n<tr>\n<td><strong><a href=\"http:\/\/www.itr.ufrrj.br\/diversidadeegestao\/wp-content\/uploads\/2017\/07\/07-Uso-de-SIG-para-Gestao-de-Unidades-de-Conservacao_Revisado.3.pdf\">7. Utiliza\u00e7\u00e3o de sistemas de informa\u00e7\u00e3o geogr\u00e1fica para a gest\u00e3o de unidades de conserva\u00e7\u00e3o<\/a><\/strong><br \/>\nVerena Lima Van Der Ven<\/td>\n<td>88-102<\/td>\n<\/tr>\n<tr>\n<td><strong><a href=\"http:\/\/www.itr.ufrrj.br\/diversidadeegestao\/wp-content\/uploads\/2017\/07\/08-Relacao-Sociedade-Natureza_revisado.pdf\">8. Rela\u00e7\u00e3o sociedade-natureza: aspectos culturais na conserva\u00e7\u00e3o ambiental<\/a><\/strong><br \/>\nAna Carla Feio &amp; Ana Cristina Andrade de Aguiar-Dias<\/td>\n<td>103-106<\/td>\n<\/tr>\n<tr>\n<td><strong><a href=\"http:\/\/www.itr.ufrrj.br\/diversidadeegestao\/wp-content\/uploads\/2017\/07\/09-Desafios-e-Estrategias-de-Controle-da-Qualidade-do-Ar-em-Regioes-Metropolitanas_Final.pdf\">9. Desafios e estrat\u00e9gias de controle da qualidade do ar em regi\u00f5es metropolitanas<\/a><\/strong><br \/>\nMauricio Soares da Silva &amp; Luiz Claudio Gomes Pimentel<\/td>\n<td>107-126<\/td>\n<\/tr>\n<tr>\n<td><strong><a href=\"http:\/\/www.itr.ufrrj.br\/diversidadeegestao\/wp-content\/uploads\/2017\/07\/10-Economia-e-meio-ambiente-revisao-18.05.2017.-ok.pdf\">10. Economia e meio ambiente<\/a><\/strong><br \/>\nLuis Cl\u00e1udio Meirelles de Medeiros<\/td>\n<td>127-144<\/td>\n<\/tr>\n<tr>\n<td><strong><a href=\"http:\/\/www.itr.ufrrj.br\/diversidadeegestao\/wp-content\/uploads\/2017\/07\/11-Gerenciamento-Ambiental-Marinho_LFSkinner.pdf\">11. Gerenciamento ambiental marinho<\/a><\/strong><br \/>\nLu\u00eds Felipe Skinner<\/td>\n<td>145-162<\/td>\n<\/tr>\n<\/tbody>\n<\/table>\n","protected":false},"excerpt":{"rendered":"<p>Diversidade e Gest\u00e3o vol. 1, n\u00ba 1 (2017): julho ISSN 2527-0044 Volume Especial:\u00a0Gest\u00e3o Ambiental: Perspectivas, Conceitos e Casos Expediente &#8211; Corpo editorial Editora-chefe Dra. Michaele Alvim Milward-de-Azevedo, Universidade Federal Rural do Rio de Janeiro, Instituto Tr\u00eas Rios, Departamento de Ci\u00eancias do Meio Ambiente Editor-assistente Dr. Alexandre Ferreira Lopes, Universidade Federal Rural do Rio de Janeiro, [&hellip;]<\/p>\n","protected":false},"author":1,"featured_media":0,"parent":156,"menu_order":2,"comment_status":"closed","ping_status":"closed","template":"","meta":[],"acf":[],"_links":{"self":[{"href":"https:\/\/itr.ufrrj.br\/diversidadeegestao\/wp-json\/wp\/v2\/pages\/18"}],"collection":[{"href":"https:\/\/itr.ufrrj.br\/diversidadeegestao\/wp-json\/wp\/v2\/pages"}],"about":[{"href":"https:\/\/itr.ufrrj.br\/diversidadeegestao\/wp-json\/wp\/v2\/types\/page"}],"author":[{"embeddable":true,"href":"https:\/\/itr.ufrrj.br\/diversidadeegestao\/wp-json\/wp\/v2\/users\/1"}],"replies":[{"embeddable":true,"href":"https:\/\/itr.ufrrj.br\/diversidadeegestao\/wp-json\/wp\/v2\/comments?post=18"}],"version-history":[{"count":26,"href":"https:\/\/itr.ufrrj.br\/diversidadeegestao\/wp-json\/wp\/v2\/pages\/18\/revisions"}],"predecessor-version":[{"id":192,"href":"https:\/\/itr.ufrrj.br\/diversidadeegestao\/wp-json\/wp\/v2\/pages\/18\/revisions\/192"}],"up":[{"embeddable":true,"href":"https:\/\/itr.ufrrj.br\/diversidadeegestao\/wp-json\/wp\/v2\/pages\/156"}],"wp:attachment":[{"href":"https:\/\/itr.ufrrj.br\/diversidadeegestao\/wp-json\/wp\/v2\/media?parent=18"}],"curies":[{"name":"wp","href":"https:\/\/api.w.org\/{rel}","templated":true}]}}