{"id":16,"date":"2016-12-20T10:01:58","date_gmt":"2016-12-20T12:01:58","guid":{"rendered":"http:\/\/www.itr.ufrrj.br\/diversidadeegestao\/?page_id=16"},"modified":"2018-08-27T11:41:15","modified_gmt":"2018-08-27T14:41:15","slug":"condicoes-para-submissao","status":"publish","type":"page","link":"https:\/\/itr.ufrrj.br\/diversidadeegestao\/sobre\/condicoes-para-submissao\/","title":{"rendered":"Condi\u00e7\u00f5es para submiss\u00e3o"},"content":{"rendered":"<p style=\"text-align: justify;\">Como parte do processo de submiss\u00e3o, os autores s\u00e3o obrigados a verificar a conformidade da submiss\u00e3o em rela\u00e7\u00e3o a todos os itens listados a seguir. As submiss\u00f5es que n\u00e3o estiverem de acordo com as normas ser\u00e3o devolvidas aos autores.<\/p>\n<ol>\n<li style=\"text-align: justify;\">A contribui\u00e7\u00e3o \u00e9 original e in\u00e9dita, e n\u00e3o est\u00e1 sendo avaliada para publica\u00e7\u00e3o por outra revista.<\/li>\n<li style=\"text-align: justify;\">Se houver co-autores, informar o email de contato cada um deles.<\/li>\n<li style=\"text-align: justify;\">Ap\u00f3s a submiss\u00e3o, n\u00e3o ser\u00e1 permitido a exclus\u00e3o ou inclus\u00e3o de autores. A altera\u00e7\u00e3o de ordem de autoria, somente ser\u00e1 permitida se todos autores enviarem email informando que est\u00e3o cientes e de acordo com a altera\u00e7\u00e3o solicitada.<\/li>\n<li style=\"text-align: justify;\">Informar no momento da submiss\u00e3o, no corpo do email, se h\u00e1 ou n\u00e3o conflitos de interesse, se houver conflitos de interesse, informar o motivo.<\/li>\n<li style=\"text-align: justify;\">No momento da submiss\u00e3o, enviar juntamente com o manuscrito, uma carta de apresenta\u00e7\u00e3o do manuscrito ao corpo editorial da <strong>Diversidade e Gest\u00e3o<\/strong>, informando no m\u00ednimo 3 (tr\u00eas) poss\u00edveis revisores (nome completo do revisor e email de contato). Os revisores dever\u00e3o possuir o t\u00edtulo de doutor e n\u00e3o pertencerem a mesma institui\u00e7\u00e3o que os autores.<\/li>\n<li style=\"text-align: justify;\">Os estudos envolvendo seres humanos ou animais dever\u00e3o citar os n\u00fameros de autoriza\u00e7\u00e3o dos respectivos Comit\u00eas de \u00c9tica de pesquisa institucional e\/ou nacional apropriado, na se\u00e7\u00e3o de Agradecimentos. Al\u00e9m do n\u00famero, o nome do Comit\u00ea de \u00c9tica deve ser informado. Da mesma forma, devem ser inclu\u00eddos os n\u00fameros das autoriza\u00e7\u00f5es de coleta, emitidos por \u00f3rg\u00e3os ambientais ou equivalentes.<\/li>\n<li style=\"text-align: justify;\">Os arquivos para submiss\u00e3o est\u00e3o em formato Microsoft Word ou RTF.<\/li>\n<li style=\"text-align: justify;\">URLs para as refer\u00eancias foram informadas quando necess\u00e1rio.<\/li>\n<li style=\"text-align: justify;\">As figuras e tabelas est\u00e3o inseridas no corpo do texto, e n\u00e3o no final do documento, como anexos.<\/li>\n<li style=\"text-align: justify;\">A identifica\u00e7\u00e3o de autoria do trabalho ser\u00e1 removida do arquivo, garantindo desta forma o crit\u00e9rio de sigilo da revista, assegurando a avalia\u00e7\u00e3o cega por pares.<\/li>\n<\/ol>\n","protected":false},"excerpt":{"rendered":"<p>Como parte do processo de submiss\u00e3o, os autores s\u00e3o obrigados a verificar a conformidade da submiss\u00e3o em rela\u00e7\u00e3o a todos os itens listados a seguir. As submiss\u00f5es que n\u00e3o estiverem de acordo com as normas ser\u00e3o devolvidas aos autores. A contribui\u00e7\u00e3o \u00e9 original e in\u00e9dita, e n\u00e3o est\u00e1 sendo avaliada para publica\u00e7\u00e3o por outra revista. [&hellip;]<\/p>\n","protected":false},"author":1,"featured_media":0,"parent":133,"menu_order":3,"comment_status":"closed","ping_status":"closed","template":"","meta":[],"acf":[],"_links":{"self":[{"href":"https:\/\/itr.ufrrj.br\/diversidadeegestao\/wp-json\/wp\/v2\/pages\/16"}],"collection":[{"href":"https:\/\/itr.ufrrj.br\/diversidadeegestao\/wp-json\/wp\/v2\/pages"}],"about":[{"href":"https:\/\/itr.ufrrj.br\/diversidadeegestao\/wp-json\/wp\/v2\/types\/page"}],"author":[{"embeddable":true,"href":"https:\/\/itr.ufrrj.br\/diversidadeegestao\/wp-json\/wp\/v2\/users\/1"}],"replies":[{"embeddable":true,"href":"https:\/\/itr.ufrrj.br\/diversidadeegestao\/wp-json\/wp\/v2\/comments?post=16"}],"version-history":[{"count":7,"href":"https:\/\/itr.ufrrj.br\/diversidadeegestao\/wp-json\/wp\/v2\/pages\/16\/revisions"}],"predecessor-version":[{"id":240,"href":"https:\/\/itr.ufrrj.br\/diversidadeegestao\/wp-json\/wp\/v2\/pages\/16\/revisions\/240"}],"up":[{"embeddable":true,"href":"https:\/\/itr.ufrrj.br\/diversidadeegestao\/wp-json\/wp\/v2\/pages\/133"}],"wp:attachment":[{"href":"https:\/\/itr.ufrrj.br\/diversidadeegestao\/wp-json\/wp\/v2\/media?parent=16"}],"curies":[{"name":"wp","href":"https:\/\/api.w.org\/{rel}","templated":true}]}}