{"id":10,"date":"2016-12-20T10:01:37","date_gmt":"2016-12-20T12:01:37","guid":{"rendered":"http:\/\/www.itr.ufrrj.br\/diversidadeegestao\/?page_id=10"},"modified":"2020-06-11T22:09:13","modified_gmt":"2020-06-12T01:09:13","slug":"politicas","status":"publish","type":"page","link":"https:\/\/itr.ufrrj.br\/diversidadeegestao\/sobre\/politicas\/","title":{"rendered":"Pol\u00edticas"},"content":{"rendered":"<h2 style=\"text-align: justify;\">Foco e Escopo<\/h2>\n<p style=\"text-align: justify;\"><strong>Diversidade e Gest\u00e3o<\/strong> \u00e9 uma revista cient\u00edfica eletr\u00f4nica do Departamento de Ci\u00eancias do Meio Ambiente, publicada em fluxo cont\u00ednuo pelo Instituto Tr\u00eas Rios \/ Universidade Federal Rural do Rio de Janeiro, que publica artigos originais e in\u00e9ditos, abrangendo os n\u00edveis local, nacional e internacional, na publica\u00e7\u00e3o de artigos, notas, monografias, disserta\u00e7\u00f5es ou teses, sobre todos os temas envolvendo meio ambiente, diversidade e gest\u00e3o da diversidade, tendo por finalidade a conserva\u00e7\u00e3o e gest\u00e3o do patrim\u00f4nio natural. O manuscrito submetido (todo ou em partes) n\u00e3o deve ter sido publicado anteriormente ou estar sob considera\u00e7\u00e3o para publica\u00e7\u00e3o em outro peri\u00f3dico, e deve estar escrito em Portugu\u00eas, Ingl\u00eas ou Espanhol. Os procedimentos de an\u00e1lise e aprecia\u00e7\u00e3o dos manuscritos ser\u00e3o realizados com o anonimato dos autores dos respectivos trabalhos, assim como dos colaboradores que ir\u00e3o emitir o parecer.<\/p>\n<h2 style=\"text-align: justify;\">Processo de Avalia\u00e7\u00e3o pelos Pares<\/h2>\n<p style=\"text-align: justify;\">Os manuscritos ser\u00e3o submetidos \u00e0 aprova\u00e7\u00e3o de no m\u00ednimo dois pareceristas externos, especialistas reconhecidos nos temas tratados. Os trabalhos ser\u00e3o enviados sem a identifica\u00e7\u00e3o de autoria, como forma de garantir um parecer isento de qualquer influ\u00eancia. Ap\u00f3s a avalia\u00e7\u00e3o, se aprovados, os manuscritos ser\u00e3o encaminhados para serem publicados.<\/p>\n<p style=\"text-align: justify;\">O processo de sele\u00e7\u00e3o de artigos para publica\u00e7\u00e3o envolve um prazo m\u00e1ximo de 90 dias a partir da data de submiss\u00e3o do autor.<\/p>\n<h2 style=\"text-align: justify;\">Periodicidade<\/h2>\n<p style=\"text-align: justify;\">Fluxo cont\u00ednuo, em vers\u00e3o eletr\u00f4nica.<\/p>\n<h2 style=\"text-align: justify;\">Pol\u00edtica de Acesso Livre<\/h2>\n<p style=\"text-align: justify;\">Esta revista oferece acesso livre imediato ao seu conte\u00fado, seguindo o princ\u00edpio de que disponibilizar gratuitamente o conhecimento cient\u00edfico ao p\u00fablico proporciona maior democratiza\u00e7\u00e3o mundial do conhecimento. <strong>Diversidade e Gest\u00e3o<\/strong> n\u00e3o aplica taxas de submiss\u00e3o, publica\u00e7\u00e3o ou de qualquer outra natureza em seus processos.<\/p>\n<h2 style=\"text-align: justify;\">Declara\u00e7\u00e3o de Direitos Autorais<\/h2>\n<p>Os direitos autorais nos artigos publicados na revista <strong>Diversidade e Gest\u00e3o<\/strong> pertencem ao(s) respectivo(s) autor(es), com os direitos de publica\u00e7\u00e3o cedidos \u00e0 <strong>Diversidade e Gest\u00e3o<\/strong>. Os artigos quando citados, devem apresentar o link para o artigo, dispon\u00edvel no site da <strong>Diversidade e Gest\u00e3o<\/strong>. A revista <strong>Diversidade e Gest\u00e3o<\/strong> est\u00e1 licenciada com uma Licen\u00e7a Creative Commons (by-nc).<\/p>\n<p><a href=\"https:\/\/creativecommons.org\/licenses\/by-nc\/4.0\/\"><img loading=\"lazy\" class=\"alignnone size-full wp-image-946\" src=\"https:\/\/itr.ufrrj.br\/diversidadeegestao\/wp-content\/uploads\/2020\/06\/Captura-de-Tela-2020-06-11-a\u0300s-20.39.05.png\" alt=\"\" width=\"102\" height=\"39\" \/><\/a><\/p>\n<h2 style=\"text-align: justify;\">Pol\u00edticas contra pl\u00e1gio<\/h2>\n<p>N\u00e3o aceitamos pl\u00e1gio. Por este motivo, a revista <strong>Diversidade e Gest\u00e3o<\/strong> poder\u00e1 usar softwares para rastrear pl\u00e1gios nos manuscritos submetidos.<\/p>\n","protected":false},"excerpt":{"rendered":"<p>Foco e Escopo Diversidade e Gest\u00e3o \u00e9 uma revista cient\u00edfica eletr\u00f4nica do Departamento de Ci\u00eancias do Meio Ambiente, publicada em fluxo cont\u00ednuo pelo Instituto Tr\u00eas Rios \/ Universidade Federal Rural do Rio de Janeiro, que publica artigos originais e in\u00e9ditos, abrangendo os n\u00edveis local, nacional e internacional, na publica\u00e7\u00e3o de artigos, notas, monografias, disserta\u00e7\u00f5es ou [&hellip;]<\/p>\n","protected":false},"author":1,"featured_media":0,"parent":133,"menu_order":2,"comment_status":"closed","ping_status":"closed","template":"","meta":[],"acf":[],"_links":{"self":[{"href":"https:\/\/itr.ufrrj.br\/diversidadeegestao\/wp-json\/wp\/v2\/pages\/10"}],"collection":[{"href":"https:\/\/itr.ufrrj.br\/diversidadeegestao\/wp-json\/wp\/v2\/pages"}],"about":[{"href":"https:\/\/itr.ufrrj.br\/diversidadeegestao\/wp-json\/wp\/v2\/types\/page"}],"author":[{"embeddable":true,"href":"https:\/\/itr.ufrrj.br\/diversidadeegestao\/wp-json\/wp\/v2\/users\/1"}],"replies":[{"embeddable":true,"href":"https:\/\/itr.ufrrj.br\/diversidadeegestao\/wp-json\/wp\/v2\/comments?post=10"}],"version-history":[{"count":25,"href":"https:\/\/itr.ufrrj.br\/diversidadeegestao\/wp-json\/wp\/v2\/pages\/10\/revisions"}],"predecessor-version":[{"id":954,"href":"https:\/\/itr.ufrrj.br\/diversidadeegestao\/wp-json\/wp\/v2\/pages\/10\/revisions\/954"}],"up":[{"embeddable":true,"href":"https:\/\/itr.ufrrj.br\/diversidadeegestao\/wp-json\/wp\/v2\/pages\/133"}],"wp:attachment":[{"href":"https:\/\/itr.ufrrj.br\/diversidadeegestao\/wp-json\/wp\/v2\/media?parent=10"}],"curies":[{"name":"wp","href":"https:\/\/api.w.org\/{rel}","templated":true}]}}