{"id":60,"date":"2016-03-14T13:44:36","date_gmt":"2016-03-14T16:44:36","guid":{"rendered":"http:\/\/itr.ufrrj.br\/biblioteca\/?page_id=60"},"modified":"2018-04-20T10:17:02","modified_gmt":"2018-04-20T13:17:02","slug":"bem-vindo-a-biblioteca-tres-rios","status":"publish","type":"page","link":"https:\/\/itr.ufrrj.br\/biblioteca\/","title":{"rendered":"Bem-vindo \u00e0 Biblioteca do Instituto Tr\u00eas Rios!"},"content":{"rendered":"<div class=\"box wsw\">\n<div class=\"boxContentBorder\">\n<div class=\"boxContent\">\n<p style=\"text-align: justify;\"><a href=\"http:\/\/itr.ufrrj.br\/biblioteca\/wp-content\/uploads\/2016\/11\/salao.jpg\"><img decoding=\"async\" loading=\"lazy\" class=\"wp-image-1940 aligncenter\" src=\"http:\/\/itr.ufrrj.br\/biblioteca\/wp-content\/uploads\/2016\/11\/salao-300x102.jpg\" alt=\"salao\" width=\"932\" height=\"317\" srcset=\"https:\/\/itr.ufrrj.br\/biblioteca\/wp-content\/uploads\/2016\/11\/salao-300x102.jpg 300w, https:\/\/itr.ufrrj.br\/biblioteca\/wp-content\/uploads\/2016\/11\/salao-768x260.jpg 768w, https:\/\/itr.ufrrj.br\/biblioteca\/wp-content\/uploads\/2016\/11\/salao-1024x347.jpg 1024w\" sizes=\"(max-width: 932px) 100vw, 932px\" \/><\/a><\/p>\n<\/div>\n<div class=\"boxContent\">\n<p style=\"text-align: justify;\">Somos uma biblioteca p\u00fablica e universit\u00e1ria localizada no munic\u00edpio de Tr\u00eas Rios\/RJ, e integramos uma Rede Institucional de Bibliotecas. Venha descobrir o fascinante mundo da leitura! O nosso cat\u00e1logo cont\u00e9m mais de 5.000 exemplares para todas as idades, dos 0 aos 100 anos.<\/p>\n<\/div>\n<\/div>\n<div class=\"boxContentBorder\">\n<div class=\"boxContent\">\n<p style=\"text-align: justify;\"><a href=\"http:\/\/itr.ufrrj.br\/biblioteca\/wp-content\/uploads\/2016\/03\/20180418_170752-e1524229850350.jpg\"><img decoding=\"async\" loading=\"lazy\" class=\"alignleft wp-image-3438 size-medium\" src=\"http:\/\/itr.ufrrj.br\/biblioteca\/wp-content\/uploads\/2016\/03\/20180418_170752-e1524229917337-169x300.jpg\" alt=\"20180418_170752\" width=\"169\" height=\"300\" srcset=\"https:\/\/itr.ufrrj.br\/biblioteca\/wp-content\/uploads\/2016\/03\/20180418_170752-e1524229917337-169x300.jpg 169w, https:\/\/itr.ufrrj.br\/biblioteca\/wp-content\/uploads\/2016\/03\/20180418_170752-e1524229917337-576x1024.jpg 576w, https:\/\/itr.ufrrj.br\/biblioteca\/wp-content\/uploads\/2016\/03\/20180418_170752-e1524229917337.jpg 675w\" sizes=\"(max-width: 169px) 100vw, 169px\" \/><\/a>Nosso acervo \u00e9 voltado para a livre consulta do p\u00fablico em geral e dos membros de nossa comunidade acad\u00eamica, pertencente aos cursos de Bacharelado em Administra\u00e7\u00e3o; Bacharelado em Ci\u00eancias Econ\u00f4micas; Bacharelado em Gest\u00e3o Ambiental e Bacharelado em Direito.<\/p>\n<p style=\"text-align: justify;\">Temos livros dos cursos ministrados no \u00e2mbito deste Campus: Administra\u00e7\u00e3o, Direito, Economia e Gest\u00e3o Ambiental, assim como dos temas mais diversos desde Hist\u00f3ria, Arte, Religi\u00e3o, Literatura, Filosofia, Auto-Ajuda, Misticismo, Sa\u00fade, Medicina e Anatomia, Biologia, Geografia, Geologia, Qu\u00edmica, Arquitetura, Meio-Ambiente,Ci\u00eancias Sociais, Desenvolvimento e Crescimento, Pedagogia, Psicologia, Esporte, at\u00e9 os temas livres e obras gerais. Estamos em constante forma\u00e7\u00e3o e desenvolvimento de nosso acervo.<\/p>\n<p style=\"text-align: justify;\">Venha nos visitar em nosso website e saber mais sobre os nossos servi\u00e7os e a nossa crescente cole\u00e7\u00e3o de livros. N\u00e3o hesite em <a href=\"http:\/\/itr.ufrrj.br\/biblioteca\/contato\">contatar-nos<\/a> caso pretenda um servi\u00e7o mais personalizado. Estamos \u00e0 sua disposi\u00e7\u00e3o para o ajudar a encontrar o livro mais adequado \u00e0s suas necessidades.<\/p>\n<p style=\"text-align: justify;\">Estamos em constante desenvolvimento e cria\u00e7\u00e3o de novos projetos e esperamos que voc\u00ea curta e vivencie nossas novidades.<\/p>\n<p style=\"text-align: justify;\"><strong>Fa\u00e7a-nos uma visita!<\/strong><\/p>\n<p style=\"text-align: justify;\">Estamos localizados na Av. Prefeito Alberto da Silva Lavinas, 1847, Tr\u00eas Rios &#8211; Rio de Janeiro.<br \/>\nTelefone: (21) 2681-4925<\/p>\n<p style=\"text-align: justify;\">e esperamos por voc\u00ea!<\/p>\n<\/div>\n<\/div>\n<\/div>\n<div class=\"cleaner\" style=\"text-align: justify;\"><\/div>\n<div class=\"box wsw\">\n<div class=\"boxContentBorder\">\n<div class=\"boxContent\">\n<p style=\"text-align: justify;\"><strong>Hor\u00e1rio regular de funcionamento:<\/strong><\/p>\n<p style=\"text-align: justify;\">De Segunda a Sexta-Feira<br \/>\ndas 11:00h \u00e0s 20:30h<\/p>\n<p style=\"text-align: justify;\">\n<\/div>\n<p style=\"text-align: justify;\"><strong>Galeria de fotos:<\/strong><\/p>\n<div class=\"boxContent\">\n\n\t\t<style type=\"text\/css\">\n\t\t\t#gallery-1 {\n\t\t\t\tmargin: auto;\n\t\t\t}\n\t\t\t#gallery-1 .gallery-item {\n\t\t\t\tfloat: left;\n\t\t\t\tmargin-top: 10px;\n\t\t\t\ttext-align: center;\n\t\t\t\twidth: 25%;\n\t\t\t}\n\t\t\t#gallery-1 img {\n\t\t\t\tborder: 2px solid #cfcfcf;\n\t\t\t}\n\t\t\t#gallery-1 .gallery-caption {\n\t\t\t\tmargin-left: 0;\n\t\t\t}\n\t\t\t\/* see gallery_shortcode() in wp-includes\/media.php *\/\n\t\t<\/style>\n\t\t<div id='gallery-1' class='gallery galleryid-60 gallery-columns-4 gallery-size-thumbnail'><dl class='gallery-item'>\n\t\t\t<dt class='gallery-icon landscape'>\n\t\t\t\t<a href='https:\/\/itr.ufrrj.br\/biblioteca\/wp-content\/uploads\/2016\/03\/20180418_170917.jpg'><img width=\"150\" height=\"150\" src=\"https:\/\/itr.ufrrj.br\/biblioteca\/wp-content\/uploads\/2016\/03\/20180418_170917-150x150.jpg\" class=\"attachment-thumbnail size-thumbnail\" alt=\"Biblioteca do Instituto Tr\u00eas Rios\/UFRRJ\" decoding=\"async\" loading=\"lazy\" srcset=\"https:\/\/itr.ufrrj.br\/biblioteca\/wp-content\/uploads\/2016\/03\/20180418_170917-150x150.jpg 150w, https:\/\/itr.ufrrj.br\/biblioteca\/wp-content\/uploads\/2016\/03\/20180418_170917-200x200.jpg 200w, https:\/\/itr.ufrrj.br\/biblioteca\/wp-content\/uploads\/2016\/03\/20180418_170917-50x50.jpg 50w\" sizes=\"(max-width: 150px) 100vw, 150px\" \/><\/a>\n\t\t\t<\/dt><\/dl><dl class='gallery-item'>\n\t\t\t<dt class='gallery-icon landscape'>\n\t\t\t\t<a href='https:\/\/itr.ufrrj.br\/biblioteca\/wp-content\/uploads\/2016\/03\/20180418_170617.jpg'><img width=\"150\" height=\"150\" src=\"https:\/\/itr.ufrrj.br\/biblioteca\/wp-content\/uploads\/2016\/03\/20180418_170617-150x150.jpg\" class=\"attachment-thumbnail size-thumbnail\" alt=\"Biblioteca do Instituto Tr\u00eas Rios\/UFRRJ\" decoding=\"async\" loading=\"lazy\" srcset=\"https:\/\/itr.ufrrj.br\/biblioteca\/wp-content\/uploads\/2016\/03\/20180418_170617-150x150.jpg 150w, https:\/\/itr.ufrrj.br\/biblioteca\/wp-content\/uploads\/2016\/03\/20180418_170617-200x200.jpg 200w, https:\/\/itr.ufrrj.br\/biblioteca\/wp-content\/uploads\/2016\/03\/20180418_170617-50x50.jpg 50w\" sizes=\"(max-width: 150px) 100vw, 150px\" \/><\/a>\n\t\t\t<\/dt><\/dl><dl class='gallery-item'>\n\t\t\t<dt class='gallery-icon landscape'>\n\t\t\t\t<a href='https:\/\/itr.ufrrj.br\/biblioteca\/wp-content\/uploads\/2016\/03\/20180418_170828.jpg'><img width=\"150\" height=\"150\" src=\"https:\/\/itr.ufrrj.br\/biblioteca\/wp-content\/uploads\/2016\/03\/20180418_170828-150x150.jpg\" class=\"attachment-thumbnail size-thumbnail\" alt=\"Biblioteca do Instituto Tr\u00eas Rios\/UFRRJ\" decoding=\"async\" loading=\"lazy\" srcset=\"https:\/\/itr.ufrrj.br\/biblioteca\/wp-content\/uploads\/2016\/03\/20180418_170828-150x150.jpg 150w, https:\/\/itr.ufrrj.br\/biblioteca\/wp-content\/uploads\/2016\/03\/20180418_170828-200x200.jpg 200w, https:\/\/itr.ufrrj.br\/biblioteca\/wp-content\/uploads\/2016\/03\/20180418_170828-50x50.jpg 50w\" sizes=\"(max-width: 150px) 100vw, 150px\" \/><\/a>\n\t\t\t<\/dt><\/dl><dl class='gallery-item'>\n\t\t\t<dt class='gallery-icon portrait'>\n\t\t\t\t<a href='https:\/\/itr.ufrrj.br\/biblioteca\/wp-content\/uploads\/2016\/03\/20180418_170752-e1524229917337.jpg'><img width=\"150\" height=\"150\" src=\"https:\/\/itr.ufrrj.br\/biblioteca\/wp-content\/uploads\/2016\/03\/20180418_170752-e1524229917337-150x150.jpg\" class=\"attachment-thumbnail size-thumbnail\" alt=\"Biblioteca do Instituto Tr\u00eas Rios\/UFRRJ\" decoding=\"async\" loading=\"lazy\" srcset=\"https:\/\/itr.ufrrj.br\/biblioteca\/wp-content\/uploads\/2016\/03\/20180418_170752-e1524229917337-150x150.jpg 150w, https:\/\/itr.ufrrj.br\/biblioteca\/wp-content\/uploads\/2016\/03\/20180418_170752-e1524229917337-200x200.jpg 200w, https:\/\/itr.ufrrj.br\/biblioteca\/wp-content\/uploads\/2016\/03\/20180418_170752-e1524229917337-50x50.jpg 50w\" sizes=\"(max-width: 150px) 100vw, 150px\" \/><\/a>\n\t\t\t<\/dt><\/dl><br style=\"clear: both\" \/>\n\t\t<\/div>\n\n<\/div>\n<\/div>\n<\/div>\n","protected":false},"excerpt":{"rendered":"<p>Somos uma biblioteca p\u00fablica e universit\u00e1ria localizada no munic\u00edpio de Tr\u00eas Rios\/RJ, e integramos uma Rede Institucional de Bibliotecas. Venha descobrir o fascinante mundo da leitura! O nosso cat\u00e1logo cont\u00e9m mais de 5.000 exemplares para todas as idades, dos 0 aos 100 anos. Nosso acervo \u00e9 voltado para a livre consulta do p\u00fablico em geral [&hellip;]<\/p>\n","protected":false},"author":3,"featured_media":0,"parent":0,"menu_order":0,"comment_status":"closed","ping_status":"closed","template":"","meta":[],"acf":[],"yoast_head":"<!-- This site is optimized with the Yoast SEO plugin v20.8 - https:\/\/yoast.com\/wordpress\/plugins\/seo\/ -->\n<title>Bem-vindo \u00e0 Biblioteca do Instituto Tr\u00eas Rios! - Biblioteca do ITR<\/title>\n<meta name=\"robots\" content=\"index, follow, max-snippet:-1, max-image-preview:large, max-video-preview:-1\" \/>\n<link rel=\"canonical\" href=\"https:\/\/itr.ufrrj.br\/biblioteca\/\" \/>\n<meta property=\"og:locale\" content=\"pt_BR\" \/>\n<meta property=\"og:type\" content=\"article\" \/>\n<meta property=\"og:title\" content=\"Bem-vindo \u00e0 Biblioteca do Instituto Tr\u00eas Rios! - Biblioteca do ITR\" \/>\n<meta property=\"og:description\" content=\"Somos uma biblioteca p\u00fablica e universit\u00e1ria localizada no munic\u00edpio de Tr\u00eas Rios\/RJ, e integramos uma Rede Institucional de Bibliotecas. Venha descobrir o fascinante mundo da leitura! O nosso cat\u00e1logo cont\u00e9m mais de 5.000 exemplares para todas as idades, dos 0 aos 100 anos. Nosso acervo \u00e9 voltado para a livre consulta do p\u00fablico em geral [&hellip;]\" \/>\n<meta property=\"og:url\" content=\"https:\/\/itr.ufrrj.br\/biblioteca\/\" \/>\n<meta property=\"og:site_name\" content=\"Biblioteca do ITR\" \/>\n<meta property=\"article:modified_time\" content=\"2018-04-20T13:17:02+00:00\" \/>\n<meta property=\"og:image\" content=\"https:\/\/itr.ufrrj.br\/biblioteca\/wp-content\/uploads\/2016\/03\/20180418_170917-150x150.jpg\" \/>\n<meta name=\"twitter:card\" content=\"summary_large_image\" \/>\n<meta name=\"twitter:label1\" content=\"Est. tempo de leitura\" \/>\n\t<meta name=\"twitter:data1\" content=\"1 minuto\" \/>\n<script type=\"application\/ld+json\" class=\"yoast-schema-graph\">{\"@context\":\"https:\/\/schema.org\",\"@graph\":[{\"@type\":\"WebPage\",\"@id\":\"https:\/\/itr.ufrrj.br\/biblioteca\/\",\"url\":\"https:\/\/itr.ufrrj.br\/biblioteca\/\",\"name\":\"Bem-vindo \u00e0 Biblioteca do Instituto Tr\u00eas Rios! - Biblioteca do ITR\",\"isPartOf\":{\"@id\":\"https:\/\/itr.ufrrj.br\/biblioteca\/#website\"},\"datePublished\":\"2016-03-14T16:44:36+00:00\",\"dateModified\":\"2018-04-20T13:17:02+00:00\",\"breadcrumb\":{\"@id\":\"https:\/\/itr.ufrrj.br\/biblioteca\/#breadcrumb\"},\"inLanguage\":\"pt-BR\",\"potentialAction\":[{\"@type\":\"ReadAction\",\"target\":[\"https:\/\/itr.ufrrj.br\/biblioteca\/\"]}]},{\"@type\":\"BreadcrumbList\",\"@id\":\"https:\/\/itr.ufrrj.br\/biblioteca\/#breadcrumb\",\"itemListElement\":[{\"@type\":\"ListItem\",\"position\":1,\"name\":\"In\u00edcio\",\"item\":\"https:\/\/itr.ufrrj.br\/biblioteca\/\"},{\"@type\":\"ListItem\",\"position\":2,\"name\":\"Bem-vindo \u00e0 Biblioteca do Instituto Tr\u00eas Rios!\"}]},{\"@type\":\"WebSite\",\"@id\":\"https:\/\/itr.ufrrj.br\/biblioteca\/#website\",\"url\":\"https:\/\/itr.ufrrj.br\/biblioteca\/\",\"name\":\"Biblioteca do ITR\",\"description\":\"Instituto Tr\u00eas Rios\",\"potentialAction\":[{\"@type\":\"SearchAction\",\"target\":{\"@type\":\"EntryPoint\",\"urlTemplate\":\"https:\/\/itr.ufrrj.br\/biblioteca\/?s={search_term_string}\"},\"query-input\":\"required name=search_term_string\"}],\"inLanguage\":\"pt-BR\"}]}<\/script>\n<!-- \/ Yoast SEO plugin. -->","yoast_head_json":{"title":"Bem-vindo \u00e0 Biblioteca do Instituto Tr\u00eas Rios! - Biblioteca do ITR","robots":{"index":"index","follow":"follow","max-snippet":"max-snippet:-1","max-image-preview":"max-image-preview:large","max-video-preview":"max-video-preview:-1"},"canonical":"https:\/\/itr.ufrrj.br\/biblioteca\/","og_locale":"pt_BR","og_type":"article","og_title":"Bem-vindo \u00e0 Biblioteca do Instituto Tr\u00eas Rios! - Biblioteca do ITR","og_description":"Somos uma biblioteca p\u00fablica e universit\u00e1ria localizada no munic\u00edpio de Tr\u00eas Rios\/RJ, e integramos uma Rede Institucional de Bibliotecas. Venha descobrir o fascinante mundo da leitura! O nosso cat\u00e1logo cont\u00e9m mais de 5.000 exemplares para todas as idades, dos 0 aos 100 anos. Nosso acervo \u00e9 voltado para a livre consulta do p\u00fablico em geral [&hellip;]","og_url":"https:\/\/itr.ufrrj.br\/biblioteca\/","og_site_name":"Biblioteca do ITR","article_modified_time":"2018-04-20T13:17:02+00:00","og_image":[{"url":"https:\/\/itr.ufrrj.br\/biblioteca\/wp-content\/uploads\/2016\/03\/20180418_170917-150x150.jpg"}],"twitter_card":"summary_large_image","twitter_misc":{"Est. tempo de leitura":"1 minuto"},"schema":{"@context":"https:\/\/schema.org","@graph":[{"@type":"WebPage","@id":"https:\/\/itr.ufrrj.br\/biblioteca\/","url":"https:\/\/itr.ufrrj.br\/biblioteca\/","name":"Bem-vindo \u00e0 Biblioteca do Instituto Tr\u00eas Rios! - Biblioteca do ITR","isPartOf":{"@id":"https:\/\/itr.ufrrj.br\/biblioteca\/#website"},"datePublished":"2016-03-14T16:44:36+00:00","dateModified":"2018-04-20T13:17:02+00:00","breadcrumb":{"@id":"https:\/\/itr.ufrrj.br\/biblioteca\/#breadcrumb"},"inLanguage":"pt-BR","potentialAction":[{"@type":"ReadAction","target":["https:\/\/itr.ufrrj.br\/biblioteca\/"]}]},{"@type":"BreadcrumbList","@id":"https:\/\/itr.ufrrj.br\/biblioteca\/#breadcrumb","itemListElement":[{"@type":"ListItem","position":1,"name":"In\u00edcio","item":"https:\/\/itr.ufrrj.br\/biblioteca\/"},{"@type":"ListItem","position":2,"name":"Bem-vindo \u00e0 Biblioteca do Instituto Tr\u00eas Rios!"}]},{"@type":"WebSite","@id":"https:\/\/itr.ufrrj.br\/biblioteca\/#website","url":"https:\/\/itr.ufrrj.br\/biblioteca\/","name":"Biblioteca do ITR","description":"Instituto Tr\u00eas Rios","potentialAction":[{"@type":"SearchAction","target":{"@type":"EntryPoint","urlTemplate":"https:\/\/itr.ufrrj.br\/biblioteca\/?s={search_term_string}"},"query-input":"required name=search_term_string"}],"inLanguage":"pt-BR"}]}},"_links":{"self":[{"href":"https:\/\/itr.ufrrj.br\/biblioteca\/wp-json\/wp\/v2\/pages\/60"}],"collection":[{"href":"https:\/\/itr.ufrrj.br\/biblioteca\/wp-json\/wp\/v2\/pages"}],"about":[{"href":"https:\/\/itr.ufrrj.br\/biblioteca\/wp-json\/wp\/v2\/types\/page"}],"author":[{"embeddable":true,"href":"https:\/\/itr.ufrrj.br\/biblioteca\/wp-json\/wp\/v2\/users\/3"}],"replies":[{"embeddable":true,"href":"https:\/\/itr.ufrrj.br\/biblioteca\/wp-json\/wp\/v2\/comments?post=60"}],"version-history":[{"count":15,"href":"https:\/\/itr.ufrrj.br\/biblioteca\/wp-json\/wp\/v2\/pages\/60\/revisions"}],"predecessor-version":[{"id":3446,"href":"https:\/\/itr.ufrrj.br\/biblioteca\/wp-json\/wp\/v2\/pages\/60\/revisions\/3446"}],"wp:attachment":[{"href":"https:\/\/itr.ufrrj.br\/biblioteca\/wp-json\/wp\/v2\/media?parent=60"}],"curies":[{"name":"wp","href":"https:\/\/api.w.org\/{rel}","templated":true}]}}