{"id":47,"date":"2016-03-14T11:25:05","date_gmt":"2016-03-14T14:25:05","guid":{"rendered":"http:\/\/itr.ufrrj.br\/biblioteca\/?page_id=47"},"modified":"2017-09-27T17:25:26","modified_gmt":"2017-09-27T20:25:26","slug":"formularios-de-selecao","status":"publish","type":"page","link":"https:\/\/itr.ufrrj.br\/biblioteca\/formularios-de-selecao\/","title":{"rendered":"Formul\u00e1rios de Sele\u00e7\u00e3o"},"content":{"rendered":"<p style=\"text-align: justify;\"><strong>Informa\u00e7\u00f5es\u00a0aos Estagi\u00e1rios<\/strong><\/p>\n<p style=\"text-align: justify;\">Este espa\u00e7o \u00e9 dedicado \u00e0 voc\u00ea estagi\u00e1rio que passou por nosso processo seletivo e acaba de ingressar como um colaborador da Biblioteca.<\/p>\n<p style=\"text-align: justify;\">O grupo de Colaboradores da Biblioteca lhe parabeniza por sua conquista e lhe deseja boas vindas nessa sua nova jornada. Aqui voc\u00ea encontrar\u00e1 um ambiente prop\u00edcio ao seu desenvolvimento intelectual e profissional.<\/p>\n<p style=\"text-align: justify;\">Esperamos que voc\u00ea navegue pelas demais abas do site em busca do conhecimento sobre seu novo espa\u00e7o de inser\u00e7\u00e3o profissional. Nesta aba voc\u00ea encontrar\u00e1 os primeiros formul\u00e1rios necess\u00e1rios ao seu cadastramento. Voc\u00ea poder\u00e1 fazer o download\u00a0 daqui mesmo ou do site Institucional da UFRRJ, no \u00edcone referente ao DEST.<\/p>\n<p style=\"text-align: justify;\">Mas lembre-se que ao preencher os formul\u00e1rios voc\u00ea precisar\u00e1 estar de posse de seus documentos e o preenchimento dever\u00e1 ser feito preferencialmente via digita\u00e7\u00e3o ou em letra de forma. Os campos relativos \u00e0s atribui\u00e7\u00f5es e carga hor\u00e1ria; supervis\u00e3o e valores, assim como \u00e0queles que gerarem duvidas quanto ao preenchimento podem ficar em branco para uma posterior orienta\u00e7\u00e3o sobre como preencher.<\/p>\n<p style=\"text-align: justify;\">Uma dica importante \u00e9 que voc\u00ea deve estar de posse da c\u00f3pia de todos os documentos exigidos quando da entrega destes formul\u00e1rios \u00e0 Dire\u00e7\u00e3o da Biblioteca, pois a falta de qualquer um deles significa a impossibilidade da contrata\u00e7\u00e3o.<\/p>\n<p style=\"text-align: justify;\">Por \u00faltimo, n\u00e3o se esque\u00e7a que a conta para recebimento do benef\u00edcio n\u00e3o poder\u00e1 ser sal\u00e1rio; conjunta ou poupan\u00e7a e o Banco \u00e9 de livre escolha do candidato. Outra dica importante \u00e9 que n\u00e3o apenas o seu \u00eaxito profissional \u00e9 importante para n\u00f3s, pois o seu desempenho estudantil \u00e9 fator preponderante para a manuten\u00e7\u00e3o de nossas expectativas ao seu desenvolvimento social e humano.<\/p>\n<p style=\"text-align: justify;\">Mais uma vez desejamos que voc\u00ea seja bem vindo(a)!<\/p>\n<p style=\"text-align: justify;\"><strong>Formul\u00e1rios para inscri\u00e7\u00e3o e sele\u00e7\u00e3o de candidato<\/strong><\/p>\n<p style=\"text-align: justify;\"><a href=\"http:\/\/itr.ufrrj.br\/biblioteca\/wp-content\/uploads\/2016\/08\/cadastro_bolsista_estagiario.pdf\">(Anexo) Formul\u00e1rio de Sele\u00e7\u00e3o, Inscri\u00e7\u00e3o e Cadastramento de Bolsistas e Estagi\u00e1rios para Biblioteca<\/a><\/p>\n<p style=\"text-align: justify;\"><strong>Formul\u00e1rios para cadastramento de estagi\u00e1rio aprovado<\/strong><\/p>\n<p style=\"text-align: justify;\"><a href=\"http:\/\/itr.ufrrj.br\/biblioteca\/wp-content\/uploads\/2016\/08\/admissao_estagiario.pdf\">(Anexo) Formul\u00e1rio de Admiss\u00e3o de Estagia\u0301rio &#8211; Formul\u00e1rio 1<\/a><\/p>\n<p style=\"text-align: justify;\"><a href=\"http:\/\/itr.ufrrj.br\/biblioteca\/wp-content\/uploads\/2016\/08\/admissao_estagiario_2.pdf\">(Anexo) Formul\u00e1rio\u00a0de Admiss\u00e3o\u00a0de Estagi\u00e1rio &#8211; Formul\u00e1rio 2<\/a><\/p>\n","protected":false},"excerpt":{"rendered":"<p>Informa\u00e7\u00f5es\u00a0aos Estagi\u00e1rios Este espa\u00e7o \u00e9 dedicado \u00e0 voc\u00ea estagi\u00e1rio que passou por nosso processo seletivo e acaba de ingressar como um colaborador da Biblioteca. O grupo de Colaboradores da Biblioteca lhe parabeniza por sua conquista e lhe deseja boas vindas nessa sua nova jornada. Aqui voc\u00ea encontrar\u00e1 um ambiente prop\u00edcio ao seu desenvolvimento intelectual e [&hellip;]<\/p>\n","protected":false},"author":3,"featured_media":0,"parent":0,"menu_order":0,"comment_status":"closed","ping_status":"closed","template":"","meta":[],"acf":[],"yoast_head":"<!-- This site is optimized with the Yoast SEO plugin v20.8 - https:\/\/yoast.com\/wordpress\/plugins\/seo\/ -->\n<title>Formul\u00e1rios de Sele\u00e7\u00e3o - Biblioteca do ITR<\/title>\n<meta name=\"robots\" content=\"index, follow, max-snippet:-1, max-image-preview:large, max-video-preview:-1\" \/>\n<link rel=\"canonical\" href=\"https:\/\/itr.ufrrj.br\/biblioteca\/formularios-de-selecao\/\" \/>\n<meta property=\"og:locale\" content=\"pt_BR\" \/>\n<meta property=\"og:type\" content=\"article\" \/>\n<meta property=\"og:title\" content=\"Formul\u00e1rios de Sele\u00e7\u00e3o - Biblioteca do ITR\" \/>\n<meta property=\"og:description\" content=\"Informa\u00e7\u00f5es\u00a0aos Estagi\u00e1rios Este espa\u00e7o \u00e9 dedicado \u00e0 voc\u00ea estagi\u00e1rio que passou por nosso processo seletivo e acaba de ingressar como um colaborador da Biblioteca. O grupo de Colaboradores da Biblioteca lhe parabeniza por sua conquista e lhe deseja boas vindas nessa sua nova jornada. Aqui voc\u00ea encontrar\u00e1 um ambiente prop\u00edcio ao seu desenvolvimento intelectual e [&hellip;]\" \/>\n<meta property=\"og:url\" content=\"https:\/\/itr.ufrrj.br\/biblioteca\/formularios-de-selecao\/\" \/>\n<meta property=\"og:site_name\" content=\"Biblioteca do ITR\" \/>\n<meta property=\"article:modified_time\" content=\"2017-09-27T20:25:26+00:00\" \/>\n<meta name=\"twitter:card\" content=\"summary_large_image\" \/>\n<meta name=\"twitter:label1\" content=\"Est. tempo de leitura\" \/>\n\t<meta name=\"twitter:data1\" content=\"2 minutos\" \/>\n<script type=\"application\/ld+json\" class=\"yoast-schema-graph\">{\"@context\":\"https:\/\/schema.org\",\"@graph\":[{\"@type\":\"WebPage\",\"@id\":\"https:\/\/itr.ufrrj.br\/biblioteca\/formularios-de-selecao\/\",\"url\":\"https:\/\/itr.ufrrj.br\/biblioteca\/formularios-de-selecao\/\",\"name\":\"Formul\u00e1rios de Sele\u00e7\u00e3o - Biblioteca do ITR\",\"isPartOf\":{\"@id\":\"https:\/\/itr.ufrrj.br\/biblioteca\/#website\"},\"datePublished\":\"2016-03-14T14:25:05+00:00\",\"dateModified\":\"2017-09-27T20:25:26+00:00\",\"breadcrumb\":{\"@id\":\"https:\/\/itr.ufrrj.br\/biblioteca\/formularios-de-selecao\/#breadcrumb\"},\"inLanguage\":\"pt-BR\",\"potentialAction\":[{\"@type\":\"ReadAction\",\"target\":[\"https:\/\/itr.ufrrj.br\/biblioteca\/formularios-de-selecao\/\"]}]},{\"@type\":\"BreadcrumbList\",\"@id\":\"https:\/\/itr.ufrrj.br\/biblioteca\/formularios-de-selecao\/#breadcrumb\",\"itemListElement\":[{\"@type\":\"ListItem\",\"position\":1,\"name\":\"In\u00edcio\",\"item\":\"https:\/\/itr.ufrrj.br\/biblioteca\/\"},{\"@type\":\"ListItem\",\"position\":2,\"name\":\"Formul\u00e1rios de Sele\u00e7\u00e3o\"}]},{\"@type\":\"WebSite\",\"@id\":\"https:\/\/itr.ufrrj.br\/biblioteca\/#website\",\"url\":\"https:\/\/itr.ufrrj.br\/biblioteca\/\",\"name\":\"Biblioteca do ITR\",\"description\":\"Instituto Tr\u00eas Rios\",\"potentialAction\":[{\"@type\":\"SearchAction\",\"target\":{\"@type\":\"EntryPoint\",\"urlTemplate\":\"https:\/\/itr.ufrrj.br\/biblioteca\/?s={search_term_string}\"},\"query-input\":\"required name=search_term_string\"}],\"inLanguage\":\"pt-BR\"}]}<\/script>\n<!-- \/ Yoast SEO plugin. -->","yoast_head_json":{"title":"Formul\u00e1rios de Sele\u00e7\u00e3o - Biblioteca do ITR","robots":{"index":"index","follow":"follow","max-snippet":"max-snippet:-1","max-image-preview":"max-image-preview:large","max-video-preview":"max-video-preview:-1"},"canonical":"https:\/\/itr.ufrrj.br\/biblioteca\/formularios-de-selecao\/","og_locale":"pt_BR","og_type":"article","og_title":"Formul\u00e1rios de Sele\u00e7\u00e3o - Biblioteca do ITR","og_description":"Informa\u00e7\u00f5es\u00a0aos Estagi\u00e1rios Este espa\u00e7o \u00e9 dedicado \u00e0 voc\u00ea estagi\u00e1rio que passou por nosso processo seletivo e acaba de ingressar como um colaborador da Biblioteca. O grupo de Colaboradores da Biblioteca lhe parabeniza por sua conquista e lhe deseja boas vindas nessa sua nova jornada. Aqui voc\u00ea encontrar\u00e1 um ambiente prop\u00edcio ao seu desenvolvimento intelectual e [&hellip;]","og_url":"https:\/\/itr.ufrrj.br\/biblioteca\/formularios-de-selecao\/","og_site_name":"Biblioteca do ITR","article_modified_time":"2017-09-27T20:25:26+00:00","twitter_card":"summary_large_image","twitter_misc":{"Est. tempo de leitura":"2 minutos"},"schema":{"@context":"https:\/\/schema.org","@graph":[{"@type":"WebPage","@id":"https:\/\/itr.ufrrj.br\/biblioteca\/formularios-de-selecao\/","url":"https:\/\/itr.ufrrj.br\/biblioteca\/formularios-de-selecao\/","name":"Formul\u00e1rios de Sele\u00e7\u00e3o - Biblioteca do ITR","isPartOf":{"@id":"https:\/\/itr.ufrrj.br\/biblioteca\/#website"},"datePublished":"2016-03-14T14:25:05+00:00","dateModified":"2017-09-27T20:25:26+00:00","breadcrumb":{"@id":"https:\/\/itr.ufrrj.br\/biblioteca\/formularios-de-selecao\/#breadcrumb"},"inLanguage":"pt-BR","potentialAction":[{"@type":"ReadAction","target":["https:\/\/itr.ufrrj.br\/biblioteca\/formularios-de-selecao\/"]}]},{"@type":"BreadcrumbList","@id":"https:\/\/itr.ufrrj.br\/biblioteca\/formularios-de-selecao\/#breadcrumb","itemListElement":[{"@type":"ListItem","position":1,"name":"In\u00edcio","item":"https:\/\/itr.ufrrj.br\/biblioteca\/"},{"@type":"ListItem","position":2,"name":"Formul\u00e1rios de Sele\u00e7\u00e3o"}]},{"@type":"WebSite","@id":"https:\/\/itr.ufrrj.br\/biblioteca\/#website","url":"https:\/\/itr.ufrrj.br\/biblioteca\/","name":"Biblioteca do ITR","description":"Instituto Tr\u00eas Rios","potentialAction":[{"@type":"SearchAction","target":{"@type":"EntryPoint","urlTemplate":"https:\/\/itr.ufrrj.br\/biblioteca\/?s={search_term_string}"},"query-input":"required name=search_term_string"}],"inLanguage":"pt-BR"}]}},"_links":{"self":[{"href":"https:\/\/itr.ufrrj.br\/biblioteca\/wp-json\/wp\/v2\/pages\/47"}],"collection":[{"href":"https:\/\/itr.ufrrj.br\/biblioteca\/wp-json\/wp\/v2\/pages"}],"about":[{"href":"https:\/\/itr.ufrrj.br\/biblioteca\/wp-json\/wp\/v2\/types\/page"}],"author":[{"embeddable":true,"href":"https:\/\/itr.ufrrj.br\/biblioteca\/wp-json\/wp\/v2\/users\/3"}],"replies":[{"embeddable":true,"href":"https:\/\/itr.ufrrj.br\/biblioteca\/wp-json\/wp\/v2\/comments?post=47"}],"version-history":[{"count":15,"href":"https:\/\/itr.ufrrj.br\/biblioteca\/wp-json\/wp\/v2\/pages\/47\/revisions"}],"predecessor-version":[{"id":2519,"href":"https:\/\/itr.ufrrj.br\/biblioteca\/wp-json\/wp\/v2\/pages\/47\/revisions\/2519"}],"wp:attachment":[{"href":"https:\/\/itr.ufrrj.br\/biblioteca\/wp-json\/wp\/v2\/media?parent=47"}],"curies":[{"name":"wp","href":"https:\/\/api.w.org\/{rel}","templated":true}]}}