{"id":45,"date":"2016-03-14T11:24:40","date_gmt":"2016-03-14T14:24:40","guid":{"rendered":"http:\/\/itr.ufrrj.br\/biblioteca\/?page_id=45"},"modified":"2016-08-01T23:48:25","modified_gmt":"2016-08-02T02:48:25","slug":"vantagens-de-ser-um-colaborador","status":"publish","type":"page","link":"https:\/\/itr.ufrrj.br\/biblioteca\/vantagens-de-ser-um-colaborador\/","title":{"rendered":"Vantagens de Ser um Colaborador"},"content":{"rendered":"<p style=\"text-align: justify;\"><strong>Quem \u00e9 o colaborador da Biblioteca?<\/strong><\/p>\n<p style=\"text-align: justify;\">O colaborador \u00e9 aquele que por voca\u00e7\u00e3o desenvolveu a\u00a0 arte de auxiliar na dissemina\u00e7\u00e3o da informa\u00e7\u00e3o e na difus\u00e3o do Conhecimento. S\u00e3o eles bolsistas e estagi\u00e1rios que incorporam a cada dia a miss\u00e3o de ajudar ao pr\u00f3ximo, ajudando a construir um mundo cada vez melhor atrav\u00e9s da leitura.<\/p>\n<p style=\"text-align: justify;\"><strong>O que faz um colaborador da Biblioteca?<\/strong><\/p>\n<p style=\"text-align: justify;\">O Colaborador da Biblioteca \u00e9 ainda o individuo que participa diariamente das atividades e rotinas administrativas da Biblioteca. Ele auxilia os usu\u00e1rios na organiza\u00e7\u00e3o e no armazenamento do acervo, na execu\u00e7\u00e3o das rotinas e atividades administrativas, no atendimento ao usu\u00e1rio, no planejamento das aquisi\u00e7\u00f5es, nas atividades de conserva\u00e7\u00e3o, preserva\u00e7\u00e3o e restauro dos materiais bibliogr\u00e1ficos, no treinamento dos usu\u00e1rios, no empr\u00e9stimo e nas devolu\u00e7\u00f5es de materiais, no acesso \u00e0 documentos administrativos ou na informa\u00e7\u00e3o presente no acervo, na reserva de materiais, no agendamento de servi\u00e7os e produtos da biblioteca, nas rotinas de invent\u00e1rio, nas atividades de secretaria, protocolo, tratamento t\u00e9cnico, refer\u00eancia e circula\u00e7\u00e3o, al\u00e9m das tarefas de divulga\u00e7\u00e3o e marketing da Biblioteca e no uso dos diferentes canais e ferramentas de comunica\u00e7\u00e3o, na manuten\u00e7\u00e3o, zelo com equipamentos e materiais e na organiza\u00e7\u00e3o do espa\u00e7o, na comunica\u00e7\u00e3o com o usu\u00e1rio e nas diversas tarefas e no aux\u00edlio aos servi\u00e7os e produtos da Biblioteca.<\/p>\n<p style=\"text-align: justify;\"><strong>Voc\u00ea conhece os diferenciais de um colaborador da Biblioteca?<\/strong><\/p>\n<p style=\"text-align: justify;\">\u00a0Estes s\u00e3o alguns dos diferenciais para aqueles que atuam como Colaboradores (Bolsistas e Estagi\u00e1rios) da Biblioteca:<\/p>\n<ul>\n<li style=\"text-align: justify;\">Percep\u00e7\u00e3o de benef\u00edcio (bolsa aux\u00edlio de apoio t\u00e9cnico \/ Remunera\u00e7\u00e3o de est\u00e1gio) ou possibilidade de acesso \u00e0 mesma por meio de aproveitamento\/promo\u00e7\u00e3o\/efetiva\u00e7\u00e3o como bolsista de apoio t\u00e9cnico para aqueles que atuam como colaborador volunt\u00e1rio da Biblioteca;<\/li>\n<li style=\"text-align: justify;\">Prioridade na participa\u00e7\u00e3o em viagens e visitas culturais e t\u00e9cnicas promovidas pela Biblioteca;<\/li>\n<li style=\"text-align: justify;\">Condi\u00e7\u00e3o especial na utiliza\u00e7\u00e3o dos servi\u00e7os e produtos da Biblioteca, al\u00e9m de usufruir de benef\u00edcios diferenciados nas condi\u00e7\u00f5es de empr\u00e9stimo de t\u00edtulos ou uso dos equipamentos da Biblioteca;<\/li>\n<li style=\"text-align: justify;\">Aquisi\u00e7\u00e3o de novos conhecimentos e aprendizados inerentes ao ambiente profissional;<\/li>\n<li style=\"text-align: justify;\">Prioridade na participa\u00e7\u00e3o e ascens\u00e3o aos projetos e oficinas desenvolvidos pela Biblioteca;<\/li>\n<li style=\"text-align: justify;\">Experi\u00eancia profissional;<\/li>\n<li style=\"text-align: justify;\">Participa\u00e7\u00e3o e certifica\u00e7\u00e3o profissional em cursos de aperfei\u00e7oamento, capacita\u00e7\u00e3o promovidos ou estimulados pela Biblioteca;<\/li>\n<\/ul>\n<p style=\"text-align: justify;\">Agora que voc\u00ea j\u00e1 conheceu um pouquinho sobre n\u00f3s, ou se achou interessante a nossa proposta e quer ingressar como bolsista, estagi\u00e1rio ou colaborador eventual venha nos procurar e esclareceremos suas d\u00favidas.<\/p>\n<p style=\"text-align: justify;\">Se preferir mande-nos um email: <a href=\"mailto:bibliotecatr@ufrrj.br\">bibliotecatr@ufrrj.br<\/a><\/p>\n<p style=\"text-align: justify;\">ou nos adicione ao Skype: <strong>bibliotecaitr.secretaria<\/strong>\u00a0 e <strong>bibliotecatr.referencia<\/strong><\/p>\n<p style=\"text-align: justify;\"><a href=\"http:\/\/itr.ufrrj.br\/biblioteca\/wp-content\/uploads\/2016\/08\/diferenciais.pdf\">(Anexo) Diferenciais Colaborador, Bolsistas e\u00a0Volunt\u00e1rios<\/a><\/p>\n","protected":false},"excerpt":{"rendered":"<p>Quem \u00e9 o colaborador da Biblioteca? O colaborador \u00e9 aquele que por voca\u00e7\u00e3o desenvolveu a\u00a0 arte de auxiliar na dissemina\u00e7\u00e3o da informa\u00e7\u00e3o e na difus\u00e3o do Conhecimento. S\u00e3o eles bolsistas e estagi\u00e1rios que incorporam a cada dia a miss\u00e3o de ajudar ao pr\u00f3ximo, ajudando a construir um mundo cada vez melhor atrav\u00e9s da leitura. O [&hellip;]<\/p>\n","protected":false},"author":3,"featured_media":0,"parent":0,"menu_order":0,"comment_status":"closed","ping_status":"closed","template":"","meta":[],"acf":[],"yoast_head":"<!-- This site is optimized with the Yoast SEO plugin v20.8 - https:\/\/yoast.com\/wordpress\/plugins\/seo\/ -->\n<title>Vantagens de Ser um Colaborador - Biblioteca do ITR<\/title>\n<meta name=\"robots\" content=\"index, follow, max-snippet:-1, max-image-preview:large, max-video-preview:-1\" \/>\n<link rel=\"canonical\" href=\"https:\/\/itr.ufrrj.br\/biblioteca\/vantagens-de-ser-um-colaborador\/\" \/>\n<meta property=\"og:locale\" content=\"pt_BR\" \/>\n<meta property=\"og:type\" content=\"article\" \/>\n<meta property=\"og:title\" content=\"Vantagens de Ser um Colaborador - Biblioteca do ITR\" \/>\n<meta property=\"og:description\" content=\"Quem \u00e9 o colaborador da Biblioteca? O colaborador \u00e9 aquele que por voca\u00e7\u00e3o desenvolveu a\u00a0 arte de auxiliar na dissemina\u00e7\u00e3o da informa\u00e7\u00e3o e na difus\u00e3o do Conhecimento. S\u00e3o eles bolsistas e estagi\u00e1rios que incorporam a cada dia a miss\u00e3o de ajudar ao pr\u00f3ximo, ajudando a construir um mundo cada vez melhor atrav\u00e9s da leitura. O [&hellip;]\" \/>\n<meta property=\"og:url\" content=\"https:\/\/itr.ufrrj.br\/biblioteca\/vantagens-de-ser-um-colaborador\/\" \/>\n<meta property=\"og:site_name\" content=\"Biblioteca do ITR\" \/>\n<meta property=\"article:modified_time\" content=\"2016-08-02T02:48:25+00:00\" \/>\n<meta name=\"twitter:card\" content=\"summary_large_image\" \/>\n<meta name=\"twitter:label1\" content=\"Est. tempo de leitura\" \/>\n\t<meta name=\"twitter:data1\" content=\"2 minutos\" \/>\n<script type=\"application\/ld+json\" class=\"yoast-schema-graph\">{\"@context\":\"https:\/\/schema.org\",\"@graph\":[{\"@type\":\"WebPage\",\"@id\":\"https:\/\/itr.ufrrj.br\/biblioteca\/vantagens-de-ser-um-colaborador\/\",\"url\":\"https:\/\/itr.ufrrj.br\/biblioteca\/vantagens-de-ser-um-colaborador\/\",\"name\":\"Vantagens de Ser um Colaborador - Biblioteca do ITR\",\"isPartOf\":{\"@id\":\"https:\/\/itr.ufrrj.br\/biblioteca\/#website\"},\"datePublished\":\"2016-03-14T14:24:40+00:00\",\"dateModified\":\"2016-08-02T02:48:25+00:00\",\"breadcrumb\":{\"@id\":\"https:\/\/itr.ufrrj.br\/biblioteca\/vantagens-de-ser-um-colaborador\/#breadcrumb\"},\"inLanguage\":\"pt-BR\",\"potentialAction\":[{\"@type\":\"ReadAction\",\"target\":[\"https:\/\/itr.ufrrj.br\/biblioteca\/vantagens-de-ser-um-colaborador\/\"]}]},{\"@type\":\"BreadcrumbList\",\"@id\":\"https:\/\/itr.ufrrj.br\/biblioteca\/vantagens-de-ser-um-colaborador\/#breadcrumb\",\"itemListElement\":[{\"@type\":\"ListItem\",\"position\":1,\"name\":\"In\u00edcio\",\"item\":\"https:\/\/itr.ufrrj.br\/biblioteca\/\"},{\"@type\":\"ListItem\",\"position\":2,\"name\":\"Vantagens de Ser um Colaborador\"}]},{\"@type\":\"WebSite\",\"@id\":\"https:\/\/itr.ufrrj.br\/biblioteca\/#website\",\"url\":\"https:\/\/itr.ufrrj.br\/biblioteca\/\",\"name\":\"Biblioteca do ITR\",\"description\":\"Instituto Tr\u00eas Rios\",\"potentialAction\":[{\"@type\":\"SearchAction\",\"target\":{\"@type\":\"EntryPoint\",\"urlTemplate\":\"https:\/\/itr.ufrrj.br\/biblioteca\/?s={search_term_string}\"},\"query-input\":\"required name=search_term_string\"}],\"inLanguage\":\"pt-BR\"}]}<\/script>\n<!-- \/ Yoast SEO plugin. -->","yoast_head_json":{"title":"Vantagens de Ser um Colaborador - Biblioteca do ITR","robots":{"index":"index","follow":"follow","max-snippet":"max-snippet:-1","max-image-preview":"max-image-preview:large","max-video-preview":"max-video-preview:-1"},"canonical":"https:\/\/itr.ufrrj.br\/biblioteca\/vantagens-de-ser-um-colaborador\/","og_locale":"pt_BR","og_type":"article","og_title":"Vantagens de Ser um Colaborador - Biblioteca do ITR","og_description":"Quem \u00e9 o colaborador da Biblioteca? O colaborador \u00e9 aquele que por voca\u00e7\u00e3o desenvolveu a\u00a0 arte de auxiliar na dissemina\u00e7\u00e3o da informa\u00e7\u00e3o e na difus\u00e3o do Conhecimento. S\u00e3o eles bolsistas e estagi\u00e1rios que incorporam a cada dia a miss\u00e3o de ajudar ao pr\u00f3ximo, ajudando a construir um mundo cada vez melhor atrav\u00e9s da leitura. O [&hellip;]","og_url":"https:\/\/itr.ufrrj.br\/biblioteca\/vantagens-de-ser-um-colaborador\/","og_site_name":"Biblioteca do ITR","article_modified_time":"2016-08-02T02:48:25+00:00","twitter_card":"summary_large_image","twitter_misc":{"Est. tempo de leitura":"2 minutos"},"schema":{"@context":"https:\/\/schema.org","@graph":[{"@type":"WebPage","@id":"https:\/\/itr.ufrrj.br\/biblioteca\/vantagens-de-ser-um-colaborador\/","url":"https:\/\/itr.ufrrj.br\/biblioteca\/vantagens-de-ser-um-colaborador\/","name":"Vantagens de Ser um Colaborador - Biblioteca do ITR","isPartOf":{"@id":"https:\/\/itr.ufrrj.br\/biblioteca\/#website"},"datePublished":"2016-03-14T14:24:40+00:00","dateModified":"2016-08-02T02:48:25+00:00","breadcrumb":{"@id":"https:\/\/itr.ufrrj.br\/biblioteca\/vantagens-de-ser-um-colaborador\/#breadcrumb"},"inLanguage":"pt-BR","potentialAction":[{"@type":"ReadAction","target":["https:\/\/itr.ufrrj.br\/biblioteca\/vantagens-de-ser-um-colaborador\/"]}]},{"@type":"BreadcrumbList","@id":"https:\/\/itr.ufrrj.br\/biblioteca\/vantagens-de-ser-um-colaborador\/#breadcrumb","itemListElement":[{"@type":"ListItem","position":1,"name":"In\u00edcio","item":"https:\/\/itr.ufrrj.br\/biblioteca\/"},{"@type":"ListItem","position":2,"name":"Vantagens de Ser um Colaborador"}]},{"@type":"WebSite","@id":"https:\/\/itr.ufrrj.br\/biblioteca\/#website","url":"https:\/\/itr.ufrrj.br\/biblioteca\/","name":"Biblioteca do ITR","description":"Instituto Tr\u00eas Rios","potentialAction":[{"@type":"SearchAction","target":{"@type":"EntryPoint","urlTemplate":"https:\/\/itr.ufrrj.br\/biblioteca\/?s={search_term_string}"},"query-input":"required name=search_term_string"}],"inLanguage":"pt-BR"}]}},"_links":{"self":[{"href":"https:\/\/itr.ufrrj.br\/biblioteca\/wp-json\/wp\/v2\/pages\/45"}],"collection":[{"href":"https:\/\/itr.ufrrj.br\/biblioteca\/wp-json\/wp\/v2\/pages"}],"about":[{"href":"https:\/\/itr.ufrrj.br\/biblioteca\/wp-json\/wp\/v2\/types\/page"}],"author":[{"embeddable":true,"href":"https:\/\/itr.ufrrj.br\/biblioteca\/wp-json\/wp\/v2\/users\/3"}],"replies":[{"embeddable":true,"href":"https:\/\/itr.ufrrj.br\/biblioteca\/wp-json\/wp\/v2\/comments?post=45"}],"version-history":[{"count":13,"href":"https:\/\/itr.ufrrj.br\/biblioteca\/wp-json\/wp\/v2\/pages\/45\/revisions"}],"predecessor-version":[{"id":1850,"href":"https:\/\/itr.ufrrj.br\/biblioteca\/wp-json\/wp\/v2\/pages\/45\/revisions\/1850"}],"wp:attachment":[{"href":"https:\/\/itr.ufrrj.br\/biblioteca\/wp-json\/wp\/v2\/media?parent=45"}],"curies":[{"name":"wp","href":"https:\/\/api.w.org\/{rel}","templated":true}]}}