{"id":43,"date":"2016-03-14T11:23:45","date_gmt":"2016-03-14T14:23:45","guid":{"rendered":"http:\/\/itr.ufrrj.br\/biblioteca\/?page_id=43"},"modified":"2017-10-05T12:07:48","modified_gmt":"2017-10-05T15:07:48","slug":"quem-e-quem-da-biblioteca","status":"publish","type":"page","link":"https:\/\/itr.ufrrj.br\/biblioteca\/sobre-nos\/quem-e-quem-da-biblioteca\/","title":{"rendered":"Quem \u00e9 Quem na Biblioteca"},"content":{"rendered":"<p><strong>Ana Paula de Oliveira Souza<\/strong><\/p>\n<p>Estagi\u00e1ria de Ensino Superior<\/p>\n<p>Graduanda em Tecnologia em Log\u00edstica (Faculdade de Educa\u00e7\u00e3o Tecnol\u00f3gica do Estado do Rio de Janeiro &#8211; FAETERJ)<\/p>\n<p>Lota\u00e7\u00e3o\/Exerc\u00edcio: Biblioteca Universit\u00e1ria do Instituto Tr\u00eas Rios<\/p>\n<hr \/>\n<p><strong>Bianca Ribeiro Rufino de Souza<\/strong><\/p>\n<p>Bolsista de Apoio T\u00e9cnico Acad\u00eamico<\/p>\n<p>Graduanda em Bacharelado em Direito (UFRRJ &#8211; Tr\u00eas Rios)<\/p>\n<p>Lota\u00e7\u00e3o\/Exerc\u00edcio: Biblioteca Universit\u00e1ria do Instituto Tr\u00eas Rios<\/p>\n<hr \/>\n<p><strong>Edimilson Guimar\u00e3es de Oliveira Filho<\/strong><\/p>\n<p>Estagi\u00e1rio de Ensino Superior<\/p>\n<p>Graduando em Tecnologia de Sistemas de Computa\u00e7\u00e3o (CEDERJ &#8211; Tr\u00eas Rios)<\/p>\n<p>Lota\u00e7\u00e3o\/Exerc\u00edcio: Biblioteca Universit\u00e1ria do Instituto Tr\u00eas Rios<\/p>\n<hr \/>\n<p><strong>La\u00eds Cristina de Oliveira Ferreira<\/strong><\/p>\n<p>Estagi\u00e1ria de Ensino M\u00e9dio<\/p>\n<p>Col\u00e9gio Estadual\u00a0Moacyr Padilha<\/p>\n<p>Lota\u00e7\u00e3o\/Exerc\u00edcio: Biblioteca Universit\u00e1ria do Instituto Tr\u00eas Rios<\/p>\n<hr \/>\n<p><strong>Larissa Furtado da Costa Rodrigues Tito<\/strong><\/p>\n<p>Estagi\u00e1ria de Ensino M\u00e9dio<\/p>\n<p>Col\u00e9gio Estadual Urbano Carlos de Almeida<\/p>\n<p>Lota\u00e7\u00e3o\/Exerc\u00edcio: Biblioteca Universit\u00e1ria do Instituto Tr\u00eas Rios<\/p>\n<hr \/>\n<p><strong>Laryssa Monteiro Teixeira<\/strong><\/p>\n<p>Estagi\u00e1ria de Ensino M\u00e9dio<\/p>\n<p>Col\u00e9gio Estadual\u00a0Moacyr Padilha<\/p>\n<p>Lota\u00e7\u00e3o\/Exerc\u00edcio: Biblioteca Universit\u00e1ria do Instituto Tr\u00eas Rios<\/p>\n<hr \/>\n<p><strong>Lucas R\u00fabio Luiz<\/strong><\/p>\n<p>Bolsista de Apoio T\u00e9cnico Acad\u00eamico<\/p>\n<p>Graduanda em Bacharelado em Ci\u00eancias Econ\u00f4micas (UFRRJ &#8211; Tr\u00eas Rios)<\/p>\n<p>Lota\u00e7\u00e3o\/Exerc\u00edcio: Biblioteca Universit\u00e1ria do Instituto Tr\u00eas Rios<\/p>\n<hr \/>\n<p><strong>Mariana Vantine Santos<\/strong><\/p>\n<p>Bolsista de Apoio T\u00e9cnico Acad\u00eamico<\/p>\n<p>Graduanda em Bacharelado em Ci\u00eancias Econ\u00f4micas (UFRRJ &#8211; Tr\u00eas Rios)<\/p>\n<p>Lota\u00e7\u00e3o\/Exerc\u00edcio: Biblioteca Universit\u00e1ria do Instituto Tr\u00eas Rios<\/p>\n<hr \/>\n<p><strong>Myrella Yasmin de Assis da Silva<\/strong><\/p>\n<p>Estagi\u00e1ria de Ensino M\u00e9dio<\/p>\n<p>Col\u00e9gio Estadual\u00a0Moacyr Padilha<\/p>\n<p>Lota\u00e7\u00e3o\/Exerc\u00edcio: Biblioteca Universit\u00e1ria do Instituto Tr\u00eas Rios<\/p>\n<hr \/>\n<p><strong>S\u00e9rgio Luis Lima de Magalh\u00e3es<\/strong><\/p>\n<p>Bibliotec\u00e1rio-Documentalista<\/p>\n<p>Gradua\u00e7\u00e3o: Universidade Federal do Estado do Rio de Janeiro &#8211; UNIRIO (2005)<\/p>\n<p>\u00c1rea: Representa\u00e7\u00e3o do Conhecimento<\/p>\n<p>Especializa\u00e7\u00e3o em Biblioteconomia; Administra\u00e7\u00e3o e Gest\u00e3o de Bibliotecas<\/p>\n<p>Graduando em Licenciatura em Geografia &#8211; UERJ (2015 &#8211; 2019)<\/p>\n<hr \/>\n<p><strong>Vin\u00edcius Dias Candido Aquino<\/strong><\/p>\n<p>Estagi\u00e1rio de Ensino M\u00e9dio<\/p>\n<p>Col\u00e9gio Estadual\u00a0Moacyr Padilha<\/p>\n<p>Lota\u00e7\u00e3o\/Exerc\u00edcio: Biblioteca Universit\u00e1ria do Instituto Tr\u00eas Rios<\/p>\n","protected":false},"excerpt":{"rendered":"<p>Ana Paula de Oliveira Souza Estagi\u00e1ria de Ensino Superior Graduanda em Tecnologia em Log\u00edstica (Faculdade de Educa\u00e7\u00e3o Tecnol\u00f3gica do Estado do Rio de Janeiro &#8211; FAETERJ) Lota\u00e7\u00e3o\/Exerc\u00edcio: Biblioteca Universit\u00e1ria do Instituto Tr\u00eas Rios Bianca Ribeiro Rufino de Souza Bolsista de Apoio T\u00e9cnico Acad\u00eamico Graduanda em Bacharelado em Direito (UFRRJ &#8211; Tr\u00eas Rios) Lota\u00e7\u00e3o\/Exerc\u00edcio: Biblioteca Universit\u00e1ria [&hellip;]<\/p>\n","protected":false},"author":3,"featured_media":0,"parent":34,"menu_order":0,"comment_status":"closed","ping_status":"closed","template":"","meta":[],"acf":[],"yoast_head":"<!-- This site is optimized with the Yoast SEO plugin v20.8 - https:\/\/yoast.com\/wordpress\/plugins\/seo\/ -->\n<title>Quem \u00e9 Quem na Biblioteca - Biblioteca do ITR<\/title>\n<meta name=\"robots\" content=\"index, follow, max-snippet:-1, max-image-preview:large, max-video-preview:-1\" \/>\n<link rel=\"canonical\" href=\"https:\/\/itr.ufrrj.br\/biblioteca\/sobre-nos\/quem-e-quem-da-biblioteca\/\" \/>\n<meta property=\"og:locale\" content=\"pt_BR\" \/>\n<meta property=\"og:type\" content=\"article\" \/>\n<meta property=\"og:title\" content=\"Quem \u00e9 Quem na Biblioteca - Biblioteca do ITR\" \/>\n<meta property=\"og:description\" content=\"Ana Paula de Oliveira Souza Estagi\u00e1ria de Ensino Superior Graduanda em Tecnologia em Log\u00edstica (Faculdade de Educa\u00e7\u00e3o Tecnol\u00f3gica do Estado do Rio de Janeiro &#8211; FAETERJ) Lota\u00e7\u00e3o\/Exerc\u00edcio: Biblioteca Universit\u00e1ria do Instituto Tr\u00eas Rios Bianca Ribeiro Rufino de Souza Bolsista de Apoio T\u00e9cnico Acad\u00eamico Graduanda em Bacharelado em Direito (UFRRJ &#8211; Tr\u00eas Rios) Lota\u00e7\u00e3o\/Exerc\u00edcio: Biblioteca Universit\u00e1ria [&hellip;]\" \/>\n<meta property=\"og:url\" content=\"https:\/\/itr.ufrrj.br\/biblioteca\/sobre-nos\/quem-e-quem-da-biblioteca\/\" \/>\n<meta property=\"og:site_name\" content=\"Biblioteca do ITR\" \/>\n<meta property=\"article:modified_time\" content=\"2017-10-05T15:07:48+00:00\" \/>\n<meta name=\"twitter:card\" content=\"summary_large_image\" \/>\n<meta name=\"twitter:label1\" content=\"Est. tempo de leitura\" \/>\n\t<meta name=\"twitter:data1\" content=\"2 minutos\" \/>\n<script type=\"application\/ld+json\" class=\"yoast-schema-graph\">{\"@context\":\"https:\/\/schema.org\",\"@graph\":[{\"@type\":\"WebPage\",\"@id\":\"https:\/\/itr.ufrrj.br\/biblioteca\/sobre-nos\/quem-e-quem-da-biblioteca\/\",\"url\":\"https:\/\/itr.ufrrj.br\/biblioteca\/sobre-nos\/quem-e-quem-da-biblioteca\/\",\"name\":\"Quem \u00e9 Quem na Biblioteca - Biblioteca do ITR\",\"isPartOf\":{\"@id\":\"https:\/\/itr.ufrrj.br\/biblioteca\/#website\"},\"datePublished\":\"2016-03-14T14:23:45+00:00\",\"dateModified\":\"2017-10-05T15:07:48+00:00\",\"breadcrumb\":{\"@id\":\"https:\/\/itr.ufrrj.br\/biblioteca\/sobre-nos\/quem-e-quem-da-biblioteca\/#breadcrumb\"},\"inLanguage\":\"pt-BR\",\"potentialAction\":[{\"@type\":\"ReadAction\",\"target\":[\"https:\/\/itr.ufrrj.br\/biblioteca\/sobre-nos\/quem-e-quem-da-biblioteca\/\"]}]},{\"@type\":\"BreadcrumbList\",\"@id\":\"https:\/\/itr.ufrrj.br\/biblioteca\/sobre-nos\/quem-e-quem-da-biblioteca\/#breadcrumb\",\"itemListElement\":[{\"@type\":\"ListItem\",\"position\":1,\"name\":\"In\u00edcio\",\"item\":\"https:\/\/itr.ufrrj.br\/biblioteca\/\"},{\"@type\":\"ListItem\",\"position\":2,\"name\":\"Sobre N\u00f3s\",\"item\":\"https:\/\/itr.ufrrj.br\/biblioteca\/sobre-nos\/\"},{\"@type\":\"ListItem\",\"position\":3,\"name\":\"Quem \u00e9 Quem na Biblioteca\"}]},{\"@type\":\"WebSite\",\"@id\":\"https:\/\/itr.ufrrj.br\/biblioteca\/#website\",\"url\":\"https:\/\/itr.ufrrj.br\/biblioteca\/\",\"name\":\"Biblioteca do ITR\",\"description\":\"Instituto Tr\u00eas Rios\",\"potentialAction\":[{\"@type\":\"SearchAction\",\"target\":{\"@type\":\"EntryPoint\",\"urlTemplate\":\"https:\/\/itr.ufrrj.br\/biblioteca\/?s={search_term_string}\"},\"query-input\":\"required name=search_term_string\"}],\"inLanguage\":\"pt-BR\"}]}<\/script>\n<!-- \/ Yoast SEO plugin. -->","yoast_head_json":{"title":"Quem \u00e9 Quem na Biblioteca - Biblioteca do ITR","robots":{"index":"index","follow":"follow","max-snippet":"max-snippet:-1","max-image-preview":"max-image-preview:large","max-video-preview":"max-video-preview:-1"},"canonical":"https:\/\/itr.ufrrj.br\/biblioteca\/sobre-nos\/quem-e-quem-da-biblioteca\/","og_locale":"pt_BR","og_type":"article","og_title":"Quem \u00e9 Quem na Biblioteca - Biblioteca do ITR","og_description":"Ana Paula de Oliveira Souza Estagi\u00e1ria de Ensino Superior Graduanda em Tecnologia em Log\u00edstica (Faculdade de Educa\u00e7\u00e3o Tecnol\u00f3gica do Estado do Rio de Janeiro &#8211; FAETERJ) Lota\u00e7\u00e3o\/Exerc\u00edcio: Biblioteca Universit\u00e1ria do Instituto Tr\u00eas Rios Bianca Ribeiro Rufino de Souza Bolsista de Apoio T\u00e9cnico Acad\u00eamico Graduanda em Bacharelado em Direito (UFRRJ &#8211; Tr\u00eas Rios) Lota\u00e7\u00e3o\/Exerc\u00edcio: Biblioteca Universit\u00e1ria [&hellip;]","og_url":"https:\/\/itr.ufrrj.br\/biblioteca\/sobre-nos\/quem-e-quem-da-biblioteca\/","og_site_name":"Biblioteca do ITR","article_modified_time":"2017-10-05T15:07:48+00:00","twitter_card":"summary_large_image","twitter_misc":{"Est. tempo de leitura":"2 minutos"},"schema":{"@context":"https:\/\/schema.org","@graph":[{"@type":"WebPage","@id":"https:\/\/itr.ufrrj.br\/biblioteca\/sobre-nos\/quem-e-quem-da-biblioteca\/","url":"https:\/\/itr.ufrrj.br\/biblioteca\/sobre-nos\/quem-e-quem-da-biblioteca\/","name":"Quem \u00e9 Quem na Biblioteca - Biblioteca do ITR","isPartOf":{"@id":"https:\/\/itr.ufrrj.br\/biblioteca\/#website"},"datePublished":"2016-03-14T14:23:45+00:00","dateModified":"2017-10-05T15:07:48+00:00","breadcrumb":{"@id":"https:\/\/itr.ufrrj.br\/biblioteca\/sobre-nos\/quem-e-quem-da-biblioteca\/#breadcrumb"},"inLanguage":"pt-BR","potentialAction":[{"@type":"ReadAction","target":["https:\/\/itr.ufrrj.br\/biblioteca\/sobre-nos\/quem-e-quem-da-biblioteca\/"]}]},{"@type":"BreadcrumbList","@id":"https:\/\/itr.ufrrj.br\/biblioteca\/sobre-nos\/quem-e-quem-da-biblioteca\/#breadcrumb","itemListElement":[{"@type":"ListItem","position":1,"name":"In\u00edcio","item":"https:\/\/itr.ufrrj.br\/biblioteca\/"},{"@type":"ListItem","position":2,"name":"Sobre N\u00f3s","item":"https:\/\/itr.ufrrj.br\/biblioteca\/sobre-nos\/"},{"@type":"ListItem","position":3,"name":"Quem \u00e9 Quem na Biblioteca"}]},{"@type":"WebSite","@id":"https:\/\/itr.ufrrj.br\/biblioteca\/#website","url":"https:\/\/itr.ufrrj.br\/biblioteca\/","name":"Biblioteca do ITR","description":"Instituto Tr\u00eas Rios","potentialAction":[{"@type":"SearchAction","target":{"@type":"EntryPoint","urlTemplate":"https:\/\/itr.ufrrj.br\/biblioteca\/?s={search_term_string}"},"query-input":"required name=search_term_string"}],"inLanguage":"pt-BR"}]}},"_links":{"self":[{"href":"https:\/\/itr.ufrrj.br\/biblioteca\/wp-json\/wp\/v2\/pages\/43"}],"collection":[{"href":"https:\/\/itr.ufrrj.br\/biblioteca\/wp-json\/wp\/v2\/pages"}],"about":[{"href":"https:\/\/itr.ufrrj.br\/biblioteca\/wp-json\/wp\/v2\/types\/page"}],"author":[{"embeddable":true,"href":"https:\/\/itr.ufrrj.br\/biblioteca\/wp-json\/wp\/v2\/users\/3"}],"replies":[{"embeddable":true,"href":"https:\/\/itr.ufrrj.br\/biblioteca\/wp-json\/wp\/v2\/comments?post=43"}],"version-history":[{"count":26,"href":"https:\/\/itr.ufrrj.br\/biblioteca\/wp-json\/wp\/v2\/pages\/43\/revisions"}],"predecessor-version":[{"id":3304,"href":"https:\/\/itr.ufrrj.br\/biblioteca\/wp-json\/wp\/v2\/pages\/43\/revisions\/3304"}],"up":[{"embeddable":true,"href":"https:\/\/itr.ufrrj.br\/biblioteca\/wp-json\/wp\/v2\/pages\/34"}],"wp:attachment":[{"href":"https:\/\/itr.ufrrj.br\/biblioteca\/wp-json\/wp\/v2\/media?parent=43"}],"curies":[{"name":"wp","href":"https:\/\/api.w.org\/{rel}","templated":true}]}}