{"id":36,"date":"2016-03-14T11:22:30","date_gmt":"2016-03-14T14:22:30","guid":{"rendered":"http:\/\/itr.ufrrj.br\/biblioteca\/?page_id=36"},"modified":"2017-10-05T12:05:49","modified_gmt":"2017-10-05T15:05:49","slug":"historia-do-instituto-tres-rios","status":"publish","type":"page","link":"https:\/\/itr.ufrrj.br\/biblioteca\/sobre-nos\/historia-do-instituto-tres-rios\/","title":{"rendered":"Hist\u00f3ria do Instituto Tr\u00eas Rios"},"content":{"rendered":"<p style=\"text-align: justify;\">Embora os registros institucionais apontem o ano de 1998, como o inicio da presen\u00e7a da UFRRJ no munic\u00edpio de Tr\u00eas Rios, o desenvolvimento das atividades acad\u00eamicas de gradua\u00e7\u00e3o somente viria a ser alavancado uma d\u00e9cada depois.<\/p>\n<p style=\"text-align: justify;\">Inicialmente instaladas nas depend\u00eancias do Col\u00e9gio Entre-Rios, que fora destru\u00eddo posteriormente por um inc\u00eandio e atualmente abriga escrit\u00f3rios de uma rede de supermercados da regi\u00e3o, as atividades de ensino mudaram-se para as depend\u00eancias de outro col\u00e9gio particular da cidade, o Col\u00e9gio Ruy Barbosa, situado \u00e0 rua quatorze de dezembro, 271 \u2013 Centro \u2013 Tr\u00eas Rios. Sob o aporte da Prefeitura, atrav\u00e9s da Funda\u00e7\u00e3o Educacional de Tr\u00eas Rios (FETRI), foi somente a partir de 2008 com a federaliza\u00e7\u00e3o do Campus, que o Campus viria a se consolidar.<\/p>\n<p style=\"text-align: justify;\">Tendo at\u00e9 meados de 2007 seu funcionamento mantido regularmente como polo de ensino, com turmas fora de sede, nos cursos de gradua\u00e7\u00e3o em Bacharelado em Administra\u00e7\u00e3o e Bacharelado em Ci\u00eancias Econ\u00f4micas sendo assim suas vagas ofertadas atrav\u00e9s de vestibular pr\u00f3prio da Institui\u00e7\u00e3o que o \u201cCampus Tr\u00eas Rios\u201d, nome dado inicialmente e alterado no ano seguinte para \u201cUnidade Acad\u00eamica do Instituto Tr\u00eas Rios\u201d viria a ter sua primeira diretora, a Prof. Dra.<strong> Luciana Amorim N\u00f3brega<\/strong>.<\/p>\n<p style=\"text-align: justify;\">\u00c1 professora, oriunda do Centro de Ci\u00eancias Humanas e Sociais (CCHS\/UFRRJ) coube a responsabilidade de administrar a transi\u00e7\u00e3o entre estes dois momentos da presen\u00e7a da UFRRJ no munic\u00edpio de Tr\u00eas Rios e preparar o desenvolvimento e recep\u00e7\u00e3o dos primeiros servidores contratados para o novo <em>Campus<\/em>\u00a0\u00e0 partir do Programa de Apoio ao Plano de Reestrutura\u00e7\u00e3o e Expans\u00e3o das Universidades Federais (REUNI), desenvolvido na respectiva d\u00e9cada pelo governo do presidente Luis In\u00e1cio Lula da Silva .<\/p>\n<p style=\"text-align: justify;\">O nome do mais novo <em>Campus<\/em>, o d\u00e9cimo primeiro Instituto da Universidade, ainda viria a mudar mais uma vez e em (30 de outubro de 2009) viria a se chamar oficialmente como Instituto Tr\u00eas Rios, sob a sigla ITR.<\/p>\n<p style=\"text-align: justify;\">Com a perspectiva de crescimento do Campus e do aumento da demanda o Instituto Tr\u00eas Rios viria a oferecer mais 2 (dois) novos cursos de Gradua\u00e7\u00e3o. O Curso de Bacharelado em Direito criado em 2009 e o Curso de Bacharelado em Gest\u00e3o Ambiental, 2010.<\/p>\n<p style=\"text-align: justify;\">\u00a0Cabe ressaltar, que toda a trajet\u00f3ria de implanta\u00e7\u00e3o e a consequente federaliza\u00e7\u00e3o do Campus Tr\u00eas Rios contou com o apoio de antigos alunos da UFRRJ no munic\u00edpio, que se organizaram atrav\u00e9s do Grupo Apoio \u00e0 Federaliza\u00e7\u00e3o da Universidade (GAFFU) e da luta incans\u00e1vel e sempre presente de uma grande personalidade p\u00fablica da cidade, o economista <strong>Celso <\/strong>Alencar Ramos <strong>Jacob<\/strong> (Celso Jacob) .<\/p>\n<p style=\"text-align: justify;\">Hoje a presen\u00e7a da UFRRJ na regi\u00e3o do Vale do Para\u00edba \u00e9 uma realidade n\u00e3o s\u00f3 para aqueles que a idealizaram mas para todos os milhares de jovens que ingressam na Institui\u00e7\u00e3o anualmente, seja em busca da realiza\u00e7\u00e3o de sonhos pessoais ou em busca de uma forma\u00e7\u00e3o gratuita e de qualidade.<\/p>\n","protected":false},"excerpt":{"rendered":"<p>Embora os registros institucionais apontem o ano de 1998, como o inicio da presen\u00e7a da UFRRJ no munic\u00edpio de Tr\u00eas Rios, o desenvolvimento das atividades acad\u00eamicas de gradua\u00e7\u00e3o somente viria a ser alavancado uma d\u00e9cada depois. Inicialmente instaladas nas depend\u00eancias do Col\u00e9gio Entre-Rios, que fora destru\u00eddo posteriormente por um inc\u00eandio e atualmente abriga escrit\u00f3rios de [&hellip;]<\/p>\n","protected":false},"author":3,"featured_media":0,"parent":34,"menu_order":0,"comment_status":"closed","ping_status":"closed","template":"","meta":[],"acf":[],"yoast_head":"<!-- This site is optimized with the Yoast SEO plugin v20.8 - https:\/\/yoast.com\/wordpress\/plugins\/seo\/ -->\n<title>Hist\u00f3ria do Instituto Tr\u00eas Rios - Biblioteca do ITR<\/title>\n<meta name=\"robots\" content=\"index, follow, max-snippet:-1, max-image-preview:large, max-video-preview:-1\" \/>\n<link rel=\"canonical\" href=\"https:\/\/itr.ufrrj.br\/biblioteca\/sobre-nos\/historia-do-instituto-tres-rios\/\" \/>\n<meta property=\"og:locale\" content=\"pt_BR\" \/>\n<meta property=\"og:type\" content=\"article\" \/>\n<meta property=\"og:title\" content=\"Hist\u00f3ria do Instituto Tr\u00eas Rios - Biblioteca do ITR\" \/>\n<meta property=\"og:description\" content=\"Embora os registros institucionais apontem o ano de 1998, como o inicio da presen\u00e7a da UFRRJ no munic\u00edpio de Tr\u00eas Rios, o desenvolvimento das atividades acad\u00eamicas de gradua\u00e7\u00e3o somente viria a ser alavancado uma d\u00e9cada depois. Inicialmente instaladas nas depend\u00eancias do Col\u00e9gio Entre-Rios, que fora destru\u00eddo posteriormente por um inc\u00eandio e atualmente abriga escrit\u00f3rios de [&hellip;]\" \/>\n<meta property=\"og:url\" content=\"https:\/\/itr.ufrrj.br\/biblioteca\/sobre-nos\/historia-do-instituto-tres-rios\/\" \/>\n<meta property=\"og:site_name\" content=\"Biblioteca do ITR\" \/>\n<meta property=\"article:modified_time\" content=\"2017-10-05T15:05:49+00:00\" \/>\n<meta name=\"twitter:card\" content=\"summary_large_image\" \/>\n<meta name=\"twitter:label1\" content=\"Est. tempo de leitura\" \/>\n\t<meta name=\"twitter:data1\" content=\"3 minutos\" \/>\n<script type=\"application\/ld+json\" class=\"yoast-schema-graph\">{\"@context\":\"https:\/\/schema.org\",\"@graph\":[{\"@type\":\"WebPage\",\"@id\":\"https:\/\/itr.ufrrj.br\/biblioteca\/sobre-nos\/historia-do-instituto-tres-rios\/\",\"url\":\"https:\/\/itr.ufrrj.br\/biblioteca\/sobre-nos\/historia-do-instituto-tres-rios\/\",\"name\":\"Hist\u00f3ria do Instituto Tr\u00eas Rios - Biblioteca do ITR\",\"isPartOf\":{\"@id\":\"https:\/\/itr.ufrrj.br\/biblioteca\/#website\"},\"datePublished\":\"2016-03-14T14:22:30+00:00\",\"dateModified\":\"2017-10-05T15:05:49+00:00\",\"breadcrumb\":{\"@id\":\"https:\/\/itr.ufrrj.br\/biblioteca\/sobre-nos\/historia-do-instituto-tres-rios\/#breadcrumb\"},\"inLanguage\":\"pt-BR\",\"potentialAction\":[{\"@type\":\"ReadAction\",\"target\":[\"https:\/\/itr.ufrrj.br\/biblioteca\/sobre-nos\/historia-do-instituto-tres-rios\/\"]}]},{\"@type\":\"BreadcrumbList\",\"@id\":\"https:\/\/itr.ufrrj.br\/biblioteca\/sobre-nos\/historia-do-instituto-tres-rios\/#breadcrumb\",\"itemListElement\":[{\"@type\":\"ListItem\",\"position\":1,\"name\":\"In\u00edcio\",\"item\":\"https:\/\/itr.ufrrj.br\/biblioteca\/\"},{\"@type\":\"ListItem\",\"position\":2,\"name\":\"Sobre N\u00f3s\",\"item\":\"https:\/\/itr.ufrrj.br\/biblioteca\/sobre-nos\/\"},{\"@type\":\"ListItem\",\"position\":3,\"name\":\"Hist\u00f3ria do Instituto Tr\u00eas Rios\"}]},{\"@type\":\"WebSite\",\"@id\":\"https:\/\/itr.ufrrj.br\/biblioteca\/#website\",\"url\":\"https:\/\/itr.ufrrj.br\/biblioteca\/\",\"name\":\"Biblioteca do ITR\",\"description\":\"Instituto Tr\u00eas Rios\",\"potentialAction\":[{\"@type\":\"SearchAction\",\"target\":{\"@type\":\"EntryPoint\",\"urlTemplate\":\"https:\/\/itr.ufrrj.br\/biblioteca\/?s={search_term_string}\"},\"query-input\":\"required name=search_term_string\"}],\"inLanguage\":\"pt-BR\"}]}<\/script>\n<!-- \/ Yoast SEO plugin. -->","yoast_head_json":{"title":"Hist\u00f3ria do Instituto Tr\u00eas Rios - Biblioteca do ITR","robots":{"index":"index","follow":"follow","max-snippet":"max-snippet:-1","max-image-preview":"max-image-preview:large","max-video-preview":"max-video-preview:-1"},"canonical":"https:\/\/itr.ufrrj.br\/biblioteca\/sobre-nos\/historia-do-instituto-tres-rios\/","og_locale":"pt_BR","og_type":"article","og_title":"Hist\u00f3ria do Instituto Tr\u00eas Rios - Biblioteca do ITR","og_description":"Embora os registros institucionais apontem o ano de 1998, como o inicio da presen\u00e7a da UFRRJ no munic\u00edpio de Tr\u00eas Rios, o desenvolvimento das atividades acad\u00eamicas de gradua\u00e7\u00e3o somente viria a ser alavancado uma d\u00e9cada depois. Inicialmente instaladas nas depend\u00eancias do Col\u00e9gio Entre-Rios, que fora destru\u00eddo posteriormente por um inc\u00eandio e atualmente abriga escrit\u00f3rios de [&hellip;]","og_url":"https:\/\/itr.ufrrj.br\/biblioteca\/sobre-nos\/historia-do-instituto-tres-rios\/","og_site_name":"Biblioteca do ITR","article_modified_time":"2017-10-05T15:05:49+00:00","twitter_card":"summary_large_image","twitter_misc":{"Est. tempo de leitura":"3 minutos"},"schema":{"@context":"https:\/\/schema.org","@graph":[{"@type":"WebPage","@id":"https:\/\/itr.ufrrj.br\/biblioteca\/sobre-nos\/historia-do-instituto-tres-rios\/","url":"https:\/\/itr.ufrrj.br\/biblioteca\/sobre-nos\/historia-do-instituto-tres-rios\/","name":"Hist\u00f3ria do Instituto Tr\u00eas Rios - Biblioteca do ITR","isPartOf":{"@id":"https:\/\/itr.ufrrj.br\/biblioteca\/#website"},"datePublished":"2016-03-14T14:22:30+00:00","dateModified":"2017-10-05T15:05:49+00:00","breadcrumb":{"@id":"https:\/\/itr.ufrrj.br\/biblioteca\/sobre-nos\/historia-do-instituto-tres-rios\/#breadcrumb"},"inLanguage":"pt-BR","potentialAction":[{"@type":"ReadAction","target":["https:\/\/itr.ufrrj.br\/biblioteca\/sobre-nos\/historia-do-instituto-tres-rios\/"]}]},{"@type":"BreadcrumbList","@id":"https:\/\/itr.ufrrj.br\/biblioteca\/sobre-nos\/historia-do-instituto-tres-rios\/#breadcrumb","itemListElement":[{"@type":"ListItem","position":1,"name":"In\u00edcio","item":"https:\/\/itr.ufrrj.br\/biblioteca\/"},{"@type":"ListItem","position":2,"name":"Sobre N\u00f3s","item":"https:\/\/itr.ufrrj.br\/biblioteca\/sobre-nos\/"},{"@type":"ListItem","position":3,"name":"Hist\u00f3ria do Instituto Tr\u00eas Rios"}]},{"@type":"WebSite","@id":"https:\/\/itr.ufrrj.br\/biblioteca\/#website","url":"https:\/\/itr.ufrrj.br\/biblioteca\/","name":"Biblioteca do ITR","description":"Instituto Tr\u00eas Rios","potentialAction":[{"@type":"SearchAction","target":{"@type":"EntryPoint","urlTemplate":"https:\/\/itr.ufrrj.br\/biblioteca\/?s={search_term_string}"},"query-input":"required name=search_term_string"}],"inLanguage":"pt-BR"}]}},"_links":{"self":[{"href":"https:\/\/itr.ufrrj.br\/biblioteca\/wp-json\/wp\/v2\/pages\/36"}],"collection":[{"href":"https:\/\/itr.ufrrj.br\/biblioteca\/wp-json\/wp\/v2\/pages"}],"about":[{"href":"https:\/\/itr.ufrrj.br\/biblioteca\/wp-json\/wp\/v2\/types\/page"}],"author":[{"embeddable":true,"href":"https:\/\/itr.ufrrj.br\/biblioteca\/wp-json\/wp\/v2\/users\/3"}],"replies":[{"embeddable":true,"href":"https:\/\/itr.ufrrj.br\/biblioteca\/wp-json\/wp\/v2\/comments?post=36"}],"version-history":[{"count":5,"href":"https:\/\/itr.ufrrj.br\/biblioteca\/wp-json\/wp\/v2\/pages\/36\/revisions"}],"predecessor-version":[{"id":126,"href":"https:\/\/itr.ufrrj.br\/biblioteca\/wp-json\/wp\/v2\/pages\/36\/revisions\/126"}],"up":[{"embeddable":true,"href":"https:\/\/itr.ufrrj.br\/biblioteca\/wp-json\/wp\/v2\/pages\/34"}],"wp:attachment":[{"href":"https:\/\/itr.ufrrj.br\/biblioteca\/wp-json\/wp\/v2\/media?parent=36"}],"curies":[{"name":"wp","href":"https:\/\/api.w.org\/{rel}","templated":true}]}}