{"id":34,"date":"2016-03-14T11:22:14","date_gmt":"2016-03-14T14:22:14","guid":{"rendered":"http:\/\/itr.ufrrj.br\/biblioteca\/?page_id=34"},"modified":"2016-03-14T14:54:24","modified_gmt":"2016-03-14T17:54:24","slug":"sobre-nos","status":"publish","type":"page","link":"https:\/\/itr.ufrrj.br\/biblioteca\/sobre-nos\/","title":{"rendered":"Sobre N\u00f3s"},"content":{"rendered":"<p style=\"text-align: justify;\">A Biblioteca Tr\u00eas Rios \u00e9 uma biblioteca p\u00fablica de segmento universit\u00e1rio, operando servi\u00e7os desde 1998 com a implanta\u00e7\u00e3o dos primeiros cursos de gradua\u00e7\u00e3o em\u00a0 atrav\u00e9s de Conv\u00eanio entre os \u00f3rg\u00e3os de poder locais e o governo federal, interessados em fomentar o desenvolvimento social e cultural dos habitantes da cidade, a Biblioteca passou a ser<\/p>\n<p style=\"text-align: justify;\">A biblioteca tem vindo a fornecer servi\u00e7os como o empr\u00e9stimo de livros nas suas instala\u00e7\u00f5es, mas tamb\u00e9m o envio de exemplares ao domic\u00edlio. Al\u00e9m disso, \u00e9 simultaneamente uma audioteca, tem uma ampla cole\u00e7\u00e3o de publica\u00e7\u00f5es peri\u00f3dicas e disponibiliza acesso \u00e0 Internet.<\/p>\n<p style=\"text-align: justify;\">Assim, com o intuito de o ajudar a usufruir de todos os servi\u00e7os e recursos dispon\u00edveis, a biblioteca Biblioteca Tr\u00eas Rios colocou \u00e0 disposi\u00e7\u00e3o dos utilizadores, uma equipa de bibliotec\u00e1rios prest\u00e1veis e profissionais.<\/p>\n<p style=\"text-align: justify;\">Esta biblioteca nasceu do desejo, que todos os envolvidos nutrem, de contribuir para o desenvolvimento social e cultural dos habitantes da cidade, pelo que s\u00e3o dinamizados v\u00e1rios projetos de car\u00e1ter sociocultural para o benef\u00edcio das comunidades. Estes projetos s\u00e3o tornados realidade por muitos volunt\u00e1rios de todas as idades, sexos, profiss\u00f5es e n\u00edveis de escolaridade, que aderem regularmente ao Programa de Voluntariado da biblioteca. Por conseguinte, o impacto social \u00e9 j\u00e1 uma realidade e o Programa de Voluntariado \u00e9 uma estrutura bem organizada dentro da Biblioteca Tr\u00eas Rios.<\/p>\n<p style=\"text-align: justify;\">Se quiser saber mais sobre a Biblioteca Tr\u00eas Rios e as suas atividades, por favor, <a href=\"http:\/\/itr.ufrrj.br\/biblioteca\/contatos\/\">contate-nos<\/a>.<\/p>\n","protected":false},"excerpt":{"rendered":"<p>A Biblioteca Tr\u00eas Rios \u00e9 uma biblioteca p\u00fablica de segmento universit\u00e1rio, operando servi\u00e7os desde 1998 com a implanta\u00e7\u00e3o dos primeiros cursos de gradua\u00e7\u00e3o em\u00a0 atrav\u00e9s de Conv\u00eanio entre os \u00f3rg\u00e3os de poder locais e o governo federal, interessados em fomentar o desenvolvimento social e cultural dos habitantes da cidade, a Biblioteca passou a ser A [&hellip;]<\/p>\n","protected":false},"author":3,"featured_media":0,"parent":0,"menu_order":0,"comment_status":"closed","ping_status":"closed","template":"","meta":[],"acf":[],"yoast_head":"<!-- This site is optimized with the Yoast SEO plugin v20.8 - https:\/\/yoast.com\/wordpress\/plugins\/seo\/ -->\n<title>Sobre N\u00f3s - Biblioteca do ITR<\/title>\n<meta name=\"robots\" content=\"index, follow, max-snippet:-1, max-image-preview:large, max-video-preview:-1\" \/>\n<link rel=\"canonical\" href=\"https:\/\/itr.ufrrj.br\/biblioteca\/sobre-nos\/\" \/>\n<meta property=\"og:locale\" content=\"pt_BR\" \/>\n<meta property=\"og:type\" content=\"article\" \/>\n<meta property=\"og:title\" content=\"Sobre N\u00f3s - Biblioteca do ITR\" \/>\n<meta property=\"og:description\" content=\"A Biblioteca Tr\u00eas Rios \u00e9 uma biblioteca p\u00fablica de segmento universit\u00e1rio, operando servi\u00e7os desde 1998 com a implanta\u00e7\u00e3o dos primeiros cursos de gradua\u00e7\u00e3o em\u00a0 atrav\u00e9s de Conv\u00eanio entre os \u00f3rg\u00e3os de poder locais e o governo federal, interessados em fomentar o desenvolvimento social e cultural dos habitantes da cidade, a Biblioteca passou a ser A [&hellip;]\" \/>\n<meta property=\"og:url\" content=\"https:\/\/itr.ufrrj.br\/biblioteca\/sobre-nos\/\" \/>\n<meta property=\"og:site_name\" content=\"Biblioteca do ITR\" \/>\n<meta property=\"article:modified_time\" content=\"2016-03-14T17:54:24+00:00\" \/>\n<meta name=\"twitter:card\" content=\"summary_large_image\" \/>\n<meta name=\"twitter:label1\" content=\"Est. tempo de leitura\" \/>\n\t<meta name=\"twitter:data1\" content=\"1 minuto\" \/>\n<script type=\"application\/ld+json\" class=\"yoast-schema-graph\">{\"@context\":\"https:\/\/schema.org\",\"@graph\":[{\"@type\":\"WebPage\",\"@id\":\"https:\/\/itr.ufrrj.br\/biblioteca\/sobre-nos\/\",\"url\":\"https:\/\/itr.ufrrj.br\/biblioteca\/sobre-nos\/\",\"name\":\"Sobre N\u00f3s - Biblioteca do ITR\",\"isPartOf\":{\"@id\":\"https:\/\/itr.ufrrj.br\/biblioteca\/#website\"},\"datePublished\":\"2016-03-14T14:22:14+00:00\",\"dateModified\":\"2016-03-14T17:54:24+00:00\",\"breadcrumb\":{\"@id\":\"https:\/\/itr.ufrrj.br\/biblioteca\/sobre-nos\/#breadcrumb\"},\"inLanguage\":\"pt-BR\",\"potentialAction\":[{\"@type\":\"ReadAction\",\"target\":[\"https:\/\/itr.ufrrj.br\/biblioteca\/sobre-nos\/\"]}]},{\"@type\":\"BreadcrumbList\",\"@id\":\"https:\/\/itr.ufrrj.br\/biblioteca\/sobre-nos\/#breadcrumb\",\"itemListElement\":[{\"@type\":\"ListItem\",\"position\":1,\"name\":\"In\u00edcio\",\"item\":\"https:\/\/itr.ufrrj.br\/biblioteca\/\"},{\"@type\":\"ListItem\",\"position\":2,\"name\":\"Sobre N\u00f3s\"}]},{\"@type\":\"WebSite\",\"@id\":\"https:\/\/itr.ufrrj.br\/biblioteca\/#website\",\"url\":\"https:\/\/itr.ufrrj.br\/biblioteca\/\",\"name\":\"Biblioteca do ITR\",\"description\":\"Instituto Tr\u00eas Rios\",\"potentialAction\":[{\"@type\":\"SearchAction\",\"target\":{\"@type\":\"EntryPoint\",\"urlTemplate\":\"https:\/\/itr.ufrrj.br\/biblioteca\/?s={search_term_string}\"},\"query-input\":\"required name=search_term_string\"}],\"inLanguage\":\"pt-BR\"}]}<\/script>\n<!-- \/ Yoast SEO plugin. -->","yoast_head_json":{"title":"Sobre N\u00f3s - Biblioteca do ITR","robots":{"index":"index","follow":"follow","max-snippet":"max-snippet:-1","max-image-preview":"max-image-preview:large","max-video-preview":"max-video-preview:-1"},"canonical":"https:\/\/itr.ufrrj.br\/biblioteca\/sobre-nos\/","og_locale":"pt_BR","og_type":"article","og_title":"Sobre N\u00f3s - Biblioteca do ITR","og_description":"A Biblioteca Tr\u00eas Rios \u00e9 uma biblioteca p\u00fablica de segmento universit\u00e1rio, operando servi\u00e7os desde 1998 com a implanta\u00e7\u00e3o dos primeiros cursos de gradua\u00e7\u00e3o em\u00a0 atrav\u00e9s de Conv\u00eanio entre os \u00f3rg\u00e3os de poder locais e o governo federal, interessados em fomentar o desenvolvimento social e cultural dos habitantes da cidade, a Biblioteca passou a ser A [&hellip;]","og_url":"https:\/\/itr.ufrrj.br\/biblioteca\/sobre-nos\/","og_site_name":"Biblioteca do ITR","article_modified_time":"2016-03-14T17:54:24+00:00","twitter_card":"summary_large_image","twitter_misc":{"Est. tempo de leitura":"1 minuto"},"schema":{"@context":"https:\/\/schema.org","@graph":[{"@type":"WebPage","@id":"https:\/\/itr.ufrrj.br\/biblioteca\/sobre-nos\/","url":"https:\/\/itr.ufrrj.br\/biblioteca\/sobre-nos\/","name":"Sobre N\u00f3s - Biblioteca do ITR","isPartOf":{"@id":"https:\/\/itr.ufrrj.br\/biblioteca\/#website"},"datePublished":"2016-03-14T14:22:14+00:00","dateModified":"2016-03-14T17:54:24+00:00","breadcrumb":{"@id":"https:\/\/itr.ufrrj.br\/biblioteca\/sobre-nos\/#breadcrumb"},"inLanguage":"pt-BR","potentialAction":[{"@type":"ReadAction","target":["https:\/\/itr.ufrrj.br\/biblioteca\/sobre-nos\/"]}]},{"@type":"BreadcrumbList","@id":"https:\/\/itr.ufrrj.br\/biblioteca\/sobre-nos\/#breadcrumb","itemListElement":[{"@type":"ListItem","position":1,"name":"In\u00edcio","item":"https:\/\/itr.ufrrj.br\/biblioteca\/"},{"@type":"ListItem","position":2,"name":"Sobre N\u00f3s"}]},{"@type":"WebSite","@id":"https:\/\/itr.ufrrj.br\/biblioteca\/#website","url":"https:\/\/itr.ufrrj.br\/biblioteca\/","name":"Biblioteca do ITR","description":"Instituto Tr\u00eas Rios","potentialAction":[{"@type":"SearchAction","target":{"@type":"EntryPoint","urlTemplate":"https:\/\/itr.ufrrj.br\/biblioteca\/?s={search_term_string}"},"query-input":"required name=search_term_string"}],"inLanguage":"pt-BR"}]}},"_links":{"self":[{"href":"https:\/\/itr.ufrrj.br\/biblioteca\/wp-json\/wp\/v2\/pages\/34"}],"collection":[{"href":"https:\/\/itr.ufrrj.br\/biblioteca\/wp-json\/wp\/v2\/pages"}],"about":[{"href":"https:\/\/itr.ufrrj.br\/biblioteca\/wp-json\/wp\/v2\/types\/page"}],"author":[{"embeddable":true,"href":"https:\/\/itr.ufrrj.br\/biblioteca\/wp-json\/wp\/v2\/users\/3"}],"replies":[{"embeddable":true,"href":"https:\/\/itr.ufrrj.br\/biblioteca\/wp-json\/wp\/v2\/comments?post=34"}],"version-history":[{"count":2,"href":"https:\/\/itr.ufrrj.br\/biblioteca\/wp-json\/wp\/v2\/pages\/34\/revisions"}],"predecessor-version":[{"id":125,"href":"https:\/\/itr.ufrrj.br\/biblioteca\/wp-json\/wp\/v2\/pages\/34\/revisions\/125"}],"wp:attachment":[{"href":"https:\/\/itr.ufrrj.br\/biblioteca\/wp-json\/wp\/v2\/media?parent=34"}],"curies":[{"name":"wp","href":"https:\/\/api.w.org\/{rel}","templated":true}]}}