{"id":29,"date":"2016-03-14T11:21:40","date_gmt":"2016-03-14T14:21:40","guid":{"rendered":"http:\/\/itr.ufrrj.br\/biblioteca\/?page_id=29"},"modified":"2017-10-05T12:05:26","modified_gmt":"2017-10-05T15:05:26","slug":"links-importantes-de-orgaos-empresas-e-instituicoes","status":"publish","type":"page","link":"https:\/\/itr.ufrrj.br\/biblioteca\/contatos\/links-importantes-de-orgaos-empresas-e-instituicoes\/","title":{"rendered":"Links Importantes de \u00d3rg\u00e3os, Empresas e Institui\u00e7\u00f5es"},"content":{"rendered":"<p style=\"text-align: justify;\"><strong>Obrigado por\u00a0Acessar a Nossa \u00c1rea de Contato<\/strong><\/p>\n<p style=\"text-align: justify;\">Se voc\u00ea deseja entrar em contato conosco nossos canais de comunica\u00e7\u00e3o (endere\u00e7o, telefone, skype, facebook e twitter) est\u00e3o descritos nesta mesma aba <strong>Contatos<\/strong> em um n\u00edvel acima. Por\u00e9m se o que busca \u00e9 o acesso r\u00e1pido a algumas empresas, \u00f3rg\u00e3os e institui\u00e7\u00f5es fique \u00e0 vontade para pesquisar.<\/p>\n<p style=\"text-align: justify;\">Tendo por objetivo encurtar as fronteiras de comunica\u00e7\u00e3o, assim como acesso imediato a informa\u00e7\u00f5es descrevemos abaixo uma lista de links r\u00e1pidos com Institui\u00e7\u00f5es e \u00d3rg\u00e3os. Os mesmos estar\u00e3o dispostos em ordem alfab\u00e9tica para uma r\u00e1pida visualiza\u00e7\u00e3o, e conforme a seguinte ordena\u00e7\u00e3o:<\/p>\n<p style=\"text-align: justify;\"><strong>1) Institui\u00e7\u00f5es\u00a0e \u00d3rg\u00e3os;<\/strong><\/p>\n<p style=\"text-align: justify;\"><strong>2) Legisla\u00e7\u00e3o;<\/strong><\/p>\n<p style=\"text-align: justify;\"><strong>3) Redes Sociais;<\/strong><\/p>\n<p style=\"text-align: justify;\"><strong>4) Empresas de\u00a0Transporte Rodovi\u00e1rio.<\/strong><\/p>\n<hr \/>\n<p style=\"text-align: justify;\"><strong>1) <strong>Institui\u00e7\u00f5es\u00a0e \u00d3rg\u00e3os<\/strong><\/strong><\/p>\n<ul>\n<li style=\"text-align: justify;\"><strong>Biblioteca Nacional<\/strong>\u00a0&#8211;\u00a0<a href=\"http:\/\/www.bn.br\/\">www.bn.br<\/a><\/li>\n<li style=\"text-align: justify;\"><strong>CAPES<\/strong> &#8211;\u00a0<a href=\"http:\/\/www.capes.gov.br\/\">www.capes.gov.br<\/a><\/li>\n<li style=\"text-align: justify;\"><strong>CAPES (Portal\u00a0de Peri\u00f3dicos)<\/strong> &#8211;\u00a0<a href=\"http:\/\/www.periodicos.capes.gov.br\/\">www.periodicos.capes.gov.br<\/a><\/li>\n<li style=\"text-align: justify;\"><strong>COMUT <\/strong>&#8211;<strong>\u00a0<\/strong><a href=\"http:\/\/comut.ibict.br\/comut\">comut.ibict.br\/comut<\/a><\/li>\n<li style=\"text-align: justify;\"><strong>Dom\u00ednio\u00a0P\u00fablico\u00a0<\/strong>&#8211;\u00a0<a href=\"http:\/\/www.dominiopublico.gov.br\">www.dominiopublico.gov.br<\/a><\/li>\n<li style=\"text-align: justify;\"><strong>Library of Congress\u00a0<\/strong>&#8211;<strong>\u00a0<\/strong><a href=\"http:\/\/www.loc.gov\/\">www.loc.gov<\/a><\/li>\n<li style=\"text-align: justify;\"><strong>Library\u00a0of Congress &#8211; Authorities\u00a0<\/strong>&#8211;<strong>\u00a0<\/strong><a href=\"http:\/\/authorities.loc.gov\/\">authorities.loc.gov<\/a><\/li>\n<li style=\"text-align: justify;\"><strong>Minist\u00e9rio da Educa\u00e7\u00e3o\u00a0<\/strong>&#8211;\u00a0<a href=\"http:\/\/www.mec.gov.br\/\">www.mec.gov.br<\/a><\/li>\n<li style=\"text-align: justify;\"><strong>Pergamum\u00a0<\/strong>&#8211;\u00a0<a href=\"http:\/\/www.pergamum.pucpr.br\">www.pergamum.pucpr.br<\/a><\/li>\n<li style=\"text-align: left;\"><strong>Pergamum &#8211; Rede\u00a0de Pesquisa\u00a0de Bibliotecas Compartilhadas\u00a0&#8211;<\/strong>\u00a0<a href=\"http:\/\/www.pergamum.pucpr.br\/redepergamum\/consultas\/site_CRP\/pesquisa.php\">www.pergamum.pucpr.br\/redepergamum\/consultas\/site_CRP\/pesquisa.php<\/a><\/li>\n<li style=\"text-align: justify;\"><strong>Presid\u00eancia daRep\u00fablica\u00a0&#8211;\u00a0<\/strong><a href=\"http:\/\/www2.planalto.gov.br\/\">www2.planalto.gov.br<\/a><\/li>\n<li style=\"text-align: justify;\"><strong>Universidade\u00a0Federal Rural\u00a0do Rio\u00a0de Janeiro (UFRRJ) &#8211;\u00a0<\/strong><a href=\"http:\/\/www.ufrrj.br\">www.ufrrj.br<\/a><\/li>\n<li style=\"text-align: justify;\"><strong>Universidade\u00a0Federal Rural\u00a0do Rio\u00a0de Janeiro (UFRRJ) &#8211; Biblioteca Central &#8211;\u00a0<\/strong><a href=\"http:\/\/www.biblioteca.ufrrj.br\/\">www.biblioteca.ufrrj.br<\/a><\/li>\n<li style=\"text-align: justify;\"><strong>Universidade\u00a0Federal Rural\u00a0do Rio\u00a0de Janeiro (UFRRJ) &#8211; Instituto\u00a0Tr\u00eas Rios &#8211;\u00a0<\/strong><a href=\"http:\/\/www.itr.ufrrj.br\/\">www.itr.ufrrj.br<\/a><\/li>\n<\/ul>\n<hr \/>\n<p style=\"text-align: justify;\"><strong>2) <strong>Legisla\u00e7\u00e3o<\/strong><\/strong><\/p>\n<p>Decreto 1171\/94 &#8211; C\u00f3digo de \u00c9tica do Servidor P\u00fablico Civil do Poder Executivo Federal<br \/>\n<strong><a href=\"http:\/\/www.planalto.gov.br\/ccivil_03\/decreto\/d1171.htm\">www.planalto.gov.br\/ccivil_03\/decreto\/d1171.htm<\/a><\/strong><\/p>\n<p>Lei 8112\/90 &#8211; Regimento Jur\u00eddico\u00a0 dos Servidores P\u00fablicos Civis da Uni\u00e3o, \u00a0das Autarquias e das Funda\u00e7\u00f5es P\u00fablicas Federais<br \/>\n<strong><a href=\"http:\/\/www.planalto.gov.br\/ccivil_03\/leis\/l8112cons.htm\">www.planalto.gov.br\/ccivil_03\/leis\/l8112cons.htm<\/a><\/strong><\/p>\n<p>Lei 8666\/93 &#8211; Licita\u00e7\u00f5es e Contratos Administrativos<br \/>\n<strong><a href=\"http:\/\/www.planalto.gov.br\/ccivil_03\/leis\/l8666cons.htm\">www.planalto.gov.br\/ccivil_03\/leis\/l8666cons.htm<\/a><\/strong><\/p>\n<p>Lei 9784\/99 &#8211; Regula o Processo Administrativo Disciplinar no \u00c2mbito da Administra\u00e7\u00e3o P\u00fablica Federal<br \/>\n<strong><a href=\"http:\/\/www.planalto.gov.br\/CCivil_03\/leis\/L9784.htm\">www.planalto.gov.br\/CCivil_03\/leis\/L9784.htm<\/a><\/strong><\/p>\n<p>Manual de Reda\u00e7\u00e3o Oficial da Presid\u00eancia da Rep\u00fablica<br \/>\n<a href=\"http:\/\/www.biblioteca.presidencia.gov.br\/publicacoes-oficiais-1\/manual-de-redacao-da-presidencia-da-republica\/manual-de-redacao-da-presidencia-da-republica\/view\"><strong>www.biblioteca.presidencia.gov.br\/publicacoes-oficiais-1\/manual-de-redacao-da-presidencia-da-republica\/manual-de-redacao-da-presidencia-da-republica\/view<\/strong><\/a><\/p>\n<hr \/>\n<p style=\"text-align: justify;\"><strong>3) <strong>Redes Sociais<\/strong><\/strong><\/p>\n<p style=\"text-align: justify;\">Facebook<strong><br \/>\n<\/strong><strong><a href=\"https:\/\/www.facebook.com\/\">www.facebook.com<\/a><\/strong><\/p>\n<p style=\"text-align: justify;\">Twitter<strong><br \/>\n<\/strong><strong><a href=\"http:\/\/www.twitter.com\">twww.twitter.com<\/a><\/strong><\/p>\n<hr \/>\n<p style=\"text-align: justify;\"><strong>4) Empresas\u00a0de Transporte Rodovi\u00e1rio<\/strong><\/p>\n<p>Linave (Transporte Rodovi\u00e1rio Tr\u00eas Rios X Miguel Pereira X Paracambi X Arcozelo X Paty do Alferes)<br \/>\n<strong><a href=\"http:\/\/www.linavetransportes.com.br\/\">www.linavetransportes.com.br<\/a><\/strong><\/p>\n<p>Progresso (Transporte Rodovi\u00e1rio Tr\u00eas Rios X Petr\u00f3polis X Para\u00edba do Sul X Vassouras X Barra do Pirai)<br \/>\n<strong><a href=\"http:\/\/www.viacaoprogresso.com.br\">www.viacaoprogresso.com.br<\/a><\/strong><\/p>\n<p>\u00c1guia Branca\u00a0(Transporte Rodovi\u00e1rio Rio de Janeiro X Tr\u00eas Rios X Para\u00edba do Sul)<br \/>\n<strong><a href=\"https:\/\/www.aguiabranca.com.br\/\">www.aguiabranca.com.br<\/a><\/strong><\/p>\n<p>\u00danica-F\u00e1cil (Transporte Rodovi\u00e1rio Rio de Janeiro X Petr\u00f3polis X Juiz De Fora X Regi\u00e3o Dos Lagos)<br \/>\n<strong><a href=\"http:\/\/www.unica-facil.com.br\/\">www.unica-facil.com.br<\/a><\/strong><\/p>\n<p style=\"text-align: justify;\"><strong>4) Transporte Coletivo Urbano\u00a0em Tr\u00eas Rios<\/strong><\/p>\n<p style=\"text-align: justify;\">Transa Transporte Coletivo<br \/>\n<strong><a href=\"http:\/\/www.transatransporte.com.br\">www.transatransporte.com.br<\/a><\/strong><\/p>\n","protected":false},"excerpt":{"rendered":"<p>Obrigado por\u00a0Acessar a Nossa \u00c1rea de Contato Se voc\u00ea deseja entrar em contato conosco nossos canais de comunica\u00e7\u00e3o (endere\u00e7o, telefone, skype, facebook e twitter) est\u00e3o descritos nesta mesma aba Contatos em um n\u00edvel acima. Por\u00e9m se o que busca \u00e9 o acesso r\u00e1pido a algumas empresas, \u00f3rg\u00e3os e institui\u00e7\u00f5es fique \u00e0 vontade para pesquisar. Tendo [&hellip;]<\/p>\n","protected":false},"author":3,"featured_media":0,"parent":27,"menu_order":0,"comment_status":"closed","ping_status":"closed","template":"","meta":[],"acf":[],"yoast_head":"<!-- This site is optimized with the Yoast SEO plugin v20.8 - https:\/\/yoast.com\/wordpress\/plugins\/seo\/ -->\n<title>Links Importantes de \u00d3rg\u00e3os, Empresas e Institui\u00e7\u00f5es - Biblioteca do ITR<\/title>\n<meta name=\"robots\" content=\"index, follow, max-snippet:-1, max-image-preview:large, max-video-preview:-1\" \/>\n<link rel=\"canonical\" href=\"https:\/\/itr.ufrrj.br\/biblioteca\/contatos\/links-importantes-de-orgaos-empresas-e-instituicoes\/\" \/>\n<meta property=\"og:locale\" content=\"pt_BR\" \/>\n<meta property=\"og:type\" content=\"article\" \/>\n<meta property=\"og:title\" content=\"Links Importantes de \u00d3rg\u00e3os, Empresas e Institui\u00e7\u00f5es - Biblioteca do ITR\" \/>\n<meta property=\"og:description\" content=\"Obrigado por\u00a0Acessar a Nossa \u00c1rea de Contato Se voc\u00ea deseja entrar em contato conosco nossos canais de comunica\u00e7\u00e3o (endere\u00e7o, telefone, skype, facebook e twitter) est\u00e3o descritos nesta mesma aba Contatos em um n\u00edvel acima. Por\u00e9m se o que busca \u00e9 o acesso r\u00e1pido a algumas empresas, \u00f3rg\u00e3os e institui\u00e7\u00f5es fique \u00e0 vontade para pesquisar. Tendo [&hellip;]\" \/>\n<meta property=\"og:url\" content=\"https:\/\/itr.ufrrj.br\/biblioteca\/contatos\/links-importantes-de-orgaos-empresas-e-instituicoes\/\" \/>\n<meta property=\"og:site_name\" content=\"Biblioteca do ITR\" \/>\n<meta property=\"article:modified_time\" content=\"2017-10-05T15:05:26+00:00\" \/>\n<meta name=\"twitter:card\" content=\"summary_large_image\" \/>\n<meta name=\"twitter:label1\" content=\"Est. tempo de leitura\" \/>\n\t<meta name=\"twitter:data1\" content=\"3 minutos\" \/>\n<script type=\"application\/ld+json\" class=\"yoast-schema-graph\">{\"@context\":\"https:\/\/schema.org\",\"@graph\":[{\"@type\":\"WebPage\",\"@id\":\"https:\/\/itr.ufrrj.br\/biblioteca\/contatos\/links-importantes-de-orgaos-empresas-e-instituicoes\/\",\"url\":\"https:\/\/itr.ufrrj.br\/biblioteca\/contatos\/links-importantes-de-orgaos-empresas-e-instituicoes\/\",\"name\":\"Links Importantes de \u00d3rg\u00e3os, Empresas e Institui\u00e7\u00f5es - Biblioteca do ITR\",\"isPartOf\":{\"@id\":\"https:\/\/itr.ufrrj.br\/biblioteca\/#website\"},\"datePublished\":\"2016-03-14T14:21:40+00:00\",\"dateModified\":\"2017-10-05T15:05:26+00:00\",\"breadcrumb\":{\"@id\":\"https:\/\/itr.ufrrj.br\/biblioteca\/contatos\/links-importantes-de-orgaos-empresas-e-instituicoes\/#breadcrumb\"},\"inLanguage\":\"pt-BR\",\"potentialAction\":[{\"@type\":\"ReadAction\",\"target\":[\"https:\/\/itr.ufrrj.br\/biblioteca\/contatos\/links-importantes-de-orgaos-empresas-e-instituicoes\/\"]}]},{\"@type\":\"BreadcrumbList\",\"@id\":\"https:\/\/itr.ufrrj.br\/biblioteca\/contatos\/links-importantes-de-orgaos-empresas-e-instituicoes\/#breadcrumb\",\"itemListElement\":[{\"@type\":\"ListItem\",\"position\":1,\"name\":\"In\u00edcio\",\"item\":\"https:\/\/itr.ufrrj.br\/biblioteca\/\"},{\"@type\":\"ListItem\",\"position\":2,\"name\":\"Contatos\",\"item\":\"https:\/\/itr.ufrrj.br\/biblioteca\/contatos\/\"},{\"@type\":\"ListItem\",\"position\":3,\"name\":\"Links Importantes de \u00d3rg\u00e3os, Empresas e Institui\u00e7\u00f5es\"}]},{\"@type\":\"WebSite\",\"@id\":\"https:\/\/itr.ufrrj.br\/biblioteca\/#website\",\"url\":\"https:\/\/itr.ufrrj.br\/biblioteca\/\",\"name\":\"Biblioteca do ITR\",\"description\":\"Instituto Tr\u00eas Rios\",\"potentialAction\":[{\"@type\":\"SearchAction\",\"target\":{\"@type\":\"EntryPoint\",\"urlTemplate\":\"https:\/\/itr.ufrrj.br\/biblioteca\/?s={search_term_string}\"},\"query-input\":\"required name=search_term_string\"}],\"inLanguage\":\"pt-BR\"}]}<\/script>\n<!-- \/ Yoast SEO plugin. -->","yoast_head_json":{"title":"Links Importantes de \u00d3rg\u00e3os, Empresas e Institui\u00e7\u00f5es - Biblioteca do ITR","robots":{"index":"index","follow":"follow","max-snippet":"max-snippet:-1","max-image-preview":"max-image-preview:large","max-video-preview":"max-video-preview:-1"},"canonical":"https:\/\/itr.ufrrj.br\/biblioteca\/contatos\/links-importantes-de-orgaos-empresas-e-instituicoes\/","og_locale":"pt_BR","og_type":"article","og_title":"Links Importantes de \u00d3rg\u00e3os, Empresas e Institui\u00e7\u00f5es - Biblioteca do ITR","og_description":"Obrigado por\u00a0Acessar a Nossa \u00c1rea de Contato Se voc\u00ea deseja entrar em contato conosco nossos canais de comunica\u00e7\u00e3o (endere\u00e7o, telefone, skype, facebook e twitter) est\u00e3o descritos nesta mesma aba Contatos em um n\u00edvel acima. Por\u00e9m se o que busca \u00e9 o acesso r\u00e1pido a algumas empresas, \u00f3rg\u00e3os e institui\u00e7\u00f5es fique \u00e0 vontade para pesquisar. Tendo [&hellip;]","og_url":"https:\/\/itr.ufrrj.br\/biblioteca\/contatos\/links-importantes-de-orgaos-empresas-e-instituicoes\/","og_site_name":"Biblioteca do ITR","article_modified_time":"2017-10-05T15:05:26+00:00","twitter_card":"summary_large_image","twitter_misc":{"Est. tempo de leitura":"3 minutos"},"schema":{"@context":"https:\/\/schema.org","@graph":[{"@type":"WebPage","@id":"https:\/\/itr.ufrrj.br\/biblioteca\/contatos\/links-importantes-de-orgaos-empresas-e-instituicoes\/","url":"https:\/\/itr.ufrrj.br\/biblioteca\/contatos\/links-importantes-de-orgaos-empresas-e-instituicoes\/","name":"Links Importantes de \u00d3rg\u00e3os, Empresas e Institui\u00e7\u00f5es - Biblioteca do ITR","isPartOf":{"@id":"https:\/\/itr.ufrrj.br\/biblioteca\/#website"},"datePublished":"2016-03-14T14:21:40+00:00","dateModified":"2017-10-05T15:05:26+00:00","breadcrumb":{"@id":"https:\/\/itr.ufrrj.br\/biblioteca\/contatos\/links-importantes-de-orgaos-empresas-e-instituicoes\/#breadcrumb"},"inLanguage":"pt-BR","potentialAction":[{"@type":"ReadAction","target":["https:\/\/itr.ufrrj.br\/biblioteca\/contatos\/links-importantes-de-orgaos-empresas-e-instituicoes\/"]}]},{"@type":"BreadcrumbList","@id":"https:\/\/itr.ufrrj.br\/biblioteca\/contatos\/links-importantes-de-orgaos-empresas-e-instituicoes\/#breadcrumb","itemListElement":[{"@type":"ListItem","position":1,"name":"In\u00edcio","item":"https:\/\/itr.ufrrj.br\/biblioteca\/"},{"@type":"ListItem","position":2,"name":"Contatos","item":"https:\/\/itr.ufrrj.br\/biblioteca\/contatos\/"},{"@type":"ListItem","position":3,"name":"Links Importantes de \u00d3rg\u00e3os, Empresas e Institui\u00e7\u00f5es"}]},{"@type":"WebSite","@id":"https:\/\/itr.ufrrj.br\/biblioteca\/#website","url":"https:\/\/itr.ufrrj.br\/biblioteca\/","name":"Biblioteca do ITR","description":"Instituto Tr\u00eas Rios","potentialAction":[{"@type":"SearchAction","target":{"@type":"EntryPoint","urlTemplate":"https:\/\/itr.ufrrj.br\/biblioteca\/?s={search_term_string}"},"query-input":"required name=search_term_string"}],"inLanguage":"pt-BR"}]}},"_links":{"self":[{"href":"https:\/\/itr.ufrrj.br\/biblioteca\/wp-json\/wp\/v2\/pages\/29"}],"collection":[{"href":"https:\/\/itr.ufrrj.br\/biblioteca\/wp-json\/wp\/v2\/pages"}],"about":[{"href":"https:\/\/itr.ufrrj.br\/biblioteca\/wp-json\/wp\/v2\/types\/page"}],"author":[{"embeddable":true,"href":"https:\/\/itr.ufrrj.br\/biblioteca\/wp-json\/wp\/v2\/users\/3"}],"replies":[{"embeddable":true,"href":"https:\/\/itr.ufrrj.br\/biblioteca\/wp-json\/wp\/v2\/comments?post=29"}],"version-history":[{"count":11,"href":"https:\/\/itr.ufrrj.br\/biblioteca\/wp-json\/wp\/v2\/pages\/29\/revisions"}],"predecessor-version":[{"id":3302,"href":"https:\/\/itr.ufrrj.br\/biblioteca\/wp-json\/wp\/v2\/pages\/29\/revisions\/3302"}],"up":[{"embeddable":true,"href":"https:\/\/itr.ufrrj.br\/biblioteca\/wp-json\/wp\/v2\/pages\/27"}],"wp:attachment":[{"href":"https:\/\/itr.ufrrj.br\/biblioteca\/wp-json\/wp\/v2\/media?parent=29"}],"curies":[{"name":"wp","href":"https:\/\/api.w.org\/{rel}","templated":true}]}}