{"id":27,"date":"2016-03-14T11:21:21","date_gmt":"2016-03-14T14:21:21","guid":{"rendered":"http:\/\/itr.ufrrj.br\/biblioteca\/?page_id=27"},"modified":"2016-08-02T00:12:58","modified_gmt":"2016-08-02T03:12:58","slug":"contatos","status":"publish","type":"page","link":"https:\/\/itr.ufrrj.br\/biblioteca\/contatos\/","title":{"rendered":"Contatos"},"content":{"rendered":"<p>Endere\u00e7o:<br \/>\n<strong>Biblioteca Universit\u00e1ria do Instituto Tr\u00eas Rios<\/strong> <strong>(Biblioteca Tr\u00eas Rios)<\/strong><br \/>\nAv. Prefeito Alberto da Silva Lavinas, 1847 &#8211; T\u00e9rreo &#8211; Torre Sul &#8211;\u00a0Centro &#8211; Tr\u00eas Rios &#8211; RJ<br \/>\nCEP: 25804-100<\/p>\n<p>Telefone:<br \/>\n(24) 2255-3677<\/p>\n<p>Email:<br \/>\n<a href=\"mailto:bibliotecatr@ufrrj.br\">bibliotecatr@ufrrj.br<br \/>\n<\/a><a href=\"mailto:sergioluisbt@ufrrj.br\">sergioluisbt@ufrrj.br<br \/>\n<\/a><a href=\"mailto:librariansel@yahoo.com.br\">librariansel@yahoo.com.br<\/a><\/p>\n<p>Skype:<\/p>\n<p>Dire\u00e7\u00e3o: <strong>bibliotecaufrrj.tr<\/strong><br \/>\nSecretaria: <strong>bibliotecaitr.secretaria<\/strong><br \/>\nRefer\u00eancia: <strong>bibliotecatr.referencia<\/strong><br \/>\nTratamento T\u00e9cnico: <strong>bibliotecatr.sptecnico<\/strong><br \/>\nCircula\u00e7\u00e3o: <strong>bibliotecatr.circulacao<\/strong><\/p>\n<p>Siga-nos no twitter:<br \/>\n<a href=\"https:\/\/twitter.com\/BibliotecaITR\" target=\"_blank\"><cite class=\"_Rm\">twitter.com\/BibliotecaITR<\/cite><\/a><\/p>\n<p>Facebook:<br \/>\n<a href=\"http:\/\/facebook.com\/biblioteca.itr\" target=\"_blank\">facebook.com\/<span class=\"timelineUsername fwb\">biblioteca.itr<\/span><\/a> [<span class=\"timelineUsername fwb\">Biblioteca UFRRJ ITR]<\/span><\/p>\n<p>Bibliotec\u00e1rio Respons\u00e1vel: S\u00e9rgio Luis Lima de Magalh\u00e3es<\/p>\n","protected":false},"excerpt":{"rendered":"<p>Endere\u00e7o: Biblioteca Universit\u00e1ria do Instituto Tr\u00eas Rios (Biblioteca Tr\u00eas Rios) Av. Prefeito Alberto da Silva Lavinas, 1847 &#8211; T\u00e9rreo &#8211; Torre Sul &#8211;\u00a0Centro &#8211; Tr\u00eas Rios &#8211; RJ CEP: 25804-100 Telefone: (24) 2255-3677 Email: bibliotecatr@ufrrj.br sergioluisbt@ufrrj.br librariansel@yahoo.com.br Skype: Dire\u00e7\u00e3o: bibliotecaufrrj.tr Secretaria: bibliotecaitr.secretaria Refer\u00eancia: bibliotecatr.referencia Tratamento T\u00e9cnico: bibliotecatr.sptecnico Circula\u00e7\u00e3o: bibliotecatr.circulacao Siga-nos no twitter: twitter.com\/BibliotecaITR Facebook: facebook.com\/biblioteca.itr [&hellip;]<\/p>\n","protected":false},"author":3,"featured_media":0,"parent":0,"menu_order":0,"comment_status":"closed","ping_status":"closed","template":"","meta":[],"acf":[],"yoast_head":"<!-- This site is optimized with the Yoast SEO plugin v20.8 - https:\/\/yoast.com\/wordpress\/plugins\/seo\/ -->\n<title>Contatos - Biblioteca do ITR<\/title>\n<meta name=\"robots\" content=\"index, follow, max-snippet:-1, max-image-preview:large, max-video-preview:-1\" \/>\n<link rel=\"canonical\" href=\"https:\/\/itr.ufrrj.br\/biblioteca\/contatos\/\" \/>\n<meta property=\"og:locale\" content=\"pt_BR\" \/>\n<meta property=\"og:type\" content=\"article\" \/>\n<meta property=\"og:title\" content=\"Contatos - Biblioteca do ITR\" \/>\n<meta property=\"og:description\" content=\"Endere\u00e7o: Biblioteca Universit\u00e1ria do Instituto Tr\u00eas Rios (Biblioteca Tr\u00eas Rios) Av. Prefeito Alberto da Silva Lavinas, 1847 &#8211; T\u00e9rreo &#8211; Torre Sul &#8211;\u00a0Centro &#8211; Tr\u00eas Rios &#8211; RJ CEP: 25804-100 Telefone: (24) 2255-3677 Email: bibliotecatr@ufrrj.br sergioluisbt@ufrrj.br librariansel@yahoo.com.br Skype: Dire\u00e7\u00e3o: bibliotecaufrrj.tr Secretaria: bibliotecaitr.secretaria Refer\u00eancia: bibliotecatr.referencia Tratamento T\u00e9cnico: bibliotecatr.sptecnico Circula\u00e7\u00e3o: bibliotecatr.circulacao Siga-nos no twitter: twitter.com\/BibliotecaITR Facebook: facebook.com\/biblioteca.itr [&hellip;]\" \/>\n<meta property=\"og:url\" content=\"https:\/\/itr.ufrrj.br\/biblioteca\/contatos\/\" \/>\n<meta property=\"og:site_name\" content=\"Biblioteca do ITR\" \/>\n<meta property=\"article:modified_time\" content=\"2016-08-02T03:12:58+00:00\" \/>\n<meta name=\"twitter:card\" content=\"summary_large_image\" \/>\n<script type=\"application\/ld+json\" class=\"yoast-schema-graph\">{\"@context\":\"https:\/\/schema.org\",\"@graph\":[{\"@type\":\"WebPage\",\"@id\":\"https:\/\/itr.ufrrj.br\/biblioteca\/contatos\/\",\"url\":\"https:\/\/itr.ufrrj.br\/biblioteca\/contatos\/\",\"name\":\"Contatos - Biblioteca do ITR\",\"isPartOf\":{\"@id\":\"https:\/\/itr.ufrrj.br\/biblioteca\/#website\"},\"datePublished\":\"2016-03-14T14:21:21+00:00\",\"dateModified\":\"2016-08-02T03:12:58+00:00\",\"breadcrumb\":{\"@id\":\"https:\/\/itr.ufrrj.br\/biblioteca\/contatos\/#breadcrumb\"},\"inLanguage\":\"pt-BR\",\"potentialAction\":[{\"@type\":\"ReadAction\",\"target\":[\"https:\/\/itr.ufrrj.br\/biblioteca\/contatos\/\"]}]},{\"@type\":\"BreadcrumbList\",\"@id\":\"https:\/\/itr.ufrrj.br\/biblioteca\/contatos\/#breadcrumb\",\"itemListElement\":[{\"@type\":\"ListItem\",\"position\":1,\"name\":\"In\u00edcio\",\"item\":\"https:\/\/itr.ufrrj.br\/biblioteca\/\"},{\"@type\":\"ListItem\",\"position\":2,\"name\":\"Contatos\"}]},{\"@type\":\"WebSite\",\"@id\":\"https:\/\/itr.ufrrj.br\/biblioteca\/#website\",\"url\":\"https:\/\/itr.ufrrj.br\/biblioteca\/\",\"name\":\"Biblioteca do ITR\",\"description\":\"Instituto Tr\u00eas Rios\",\"potentialAction\":[{\"@type\":\"SearchAction\",\"target\":{\"@type\":\"EntryPoint\",\"urlTemplate\":\"https:\/\/itr.ufrrj.br\/biblioteca\/?s={search_term_string}\"},\"query-input\":\"required name=search_term_string\"}],\"inLanguage\":\"pt-BR\"}]}<\/script>\n<!-- \/ Yoast SEO plugin. -->","yoast_head_json":{"title":"Contatos - Biblioteca do ITR","robots":{"index":"index","follow":"follow","max-snippet":"max-snippet:-1","max-image-preview":"max-image-preview:large","max-video-preview":"max-video-preview:-1"},"canonical":"https:\/\/itr.ufrrj.br\/biblioteca\/contatos\/","og_locale":"pt_BR","og_type":"article","og_title":"Contatos - Biblioteca do ITR","og_description":"Endere\u00e7o: Biblioteca Universit\u00e1ria do Instituto Tr\u00eas Rios (Biblioteca Tr\u00eas Rios) Av. Prefeito Alberto da Silva Lavinas, 1847 &#8211; T\u00e9rreo &#8211; Torre Sul &#8211;\u00a0Centro &#8211; Tr\u00eas Rios &#8211; RJ CEP: 25804-100 Telefone: (24) 2255-3677 Email: bibliotecatr@ufrrj.br sergioluisbt@ufrrj.br librariansel@yahoo.com.br Skype: Dire\u00e7\u00e3o: bibliotecaufrrj.tr Secretaria: bibliotecaitr.secretaria Refer\u00eancia: bibliotecatr.referencia Tratamento T\u00e9cnico: bibliotecatr.sptecnico Circula\u00e7\u00e3o: bibliotecatr.circulacao Siga-nos no twitter: twitter.com\/BibliotecaITR Facebook: facebook.com\/biblioteca.itr [&hellip;]","og_url":"https:\/\/itr.ufrrj.br\/biblioteca\/contatos\/","og_site_name":"Biblioteca do ITR","article_modified_time":"2016-08-02T03:12:58+00:00","twitter_card":"summary_large_image","schema":{"@context":"https:\/\/schema.org","@graph":[{"@type":"WebPage","@id":"https:\/\/itr.ufrrj.br\/biblioteca\/contatos\/","url":"https:\/\/itr.ufrrj.br\/biblioteca\/contatos\/","name":"Contatos - Biblioteca do ITR","isPartOf":{"@id":"https:\/\/itr.ufrrj.br\/biblioteca\/#website"},"datePublished":"2016-03-14T14:21:21+00:00","dateModified":"2016-08-02T03:12:58+00:00","breadcrumb":{"@id":"https:\/\/itr.ufrrj.br\/biblioteca\/contatos\/#breadcrumb"},"inLanguage":"pt-BR","potentialAction":[{"@type":"ReadAction","target":["https:\/\/itr.ufrrj.br\/biblioteca\/contatos\/"]}]},{"@type":"BreadcrumbList","@id":"https:\/\/itr.ufrrj.br\/biblioteca\/contatos\/#breadcrumb","itemListElement":[{"@type":"ListItem","position":1,"name":"In\u00edcio","item":"https:\/\/itr.ufrrj.br\/biblioteca\/"},{"@type":"ListItem","position":2,"name":"Contatos"}]},{"@type":"WebSite","@id":"https:\/\/itr.ufrrj.br\/biblioteca\/#website","url":"https:\/\/itr.ufrrj.br\/biblioteca\/","name":"Biblioteca do ITR","description":"Instituto Tr\u00eas Rios","potentialAction":[{"@type":"SearchAction","target":{"@type":"EntryPoint","urlTemplate":"https:\/\/itr.ufrrj.br\/biblioteca\/?s={search_term_string}"},"query-input":"required name=search_term_string"}],"inLanguage":"pt-BR"}]}},"_links":{"self":[{"href":"https:\/\/itr.ufrrj.br\/biblioteca\/wp-json\/wp\/v2\/pages\/27"}],"collection":[{"href":"https:\/\/itr.ufrrj.br\/biblioteca\/wp-json\/wp\/v2\/pages"}],"about":[{"href":"https:\/\/itr.ufrrj.br\/biblioteca\/wp-json\/wp\/v2\/types\/page"}],"author":[{"embeddable":true,"href":"https:\/\/itr.ufrrj.br\/biblioteca\/wp-json\/wp\/v2\/users\/3"}],"replies":[{"embeddable":true,"href":"https:\/\/itr.ufrrj.br\/biblioteca\/wp-json\/wp\/v2\/comments?post=27"}],"version-history":[{"count":5,"href":"https:\/\/itr.ufrrj.br\/biblioteca\/wp-json\/wp\/v2\/pages\/27\/revisions"}],"predecessor-version":[{"id":1870,"href":"https:\/\/itr.ufrrj.br\/biblioteca\/wp-json\/wp\/v2\/pages\/27\/revisions\/1870"}],"wp:attachment":[{"href":"https:\/\/itr.ufrrj.br\/biblioteca\/wp-json\/wp\/v2\/media?parent=27"}],"curies":[{"name":"wp","href":"https:\/\/api.w.org\/{rel}","templated":true}]}}