{"id":25,"date":"2016-03-14T11:13:47","date_gmt":"2016-03-14T14:13:47","guid":{"rendered":"http:\/\/itr.ufrrj.br\/biblioteca\/?page_id=25"},"modified":"2017-09-27T17:29:07","modified_gmt":"2017-09-27T20:29:07","slug":"emprestimo-entre-bibliotecas-eeb","status":"publish","type":"page","link":"https:\/\/itr.ufrrj.br\/biblioteca\/servicos\/emprestimo-entre-bibliotecas-eeb\/","title":{"rendered":"Empr\u00e9stimo entre Bibliotecas (EEB)"},"content":{"rendered":"<p style=\"text-align: justify;\">A Biblioteca Universit\u00e1ria do Instituto Tr\u00eas Rios da UFRRJ, visando promover o acesso \u00e0 informa\u00e7\u00e3o disponibiliza aos usu\u00e1rios que n\u00e3o possuam hist\u00f3rico de inadimpl\u00eancia ou cumprindo san\u00e7\u00f5es administrativas o servi\u00e7o de Empr\u00e9stimo entre Bibliotecas.<\/p>\n<p style=\"text-align: justify;\"><strong>Passo\u00a0a Passo\u00a0para\u00a0o Empr\u00e9stimo\u00a0entre Bibliotecas<\/strong><\/p>\n<ol>\n<li style=\"text-align: justify;\">O usu\u00e1rio dever\u00e1 verificar a exist\u00eancia do t\u00edtulo que seja objeto de empr\u00e9stimo junto a Institui\u00e7\u00e3o conveniada com a Biblioteca, assim como as condi\u00e7\u00f5es necess\u00e1rias ao empr\u00e9stimo;<\/li>\n<li style=\"text-align: justify;\">O mesmo dever\u00e1 fazer o download do Formul\u00e1rio de Empr\u00e9stimo entre Bibliotecas [Formul\u00e1rio EEB], digit\u00e1-lo e encaminha-lo \u00e0 Dire\u00e7\u00e3o da Biblioteca Tr\u00eas Rios para que seja realizado o contato entre as respectivas Institui\u00e7\u00f5es;<\/li>\n<li style=\"text-align: justify;\">Estabelecido o contato e autorizada a respectiva transa\u00e7\u00e3o o usu\u00e1rio ser\u00e1 comunicado quanto \u00e0 disponibilidade do t\u00edtulo para efetiva retirada, assim como informa\u00e7\u00f5es complementares sobre custos relativos ao COMUT e\/ou das regras e condi\u00e7\u00f5es estabelecidas para o efetivo Empr\u00e9stimo;<\/li>\n<\/ol>\n<p style=\"text-align: justify;\">A Efetiva\u00e7\u00e3o do Empr\u00e9stimo entre Bibliotecas implica no conhecimento e t\u00e1cita aceita\u00e7\u00e3o das condi\u00e7\u00f5es de empr\u00e9stimo por todas as partes envolvidas (Bibliotecas e Usu\u00e1rio). A perda ou dano aos materiais oriundos do EEB ou o n\u00e3o cumprimento dos prazos e condi\u00e7\u00f5es gerais ao empr\u00e9stimo poder\u00e1 implicar na aplica\u00e7\u00e3o de san\u00e7\u00f5es adminitrativas, assim como de multas pecuni\u00e1rias impostas por ambas as Bibliotecas, suspens\u00e3o de pagamento de benef\u00edcios (Bolsas ou Aux\u00edlios) e ainda do efetivo cadastramento do usu\u00e1rio em Cadastro de Inadimplentes e inclus\u00e3o do mesmo em Cadastro da D\u00edvida Ativa com a Uni\u00e3o.<\/p>\n<p style=\"text-align: justify;\">Eventuais despesas de envio, quando disponibilizado o servi\u00e7o de empr\u00e9stimo ou COMUT via transportadora ou Correios correr\u00e3o por conta do usu\u00e1rio.<\/p>\n<p style=\"text-align: justify;\"><a href=\"http:\/\/itr.ufrrj.br\/biblioteca\/wp-content\/uploads\/2016\/08\/eeb.pdf\">(Anexo)\u00a0Formul\u00e1rio EEB<\/a><\/p>\n","protected":false},"excerpt":{"rendered":"<p>A Biblioteca Universit\u00e1ria do Instituto Tr\u00eas Rios da UFRRJ, visando promover o acesso \u00e0 informa\u00e7\u00e3o disponibiliza aos usu\u00e1rios que n\u00e3o possuam hist\u00f3rico de inadimpl\u00eancia ou cumprindo san\u00e7\u00f5es administrativas o servi\u00e7o de Empr\u00e9stimo entre Bibliotecas. Passo\u00a0a Passo\u00a0para\u00a0o Empr\u00e9stimo\u00a0entre Bibliotecas O usu\u00e1rio dever\u00e1 verificar a exist\u00eancia do t\u00edtulo que seja objeto de empr\u00e9stimo junto a Institui\u00e7\u00e3o conveniada [&hellip;]<\/p>\n","protected":false},"author":3,"featured_media":0,"parent":10,"menu_order":0,"comment_status":"closed","ping_status":"closed","template":"","meta":[],"acf":[],"yoast_head":"<!-- This site is optimized with the Yoast SEO plugin v20.8 - https:\/\/yoast.com\/wordpress\/plugins\/seo\/ -->\n<title>Empr\u00e9stimo entre Bibliotecas (EEB) - Biblioteca do ITR<\/title>\n<meta name=\"robots\" content=\"index, follow, max-snippet:-1, max-image-preview:large, max-video-preview:-1\" \/>\n<link rel=\"canonical\" href=\"https:\/\/itr.ufrrj.br\/biblioteca\/servicos\/emprestimo-entre-bibliotecas-eeb\/\" \/>\n<meta property=\"og:locale\" content=\"pt_BR\" \/>\n<meta property=\"og:type\" content=\"article\" \/>\n<meta property=\"og:title\" content=\"Empr\u00e9stimo entre Bibliotecas (EEB) - Biblioteca do ITR\" \/>\n<meta property=\"og:description\" content=\"A Biblioteca Universit\u00e1ria do Instituto Tr\u00eas Rios da UFRRJ, visando promover o acesso \u00e0 informa\u00e7\u00e3o disponibiliza aos usu\u00e1rios que n\u00e3o possuam hist\u00f3rico de inadimpl\u00eancia ou cumprindo san\u00e7\u00f5es administrativas o servi\u00e7o de Empr\u00e9stimo entre Bibliotecas. Passo\u00a0a Passo\u00a0para\u00a0o Empr\u00e9stimo\u00a0entre Bibliotecas O usu\u00e1rio dever\u00e1 verificar a exist\u00eancia do t\u00edtulo que seja objeto de empr\u00e9stimo junto a Institui\u00e7\u00e3o conveniada [&hellip;]\" \/>\n<meta property=\"og:url\" content=\"https:\/\/itr.ufrrj.br\/biblioteca\/servicos\/emprestimo-entre-bibliotecas-eeb\/\" \/>\n<meta property=\"og:site_name\" content=\"Biblioteca do ITR\" \/>\n<meta property=\"article:modified_time\" content=\"2017-09-27T20:29:07+00:00\" \/>\n<meta name=\"twitter:card\" content=\"summary_large_image\" \/>\n<meta name=\"twitter:label1\" content=\"Est. tempo de leitura\" \/>\n\t<meta name=\"twitter:data1\" content=\"2 minutos\" \/>\n<script type=\"application\/ld+json\" class=\"yoast-schema-graph\">{\"@context\":\"https:\/\/schema.org\",\"@graph\":[{\"@type\":\"WebPage\",\"@id\":\"https:\/\/itr.ufrrj.br\/biblioteca\/servicos\/emprestimo-entre-bibliotecas-eeb\/\",\"url\":\"https:\/\/itr.ufrrj.br\/biblioteca\/servicos\/emprestimo-entre-bibliotecas-eeb\/\",\"name\":\"Empr\u00e9stimo entre Bibliotecas (EEB) - Biblioteca do ITR\",\"isPartOf\":{\"@id\":\"https:\/\/itr.ufrrj.br\/biblioteca\/#website\"},\"datePublished\":\"2016-03-14T14:13:47+00:00\",\"dateModified\":\"2017-09-27T20:29:07+00:00\",\"breadcrumb\":{\"@id\":\"https:\/\/itr.ufrrj.br\/biblioteca\/servicos\/emprestimo-entre-bibliotecas-eeb\/#breadcrumb\"},\"inLanguage\":\"pt-BR\",\"potentialAction\":[{\"@type\":\"ReadAction\",\"target\":[\"https:\/\/itr.ufrrj.br\/biblioteca\/servicos\/emprestimo-entre-bibliotecas-eeb\/\"]}]},{\"@type\":\"BreadcrumbList\",\"@id\":\"https:\/\/itr.ufrrj.br\/biblioteca\/servicos\/emprestimo-entre-bibliotecas-eeb\/#breadcrumb\",\"itemListElement\":[{\"@type\":\"ListItem\",\"position\":1,\"name\":\"In\u00edcio\",\"item\":\"https:\/\/itr.ufrrj.br\/biblioteca\/\"},{\"@type\":\"ListItem\",\"position\":2,\"name\":\"Servi\u00e7os\",\"item\":\"https:\/\/itr.ufrrj.br\/biblioteca\/servicos\/\"},{\"@type\":\"ListItem\",\"position\":3,\"name\":\"Empr\u00e9stimo entre Bibliotecas (EEB)\"}]},{\"@type\":\"WebSite\",\"@id\":\"https:\/\/itr.ufrrj.br\/biblioteca\/#website\",\"url\":\"https:\/\/itr.ufrrj.br\/biblioteca\/\",\"name\":\"Biblioteca do ITR\",\"description\":\"Instituto Tr\u00eas Rios\",\"potentialAction\":[{\"@type\":\"SearchAction\",\"target\":{\"@type\":\"EntryPoint\",\"urlTemplate\":\"https:\/\/itr.ufrrj.br\/biblioteca\/?s={search_term_string}\"},\"query-input\":\"required name=search_term_string\"}],\"inLanguage\":\"pt-BR\"}]}<\/script>\n<!-- \/ Yoast SEO plugin. -->","yoast_head_json":{"title":"Empr\u00e9stimo entre Bibliotecas (EEB) - Biblioteca do ITR","robots":{"index":"index","follow":"follow","max-snippet":"max-snippet:-1","max-image-preview":"max-image-preview:large","max-video-preview":"max-video-preview:-1"},"canonical":"https:\/\/itr.ufrrj.br\/biblioteca\/servicos\/emprestimo-entre-bibliotecas-eeb\/","og_locale":"pt_BR","og_type":"article","og_title":"Empr\u00e9stimo entre Bibliotecas (EEB) - Biblioteca do ITR","og_description":"A Biblioteca Universit\u00e1ria do Instituto Tr\u00eas Rios da UFRRJ, visando promover o acesso \u00e0 informa\u00e7\u00e3o disponibiliza aos usu\u00e1rios que n\u00e3o possuam hist\u00f3rico de inadimpl\u00eancia ou cumprindo san\u00e7\u00f5es administrativas o servi\u00e7o de Empr\u00e9stimo entre Bibliotecas. Passo\u00a0a Passo\u00a0para\u00a0o Empr\u00e9stimo\u00a0entre Bibliotecas O usu\u00e1rio dever\u00e1 verificar a exist\u00eancia do t\u00edtulo que seja objeto de empr\u00e9stimo junto a Institui\u00e7\u00e3o conveniada [&hellip;]","og_url":"https:\/\/itr.ufrrj.br\/biblioteca\/servicos\/emprestimo-entre-bibliotecas-eeb\/","og_site_name":"Biblioteca do ITR","article_modified_time":"2017-09-27T20:29:07+00:00","twitter_card":"summary_large_image","twitter_misc":{"Est. tempo de leitura":"2 minutos"},"schema":{"@context":"https:\/\/schema.org","@graph":[{"@type":"WebPage","@id":"https:\/\/itr.ufrrj.br\/biblioteca\/servicos\/emprestimo-entre-bibliotecas-eeb\/","url":"https:\/\/itr.ufrrj.br\/biblioteca\/servicos\/emprestimo-entre-bibliotecas-eeb\/","name":"Empr\u00e9stimo entre Bibliotecas (EEB) - Biblioteca do ITR","isPartOf":{"@id":"https:\/\/itr.ufrrj.br\/biblioteca\/#website"},"datePublished":"2016-03-14T14:13:47+00:00","dateModified":"2017-09-27T20:29:07+00:00","breadcrumb":{"@id":"https:\/\/itr.ufrrj.br\/biblioteca\/servicos\/emprestimo-entre-bibliotecas-eeb\/#breadcrumb"},"inLanguage":"pt-BR","potentialAction":[{"@type":"ReadAction","target":["https:\/\/itr.ufrrj.br\/biblioteca\/servicos\/emprestimo-entre-bibliotecas-eeb\/"]}]},{"@type":"BreadcrumbList","@id":"https:\/\/itr.ufrrj.br\/biblioteca\/servicos\/emprestimo-entre-bibliotecas-eeb\/#breadcrumb","itemListElement":[{"@type":"ListItem","position":1,"name":"In\u00edcio","item":"https:\/\/itr.ufrrj.br\/biblioteca\/"},{"@type":"ListItem","position":2,"name":"Servi\u00e7os","item":"https:\/\/itr.ufrrj.br\/biblioteca\/servicos\/"},{"@type":"ListItem","position":3,"name":"Empr\u00e9stimo entre Bibliotecas (EEB)"}]},{"@type":"WebSite","@id":"https:\/\/itr.ufrrj.br\/biblioteca\/#website","url":"https:\/\/itr.ufrrj.br\/biblioteca\/","name":"Biblioteca do ITR","description":"Instituto Tr\u00eas Rios","potentialAction":[{"@type":"SearchAction","target":{"@type":"EntryPoint","urlTemplate":"https:\/\/itr.ufrrj.br\/biblioteca\/?s={search_term_string}"},"query-input":"required name=search_term_string"}],"inLanguage":"pt-BR"}]}},"_links":{"self":[{"href":"https:\/\/itr.ufrrj.br\/biblioteca\/wp-json\/wp\/v2\/pages\/25"}],"collection":[{"href":"https:\/\/itr.ufrrj.br\/biblioteca\/wp-json\/wp\/v2\/pages"}],"about":[{"href":"https:\/\/itr.ufrrj.br\/biblioteca\/wp-json\/wp\/v2\/types\/page"}],"author":[{"embeddable":true,"href":"https:\/\/itr.ufrrj.br\/biblioteca\/wp-json\/wp\/v2\/users\/3"}],"replies":[{"embeddable":true,"href":"https:\/\/itr.ufrrj.br\/biblioteca\/wp-json\/wp\/v2\/comments?post=25"}],"version-history":[{"count":7,"href":"https:\/\/itr.ufrrj.br\/biblioteca\/wp-json\/wp\/v2\/pages\/25\/revisions"}],"predecessor-version":[{"id":2521,"href":"https:\/\/itr.ufrrj.br\/biblioteca\/wp-json\/wp\/v2\/pages\/25\/revisions\/2521"}],"up":[{"embeddable":true,"href":"https:\/\/itr.ufrrj.br\/biblioteca\/wp-json\/wp\/v2\/pages\/10"}],"wp:attachment":[{"href":"https:\/\/itr.ufrrj.br\/biblioteca\/wp-json\/wp\/v2\/media?parent=25"}],"curies":[{"name":"wp","href":"https:\/\/api.w.org\/{rel}","templated":true}]}}