{"id":23,"date":"2016-03-14T11:09:09","date_gmt":"2016-03-14T14:09:09","guid":{"rendered":"http:\/\/itr.ufrrj.br\/biblioteca\/?page_id=23"},"modified":"2016-03-14T14:26:29","modified_gmt":"2016-03-14T17:26:29","slug":"busca-bibliografica","status":"publish","type":"page","link":"https:\/\/itr.ufrrj.br\/biblioteca\/servicos\/busca-bibliografica\/","title":{"rendered":"Busca Bibliogr\u00e1fica"},"content":{"rendered":"<p style=\"text-align: justify;\">Quer saber se o livro que voc\u00ea procura tem na Biblioteca? Fa\u00e7a uma pesquisa bibliogr\u00e1fica atrav\u00e9s do link abaixo.<\/p>\n<p style=\"text-align: justify;\">Mas n\u00e3o se esque\u00e7a que a cada dia novos t\u00edtulos bibliogr\u00e1ficos s\u00e3o inseridos ao nosso acervo, fazendo com que parte de nossos livros ainda n\u00e3o esteja dispon\u00edvel para busca no Sistema. Novos t\u00edtulos\u00a0 ainda est\u00e3o sendo cadastrados e por isso se voc\u00ea n\u00e3o encontrou o que procura dirija-se ao nosso atendimento e deixe conosco os dados bibliogr\u00e1ficos, tais como o nome do t\u00edtulo, autor, edi\u00e7\u00e3o e volume do livro ou daquilo que procura. Efetuaremos a pesquisa em nossos buscadores internos e voc\u00ea ser\u00e1 avisado da disponibilidade do material.<\/p>\n<p style=\"text-align: justify;\">Pronto para fazer uma busca bibliogr\u00e1fica? Utilize o filtro relativo \u00e0 Biblioteca Tr\u00eas Rios e boa consulta:<br \/>\n<a href=\"http:\/\/pergamum.ufrrj.br\/biblioteca\/\">pergamum.ufrrj.br\/biblioteca\/<\/a><\/p>\n<p style=\"text-align: justify;\">Agora, se\u00a0 voc\u00ea \u00e9 pesquisador ou deseja obter acesso aos textos completos de artigos e pesquisas cient\u00edficas ou ainda acessar livros digitais na \u00edntegra dirija-se aos computadores dispon\u00edveis aos usu\u00e1rios da Biblioteca. Neles voc\u00ea ter\u00e1 <strong>acesso ao conte\u00fado integral<\/strong> do material dispon\u00edvel no Portal de Peri\u00f3dicos da CAPES e boa pesquisa:<br \/>\n<a href=\"http:\/\/www.periodicos.capes.gov.br\/\">www.periodicos.capes.gov.br\/<\/a><\/p>\n","protected":false},"excerpt":{"rendered":"<p>Quer saber se o livro que voc\u00ea procura tem na Biblioteca? Fa\u00e7a uma pesquisa bibliogr\u00e1fica atrav\u00e9s do link abaixo. Mas n\u00e3o se esque\u00e7a que a cada dia novos t\u00edtulos bibliogr\u00e1ficos s\u00e3o inseridos ao nosso acervo, fazendo com que parte de nossos livros ainda n\u00e3o esteja dispon\u00edvel para busca no Sistema. Novos t\u00edtulos\u00a0 ainda est\u00e3o sendo [&hellip;]<\/p>\n","protected":false},"author":3,"featured_media":0,"parent":10,"menu_order":0,"comment_status":"closed","ping_status":"closed","template":"","meta":[],"acf":[],"yoast_head":"<!-- This site is optimized with the Yoast SEO plugin v20.8 - https:\/\/yoast.com\/wordpress\/plugins\/seo\/ -->\n<title>Busca Bibliogr\u00e1fica - Biblioteca do ITR<\/title>\n<meta name=\"robots\" content=\"index, follow, max-snippet:-1, max-image-preview:large, max-video-preview:-1\" \/>\n<link rel=\"canonical\" href=\"https:\/\/itr.ufrrj.br\/biblioteca\/servicos\/busca-bibliografica\/\" \/>\n<meta property=\"og:locale\" content=\"pt_BR\" \/>\n<meta property=\"og:type\" content=\"article\" \/>\n<meta property=\"og:title\" content=\"Busca Bibliogr\u00e1fica - Biblioteca do ITR\" \/>\n<meta property=\"og:description\" content=\"Quer saber se o livro que voc\u00ea procura tem na Biblioteca? Fa\u00e7a uma pesquisa bibliogr\u00e1fica atrav\u00e9s do link abaixo. Mas n\u00e3o se esque\u00e7a que a cada dia novos t\u00edtulos bibliogr\u00e1ficos s\u00e3o inseridos ao nosso acervo, fazendo com que parte de nossos livros ainda n\u00e3o esteja dispon\u00edvel para busca no Sistema. Novos t\u00edtulos\u00a0 ainda est\u00e3o sendo [&hellip;]\" \/>\n<meta property=\"og:url\" content=\"https:\/\/itr.ufrrj.br\/biblioteca\/servicos\/busca-bibliografica\/\" \/>\n<meta property=\"og:site_name\" content=\"Biblioteca do ITR\" \/>\n<meta property=\"article:modified_time\" content=\"2016-03-14T17:26:29+00:00\" \/>\n<meta name=\"twitter:card\" content=\"summary_large_image\" \/>\n<meta name=\"twitter:label1\" content=\"Est. tempo de leitura\" \/>\n\t<meta name=\"twitter:data1\" content=\"1 minuto\" \/>\n<script type=\"application\/ld+json\" class=\"yoast-schema-graph\">{\"@context\":\"https:\/\/schema.org\",\"@graph\":[{\"@type\":\"WebPage\",\"@id\":\"https:\/\/itr.ufrrj.br\/biblioteca\/servicos\/busca-bibliografica\/\",\"url\":\"https:\/\/itr.ufrrj.br\/biblioteca\/servicos\/busca-bibliografica\/\",\"name\":\"Busca Bibliogr\u00e1fica - Biblioteca do ITR\",\"isPartOf\":{\"@id\":\"https:\/\/itr.ufrrj.br\/biblioteca\/#website\"},\"datePublished\":\"2016-03-14T14:09:09+00:00\",\"dateModified\":\"2016-03-14T17:26:29+00:00\",\"breadcrumb\":{\"@id\":\"https:\/\/itr.ufrrj.br\/biblioteca\/servicos\/busca-bibliografica\/#breadcrumb\"},\"inLanguage\":\"pt-BR\",\"potentialAction\":[{\"@type\":\"ReadAction\",\"target\":[\"https:\/\/itr.ufrrj.br\/biblioteca\/servicos\/busca-bibliografica\/\"]}]},{\"@type\":\"BreadcrumbList\",\"@id\":\"https:\/\/itr.ufrrj.br\/biblioteca\/servicos\/busca-bibliografica\/#breadcrumb\",\"itemListElement\":[{\"@type\":\"ListItem\",\"position\":1,\"name\":\"In\u00edcio\",\"item\":\"https:\/\/itr.ufrrj.br\/biblioteca\/\"},{\"@type\":\"ListItem\",\"position\":2,\"name\":\"Servi\u00e7os\",\"item\":\"https:\/\/itr.ufrrj.br\/biblioteca\/servicos\/\"},{\"@type\":\"ListItem\",\"position\":3,\"name\":\"Busca Bibliogr\u00e1fica\"}]},{\"@type\":\"WebSite\",\"@id\":\"https:\/\/itr.ufrrj.br\/biblioteca\/#website\",\"url\":\"https:\/\/itr.ufrrj.br\/biblioteca\/\",\"name\":\"Biblioteca do ITR\",\"description\":\"Instituto Tr\u00eas Rios\",\"potentialAction\":[{\"@type\":\"SearchAction\",\"target\":{\"@type\":\"EntryPoint\",\"urlTemplate\":\"https:\/\/itr.ufrrj.br\/biblioteca\/?s={search_term_string}\"},\"query-input\":\"required name=search_term_string\"}],\"inLanguage\":\"pt-BR\"}]}<\/script>\n<!-- \/ Yoast SEO plugin. -->","yoast_head_json":{"title":"Busca Bibliogr\u00e1fica - Biblioteca do ITR","robots":{"index":"index","follow":"follow","max-snippet":"max-snippet:-1","max-image-preview":"max-image-preview:large","max-video-preview":"max-video-preview:-1"},"canonical":"https:\/\/itr.ufrrj.br\/biblioteca\/servicos\/busca-bibliografica\/","og_locale":"pt_BR","og_type":"article","og_title":"Busca Bibliogr\u00e1fica - Biblioteca do ITR","og_description":"Quer saber se o livro que voc\u00ea procura tem na Biblioteca? Fa\u00e7a uma pesquisa bibliogr\u00e1fica atrav\u00e9s do link abaixo. Mas n\u00e3o se esque\u00e7a que a cada dia novos t\u00edtulos bibliogr\u00e1ficos s\u00e3o inseridos ao nosso acervo, fazendo com que parte de nossos livros ainda n\u00e3o esteja dispon\u00edvel para busca no Sistema. Novos t\u00edtulos\u00a0 ainda est\u00e3o sendo [&hellip;]","og_url":"https:\/\/itr.ufrrj.br\/biblioteca\/servicos\/busca-bibliografica\/","og_site_name":"Biblioteca do ITR","article_modified_time":"2016-03-14T17:26:29+00:00","twitter_card":"summary_large_image","twitter_misc":{"Est. tempo de leitura":"1 minuto"},"schema":{"@context":"https:\/\/schema.org","@graph":[{"@type":"WebPage","@id":"https:\/\/itr.ufrrj.br\/biblioteca\/servicos\/busca-bibliografica\/","url":"https:\/\/itr.ufrrj.br\/biblioteca\/servicos\/busca-bibliografica\/","name":"Busca Bibliogr\u00e1fica - Biblioteca do ITR","isPartOf":{"@id":"https:\/\/itr.ufrrj.br\/biblioteca\/#website"},"datePublished":"2016-03-14T14:09:09+00:00","dateModified":"2016-03-14T17:26:29+00:00","breadcrumb":{"@id":"https:\/\/itr.ufrrj.br\/biblioteca\/servicos\/busca-bibliografica\/#breadcrumb"},"inLanguage":"pt-BR","potentialAction":[{"@type":"ReadAction","target":["https:\/\/itr.ufrrj.br\/biblioteca\/servicos\/busca-bibliografica\/"]}]},{"@type":"BreadcrumbList","@id":"https:\/\/itr.ufrrj.br\/biblioteca\/servicos\/busca-bibliografica\/#breadcrumb","itemListElement":[{"@type":"ListItem","position":1,"name":"In\u00edcio","item":"https:\/\/itr.ufrrj.br\/biblioteca\/"},{"@type":"ListItem","position":2,"name":"Servi\u00e7os","item":"https:\/\/itr.ufrrj.br\/biblioteca\/servicos\/"},{"@type":"ListItem","position":3,"name":"Busca Bibliogr\u00e1fica"}]},{"@type":"WebSite","@id":"https:\/\/itr.ufrrj.br\/biblioteca\/#website","url":"https:\/\/itr.ufrrj.br\/biblioteca\/","name":"Biblioteca do ITR","description":"Instituto Tr\u00eas Rios","potentialAction":[{"@type":"SearchAction","target":{"@type":"EntryPoint","urlTemplate":"https:\/\/itr.ufrrj.br\/biblioteca\/?s={search_term_string}"},"query-input":"required name=search_term_string"}],"inLanguage":"pt-BR"}]}},"_links":{"self":[{"href":"https:\/\/itr.ufrrj.br\/biblioteca\/wp-json\/wp\/v2\/pages\/23"}],"collection":[{"href":"https:\/\/itr.ufrrj.br\/biblioteca\/wp-json\/wp\/v2\/pages"}],"about":[{"href":"https:\/\/itr.ufrrj.br\/biblioteca\/wp-json\/wp\/v2\/types\/page"}],"author":[{"embeddable":true,"href":"https:\/\/itr.ufrrj.br\/biblioteca\/wp-json\/wp\/v2\/users\/3"}],"replies":[{"embeddable":true,"href":"https:\/\/itr.ufrrj.br\/biblioteca\/wp-json\/wp\/v2\/comments?post=23"}],"version-history":[{"count":3,"href":"https:\/\/itr.ufrrj.br\/biblioteca\/wp-json\/wp\/v2\/pages\/23\/revisions"}],"predecessor-version":[{"id":114,"href":"https:\/\/itr.ufrrj.br\/biblioteca\/wp-json\/wp\/v2\/pages\/23\/revisions\/114"}],"up":[{"embeddable":true,"href":"https:\/\/itr.ufrrj.br\/biblioteca\/wp-json\/wp\/v2\/pages\/10"}],"wp:attachment":[{"href":"https:\/\/itr.ufrrj.br\/biblioteca\/wp-json\/wp\/v2\/media?parent=23"}],"curies":[{"name":"wp","href":"https:\/\/api.w.org\/{rel}","templated":true}]}}