{"id":21,"date":"2016-03-14T11:08:55","date_gmt":"2016-03-14T14:08:55","guid":{"rendered":"http:\/\/itr.ufrrj.br\/biblioteca\/?page_id=21"},"modified":"2016-08-01T23:58:02","modified_gmt":"2016-08-02T02:58:02","slug":"faq","status":"publish","type":"page","link":"https:\/\/itr.ufrrj.br\/biblioteca\/servicos\/faq\/","title":{"rendered":"FAQ"},"content":{"rendered":"<p style=\"text-align: justify;\">Neste espa\u00e7o voc\u00ea encontrar\u00e1 as respostas para suas d\u00favidas mais frequentes. Voc\u00ea poder\u00e1 contar tamb\u00e9m com uma vers\u00e3o do Guia do visitante e Pr\u00e9-Projeto\u00a0 da Biblioteca, assim se esse for o primeiro contato conosco voc\u00ea poder\u00e1 saber um pouquinho sobre as pol\u00edticas de empr\u00e9stimo, e ainda sobre as d\u00favidas mais comuns de nossos usu\u00e1rios.<\/p>\n<p style=\"text-align: justify;\">Se voc\u00ea n\u00e3o encontrar resposta para sua d\u00favidas entre em contato conosco atrav\u00e9s de nossos canais de comunica\u00e7\u00e3o ou se dirija ao nosso atendimento, pois estaremos prontos a receb\u00ea-lo.<\/p>\n<p style=\"text-align: justify;\"><a href=\"http:\/\/itr.ufrrj.br\/biblioteca\/wp-content\/uploads\/2016\/08\/visitante.pdf\">(Anexo) Guia do visitante da Biblioteca e Pr\u00e9-Projeto II<\/a><\/p>\n<p style=\"text-align: justify;\"><a href=\"http:\/\/itr.ufrrj.br\/biblioteca\/wp-content\/uploads\/2016\/08\/perguntas_e_respostas.pdf\">(Anexo)\u00a0Informativo\u00a0Biblioteca &#8211;\u00a0Perguntas e Respostas<\/a><\/p>\n","protected":false},"excerpt":{"rendered":"<p>Neste espa\u00e7o voc\u00ea encontrar\u00e1 as respostas para suas d\u00favidas mais frequentes. Voc\u00ea poder\u00e1 contar tamb\u00e9m com uma vers\u00e3o do Guia do visitante e Pr\u00e9-Projeto\u00a0 da Biblioteca, assim se esse for o primeiro contato conosco voc\u00ea poder\u00e1 saber um pouquinho sobre as pol\u00edticas de empr\u00e9stimo, e ainda sobre as d\u00favidas mais comuns de nossos usu\u00e1rios. Se [&hellip;]<\/p>\n","protected":false},"author":3,"featured_media":0,"parent":10,"menu_order":0,"comment_status":"closed","ping_status":"closed","template":"","meta":[],"acf":[],"yoast_head":"<!-- This site is optimized with the Yoast SEO plugin v20.8 - https:\/\/yoast.com\/wordpress\/plugins\/seo\/ -->\n<title>FAQ - Biblioteca do ITR<\/title>\n<meta name=\"robots\" content=\"index, follow, max-snippet:-1, max-image-preview:large, max-video-preview:-1\" \/>\n<link rel=\"canonical\" href=\"https:\/\/itr.ufrrj.br\/biblioteca\/servicos\/faq\/\" \/>\n<meta property=\"og:locale\" content=\"pt_BR\" \/>\n<meta property=\"og:type\" content=\"article\" \/>\n<meta property=\"og:title\" content=\"FAQ - Biblioteca do ITR\" \/>\n<meta property=\"og:description\" content=\"Neste espa\u00e7o voc\u00ea encontrar\u00e1 as respostas para suas d\u00favidas mais frequentes. Voc\u00ea poder\u00e1 contar tamb\u00e9m com uma vers\u00e3o do Guia do visitante e Pr\u00e9-Projeto\u00a0 da Biblioteca, assim se esse for o primeiro contato conosco voc\u00ea poder\u00e1 saber um pouquinho sobre as pol\u00edticas de empr\u00e9stimo, e ainda sobre as d\u00favidas mais comuns de nossos usu\u00e1rios. Se [&hellip;]\" \/>\n<meta property=\"og:url\" content=\"https:\/\/itr.ufrrj.br\/biblioteca\/servicos\/faq\/\" \/>\n<meta property=\"og:site_name\" content=\"Biblioteca do ITR\" \/>\n<meta property=\"article:modified_time\" content=\"2016-08-02T02:58:02+00:00\" \/>\n<meta name=\"twitter:card\" content=\"summary_large_image\" \/>\n<meta name=\"twitter:label1\" content=\"Est. tempo de leitura\" \/>\n\t<meta name=\"twitter:data1\" content=\"1 minuto\" \/>\n<script type=\"application\/ld+json\" class=\"yoast-schema-graph\">{\"@context\":\"https:\/\/schema.org\",\"@graph\":[{\"@type\":\"WebPage\",\"@id\":\"https:\/\/itr.ufrrj.br\/biblioteca\/servicos\/faq\/\",\"url\":\"https:\/\/itr.ufrrj.br\/biblioteca\/servicos\/faq\/\",\"name\":\"FAQ - Biblioteca do ITR\",\"isPartOf\":{\"@id\":\"https:\/\/itr.ufrrj.br\/biblioteca\/#website\"},\"datePublished\":\"2016-03-14T14:08:55+00:00\",\"dateModified\":\"2016-08-02T02:58:02+00:00\",\"breadcrumb\":{\"@id\":\"https:\/\/itr.ufrrj.br\/biblioteca\/servicos\/faq\/#breadcrumb\"},\"inLanguage\":\"pt-BR\",\"potentialAction\":[{\"@type\":\"ReadAction\",\"target\":[\"https:\/\/itr.ufrrj.br\/biblioteca\/servicos\/faq\/\"]}]},{\"@type\":\"BreadcrumbList\",\"@id\":\"https:\/\/itr.ufrrj.br\/biblioteca\/servicos\/faq\/#breadcrumb\",\"itemListElement\":[{\"@type\":\"ListItem\",\"position\":1,\"name\":\"In\u00edcio\",\"item\":\"https:\/\/itr.ufrrj.br\/biblioteca\/\"},{\"@type\":\"ListItem\",\"position\":2,\"name\":\"Servi\u00e7os\",\"item\":\"https:\/\/itr.ufrrj.br\/biblioteca\/servicos\/\"},{\"@type\":\"ListItem\",\"position\":3,\"name\":\"FAQ\"}]},{\"@type\":\"WebSite\",\"@id\":\"https:\/\/itr.ufrrj.br\/biblioteca\/#website\",\"url\":\"https:\/\/itr.ufrrj.br\/biblioteca\/\",\"name\":\"Biblioteca do ITR\",\"description\":\"Instituto Tr\u00eas Rios\",\"potentialAction\":[{\"@type\":\"SearchAction\",\"target\":{\"@type\":\"EntryPoint\",\"urlTemplate\":\"https:\/\/itr.ufrrj.br\/biblioteca\/?s={search_term_string}\"},\"query-input\":\"required name=search_term_string\"}],\"inLanguage\":\"pt-BR\"}]}<\/script>\n<!-- \/ Yoast SEO plugin. -->","yoast_head_json":{"title":"FAQ - Biblioteca do ITR","robots":{"index":"index","follow":"follow","max-snippet":"max-snippet:-1","max-image-preview":"max-image-preview:large","max-video-preview":"max-video-preview:-1"},"canonical":"https:\/\/itr.ufrrj.br\/biblioteca\/servicos\/faq\/","og_locale":"pt_BR","og_type":"article","og_title":"FAQ - Biblioteca do ITR","og_description":"Neste espa\u00e7o voc\u00ea encontrar\u00e1 as respostas para suas d\u00favidas mais frequentes. Voc\u00ea poder\u00e1 contar tamb\u00e9m com uma vers\u00e3o do Guia do visitante e Pr\u00e9-Projeto\u00a0 da Biblioteca, assim se esse for o primeiro contato conosco voc\u00ea poder\u00e1 saber um pouquinho sobre as pol\u00edticas de empr\u00e9stimo, e ainda sobre as d\u00favidas mais comuns de nossos usu\u00e1rios. Se [&hellip;]","og_url":"https:\/\/itr.ufrrj.br\/biblioteca\/servicos\/faq\/","og_site_name":"Biblioteca do ITR","article_modified_time":"2016-08-02T02:58:02+00:00","twitter_card":"summary_large_image","twitter_misc":{"Est. tempo de leitura":"1 minuto"},"schema":{"@context":"https:\/\/schema.org","@graph":[{"@type":"WebPage","@id":"https:\/\/itr.ufrrj.br\/biblioteca\/servicos\/faq\/","url":"https:\/\/itr.ufrrj.br\/biblioteca\/servicos\/faq\/","name":"FAQ - Biblioteca do ITR","isPartOf":{"@id":"https:\/\/itr.ufrrj.br\/biblioteca\/#website"},"datePublished":"2016-03-14T14:08:55+00:00","dateModified":"2016-08-02T02:58:02+00:00","breadcrumb":{"@id":"https:\/\/itr.ufrrj.br\/biblioteca\/servicos\/faq\/#breadcrumb"},"inLanguage":"pt-BR","potentialAction":[{"@type":"ReadAction","target":["https:\/\/itr.ufrrj.br\/biblioteca\/servicos\/faq\/"]}]},{"@type":"BreadcrumbList","@id":"https:\/\/itr.ufrrj.br\/biblioteca\/servicos\/faq\/#breadcrumb","itemListElement":[{"@type":"ListItem","position":1,"name":"In\u00edcio","item":"https:\/\/itr.ufrrj.br\/biblioteca\/"},{"@type":"ListItem","position":2,"name":"Servi\u00e7os","item":"https:\/\/itr.ufrrj.br\/biblioteca\/servicos\/"},{"@type":"ListItem","position":3,"name":"FAQ"}]},{"@type":"WebSite","@id":"https:\/\/itr.ufrrj.br\/biblioteca\/#website","url":"https:\/\/itr.ufrrj.br\/biblioteca\/","name":"Biblioteca do ITR","description":"Instituto Tr\u00eas Rios","potentialAction":[{"@type":"SearchAction","target":{"@type":"EntryPoint","urlTemplate":"https:\/\/itr.ufrrj.br\/biblioteca\/?s={search_term_string}"},"query-input":"required name=search_term_string"}],"inLanguage":"pt-BR"}]}},"_links":{"self":[{"href":"https:\/\/itr.ufrrj.br\/biblioteca\/wp-json\/wp\/v2\/pages\/21"}],"collection":[{"href":"https:\/\/itr.ufrrj.br\/biblioteca\/wp-json\/wp\/v2\/pages"}],"about":[{"href":"https:\/\/itr.ufrrj.br\/biblioteca\/wp-json\/wp\/v2\/types\/page"}],"author":[{"embeddable":true,"href":"https:\/\/itr.ufrrj.br\/biblioteca\/wp-json\/wp\/v2\/users\/3"}],"replies":[{"embeddable":true,"href":"https:\/\/itr.ufrrj.br\/biblioteca\/wp-json\/wp\/v2\/comments?post=21"}],"version-history":[{"count":8,"href":"https:\/\/itr.ufrrj.br\/biblioteca\/wp-json\/wp\/v2\/pages\/21\/revisions"}],"predecessor-version":[{"id":1859,"href":"https:\/\/itr.ufrrj.br\/biblioteca\/wp-json\/wp\/v2\/pages\/21\/revisions\/1859"}],"up":[{"embeddable":true,"href":"https:\/\/itr.ufrrj.br\/biblioteca\/wp-json\/wp\/v2\/pages\/10"}],"wp:attachment":[{"href":"https:\/\/itr.ufrrj.br\/biblioteca\/wp-json\/wp\/v2\/media?parent=21"}],"curies":[{"name":"wp","href":"https:\/\/api.w.org\/{rel}","templated":true}]}}