{"id":19,"date":"2016-03-14T11:08:38","date_gmt":"2016-03-14T14:08:38","guid":{"rendered":"http:\/\/itr.ufrrj.br\/biblioteca\/?page_id=19"},"modified":"2016-08-02T00:19:38","modified_gmt":"2016-08-02T03:19:38","slug":"normalizacao-de-trabalhos-academicos","status":"publish","type":"page","link":"https:\/\/itr.ufrrj.br\/biblioteca\/servicos\/normalizacao-de-trabalhos-academicos\/","title":{"rendered":"Normaliza\u00e7\u00e3o de Trabalhos Acad\u00eamicos"},"content":{"rendered":"<p style=\"text-align: justify;\">Para confec\u00e7\u00e3o de fichas catalogr\u00e1ficas dos Trabalhos de Conclus\u00e3o de Cursos de Gradua\u00e7\u00e3o, a Biblioteca Tr\u00eas Rios visando auxiliar seus usu\u00e1rios disponibiliza grande quantidade de material bibliogr\u00e1fico voltado \u00e0 disciplina de Metodologia do Trabalho Cient\u00edfico, juntamente com as normas t\u00e9cnicas que dar\u00e3o suporte a essa importante atividade acad\u00eamica.<\/p>\n<p style=\"text-align: justify;\">Atuando como facilitadora no acesso \u00e0 informa\u00e7\u00e3o a administra\u00e7\u00e3o da Biblioteca vem promovendo esfor\u00e7os para a constru\u00e7\u00e3o de uma ferramenta tecnol\u00f3gica que auxilie os formandos para essas atividades de confec\u00e7\u00e3o. Algumas universidades atrav\u00e9s de seus Departamentos de Inform\u00e1tica e Coordena\u00e7\u00f5es de Tecnologia (TICs) j\u00e1 oferecem o sistema de confec\u00e7\u00e3o eletr\u00f4nica de fichas catalogr\u00e1ficas, uma importante ferramenta de aux\u00edlio \u00e0 produ\u00e7\u00e3o acad\u00eamica.<\/p>\n<p style=\"text-align: justify;\">A Biblioteca Tr\u00eas Rios vem atuando junto \u00e0 profissionais destas Institui\u00e7\u00f5es no sentido de importar esta tecnologia atrav\u00e9s de parcerias t\u00e9cnicas, visando uma adequa\u00e7\u00e3o \u00e0s necessidades de nossos usu\u00e1rios. Enquanto isso, os usu\u00e1rios da Biblioteca podem contar com as ferramentas destas IFES que se encontram acess\u00edveis atrav\u00e9s dos links que colocamos abaixo, utilizando aquele que melhor se adeque \u00e0s suas necessidades. Nossos usu\u00e1rios poder\u00e3o ainda consultar as respectivas Normas da ABNT na \u00edntegra bastando solicitar junto \u00e0 Biblioteca ou ainda consultar o manual e modelo que foi preparado exclusivamente para os membros da comunidade acad\u00eamica que necessitam destas orienta\u00e7\u00f5es para conclus\u00e3o de seus estudos.<\/p>\n<p style=\"text-align: justify;\">Utilize os manuais e os modelos dispostos abaixo ou simule a confec\u00e7\u00e3o eletr\u00f4nica de sua ficha atrav\u00e9s dos links.<\/p>\n<p style=\"text-align: justify;\"><strong>Diretrizes para elabora\u00e7\u00e3o da ficha catalogr\u00e1fica<\/strong>:<\/p>\n<p style=\"text-align: justify;\"><a href=\"http:\/\/itr.ufrrj.br\/biblioteca\/wp-content\/uploads\/2016\/08\/catalografica_orientacao.pdf\">(Anexo) Servi\u00e7os aos Usu\u00e1rios &#8211; Orienta\u00e7\u00f5es\u00a0para Confec\u00e7\u00e3o\u00a0da Ficha Catalogr\u00e1fica<\/a><\/p>\n<p style=\"text-align: justify;\"><a href=\"http:\/\/itr.ufrrj.br\/biblioteca\/wp-content\/uploads\/2016\/08\/catalografica_orientacao_especifica.pdf\">(Anexo) Servi\u00e7os aos Usu\u00e1rios &#8211; Orienta\u00e7\u00f5es Espec\u00edficas\u00a0para Confec\u00e7\u00e3o\u00a0da Ficha Catalogr\u00e1fica<\/a><\/p>\n<p style=\"text-align: justify;\"><strong>Se preferir, siga o modelo que preparamos exclusivamente pra voc\u00ea e fa\u00e7a o download do arquivo compat\u00edvel com o seu sistema operacional:<\/strong><\/p>\n<p style=\"text-align: justify;\"><a href=\"http:\/\/itr.ufrrj.br\/biblioteca\/wp-content\/uploads\/2016\/08\/catalografica_modelo.pdf\">(Anexo) Ficha Catalogr\u00e1fica &#8211; Modelo\u00a0Instituto\u00a0Tr\u00eas\u00a0Rios (pdf)<\/a><\/p>\n<p style=\"text-align: justify;\"><a href=\"http:\/\/itr.ufrrj.br\/biblioteca\/wp-content\/uploads\/2016\/08\/catalografica_modelo.docx\">(Anexo) Ficha Catalogr\u00e1fica &#8211; Modelo\u00a0Instituto\u00a0Tr\u00eas\u00a0Rios (docx)<\/a><\/p>\n<p style=\"text-align: justify;\"><strong>Links para confec\u00e7\u00e3o eletr\u00f4nica da ficha catalogr\u00e1fica:<\/strong><\/p>\n<p style=\"text-align: justify;\"><strong>UFRGS &#8211;\u00a0<\/strong><a href=\"http:\/\/sabi.ufrgs.br\/servicos\/publicoBC\/ficha.php\">http:\/\/sabi.ufrgs.br\/servicos\/publicoBC\/ficha.php<\/a><\/p>\n<p style=\"text-align: justify;\"><strong>UFSM &#8211;\u00a0<\/strong><a href=\"http:\/\/cascavel.ufsm.br\/ficha_catalografica\/\">http:\/\/cascavel.ufsm.br\/ficha_catalografica\/<\/a><\/p>\n<p style=\"text-align: justify;\"><strong>USP &#8211;\u00a0<\/strong><a href=\"http:\/\/biblioteca.fflch.usp.br\/sites\/biblioteca.fflch.usp.br\/files\/www\/ficha2.php\">http:\/\/biblioteca.fflch.usp.br\/sites\/biblioteca.fflch.usp.br\/files\/www\/ficha2.php<\/a><\/p>\n<p style=\"text-align: justify;\"><strong>UFRJ &#8211;\u00a0<\/strong><a href=\"http:\/\/xn--fichacatalogrfica-jpb.sibi.ufrj.br\/\">http:\/\/fichacatalogr\u00e1fica.sibi.ufrj.br\/<\/a><\/p>\n","protected":false},"excerpt":{"rendered":"<p>Para confec\u00e7\u00e3o de fichas catalogr\u00e1ficas dos Trabalhos de Conclus\u00e3o de Cursos de Gradua\u00e7\u00e3o, a Biblioteca Tr\u00eas Rios visando auxiliar seus usu\u00e1rios disponibiliza grande quantidade de material bibliogr\u00e1fico voltado \u00e0 disciplina de Metodologia do Trabalho Cient\u00edfico, juntamente com as normas t\u00e9cnicas que dar\u00e3o suporte a essa importante atividade acad\u00eamica. Atuando como facilitadora no acesso \u00e0 informa\u00e7\u00e3o [&hellip;]<\/p>\n","protected":false},"author":3,"featured_media":0,"parent":10,"menu_order":0,"comment_status":"closed","ping_status":"closed","template":"","meta":[],"acf":[],"yoast_head":"<!-- This site is optimized with the Yoast SEO plugin v20.8 - https:\/\/yoast.com\/wordpress\/plugins\/seo\/ -->\n<title>Normaliza\u00e7\u00e3o de Trabalhos Acad\u00eamicos - Biblioteca do ITR<\/title>\n<meta name=\"robots\" content=\"index, follow, max-snippet:-1, max-image-preview:large, max-video-preview:-1\" \/>\n<link rel=\"canonical\" href=\"https:\/\/itr.ufrrj.br\/biblioteca\/servicos\/normalizacao-de-trabalhos-academicos\/\" \/>\n<meta property=\"og:locale\" content=\"pt_BR\" \/>\n<meta property=\"og:type\" content=\"article\" \/>\n<meta property=\"og:title\" content=\"Normaliza\u00e7\u00e3o de Trabalhos Acad\u00eamicos - Biblioteca do ITR\" \/>\n<meta property=\"og:description\" content=\"Para confec\u00e7\u00e3o de fichas catalogr\u00e1ficas dos Trabalhos de Conclus\u00e3o de Cursos de Gradua\u00e7\u00e3o, a Biblioteca Tr\u00eas Rios visando auxiliar seus usu\u00e1rios disponibiliza grande quantidade de material bibliogr\u00e1fico voltado \u00e0 disciplina de Metodologia do Trabalho Cient\u00edfico, juntamente com as normas t\u00e9cnicas que dar\u00e3o suporte a essa importante atividade acad\u00eamica. Atuando como facilitadora no acesso \u00e0 informa\u00e7\u00e3o [&hellip;]\" \/>\n<meta property=\"og:url\" content=\"https:\/\/itr.ufrrj.br\/biblioteca\/servicos\/normalizacao-de-trabalhos-academicos\/\" \/>\n<meta property=\"og:site_name\" content=\"Biblioteca do ITR\" \/>\n<meta property=\"article:modified_time\" content=\"2016-08-02T03:19:38+00:00\" \/>\n<meta name=\"twitter:card\" content=\"summary_large_image\" \/>\n<meta name=\"twitter:label1\" content=\"Est. tempo de leitura\" \/>\n\t<meta name=\"twitter:data1\" content=\"2 minutos\" \/>\n<script type=\"application\/ld+json\" class=\"yoast-schema-graph\">{\"@context\":\"https:\/\/schema.org\",\"@graph\":[{\"@type\":\"WebPage\",\"@id\":\"https:\/\/itr.ufrrj.br\/biblioteca\/servicos\/normalizacao-de-trabalhos-academicos\/\",\"url\":\"https:\/\/itr.ufrrj.br\/biblioteca\/servicos\/normalizacao-de-trabalhos-academicos\/\",\"name\":\"Normaliza\u00e7\u00e3o de Trabalhos Acad\u00eamicos - Biblioteca do ITR\",\"isPartOf\":{\"@id\":\"https:\/\/itr.ufrrj.br\/biblioteca\/#website\"},\"datePublished\":\"2016-03-14T14:08:38+00:00\",\"dateModified\":\"2016-08-02T03:19:38+00:00\",\"breadcrumb\":{\"@id\":\"https:\/\/itr.ufrrj.br\/biblioteca\/servicos\/normalizacao-de-trabalhos-academicos\/#breadcrumb\"},\"inLanguage\":\"pt-BR\",\"potentialAction\":[{\"@type\":\"ReadAction\",\"target\":[\"https:\/\/itr.ufrrj.br\/biblioteca\/servicos\/normalizacao-de-trabalhos-academicos\/\"]}]},{\"@type\":\"BreadcrumbList\",\"@id\":\"https:\/\/itr.ufrrj.br\/biblioteca\/servicos\/normalizacao-de-trabalhos-academicos\/#breadcrumb\",\"itemListElement\":[{\"@type\":\"ListItem\",\"position\":1,\"name\":\"In\u00edcio\",\"item\":\"https:\/\/itr.ufrrj.br\/biblioteca\/\"},{\"@type\":\"ListItem\",\"position\":2,\"name\":\"Servi\u00e7os\",\"item\":\"https:\/\/itr.ufrrj.br\/biblioteca\/servicos\/\"},{\"@type\":\"ListItem\",\"position\":3,\"name\":\"Normaliza\u00e7\u00e3o de Trabalhos Acad\u00eamicos\"}]},{\"@type\":\"WebSite\",\"@id\":\"https:\/\/itr.ufrrj.br\/biblioteca\/#website\",\"url\":\"https:\/\/itr.ufrrj.br\/biblioteca\/\",\"name\":\"Biblioteca do ITR\",\"description\":\"Instituto Tr\u00eas Rios\",\"potentialAction\":[{\"@type\":\"SearchAction\",\"target\":{\"@type\":\"EntryPoint\",\"urlTemplate\":\"https:\/\/itr.ufrrj.br\/biblioteca\/?s={search_term_string}\"},\"query-input\":\"required name=search_term_string\"}],\"inLanguage\":\"pt-BR\"}]}<\/script>\n<!-- \/ Yoast SEO plugin. -->","yoast_head_json":{"title":"Normaliza\u00e7\u00e3o de Trabalhos Acad\u00eamicos - Biblioteca do ITR","robots":{"index":"index","follow":"follow","max-snippet":"max-snippet:-1","max-image-preview":"max-image-preview:large","max-video-preview":"max-video-preview:-1"},"canonical":"https:\/\/itr.ufrrj.br\/biblioteca\/servicos\/normalizacao-de-trabalhos-academicos\/","og_locale":"pt_BR","og_type":"article","og_title":"Normaliza\u00e7\u00e3o de Trabalhos Acad\u00eamicos - Biblioteca do ITR","og_description":"Para confec\u00e7\u00e3o de fichas catalogr\u00e1ficas dos Trabalhos de Conclus\u00e3o de Cursos de Gradua\u00e7\u00e3o, a Biblioteca Tr\u00eas Rios visando auxiliar seus usu\u00e1rios disponibiliza grande quantidade de material bibliogr\u00e1fico voltado \u00e0 disciplina de Metodologia do Trabalho Cient\u00edfico, juntamente com as normas t\u00e9cnicas que dar\u00e3o suporte a essa importante atividade acad\u00eamica. Atuando como facilitadora no acesso \u00e0 informa\u00e7\u00e3o [&hellip;]","og_url":"https:\/\/itr.ufrrj.br\/biblioteca\/servicos\/normalizacao-de-trabalhos-academicos\/","og_site_name":"Biblioteca do ITR","article_modified_time":"2016-08-02T03:19:38+00:00","twitter_card":"summary_large_image","twitter_misc":{"Est. tempo de leitura":"2 minutos"},"schema":{"@context":"https:\/\/schema.org","@graph":[{"@type":"WebPage","@id":"https:\/\/itr.ufrrj.br\/biblioteca\/servicos\/normalizacao-de-trabalhos-academicos\/","url":"https:\/\/itr.ufrrj.br\/biblioteca\/servicos\/normalizacao-de-trabalhos-academicos\/","name":"Normaliza\u00e7\u00e3o de Trabalhos Acad\u00eamicos - Biblioteca do ITR","isPartOf":{"@id":"https:\/\/itr.ufrrj.br\/biblioteca\/#website"},"datePublished":"2016-03-14T14:08:38+00:00","dateModified":"2016-08-02T03:19:38+00:00","breadcrumb":{"@id":"https:\/\/itr.ufrrj.br\/biblioteca\/servicos\/normalizacao-de-trabalhos-academicos\/#breadcrumb"},"inLanguage":"pt-BR","potentialAction":[{"@type":"ReadAction","target":["https:\/\/itr.ufrrj.br\/biblioteca\/servicos\/normalizacao-de-trabalhos-academicos\/"]}]},{"@type":"BreadcrumbList","@id":"https:\/\/itr.ufrrj.br\/biblioteca\/servicos\/normalizacao-de-trabalhos-academicos\/#breadcrumb","itemListElement":[{"@type":"ListItem","position":1,"name":"In\u00edcio","item":"https:\/\/itr.ufrrj.br\/biblioteca\/"},{"@type":"ListItem","position":2,"name":"Servi\u00e7os","item":"https:\/\/itr.ufrrj.br\/biblioteca\/servicos\/"},{"@type":"ListItem","position":3,"name":"Normaliza\u00e7\u00e3o de Trabalhos Acad\u00eamicos"}]},{"@type":"WebSite","@id":"https:\/\/itr.ufrrj.br\/biblioteca\/#website","url":"https:\/\/itr.ufrrj.br\/biblioteca\/","name":"Biblioteca do ITR","description":"Instituto Tr\u00eas Rios","potentialAction":[{"@type":"SearchAction","target":{"@type":"EntryPoint","urlTemplate":"https:\/\/itr.ufrrj.br\/biblioteca\/?s={search_term_string}"},"query-input":"required name=search_term_string"}],"inLanguage":"pt-BR"}]}},"_links":{"self":[{"href":"https:\/\/itr.ufrrj.br\/biblioteca\/wp-json\/wp\/v2\/pages\/19"}],"collection":[{"href":"https:\/\/itr.ufrrj.br\/biblioteca\/wp-json\/wp\/v2\/pages"}],"about":[{"href":"https:\/\/itr.ufrrj.br\/biblioteca\/wp-json\/wp\/v2\/types\/page"}],"author":[{"embeddable":true,"href":"https:\/\/itr.ufrrj.br\/biblioteca\/wp-json\/wp\/v2\/users\/3"}],"replies":[{"embeddable":true,"href":"https:\/\/itr.ufrrj.br\/biblioteca\/wp-json\/wp\/v2\/comments?post=19"}],"version-history":[{"count":6,"href":"https:\/\/itr.ufrrj.br\/biblioteca\/wp-json\/wp\/v2\/pages\/19\/revisions"}],"predecessor-version":[{"id":1876,"href":"https:\/\/itr.ufrrj.br\/biblioteca\/wp-json\/wp\/v2\/pages\/19\/revisions\/1876"}],"up":[{"embeddable":true,"href":"https:\/\/itr.ufrrj.br\/biblioteca\/wp-json\/wp\/v2\/pages\/10"}],"wp:attachment":[{"href":"https:\/\/itr.ufrrj.br\/biblioteca\/wp-json\/wp\/v2\/media?parent=19"}],"curies":[{"name":"wp","href":"https:\/\/api.w.org\/{rel}","templated":true}]}}