{"id":16,"date":"2016-03-14T11:08:21","date_gmt":"2016-03-14T14:08:21","guid":{"rendered":"http:\/\/itr.ufrrj.br\/biblioteca\/?page_id=16"},"modified":"2017-09-27T17:21:35","modified_gmt":"2017-09-27T20:21:35","slug":"projetos","status":"publish","type":"page","link":"https:\/\/itr.ufrrj.br\/biblioteca\/servicos\/projetos\/","title":{"rendered":"Projetos"},"content":{"rendered":"<p style=\"text-align: justify;\">Esta biblioteca nasceu do desejo, que todos os envolvidos nutrem, de contribuir para o desenvolvimento social e cultural dos habitantes da cidade, pelo que s\u00e3o dinamizados v\u00e1rios projetos de car\u00e1ter sociocultural para o benef\u00edcio das comunidades. Estes projetos s\u00e3o tornados realidade por nossos colaboradores e volunt\u00e1rios de todas as idades, sexos, profiss\u00f5es e n\u00edveis de escolaridade. O impacto social j\u00e1 uma realidade e o Programa de Voluntariado \u00e9 uma estrutura bem organizada dentro da Biblioteca Tr\u00eas Rios.<\/p>\n<p style=\"text-align: justify;\">Estes s\u00e3o alguns dos projetos em nossa pauta para desenvolvimento:<\/p>\n<ul style=\"text-align: justify;\">\n<li>Projeto de Desenvolvimento do Acervo, Servi\u00e7os e Compet\u00eancias; (Status : Encaminhado \u00e0 aprova\u00e7\u00e3o da PROAEST em 02\/04\/2015)<\/li>\n<li>Projeto de Apoio Pedag\u00f3gico; Capacita\u00e7\u00e3o e Preparat\u00f3rio para Concursos (Nome Provis\u00f3rio) &#8211; FASE 1 DO PROJETO; (Status: Reda\u00e7\u00e3o e discuss\u00e3o t\u00e9cnica em 06\/04\/2015);<\/li>\n<li>Projeto Cinemateca e Cineci\u00eancia (Status: Em reordenamento &#8211; abril\/2015);<\/li>\n<li>Dinamiza\u00e7\u00e3o do Espa\u00e7o para Todos os P\u00fablicos;<\/li>\n<li>Biblioteca Inclusiva;<\/li>\n<li>Cultura na Biblioteca;<\/li>\n<li>Oficina de Leitura;<\/li>\n<li>Oficina Solid\u00e1ria;<\/li>\n<li>Oficina da Alegria;<\/li>\n<li>Ponto de Leitura;<\/li>\n<li>Biblioteca Extramuros;<\/li>\n<\/ul>\n<p style=\"text-align: justify;\">Aceite o nosso desafio! Apoie e venha integrar os nossos projetos com a sua participa\u00e7\u00e3o.<\/p>\n<p style=\"text-align: justify;\">Se quiser saber mais sobre n\u00f3s, a Biblioteca Tr\u00eas Rios e nossas atividades, por favor, <a href=\"http:\/\/itr.ufrrj.br\/biblioteca\/contato\/\">contate-nos<\/a>.<\/p>\n","protected":false},"excerpt":{"rendered":"<p>Esta biblioteca nasceu do desejo, que todos os envolvidos nutrem, de contribuir para o desenvolvimento social e cultural dos habitantes da cidade, pelo que s\u00e3o dinamizados v\u00e1rios projetos de car\u00e1ter sociocultural para o benef\u00edcio das comunidades. Estes projetos s\u00e3o tornados realidade por nossos colaboradores e volunt\u00e1rios de todas as idades, sexos, profiss\u00f5es e n\u00edveis de [&hellip;]<\/p>\n","protected":false},"author":3,"featured_media":0,"parent":10,"menu_order":0,"comment_status":"closed","ping_status":"closed","template":"","meta":[],"acf":[],"yoast_head":"<!-- This site is optimized with the Yoast SEO plugin v20.8 - https:\/\/yoast.com\/wordpress\/plugins\/seo\/ -->\n<title>Projetos - Biblioteca do ITR<\/title>\n<meta name=\"robots\" content=\"index, follow, max-snippet:-1, max-image-preview:large, max-video-preview:-1\" \/>\n<link rel=\"canonical\" href=\"https:\/\/itr.ufrrj.br\/biblioteca\/servicos\/projetos\/\" \/>\n<meta property=\"og:locale\" content=\"pt_BR\" \/>\n<meta property=\"og:type\" content=\"article\" \/>\n<meta property=\"og:title\" content=\"Projetos - Biblioteca do ITR\" \/>\n<meta property=\"og:description\" content=\"Esta biblioteca nasceu do desejo, que todos os envolvidos nutrem, de contribuir para o desenvolvimento social e cultural dos habitantes da cidade, pelo que s\u00e3o dinamizados v\u00e1rios projetos de car\u00e1ter sociocultural para o benef\u00edcio das comunidades. Estes projetos s\u00e3o tornados realidade por nossos colaboradores e volunt\u00e1rios de todas as idades, sexos, profiss\u00f5es e n\u00edveis de [&hellip;]\" \/>\n<meta property=\"og:url\" content=\"https:\/\/itr.ufrrj.br\/biblioteca\/servicos\/projetos\/\" \/>\n<meta property=\"og:site_name\" content=\"Biblioteca do ITR\" \/>\n<meta property=\"article:modified_time\" content=\"2017-09-27T20:21:35+00:00\" \/>\n<meta name=\"twitter:card\" content=\"summary_large_image\" \/>\n<meta name=\"twitter:label1\" content=\"Est. tempo de leitura\" \/>\n\t<meta name=\"twitter:data1\" content=\"1 minuto\" \/>\n<script type=\"application\/ld+json\" class=\"yoast-schema-graph\">{\"@context\":\"https:\/\/schema.org\",\"@graph\":[{\"@type\":\"WebPage\",\"@id\":\"https:\/\/itr.ufrrj.br\/biblioteca\/servicos\/projetos\/\",\"url\":\"https:\/\/itr.ufrrj.br\/biblioteca\/servicos\/projetos\/\",\"name\":\"Projetos - Biblioteca do ITR\",\"isPartOf\":{\"@id\":\"https:\/\/itr.ufrrj.br\/biblioteca\/#website\"},\"datePublished\":\"2016-03-14T14:08:21+00:00\",\"dateModified\":\"2017-09-27T20:21:35+00:00\",\"breadcrumb\":{\"@id\":\"https:\/\/itr.ufrrj.br\/biblioteca\/servicos\/projetos\/#breadcrumb\"},\"inLanguage\":\"pt-BR\",\"potentialAction\":[{\"@type\":\"ReadAction\",\"target\":[\"https:\/\/itr.ufrrj.br\/biblioteca\/servicos\/projetos\/\"]}]},{\"@type\":\"BreadcrumbList\",\"@id\":\"https:\/\/itr.ufrrj.br\/biblioteca\/servicos\/projetos\/#breadcrumb\",\"itemListElement\":[{\"@type\":\"ListItem\",\"position\":1,\"name\":\"In\u00edcio\",\"item\":\"https:\/\/itr.ufrrj.br\/biblioteca\/\"},{\"@type\":\"ListItem\",\"position\":2,\"name\":\"Servi\u00e7os\",\"item\":\"https:\/\/itr.ufrrj.br\/biblioteca\/servicos\/\"},{\"@type\":\"ListItem\",\"position\":3,\"name\":\"Projetos\"}]},{\"@type\":\"WebSite\",\"@id\":\"https:\/\/itr.ufrrj.br\/biblioteca\/#website\",\"url\":\"https:\/\/itr.ufrrj.br\/biblioteca\/\",\"name\":\"Biblioteca do ITR\",\"description\":\"Instituto Tr\u00eas Rios\",\"potentialAction\":[{\"@type\":\"SearchAction\",\"target\":{\"@type\":\"EntryPoint\",\"urlTemplate\":\"https:\/\/itr.ufrrj.br\/biblioteca\/?s={search_term_string}\"},\"query-input\":\"required name=search_term_string\"}],\"inLanguage\":\"pt-BR\"}]}<\/script>\n<!-- \/ Yoast SEO plugin. -->","yoast_head_json":{"title":"Projetos - Biblioteca do ITR","robots":{"index":"index","follow":"follow","max-snippet":"max-snippet:-1","max-image-preview":"max-image-preview:large","max-video-preview":"max-video-preview:-1"},"canonical":"https:\/\/itr.ufrrj.br\/biblioteca\/servicos\/projetos\/","og_locale":"pt_BR","og_type":"article","og_title":"Projetos - Biblioteca do ITR","og_description":"Esta biblioteca nasceu do desejo, que todos os envolvidos nutrem, de contribuir para o desenvolvimento social e cultural dos habitantes da cidade, pelo que s\u00e3o dinamizados v\u00e1rios projetos de car\u00e1ter sociocultural para o benef\u00edcio das comunidades. Estes projetos s\u00e3o tornados realidade por nossos colaboradores e volunt\u00e1rios de todas as idades, sexos, profiss\u00f5es e n\u00edveis de [&hellip;]","og_url":"https:\/\/itr.ufrrj.br\/biblioteca\/servicos\/projetos\/","og_site_name":"Biblioteca do ITR","article_modified_time":"2017-09-27T20:21:35+00:00","twitter_card":"summary_large_image","twitter_misc":{"Est. tempo de leitura":"1 minuto"},"schema":{"@context":"https:\/\/schema.org","@graph":[{"@type":"WebPage","@id":"https:\/\/itr.ufrrj.br\/biblioteca\/servicos\/projetos\/","url":"https:\/\/itr.ufrrj.br\/biblioteca\/servicos\/projetos\/","name":"Projetos - Biblioteca do ITR","isPartOf":{"@id":"https:\/\/itr.ufrrj.br\/biblioteca\/#website"},"datePublished":"2016-03-14T14:08:21+00:00","dateModified":"2017-09-27T20:21:35+00:00","breadcrumb":{"@id":"https:\/\/itr.ufrrj.br\/biblioteca\/servicos\/projetos\/#breadcrumb"},"inLanguage":"pt-BR","potentialAction":[{"@type":"ReadAction","target":["https:\/\/itr.ufrrj.br\/biblioteca\/servicos\/projetos\/"]}]},{"@type":"BreadcrumbList","@id":"https:\/\/itr.ufrrj.br\/biblioteca\/servicos\/projetos\/#breadcrumb","itemListElement":[{"@type":"ListItem","position":1,"name":"In\u00edcio","item":"https:\/\/itr.ufrrj.br\/biblioteca\/"},{"@type":"ListItem","position":2,"name":"Servi\u00e7os","item":"https:\/\/itr.ufrrj.br\/biblioteca\/servicos\/"},{"@type":"ListItem","position":3,"name":"Projetos"}]},{"@type":"WebSite","@id":"https:\/\/itr.ufrrj.br\/biblioteca\/#website","url":"https:\/\/itr.ufrrj.br\/biblioteca\/","name":"Biblioteca do ITR","description":"Instituto Tr\u00eas Rios","potentialAction":[{"@type":"SearchAction","target":{"@type":"EntryPoint","urlTemplate":"https:\/\/itr.ufrrj.br\/biblioteca\/?s={search_term_string}"},"query-input":"required name=search_term_string"}],"inLanguage":"pt-BR"}]}},"_links":{"self":[{"href":"https:\/\/itr.ufrrj.br\/biblioteca\/wp-json\/wp\/v2\/pages\/16"}],"collection":[{"href":"https:\/\/itr.ufrrj.br\/biblioteca\/wp-json\/wp\/v2\/pages"}],"about":[{"href":"https:\/\/itr.ufrrj.br\/biblioteca\/wp-json\/wp\/v2\/types\/page"}],"author":[{"embeddable":true,"href":"https:\/\/itr.ufrrj.br\/biblioteca\/wp-json\/wp\/v2\/users\/3"}],"replies":[{"embeddable":true,"href":"https:\/\/itr.ufrrj.br\/biblioteca\/wp-json\/wp\/v2\/comments?post=16"}],"version-history":[{"count":4,"href":"https:\/\/itr.ufrrj.br\/biblioteca\/wp-json\/wp\/v2\/pages\/16\/revisions"}],"predecessor-version":[{"id":2518,"href":"https:\/\/itr.ufrrj.br\/biblioteca\/wp-json\/wp\/v2\/pages\/16\/revisions\/2518"}],"up":[{"embeddable":true,"href":"https:\/\/itr.ufrrj.br\/biblioteca\/wp-json\/wp\/v2\/pages\/10"}],"wp:attachment":[{"href":"https:\/\/itr.ufrrj.br\/biblioteca\/wp-json\/wp\/v2\/media?parent=16"}],"curies":[{"name":"wp","href":"https:\/\/api.w.org\/{rel}","templated":true}]}}