{"id":14,"date":"2016-03-14T11:08:09","date_gmt":"2016-03-14T14:08:09","guid":{"rendered":"http:\/\/itr.ufrrj.br\/biblioteca\/?page_id=14"},"modified":"2017-09-27T17:26:01","modified_gmt":"2017-09-27T20:26:01","slug":"como-se-associar","status":"publish","type":"page","link":"https:\/\/itr.ufrrj.br\/biblioteca\/servicos\/como-se-associar\/","title":{"rendered":"Como se Associar"},"content":{"rendered":"<p style=\"text-align: justify;\">Voc\u00ea n\u00e3o precisa ser aluno da Institui\u00e7\u00e3o para usar a Biblioteca ou se associar. Confira abaixo os documentos necess\u00e1rios:<\/p>\n<ul style=\"text-align: justify;\">\n<li>Se voc\u00ea \u00e9 aluno da Institui\u00e7\u00e3o, basta trazer os seguintes documentos:\n<ul>\n<li>1 (uma) foto 3&#215;4 recente;<\/li>\n<li>Carteira de identidade original;<\/li>\n<li>CPF original;<\/li>\n<li>Declara\u00e7\u00e3o de matr\u00edcula do semestre corrente (original e c\u00f3pia);<\/li>\n<li>Comprovante de resid\u00eancia atual em nome do pr\u00f3prio (original e c\u00f3pia);<\/li>\n<li>Formul\u00e1rio de cadastro na Biblioteca que poder\u00e1 ser retirado na Biblioteca devidamente preenchido e assinado;<\/li>\n<li>Termo de Responsabilidade quanto a material bibliogr\u00e1fico que poder\u00e1 ser retirado na Biblioteca devidamente preenchido e assinado;<\/li>\n<\/ul>\n<\/li>\n<\/ul>\n<ul style=\"text-align: justify;\">\n<li>Se voc\u00ea N\u00c3O \u00e9 nosso aluno, basta trazer os seguintes documentos:\n<ul>\n<li>1 (uma) foto 3&#215;4 recente;<\/li>\n<li>Carteira de identidade (original e c\u00f3pia);<\/li>\n<li>CPF (original e c\u00f3pia);<\/li>\n<li>Declara\u00e7\u00e3o de matr\u00edcula ou de v\u00ednculo com Institui\u00e7\u00e3o parceira ou conveniada \u00e0 Biblioteca (original e c\u00f3pia);<\/li>\n<li>Comprovante de resid\u00eancia atual em nome do pr\u00f3prio (original e c\u00f3pia);<\/li>\n<li>Carteira de trabalho original acompanhada de c\u00f3pia das fls. de identifica\u00e7\u00e3o e v\u00ednculo profissional;<\/li>\n<li>Formul\u00e1rio de cadastro na Biblioteca que poder\u00e1 ser retirado na Biblioteca devidamente preenchido e assinado;<\/li>\n<li>Termo de Responsabilidade quanto a material bibliogr\u00e1fico que poder\u00e1 ser retirado na Biblioteca devidamente preenchido e assinado;<\/li>\n<\/ul>\n<\/li>\n<\/ul>\n<ul style=\"text-align: justify;\">\n<li><strong>da renova\u00e7\u00e3o do cadastro<\/strong><\/li>\n<\/ul>\n<p style=\"text-align: justify;\"><strong>Todos os usu\u00e1rios<\/strong> devem a cada semestre atualizar seus dados junto a Biblioteca. Aos <strong>usu\u00e1rios internos<\/strong> \u00e9 obrigat\u00f3ria a entrega da<strong> Declara\u00e7\u00e3o de Matr\u00edcula no semestre corrente, al\u00e9m da simples atualiza\u00e7\u00e3o e confirma\u00e7\u00e3o de seus dados residenciais prestados anteriormente<\/strong>.<\/p>\n<p style=\"text-align: justify;\"><strong>Usu\u00e1rios externos<\/strong> dever\u00e3o igualmente<strong><em> confirmar informa\u00e7\u00f5es acerca do seu v\u00ednculo profissional; residencial e acad\u00eamico, atrav\u00e9s da apresenta\u00e7\u00e3o <\/em>da c\u00f3pia destes<\/strong>.<\/p>\n<p style=\"text-align: justify;\">* S\u00e3o considerados para efeitos de inscri\u00e7\u00e3o os comprovantes de resid\u00eancia emitidos por \u00f3rg\u00e3os de presta\u00e7\u00e3o de servi\u00e7os p\u00fablicos, tais como: conta de fornecimento de luz; conta de fornecimento de \u00e1gua; conta telef\u00f4nica; conta de fornecimento de g\u00e1s;<\/p>\n<p style=\"text-align: justify;\">Fa\u00e7a o download dos formul\u00e1rios inscri\u00e7\u00e3o e entregue junto aos demais documentos:<\/p>\n<p style=\"text-align: justify;\"><a href=\"http:\/\/itr.ufrrj.br\/biblioteca\/wp-content\/uploads\/2016\/08\/cadastro_usuario.pdf\">(Anexo) Formul\u00e1rio de Cadastramento<\/a><\/p>\n<p style=\"text-align: justify;\"><a href=\"http:\/\/itr.ufrrj.br\/biblioteca\/wp-content\/uploads\/2016\/08\/termo_responsabilidade.pdf\">(Anexo) Termo de Responsabilidade<\/a><\/p>\n","protected":false},"excerpt":{"rendered":"<p>Voc\u00ea n\u00e3o precisa ser aluno da Institui\u00e7\u00e3o para usar a Biblioteca ou se associar. Confira abaixo os documentos necess\u00e1rios: Se voc\u00ea \u00e9 aluno da Institui\u00e7\u00e3o, basta trazer os seguintes documentos: 1 (uma) foto 3&#215;4 recente; Carteira de identidade original; CPF original; Declara\u00e7\u00e3o de matr\u00edcula do semestre corrente (original e c\u00f3pia); Comprovante de resid\u00eancia atual em [&hellip;]<\/p>\n","protected":false},"author":3,"featured_media":0,"parent":10,"menu_order":0,"comment_status":"closed","ping_status":"closed","template":"","meta":[],"acf":[],"yoast_head":"<!-- This site is optimized with the Yoast SEO plugin v20.8 - https:\/\/yoast.com\/wordpress\/plugins\/seo\/ -->\n<title>Como se Associar - Biblioteca do ITR<\/title>\n<meta name=\"robots\" content=\"index, follow, max-snippet:-1, max-image-preview:large, max-video-preview:-1\" \/>\n<link rel=\"canonical\" href=\"https:\/\/itr.ufrrj.br\/biblioteca\/servicos\/como-se-associar\/\" \/>\n<meta property=\"og:locale\" content=\"pt_BR\" \/>\n<meta property=\"og:type\" content=\"article\" \/>\n<meta property=\"og:title\" content=\"Como se Associar - Biblioteca do ITR\" \/>\n<meta property=\"og:description\" content=\"Voc\u00ea n\u00e3o precisa ser aluno da Institui\u00e7\u00e3o para usar a Biblioteca ou se associar. Confira abaixo os documentos necess\u00e1rios: Se voc\u00ea \u00e9 aluno da Institui\u00e7\u00e3o, basta trazer os seguintes documentos: 1 (uma) foto 3&#215;4 recente; Carteira de identidade original; CPF original; Declara\u00e7\u00e3o de matr\u00edcula do semestre corrente (original e c\u00f3pia); Comprovante de resid\u00eancia atual em [&hellip;]\" \/>\n<meta property=\"og:url\" content=\"https:\/\/itr.ufrrj.br\/biblioteca\/servicos\/como-se-associar\/\" \/>\n<meta property=\"og:site_name\" content=\"Biblioteca do ITR\" \/>\n<meta property=\"article:modified_time\" content=\"2017-09-27T20:26:01+00:00\" \/>\n<meta name=\"twitter:card\" content=\"summary_large_image\" \/>\n<meta name=\"twitter:label1\" content=\"Est. tempo de leitura\" \/>\n\t<meta name=\"twitter:data1\" content=\"2 minutos\" \/>\n<script type=\"application\/ld+json\" class=\"yoast-schema-graph\">{\"@context\":\"https:\/\/schema.org\",\"@graph\":[{\"@type\":\"WebPage\",\"@id\":\"https:\/\/itr.ufrrj.br\/biblioteca\/servicos\/como-se-associar\/\",\"url\":\"https:\/\/itr.ufrrj.br\/biblioteca\/servicos\/como-se-associar\/\",\"name\":\"Como se Associar - Biblioteca do ITR\",\"isPartOf\":{\"@id\":\"https:\/\/itr.ufrrj.br\/biblioteca\/#website\"},\"datePublished\":\"2016-03-14T14:08:09+00:00\",\"dateModified\":\"2017-09-27T20:26:01+00:00\",\"breadcrumb\":{\"@id\":\"https:\/\/itr.ufrrj.br\/biblioteca\/servicos\/como-se-associar\/#breadcrumb\"},\"inLanguage\":\"pt-BR\",\"potentialAction\":[{\"@type\":\"ReadAction\",\"target\":[\"https:\/\/itr.ufrrj.br\/biblioteca\/servicos\/como-se-associar\/\"]}]},{\"@type\":\"BreadcrumbList\",\"@id\":\"https:\/\/itr.ufrrj.br\/biblioteca\/servicos\/como-se-associar\/#breadcrumb\",\"itemListElement\":[{\"@type\":\"ListItem\",\"position\":1,\"name\":\"In\u00edcio\",\"item\":\"https:\/\/itr.ufrrj.br\/biblioteca\/\"},{\"@type\":\"ListItem\",\"position\":2,\"name\":\"Servi\u00e7os\",\"item\":\"https:\/\/itr.ufrrj.br\/biblioteca\/servicos\/\"},{\"@type\":\"ListItem\",\"position\":3,\"name\":\"Como se Associar\"}]},{\"@type\":\"WebSite\",\"@id\":\"https:\/\/itr.ufrrj.br\/biblioteca\/#website\",\"url\":\"https:\/\/itr.ufrrj.br\/biblioteca\/\",\"name\":\"Biblioteca do ITR\",\"description\":\"Instituto Tr\u00eas Rios\",\"potentialAction\":[{\"@type\":\"SearchAction\",\"target\":{\"@type\":\"EntryPoint\",\"urlTemplate\":\"https:\/\/itr.ufrrj.br\/biblioteca\/?s={search_term_string}\"},\"query-input\":\"required name=search_term_string\"}],\"inLanguage\":\"pt-BR\"}]}<\/script>\n<!-- \/ Yoast SEO plugin. -->","yoast_head_json":{"title":"Como se Associar - Biblioteca do ITR","robots":{"index":"index","follow":"follow","max-snippet":"max-snippet:-1","max-image-preview":"max-image-preview:large","max-video-preview":"max-video-preview:-1"},"canonical":"https:\/\/itr.ufrrj.br\/biblioteca\/servicos\/como-se-associar\/","og_locale":"pt_BR","og_type":"article","og_title":"Como se Associar - Biblioteca do ITR","og_description":"Voc\u00ea n\u00e3o precisa ser aluno da Institui\u00e7\u00e3o para usar a Biblioteca ou se associar. Confira abaixo os documentos necess\u00e1rios: Se voc\u00ea \u00e9 aluno da Institui\u00e7\u00e3o, basta trazer os seguintes documentos: 1 (uma) foto 3&#215;4 recente; Carteira de identidade original; CPF original; Declara\u00e7\u00e3o de matr\u00edcula do semestre corrente (original e c\u00f3pia); Comprovante de resid\u00eancia atual em [&hellip;]","og_url":"https:\/\/itr.ufrrj.br\/biblioteca\/servicos\/como-se-associar\/","og_site_name":"Biblioteca do ITR","article_modified_time":"2017-09-27T20:26:01+00:00","twitter_card":"summary_large_image","twitter_misc":{"Est. tempo de leitura":"2 minutos"},"schema":{"@context":"https:\/\/schema.org","@graph":[{"@type":"WebPage","@id":"https:\/\/itr.ufrrj.br\/biblioteca\/servicos\/como-se-associar\/","url":"https:\/\/itr.ufrrj.br\/biblioteca\/servicos\/como-se-associar\/","name":"Como se Associar - Biblioteca do ITR","isPartOf":{"@id":"https:\/\/itr.ufrrj.br\/biblioteca\/#website"},"datePublished":"2016-03-14T14:08:09+00:00","dateModified":"2017-09-27T20:26:01+00:00","breadcrumb":{"@id":"https:\/\/itr.ufrrj.br\/biblioteca\/servicos\/como-se-associar\/#breadcrumb"},"inLanguage":"pt-BR","potentialAction":[{"@type":"ReadAction","target":["https:\/\/itr.ufrrj.br\/biblioteca\/servicos\/como-se-associar\/"]}]},{"@type":"BreadcrumbList","@id":"https:\/\/itr.ufrrj.br\/biblioteca\/servicos\/como-se-associar\/#breadcrumb","itemListElement":[{"@type":"ListItem","position":1,"name":"In\u00edcio","item":"https:\/\/itr.ufrrj.br\/biblioteca\/"},{"@type":"ListItem","position":2,"name":"Servi\u00e7os","item":"https:\/\/itr.ufrrj.br\/biblioteca\/servicos\/"},{"@type":"ListItem","position":3,"name":"Como se Associar"}]},{"@type":"WebSite","@id":"https:\/\/itr.ufrrj.br\/biblioteca\/#website","url":"https:\/\/itr.ufrrj.br\/biblioteca\/","name":"Biblioteca do ITR","description":"Instituto Tr\u00eas Rios","potentialAction":[{"@type":"SearchAction","target":{"@type":"EntryPoint","urlTemplate":"https:\/\/itr.ufrrj.br\/biblioteca\/?s={search_term_string}"},"query-input":"required name=search_term_string"}],"inLanguage":"pt-BR"}]}},"_links":{"self":[{"href":"https:\/\/itr.ufrrj.br\/biblioteca\/wp-json\/wp\/v2\/pages\/14"}],"collection":[{"href":"https:\/\/itr.ufrrj.br\/biblioteca\/wp-json\/wp\/v2\/pages"}],"about":[{"href":"https:\/\/itr.ufrrj.br\/biblioteca\/wp-json\/wp\/v2\/types\/page"}],"author":[{"embeddable":true,"href":"https:\/\/itr.ufrrj.br\/biblioteca\/wp-json\/wp\/v2\/users\/3"}],"replies":[{"embeddable":true,"href":"https:\/\/itr.ufrrj.br\/biblioteca\/wp-json\/wp\/v2\/comments?post=14"}],"version-history":[{"count":13,"href":"https:\/\/itr.ufrrj.br\/biblioteca\/wp-json\/wp\/v2\/pages\/14\/revisions"}],"predecessor-version":[{"id":2520,"href":"https:\/\/itr.ufrrj.br\/biblioteca\/wp-json\/wp\/v2\/pages\/14\/revisions\/2520"}],"up":[{"embeddable":true,"href":"https:\/\/itr.ufrrj.br\/biblioteca\/wp-json\/wp\/v2\/pages\/10"}],"wp:attachment":[{"href":"https:\/\/itr.ufrrj.br\/biblioteca\/wp-json\/wp\/v2\/media?parent=14"}],"curies":[{"name":"wp","href":"https:\/\/api.w.org\/{rel}","templated":true}]}}