{"id":10,"date":"2016-03-14T11:07:47","date_gmt":"2016-03-14T14:07:47","guid":{"rendered":"http:\/\/itr.ufrrj.br\/biblioteca\/?page_id=10"},"modified":"2016-08-02T00:13:37","modified_gmt":"2016-08-02T03:13:37","slug":"servicos","status":"publish","type":"page","link":"https:\/\/itr.ufrrj.br\/biblioteca\/servicos\/","title":{"rendered":"Servi\u00e7os"},"content":{"rendered":"<p style=\"text-align: justify;\">A Biblioteca Tr\u00eas Rios oferece a seus usu\u00e1rios servi\u00e7os de:<\/p>\n<ul style=\"text-align: justify;\">\n<li style=\"text-align: justify;\">consulta ao acervo<\/li>\n<li style=\"text-align: justify;\">empr\u00e9stimo local<\/li>\n<li style=\"text-align: justify;\">empr\u00e9stimo especial<\/li>\n<li style=\"text-align: justify;\">reserva bibliogr\u00e1fica<\/li>\n<li style=\"text-align: justify;\">acesso direto ao Portal CAPES<\/li>\n<li style=\"text-align: justify;\">ponto de acesso \u00e0 Internet<\/li>\n<\/ul>\n<p style=\"text-align: justify;\">Al\u00e9m do acesso ao material de pesquisa produzido pelos formandos (<a href=\"http:\/\/itr.ufrrj.br\/biblioteca\/category\/tcc\">Trabalhos de Conclus\u00e3o de Curso &#8211; TCCs<\/a>), este \u00faltimo possibilitado atrav\u00e9s da implementa\u00e7\u00e3o do Dep\u00f3sito Legal. Periodicamente, tamb\u00e9m projetamos filmes e pel\u00edculas de anima\u00e7\u00e3o e muito mais.<\/p>\n<p style=\"text-align: justify;\">O acervo \u00e9 constitu\u00eddo de livros novos e atualizados com cobertura sobre o ensino de cursos de\u00a0 Administra\u00e7\u00e3o; Ci\u00eancias Econ\u00f4micas; Direito e Gest\u00e3o Ambiental at\u00e9 as demais \u00e1rea da Ci\u00eancia.\u00a0 E o usu\u00e1rio conta ainda com uma literatura sobre Hist\u00f3ria, Arte, Religi\u00e3o, Literatura, Filosofia, Auto-Ajuda, Misticismo, Sa\u00fade, Medicina e Anatomia, Biologia, Geografia, Geologia, Qu\u00edmica, Arquitetura, Meio-Ambiente, Ci\u00eancias Sociais, Desenvolvimento e Crescimento, Pedagogia, Psicologia e Obras Gerais, al\u00e9m de um ambiente totalmente climatizado e agrad\u00e1vel.<\/p>\n<p style=\"text-align: justify;\">Para utilizar o m\u00e1ximo de benef\u00edcios,\u00a0basta se <a href=\"http:\/\/itr.ufrrj.br\/biblioteca\/servicos\/como-se-associar\">associar \u00e0 nossa biblioteca<\/a>, manter seu cadastro atualizado e estar regularizado, saiba mais sobre as nossas atividades e desfrute dos nossos servi\u00e7os.<\/p>\n","protected":false},"excerpt":{"rendered":"<p>A Biblioteca Tr\u00eas Rios oferece a seus usu\u00e1rios servi\u00e7os de: consulta ao acervo empr\u00e9stimo local empr\u00e9stimo especial reserva bibliogr\u00e1fica acesso direto ao Portal CAPES ponto de acesso \u00e0 Internet Al\u00e9m do acesso ao material de pesquisa produzido pelos formandos (Trabalhos de Conclus\u00e3o de Curso &#8211; TCCs), este \u00faltimo possibilitado atrav\u00e9s da implementa\u00e7\u00e3o do Dep\u00f3sito Legal. [&hellip;]<\/p>\n","protected":false},"author":3,"featured_media":0,"parent":0,"menu_order":0,"comment_status":"closed","ping_status":"closed","template":"","meta":[],"acf":[],"yoast_head":"<!-- This site is optimized with the Yoast SEO plugin v20.8 - https:\/\/yoast.com\/wordpress\/plugins\/seo\/ -->\n<title>Servi\u00e7os - Biblioteca do ITR<\/title>\n<meta name=\"robots\" content=\"index, follow, max-snippet:-1, max-image-preview:large, max-video-preview:-1\" \/>\n<link rel=\"canonical\" href=\"https:\/\/itr.ufrrj.br\/biblioteca\/servicos\/\" \/>\n<meta property=\"og:locale\" content=\"pt_BR\" \/>\n<meta property=\"og:type\" content=\"article\" \/>\n<meta property=\"og:title\" content=\"Servi\u00e7os - Biblioteca do ITR\" \/>\n<meta property=\"og:description\" content=\"A Biblioteca Tr\u00eas Rios oferece a seus usu\u00e1rios servi\u00e7os de: consulta ao acervo empr\u00e9stimo local empr\u00e9stimo especial reserva bibliogr\u00e1fica acesso direto ao Portal CAPES ponto de acesso \u00e0 Internet Al\u00e9m do acesso ao material de pesquisa produzido pelos formandos (Trabalhos de Conclus\u00e3o de Curso &#8211; TCCs), este \u00faltimo possibilitado atrav\u00e9s da implementa\u00e7\u00e3o do Dep\u00f3sito Legal. [&hellip;]\" \/>\n<meta property=\"og:url\" content=\"https:\/\/itr.ufrrj.br\/biblioteca\/servicos\/\" \/>\n<meta property=\"og:site_name\" content=\"Biblioteca do ITR\" \/>\n<meta property=\"article:modified_time\" content=\"2016-08-02T03:13:37+00:00\" \/>\n<meta name=\"twitter:card\" content=\"summary_large_image\" \/>\n<meta name=\"twitter:label1\" content=\"Est. tempo de leitura\" \/>\n\t<meta name=\"twitter:data1\" content=\"1 minuto\" \/>\n<script type=\"application\/ld+json\" class=\"yoast-schema-graph\">{\"@context\":\"https:\/\/schema.org\",\"@graph\":[{\"@type\":\"WebPage\",\"@id\":\"https:\/\/itr.ufrrj.br\/biblioteca\/servicos\/\",\"url\":\"https:\/\/itr.ufrrj.br\/biblioteca\/servicos\/\",\"name\":\"Servi\u00e7os - Biblioteca do ITR\",\"isPartOf\":{\"@id\":\"https:\/\/itr.ufrrj.br\/biblioteca\/#website\"},\"datePublished\":\"2016-03-14T14:07:47+00:00\",\"dateModified\":\"2016-08-02T03:13:37+00:00\",\"breadcrumb\":{\"@id\":\"https:\/\/itr.ufrrj.br\/biblioteca\/servicos\/#breadcrumb\"},\"inLanguage\":\"pt-BR\",\"potentialAction\":[{\"@type\":\"ReadAction\",\"target\":[\"https:\/\/itr.ufrrj.br\/biblioteca\/servicos\/\"]}]},{\"@type\":\"BreadcrumbList\",\"@id\":\"https:\/\/itr.ufrrj.br\/biblioteca\/servicos\/#breadcrumb\",\"itemListElement\":[{\"@type\":\"ListItem\",\"position\":1,\"name\":\"In\u00edcio\",\"item\":\"https:\/\/itr.ufrrj.br\/biblioteca\/\"},{\"@type\":\"ListItem\",\"position\":2,\"name\":\"Servi\u00e7os\"}]},{\"@type\":\"WebSite\",\"@id\":\"https:\/\/itr.ufrrj.br\/biblioteca\/#website\",\"url\":\"https:\/\/itr.ufrrj.br\/biblioteca\/\",\"name\":\"Biblioteca do ITR\",\"description\":\"Instituto Tr\u00eas Rios\",\"potentialAction\":[{\"@type\":\"SearchAction\",\"target\":{\"@type\":\"EntryPoint\",\"urlTemplate\":\"https:\/\/itr.ufrrj.br\/biblioteca\/?s={search_term_string}\"},\"query-input\":\"required name=search_term_string\"}],\"inLanguage\":\"pt-BR\"}]}<\/script>\n<!-- \/ Yoast SEO plugin. -->","yoast_head_json":{"title":"Servi\u00e7os - Biblioteca do ITR","robots":{"index":"index","follow":"follow","max-snippet":"max-snippet:-1","max-image-preview":"max-image-preview:large","max-video-preview":"max-video-preview:-1"},"canonical":"https:\/\/itr.ufrrj.br\/biblioteca\/servicos\/","og_locale":"pt_BR","og_type":"article","og_title":"Servi\u00e7os - Biblioteca do ITR","og_description":"A Biblioteca Tr\u00eas Rios oferece a seus usu\u00e1rios servi\u00e7os de: consulta ao acervo empr\u00e9stimo local empr\u00e9stimo especial reserva bibliogr\u00e1fica acesso direto ao Portal CAPES ponto de acesso \u00e0 Internet Al\u00e9m do acesso ao material de pesquisa produzido pelos formandos (Trabalhos de Conclus\u00e3o de Curso &#8211; TCCs), este \u00faltimo possibilitado atrav\u00e9s da implementa\u00e7\u00e3o do Dep\u00f3sito Legal. [&hellip;]","og_url":"https:\/\/itr.ufrrj.br\/biblioteca\/servicos\/","og_site_name":"Biblioteca do ITR","article_modified_time":"2016-08-02T03:13:37+00:00","twitter_card":"summary_large_image","twitter_misc":{"Est. tempo de leitura":"1 minuto"},"schema":{"@context":"https:\/\/schema.org","@graph":[{"@type":"WebPage","@id":"https:\/\/itr.ufrrj.br\/biblioteca\/servicos\/","url":"https:\/\/itr.ufrrj.br\/biblioteca\/servicos\/","name":"Servi\u00e7os - Biblioteca do ITR","isPartOf":{"@id":"https:\/\/itr.ufrrj.br\/biblioteca\/#website"},"datePublished":"2016-03-14T14:07:47+00:00","dateModified":"2016-08-02T03:13:37+00:00","breadcrumb":{"@id":"https:\/\/itr.ufrrj.br\/biblioteca\/servicos\/#breadcrumb"},"inLanguage":"pt-BR","potentialAction":[{"@type":"ReadAction","target":["https:\/\/itr.ufrrj.br\/biblioteca\/servicos\/"]}]},{"@type":"BreadcrumbList","@id":"https:\/\/itr.ufrrj.br\/biblioteca\/servicos\/#breadcrumb","itemListElement":[{"@type":"ListItem","position":1,"name":"In\u00edcio","item":"https:\/\/itr.ufrrj.br\/biblioteca\/"},{"@type":"ListItem","position":2,"name":"Servi\u00e7os"}]},{"@type":"WebSite","@id":"https:\/\/itr.ufrrj.br\/biblioteca\/#website","url":"https:\/\/itr.ufrrj.br\/biblioteca\/","name":"Biblioteca do ITR","description":"Instituto Tr\u00eas Rios","potentialAction":[{"@type":"SearchAction","target":{"@type":"EntryPoint","urlTemplate":"https:\/\/itr.ufrrj.br\/biblioteca\/?s={search_term_string}"},"query-input":"required name=search_term_string"}],"inLanguage":"pt-BR"}]}},"_links":{"self":[{"href":"https:\/\/itr.ufrrj.br\/biblioteca\/wp-json\/wp\/v2\/pages\/10"}],"collection":[{"href":"https:\/\/itr.ufrrj.br\/biblioteca\/wp-json\/wp\/v2\/pages"}],"about":[{"href":"https:\/\/itr.ufrrj.br\/biblioteca\/wp-json\/wp\/v2\/types\/page"}],"author":[{"embeddable":true,"href":"https:\/\/itr.ufrrj.br\/biblioteca\/wp-json\/wp\/v2\/users\/3"}],"replies":[{"embeddable":true,"href":"https:\/\/itr.ufrrj.br\/biblioteca\/wp-json\/wp\/v2\/comments?post=10"}],"version-history":[{"count":9,"href":"https:\/\/itr.ufrrj.br\/biblioteca\/wp-json\/wp\/v2\/pages\/10\/revisions"}],"predecessor-version":[{"id":1871,"href":"https:\/\/itr.ufrrj.br\/biblioteca\/wp-json\/wp\/v2\/pages\/10\/revisions\/1871"}],"wp:attachment":[{"href":"https:\/\/itr.ufrrj.br\/biblioteca\/wp-json\/wp\/v2\/media?parent=10"}],"curies":[{"name":"wp","href":"https:\/\/api.w.org\/{rel}","templated":true}]}}