{"id":207,"date":"2019-01-18T20:27:17","date_gmt":"2019-01-18T22:27:17","guid":{"rendered":"http:\/\/itr.ufrrj.br\/pet\/?page_id=207"},"modified":"2019-01-18T21:11:11","modified_gmt":"2019-01-18T23:11:11","slug":"contato","status":"publish","type":"page","link":"http:\/\/itr.ufrrj.br\/pet\/contato\/","title":{"rendered":"Contato"},"content":{"rendered":"<div id=\"pl-207\"  class=\"panel-layout\" ><div id=\"pg-207-0\"  class=\"panel-grid panel-no-style\" ><div id=\"pgc-207-0-0\"  class=\"panel-grid-cell\" ><div id=\"panel-207-0-0-0\" class=\"widget_text so-panel widget widget_custom_html panel-first-child panel-last-child\" data-index=\"0\" ><div class=\"textwidget custom-html-widget\">\n<div class=\"wpcf7 no-js\" id=\"wpcf7-f231-o1\" lang=\"pt-BR\" dir=\"ltr\" data-wpcf7-id=\"231\">\n<div class=\"screen-reader-response\"><p role=\"status\" aria-live=\"polite\" aria-atomic=\"true\"><\/p> <ul><\/ul><\/div>\n<form action=\"\/pet\/wp-json\/wp\/v2\/pages\/207#wpcf7-f231-o1\" method=\"post\" class=\"wpcf7-form init\" aria-label=\"Formul\u00e1rios de contato\" novalidate=\"novalidate\" data-status=\"init\">\n<fieldset class=\"hidden-fields-container\"><input type=\"hidden\" name=\"_wpcf7\" value=\"231\" \/><input type=\"hidden\" name=\"_wpcf7_version\" value=\"6.1.5\" \/><input type=\"hidden\" name=\"_wpcf7_locale\" value=\"pt_BR\" \/><input type=\"hidden\" name=\"_wpcf7_unit_tag\" value=\"wpcf7-f231-o1\" \/><input type=\"hidden\" name=\"_wpcf7_container_post\" value=\"0\" \/><input type=\"hidden\" name=\"_wpcf7_posted_data_hash\" value=\"\" \/>\n<\/fieldset>\n<p><label> Seu nome (obrigat\u00f3rio)<br \/>\n<span class=\"wpcf7-form-control-wrap\" data-name=\"your-name\"><input size=\"40\" maxlength=\"400\" class=\"wpcf7-form-control wpcf7-text wpcf7-validates-as-required\" aria-required=\"true\" aria-invalid=\"false\" value=\"\" type=\"text\" name=\"your-name\" \/><\/span> <\/label>\n<\/p>\n<p><label> Seu e-mail (obrigat\u00f3rio)<br \/>\n<span class=\"wpcf7-form-control-wrap\" data-name=\"your-email\"><input size=\"40\" maxlength=\"400\" class=\"wpcf7-form-control wpcf7-email wpcf7-validates-as-required wpcf7-text wpcf7-validates-as-email\" aria-required=\"true\" aria-invalid=\"false\" value=\"\" type=\"email\" name=\"your-email\" \/><\/span> <\/label>\n<\/p>\n<p><label> Assunto<br \/>\n<span class=\"wpcf7-form-control-wrap\" data-name=\"your-subject\"><input size=\"40\" maxlength=\"400\" class=\"wpcf7-form-control wpcf7-text\" aria-invalid=\"false\" value=\"\" type=\"text\" name=\"your-subject\" \/><\/span> <\/label>\n<\/p>\n<p><label> Sua mensagem<br \/>\n<span class=\"wpcf7-form-control-wrap\" data-name=\"your-message\"><textarea cols=\"40\" rows=\"10\" maxlength=\"2000\" class=\"wpcf7-form-control wpcf7-textarea\" aria-invalid=\"false\" name=\"your-message\"><\/textarea><\/span> <\/label><br \/>\n<input class=\"wpcf7-form-control wpcf7-submit has-spinner\" type=\"submit\" value=\"Enviar\" \/>\n<\/p><div class=\"wpcf7-response-output\" aria-hidden=\"true\"><\/div>\n<\/form>\n<\/div>\n<\/div><\/div><\/div><\/div><\/div>","protected":false},"excerpt":{"rendered":"<p>Seu nome (obrigat\u00f3rio) Seu e-mail (obrigat\u00f3rio) Assunto Sua mensagem<\/p>\n","protected":false},"author":2,"featured_media":0,"parent":0,"menu_order":0,"comment_status":"closed","ping_status":"closed","template":"","meta":{"footnotes":""},"class_list":["post-207","page","type-page","status-publish","hentry"],"yoast_head":"<!-- This site is optimized with the Yoast SEO plugin v27.3 - https:\/\/yoast.com\/product\/yoast-seo-wordpress\/ -->\n<title>Contato - PET Conex\u00f5es de Saberes<\/title>\n<meta name=\"robots\" content=\"index, follow, max-snippet:-1, max-image-preview:large, max-video-preview:-1\" \/>\n<link rel=\"canonical\" href=\"http:\/\/itr.ufrrj.br\/pet\/contato\/\" \/>\n<meta property=\"og:locale\" content=\"pt_BR\" \/>\n<meta property=\"og:type\" content=\"article\" \/>\n<meta property=\"og:title\" content=\"Contato - PET Conex\u00f5es de Saberes\" \/>\n<meta property=\"og:description\" content=\"Seu nome (obrigat\u00f3rio) Seu e-mail (obrigat\u00f3rio) Assunto Sua mensagem\" \/>\n<meta property=\"og:url\" content=\"http:\/\/itr.ufrrj.br\/pet\/contato\/\" \/>\n<meta property=\"og:site_name\" content=\"PET Conex\u00f5es de Saberes\" \/>\n<meta property=\"article:modified_time\" content=\"2019-01-18T23:11:11+00:00\" \/>\n<meta name=\"twitter:card\" content=\"summary_large_image\" \/>\n<script type=\"application\/ld+json\" class=\"yoast-schema-graph\">{\"@context\":\"https:\\\/\\\/schema.org\",\"@graph\":[{\"@type\":\"WebPage\",\"@id\":\"http:\\\/\\\/itr.ufrrj.br\\\/pet\\\/contato\\\/\",\"url\":\"http:\\\/\\\/itr.ufrrj.br\\\/pet\\\/contato\\\/\",\"name\":\"Contato - PET Conex\u00f5es de Saberes\",\"isPartOf\":{\"@id\":\"https:\\\/\\\/itr.ufrrj.br\\\/pet\\\/#website\"},\"datePublished\":\"2019-01-18T22:27:17+00:00\",\"dateModified\":\"2019-01-18T23:11:11+00:00\",\"breadcrumb\":{\"@id\":\"http:\\\/\\\/itr.ufrrj.br\\\/pet\\\/contato\\\/#breadcrumb\"},\"inLanguage\":\"pt-BR\",\"potentialAction\":[{\"@type\":\"ReadAction\",\"target\":[\"http:\\\/\\\/itr.ufrrj.br\\\/pet\\\/contato\\\/\"]}]},{\"@type\":\"BreadcrumbList\",\"@id\":\"http:\\\/\\\/itr.ufrrj.br\\\/pet\\\/contato\\\/#breadcrumb\",\"itemListElement\":[{\"@type\":\"ListItem\",\"position\":1,\"name\":\"Home\",\"item\":\"https:\\\/\\\/itr.ufrrj.br\\\/pet\\\/\"},{\"@type\":\"ListItem\",\"position\":2,\"name\":\"Contato\"}]},{\"@type\":\"WebSite\",\"@id\":\"https:\\\/\\\/itr.ufrrj.br\\\/pet\\\/#website\",\"url\":\"https:\\\/\\\/itr.ufrrj.br\\\/pet\\\/\",\"name\":\"PET Conex\u00f5es de Saberes\",\"description\":\"Campus Tr\u00eas Rios - UFRRJ\",\"publisher\":{\"@id\":\"https:\\\/\\\/itr.ufrrj.br\\\/pet\\\/#organization\"},\"potentialAction\":[{\"@type\":\"SearchAction\",\"target\":{\"@type\":\"EntryPoint\",\"urlTemplate\":\"https:\\\/\\\/itr.ufrrj.br\\\/pet\\\/?s={search_term_string}\"},\"query-input\":{\"@type\":\"PropertyValueSpecification\",\"valueRequired\":true,\"valueName\":\"search_term_string\"}}],\"inLanguage\":\"pt-BR\"},{\"@type\":\"Organization\",\"@id\":\"https:\\\/\\\/itr.ufrrj.br\\\/pet\\\/#organization\",\"name\":\"PET Conex\u00f5es de Saberes\",\"url\":\"https:\\\/\\\/itr.ufrrj.br\\\/pet\\\/\",\"logo\":{\"@type\":\"ImageObject\",\"inLanguage\":\"pt-BR\",\"@id\":\"https:\\\/\\\/itr.ufrrj.br\\\/pet\\\/#\\\/schema\\\/logo\\\/image\\\/\",\"url\":\"http:\\\/\\\/itr.ufrrj.br\\\/pet\\\/wp-content\\\/uploads\\\/2020\\\/07\\\/cropped-LOGO.PETNOVA-5.png\",\"contentUrl\":\"http:\\\/\\\/itr.ufrrj.br\\\/pet\\\/wp-content\\\/uploads\\\/2020\\\/07\\\/cropped-LOGO.PETNOVA-5.png\",\"width\":416,\"height\":376,\"caption\":\"PET Conex\u00f5es de Saberes\"},\"image\":{\"@id\":\"https:\\\/\\\/itr.ufrrj.br\\\/pet\\\/#\\\/schema\\\/logo\\\/image\\\/\"}}]}<\/script>\n<!-- \/ Yoast SEO plugin. -->","yoast_head_json":{"title":"Contato - PET Conex\u00f5es de Saberes","robots":{"index":"index","follow":"follow","max-snippet":"max-snippet:-1","max-image-preview":"max-image-preview:large","max-video-preview":"max-video-preview:-1"},"canonical":"http:\/\/itr.ufrrj.br\/pet\/contato\/","og_locale":"pt_BR","og_type":"article","og_title":"Contato - PET Conex\u00f5es de Saberes","og_description":"Seu nome (obrigat\u00f3rio) Seu e-mail (obrigat\u00f3rio) Assunto Sua mensagem","og_url":"http:\/\/itr.ufrrj.br\/pet\/contato\/","og_site_name":"PET Conex\u00f5es de Saberes","article_modified_time":"2019-01-18T23:11:11+00:00","twitter_card":"summary_large_image","schema":{"@context":"https:\/\/schema.org","@graph":[{"@type":"WebPage","@id":"http:\/\/itr.ufrrj.br\/pet\/contato\/","url":"http:\/\/itr.ufrrj.br\/pet\/contato\/","name":"Contato - PET Conex\u00f5es de Saberes","isPartOf":{"@id":"https:\/\/itr.ufrrj.br\/pet\/#website"},"datePublished":"2019-01-18T22:27:17+00:00","dateModified":"2019-01-18T23:11:11+00:00","breadcrumb":{"@id":"http:\/\/itr.ufrrj.br\/pet\/contato\/#breadcrumb"},"inLanguage":"pt-BR","potentialAction":[{"@type":"ReadAction","target":["http:\/\/itr.ufrrj.br\/pet\/contato\/"]}]},{"@type":"BreadcrumbList","@id":"http:\/\/itr.ufrrj.br\/pet\/contato\/#breadcrumb","itemListElement":[{"@type":"ListItem","position":1,"name":"Home","item":"https:\/\/itr.ufrrj.br\/pet\/"},{"@type":"ListItem","position":2,"name":"Contato"}]},{"@type":"WebSite","@id":"https:\/\/itr.ufrrj.br\/pet\/#website","url":"https:\/\/itr.ufrrj.br\/pet\/","name":"PET Conex\u00f5es de Saberes","description":"Campus Tr\u00eas Rios - UFRRJ","publisher":{"@id":"https:\/\/itr.ufrrj.br\/pet\/#organization"},"potentialAction":[{"@type":"SearchAction","target":{"@type":"EntryPoint","urlTemplate":"https:\/\/itr.ufrrj.br\/pet\/?s={search_term_string}"},"query-input":{"@type":"PropertyValueSpecification","valueRequired":true,"valueName":"search_term_string"}}],"inLanguage":"pt-BR"},{"@type":"Organization","@id":"https:\/\/itr.ufrrj.br\/pet\/#organization","name":"PET Conex\u00f5es de Saberes","url":"https:\/\/itr.ufrrj.br\/pet\/","logo":{"@type":"ImageObject","inLanguage":"pt-BR","@id":"https:\/\/itr.ufrrj.br\/pet\/#\/schema\/logo\/image\/","url":"http:\/\/itr.ufrrj.br\/pet\/wp-content\/uploads\/2020\/07\/cropped-LOGO.PETNOVA-5.png","contentUrl":"http:\/\/itr.ufrrj.br\/pet\/wp-content\/uploads\/2020\/07\/cropped-LOGO.PETNOVA-5.png","width":416,"height":376,"caption":"PET Conex\u00f5es de Saberes"},"image":{"@id":"https:\/\/itr.ufrrj.br\/pet\/#\/schema\/logo\/image\/"}}]}},"_links":{"self":[{"href":"http:\/\/itr.ufrrj.br\/pet\/wp-json\/wp\/v2\/pages\/207","targetHints":{"allow":["GET"]}}],"collection":[{"href":"http:\/\/itr.ufrrj.br\/pet\/wp-json\/wp\/v2\/pages"}],"about":[{"href":"http:\/\/itr.ufrrj.br\/pet\/wp-json\/wp\/v2\/types\/page"}],"author":[{"embeddable":true,"href":"http:\/\/itr.ufrrj.br\/pet\/wp-json\/wp\/v2\/users\/2"}],"replies":[{"embeddable":true,"href":"http:\/\/itr.ufrrj.br\/pet\/wp-json\/wp\/v2\/comments?post=207"}],"version-history":[{"count":2,"href":"http:\/\/itr.ufrrj.br\/pet\/wp-json\/wp\/v2\/pages\/207\/revisions"}],"predecessor-version":[{"id":233,"href":"http:\/\/itr.ufrrj.br\/pet\/wp-json\/wp\/v2\/pages\/207\/revisions\/233"}],"wp:attachment":[{"href":"http:\/\/itr.ufrrj.br\/pet\/wp-json\/wp\/v2\/media?parent=207"}],"curies":[{"name":"wp","href":"https:\/\/api.w.org\/{rel}","templated":true}]}}